{"id":1555,"date":"2024-03-01T19:55:51","date_gmt":"2024-03-01T19:55:51","guid":{"rendered":"https:\/\/industria-de-la-conversion.ttemsa.com\/index.php\/fife\/sistemas-de-alineacion-de-banda-base-de-alineacion-opg-fife-200-copy\/"},"modified":"2024-03-01T19:56:06","modified_gmt":"2024-03-01T19:56:06","slug":"formato-de-solicitud","status":"publish","type":"page","link":"http:\/\/industria-de-la-conversion.ttemsa.com\/index.php\/fife\/formato-de-solicitud\/","title":{"rendered":"Formato de solicitud"},"content":{"rendered":"\n<p><\/p>\n\n\n<div class=\"wp-block-image\">\n<figure class=\"alignright size-full\"><img loading=\"lazy\" decoding=\"async\" width=\"498\" height=\"48\" src=\"https:\/\/industria-de-la-conversion.ttemsa.com\/wp-content\/uploads\/2023\/12\/FIFE-2001.png\" alt=\"\" class=\"wp-image-490\" srcset=\"http:\/\/industria-de-la-conversion.ttemsa.com\/wp-content\/uploads\/2023\/12\/FIFE-2001.png 498w, http:\/\/industria-de-la-conversion.ttemsa.com\/wp-content\/uploads\/2023\/12\/FIFE-2001-300x29.png 300w\" sizes=\"auto, (max-width: 498px) 100vw, 498px\" \/><\/figure>\n<\/div>\n\n\n<figure class=\"wp-block-image size-full is-resized\"><img loading=\"lazy\" decoding=\"async\" width=\"306\" height=\"223\" src=\"https:\/\/industria-de-la-conversion.ttemsa.com\/wp-content\/uploads\/2023\/12\/D-MAXEvq.png\" alt=\"\" class=\"wp-image-488\" style=\"width:221px;height:auto\" srcset=\"http:\/\/industria-de-la-conversion.ttemsa.com\/wp-content\/uploads\/2023\/12\/D-MAXEvq.png 306w, http:\/\/industria-de-la-conversion.ttemsa.com\/wp-content\/uploads\/2023\/12\/D-MAXEvq-300x219.png 300w\" sizes=\"auto, (max-width: 306px) 100vw, 306px\" \/><\/figure>\n\n\n<div class=\"wp-block-image\">\n<figure class=\"aligncenter size-full is-resized\"><img loading=\"lazy\" decoding=\"async\" width=\"355\" height=\"250\" src=\"https:\/\/industria-de-la-conversion.ttemsa.com\/wp-content\/uploads\/2023\/12\/FIFE-200-b.png\" alt=\"\" class=\"wp-image-491\" style=\"width:422px;height:auto\" srcset=\"http:\/\/industria-de-la-conversion.ttemsa.com\/wp-content\/uploads\/2023\/12\/FIFE-200-b.png 355w, http:\/\/industria-de-la-conversion.ttemsa.com\/wp-content\/uploads\/2023\/12\/FIFE-200-b-300x211.png 300w\" sizes=\"auto, (max-width: 355px) 100vw, 355px\" \/><\/figure>\n<\/div>\n\n\n<p>El&nbsp;<strong>FIFE-200<\/strong>&nbsp;es un alineador y controlador de banda peque\u00f1o dise\u00f1ado para uso continuo que consiste en una gu\u00eda de pivote y sensor, y una interfaz de operador.<\/p>\n\n\n\n<p>Con una protecci\u00f3n de entrada&nbsp;<strong>IP40<\/strong>&nbsp;y cuatro diferentes espesores de cara y gu\u00eda, as\u00ed como dos di\u00e1metros de rodillo diferentes, es ideal para aplicaciones de gu\u00edas peque\u00f1as.<\/p>\n\n\n\n<p>El FIFE-200 utiliza una interfaz de pantalla t\u00e1ctil a color que controla la posici\u00f3n de la banda&nbsp;<strong>monitorizando<\/strong>&nbsp;su posici\u00f3n con un sensor montado en la trayectoria de la misma y accionando un actuador conectando al conjunto de gu\u00eda para dirigir la banda a la posici\u00f3n deseada.<\/p>\n\n\n\n<p>Adem\u00e1s, con el modo de&nbsp;<strong>servocentrado<\/strong>&nbsp;es capaz de centrar la gu\u00eda mientras pasa la banda.<\/p>\n\n\n\n<figure class=\"wp-block-table is-style-stripes\"><table><tbody><tr><td>&nbsp;<strong>CARACTERISTICAS PRINCIPALES<\/strong><\/td><\/tr><tr><td>&nbsp;\u2022 Cuatro tama\u00f1os de gu\u00eda est\u00e1ndar: Tama\u00f1o 1 &#8211; 60 x 60 mm  \/ Tama\u00f1o 2 &#8211; 110 x 100 mm \/ Tama\u00f1o 3 &#8211; 140 x 140 mm Tama\u00f1o 4 &#8211; 200 x 200 mm &nbsp;<br>\u2022 Sistema de gu\u00eda de bajo perfil y baja tensi\u00f3n &nbsp;<br>\u2022 Interfaz de operador de pantalla t\u00e1ctil &nbsp;<br>\u2022 Una interfaz de operador puede interactuar con hasta cuatro unidades FIFE-200 &nbsp;<br>\u2022 16 idiomas &nbsp;<br>\u2022 Motor sin escobillas &nbsp;<br>\u2022 Incluye sensor de fibra \u00f3ptica Soporta sensores SE-11, SE-22, SE-44R, SE-31 y SE-26A (no montados en gu\u00eda)<\/td><\/tr><\/tbody><\/table><\/figure>\n\n\n\n<ul class=\"wp-block-list\">\n<li>Especificaciones Generales FIFE 200<\/li>\n<\/ul>\n\n\n\n<figure class=\"wp-block-table is-style-stripes\"><table><tbody><tr><td><strong>Temperatura de Operaci\u00f3n<\/strong>.<br>0\u00b0 a 50\u00b0 C (32\u00b0 a 122\u00b0 F)<br><strong>Certificaciones<\/strong>.<br>TUV Rheinland de Am\u00e9rica del Norte para UL61010-1 y CAN\/CSA-C22.2 No. 61010-1 y Certificado CB para IEC 61010-1CERoHS compliant<br>Protecci\u00f3n Clase IP40&nbsp;&nbsp;<br><strong>Longitud M\u00e1xima de los Cables<\/strong>:<br>Alimentaci\u00f3n- 5m (16.4 ft)Motor- 5m (16.4 ft)Sensores- 5 m (16.4 ft)Entrada digital\/puerto de salida- 10m (32.8 ft)Interfaz del operador- 20m (65.6 ft)<br><strong>Tensi\u00f3n M\u00e1xima en la Banda<\/strong> 49 N (11 lbs)&nbsp;&nbsp;&nbsp;&nbsp;<\/td><td><strong>Velocidad de Correcci\u00f3n<\/strong>:<br>Tama\u00f1o 1 \u2013 61 mm\/s (2.4 pulg\/s)Tama\u00f1o 2 \u2013 67 mm\/s (2.6 pulg\/s)Tama\u00f1o 3 \u2013 76 mm\/s (3.0 pulg\/s)Tama\u00f1o 4 \u2013&nbsp;81 mm\/s (3.2 pulg\/s)<br><strong>Rango de Correcci\u00f3n<\/strong>\u00b1 12 mm (0.47 pulg)\u00b1 10 mm (0.39 pulg)<br><strong>Peso<\/strong>:<br>Tama\u00f1o 1 \u2013 2.5 kg (5.5 lb)Tama\u00f1o 2 \u2013 3.6 kg (8.0 lb)Tama\u00f1o 3 \u2013 4.4 kg (9.8 lb)Tama\u00f1o 4 \u2013 5.7 kg (12.65 lb)<br><strong>Motor<\/strong>: 24 VDC sin escobillas<br><strong>Rango de Voltaje de Entrada<\/strong>:<br>22.5 a 26.4 VDC<\/td><\/tr><\/tbody><\/table><\/figure>\n\n\n\n<figure class=\"wp-block-image size-large\"><img loading=\"lazy\" decoding=\"async\" width=\"1024\" height=\"413\" src=\"https:\/\/industria-de-la-conversion.ttemsa.com\/wp-content\/uploads\/2023\/12\/f200-1024x413.png\" alt=\"\" class=\"wp-image-492\" srcset=\"http:\/\/industria-de-la-conversion.ttemsa.com\/wp-content\/uploads\/2023\/12\/f200-1024x413.png 1024w, http:\/\/industria-de-la-conversion.ttemsa.com\/wp-content\/uploads\/2023\/12\/f200-300x121.png 300w, http:\/\/industria-de-la-conversion.ttemsa.com\/wp-content\/uploads\/2023\/12\/f200-768x309.png 768w, http:\/\/industria-de-la-conversion.ttemsa.com\/wp-content\/uploads\/2023\/12\/f200.png 1179w\" sizes=\"auto, (max-width: 1024px) 100vw, 1024px\" \/><\/figure>\n\n\n\n<figure class=\"wp-block-image size-large\"><img loading=\"lazy\" decoding=\"async\" width=\"1024\" height=\"543\" src=\"https:\/\/industria-de-la-conversion.ttemsa.com\/wp-content\/uploads\/2023\/12\/f201-1024x543.png\" alt=\"\" class=\"wp-image-493\" srcset=\"http:\/\/industria-de-la-conversion.ttemsa.com\/wp-content\/uploads\/2023\/12\/f201-1024x543.png 1024w, http:\/\/industria-de-la-conversion.ttemsa.com\/wp-content\/uploads\/2023\/12\/f201-300x159.png 300w, http:\/\/industria-de-la-conversion.ttemsa.com\/wp-content\/uploads\/2023\/12\/f201-768x407.png 768w, http:\/\/industria-de-la-conversion.ttemsa.com\/wp-content\/uploads\/2023\/12\/f201.png 1184w\" sizes=\"auto, (max-width: 1024px) 100vw, 1024px\" \/><\/figure>\n\n\n<div class=\"wp-block-image\">\n<figure class=\"alignleft size-full is-resized\"><img loading=\"lazy\" decoding=\"async\" width=\"70\" height=\"70\" src=\"https:\/\/industria-de-la-conversion.ttemsa.com\/wp-content\/uploads\/2023\/12\/pdf.png\" alt=\"\" class=\"wp-image-494\" style=\"width:80px;height:auto\" \/><\/figure>\n<\/div>\n\n\n<h4 class=\"wp-block-heading\">Ver PDF<\/h4>\n\n\n\n<p><a href=\"http:\/\/www.ttemsa.com\/images\/pdf\/FIFE_200.pdf\" target=\"_blank\" rel=\"noreferrer noopener\">Cat\u00e1logo en espa\u00f1ol  Polaris DP30<\/a><\/p>\n","protected":false},"excerpt":{"rendered":"<p>El&nbsp;FIFE-200&nbsp;es un alineador y controlador de banda peque\u00f1o dise\u00f1ado para uso continuo que consiste en una gu\u00eda de pivote y sensor, y una interfaz de operador. Con una protecci\u00f3n de entrada&nbsp;IP40&nbsp;y cuatro diferentes espesores de cara y gu\u00eda, as\u00ed como dos di\u00e1metros de rodillo diferentes, es ideal para aplicaciones de gu\u00edas peque\u00f1as. El FIFE-200 utiliza [&hellip;]<\/p>\n","protected":false},"author":1,"featured_media":0,"parent":290,"menu_order":0,"comment_status":"closed","ping_status":"closed","template":"","meta":{"footnotes":""},"categories":[15],"tags":[],"class_list":["post-1555","page","type-page","status-publish","hentry","category-fife-alineacion"],"yoast_head":"<!-- This site is optimized with the Yoast SEO plugin v22.1 - https:\/\/yoast.com\/wordpress\/plugins\/seo\/ -->\n<title>Formato de solicitud - industria-de-la-conversion.ttemsa<\/title>\n<meta name=\"robots\" content=\"index, follow, max-snippet:-1, max-image-preview:large, max-video-preview:-1\" \/>\n<link rel=\"canonical\" href=\"http:\/\/industria-de-la-conversion.ttemsa.com\/index.php\/fife\/formato-de-solicitud\/\" \/>\n<meta property=\"og:locale\" content=\"es_MX\" \/>\n<meta property=\"og:type\" content=\"article\" \/>\n<meta property=\"og:title\" content=\"Formato de solicitud - industria-de-la-conversion.ttemsa\" \/>\n<meta property=\"og:description\" content=\"El&nbsp;FIFE-200&nbsp;es un alineador y controlador de banda peque\u00f1o dise\u00f1ado para uso continuo que consiste en una gu\u00eda de pivote y sensor, y una interfaz de operador. Con una protecci\u00f3n de entrada&nbsp;IP40&nbsp;y cuatro diferentes espesores de cara y gu\u00eda, as\u00ed como dos di\u00e1metros de rodillo diferentes, es ideal para aplicaciones de gu\u00edas peque\u00f1as. El FIFE-200 utiliza [&hellip;]\" \/>\n<meta property=\"og:url\" content=\"http:\/\/industria-de-la-conversion.ttemsa.com\/index.php\/fife\/formato-de-solicitud\/\" \/>\n<meta property=\"og:site_name\" content=\"industria-de-la-conversion.ttemsa\" \/>\n<meta property=\"article:modified_time\" content=\"2024-03-01T19:56:06+00:00\" \/>\n<meta property=\"og:image\" content=\"https:\/\/industria-de-la-conversion.ttemsa.com\/wp-content\/uploads\/2023\/12\/FIFE-2001.png\" \/>\n<meta name=\"twitter:card\" content=\"summary_large_image\" \/>\n<meta name=\"twitter:label1\" content=\"Tiempo de lectura\" \/>\n\t<meta name=\"twitter:data1\" content=\"2 minutos\" \/>\n<script type=\"application\/ld+json\" class=\"yoast-schema-graph\">{\"@context\":\"https:\/\/schema.org\",\"@graph\":[{\"@type\":\"WebPage\",\"@id\":\"http:\/\/industria-de-la-conversion.ttemsa.com\/index.php\/fife\/formato-de-solicitud\/\",\"url\":\"http:\/\/industria-de-la-conversion.ttemsa.com\/index.php\/fife\/formato-de-solicitud\/\",\"name\":\"Formato de solicitud - industria-de-la-conversion.ttemsa\",\"isPartOf\":{\"@id\":\"http:\/\/industria-de-la-conversion.ttemsa.com\/#website\"},\"datePublished\":\"2024-03-01T19:55:51+00:00\",\"dateModified\":\"2024-03-01T19:56:06+00:00\",\"breadcrumb\":{\"@id\":\"http:\/\/industria-de-la-conversion.ttemsa.com\/index.php\/fife\/formato-de-solicitud\/#breadcrumb\"},\"inLanguage\":\"es\",\"potentialAction\":[{\"@type\":\"ReadAction\",\"target\":[\"http:\/\/industria-de-la-conversion.ttemsa.com\/index.php\/fife\/formato-de-solicitud\/\"]}]},{\"@type\":\"BreadcrumbList\",\"@id\":\"http:\/\/industria-de-la-conversion.ttemsa.com\/index.php\/fife\/formato-de-solicitud\/#breadcrumb\",\"itemListElement\":[{\"@type\":\"ListItem\",\"position\":1,\"name\":\"Inicio\",\"item\":\"http:\/\/industria-de-la-conversion.ttemsa.com\/\"},{\"@type\":\"ListItem\",\"position\":2,\"name\":\"FIFE\",\"item\":\"http:\/\/industria-de-la-conversion.ttemsa.com\/index.php\/fife\/\"},{\"@type\":\"ListItem\",\"position\":3,\"name\":\"Formato de solicitud\"}]},{\"@type\":\"WebSite\",\"@id\":\"http:\/\/industria-de-la-conversion.ttemsa.com\/#website\",\"url\":\"http:\/\/industria-de-la-conversion.ttemsa.com\/\",\"name\":\"industria-de-la-conversion.ttemsa\",\"description\":\"Designed Dianalacazadora.com\",\"potentialAction\":[{\"@type\":\"SearchAction\",\"target\":{\"@type\":\"EntryPoint\",\"urlTemplate\":\"http:\/\/industria-de-la-conversion.ttemsa.com\/?s={search_term_string}\"},\"query-input\":\"required name=search_term_string\"}],\"inLanguage\":\"es\"}]}<\/script>\n<!-- \/ Yoast SEO plugin. -->","yoast_head_json":{"title":"Formato de solicitud - industria-de-la-conversion.ttemsa","robots":{"index":"index","follow":"follow","max-snippet":"max-snippet:-1","max-image-preview":"max-image-preview:large","max-video-preview":"max-video-preview:-1"},"canonical":"http:\/\/industria-de-la-conversion.ttemsa.com\/index.php\/fife\/formato-de-solicitud\/","og_locale":"es_MX","og_type":"article","og_title":"Formato de solicitud - industria-de-la-conversion.ttemsa","og_description":"El&nbsp;FIFE-200&nbsp;es un alineador y controlador de banda peque\u00f1o dise\u00f1ado para uso continuo que consiste en una gu\u00eda de pivote y sensor, y una interfaz de operador. Con una protecci\u00f3n de entrada&nbsp;IP40&nbsp;y cuatro diferentes espesores de cara y gu\u00eda, as\u00ed como dos di\u00e1metros de rodillo diferentes, es ideal para aplicaciones de gu\u00edas peque\u00f1as. El FIFE-200 utiliza [&hellip;]","og_url":"http:\/\/industria-de-la-conversion.ttemsa.com\/index.php\/fife\/formato-de-solicitud\/","og_site_name":"industria-de-la-conversion.ttemsa","article_modified_time":"2024-03-01T19:56:06+00:00","og_image":[{"url":"https:\/\/industria-de-la-conversion.ttemsa.com\/wp-content\/uploads\/2023\/12\/FIFE-2001.png"}],"twitter_card":"summary_large_image","twitter_misc":{"Tiempo de lectura":"2 minutos"},"schema":{"@context":"https:\/\/schema.org","@graph":[{"@type":"WebPage","@id":"http:\/\/industria-de-la-conversion.ttemsa.com\/index.php\/fife\/formato-de-solicitud\/","url":"http:\/\/industria-de-la-conversion.ttemsa.com\/index.php\/fife\/formato-de-solicitud\/","name":"Formato de solicitud - industria-de-la-conversion.ttemsa","isPartOf":{"@id":"http:\/\/industria-de-la-conversion.ttemsa.com\/#website"},"datePublished":"2024-03-01T19:55:51+00:00","dateModified":"2024-03-01T19:56:06+00:00","breadcrumb":{"@id":"http:\/\/industria-de-la-conversion.ttemsa.com\/index.php\/fife\/formato-de-solicitud\/#breadcrumb"},"inLanguage":"es","potentialAction":[{"@type":"ReadAction","target":["http:\/\/industria-de-la-conversion.ttemsa.com\/index.php\/fife\/formato-de-solicitud\/"]}]},{"@type":"BreadcrumbList","@id":"http:\/\/industria-de-la-conversion.ttemsa.com\/index.php\/fife\/formato-de-solicitud\/#breadcrumb","itemListElement":[{"@type":"ListItem","position":1,"name":"Inicio","item":"http:\/\/industria-de-la-conversion.ttemsa.com\/"},{"@type":"ListItem","position":2,"name":"FIFE","item":"http:\/\/industria-de-la-conversion.ttemsa.com\/index.php\/fife\/"},{"@type":"ListItem","position":3,"name":"Formato de solicitud"}]},{"@type":"WebSite","@id":"http:\/\/industria-de-la-conversion.ttemsa.com\/#website","url":"http:\/\/industria-de-la-conversion.ttemsa.com\/","name":"industria-de-la-conversion.ttemsa","description":"Designed Dianalacazadora.com","potentialAction":[{"@type":"SearchAction","target":{"@type":"EntryPoint","urlTemplate":"http:\/\/industria-de-la-conversion.ttemsa.com\/?s={search_term_string}"},"query-input":"required name=search_term_string"}],"inLanguage":"es"}]}},"_links":{"self":[{"href":"http:\/\/industria-de-la-conversion.ttemsa.com\/index.php\/wp-json\/wp\/v2\/pages\/1555","targetHints":{"allow":["GET"]}}],"collection":[{"href":"http:\/\/industria-de-la-conversion.ttemsa.com\/index.php\/wp-json\/wp\/v2\/pages"}],"about":[{"href":"http:\/\/industria-de-la-conversion.ttemsa.com\/index.php\/wp-json\/wp\/v2\/types\/page"}],"author":[{"embeddable":true,"href":"http:\/\/industria-de-la-conversion.ttemsa.com\/index.php\/wp-json\/wp\/v2\/users\/1"}],"replies":[{"embeddable":true,"href":"http:\/\/industria-de-la-conversion.ttemsa.com\/index.php\/wp-json\/wp\/v2\/comments?post=1555"}],"version-history":[{"count":1,"href":"http:\/\/industria-de-la-conversion.ttemsa.com\/index.php\/wp-json\/wp\/v2\/pages\/1555\/revisions"}],"predecessor-version":[{"id":1556,"href":"http:\/\/industria-de-la-conversion.ttemsa.com\/index.php\/wp-json\/wp\/v2\/pages\/1555\/revisions\/1556"}],"up":[{"embeddable":true,"href":"http:\/\/industria-de-la-conversion.ttemsa.com\/index.php\/wp-json\/wp\/v2\/pages\/290"}],"wp:attachment":[{"href":"http:\/\/industria-de-la-conversion.ttemsa.com\/index.php\/wp-json\/wp\/v2\/media?parent=1555"}],"wp:term":[{"taxonomy":"category","embeddable":true,"href":"http:\/\/industria-de-la-conversion.ttemsa.com\/index.php\/wp-json\/wp\/v2\/categories?post=1555"},{"taxonomy":"post_tag","embeddable":true,"href":"http:\/\/industria-de-la-conversion.ttemsa.com\/index.php\/wp-json\/wp\/v2\/tags?post=1555"}],"curies":[{"name":"wp","href":"https:\/\/api.w.org\/{rel}","templated":true}]}}