{"id":1673,"date":"2024-03-01T21:05:40","date_gmt":"2024-03-01T21:05:40","guid":{"rendered":"https:\/\/industria-de-la-conversion.ttemsa.com\/index.php\/simco-ion\/catalogo-general-copy-copy-copy-copy-copy-copy-3-copy-copy-copy\/"},"modified":"2024-03-03T18:42:01","modified_gmt":"2024-03-03T18:42:01","slug":"ventilador-de-anti-estatica","status":"publish","type":"page","link":"http:\/\/industria-de-la-conversion.ttemsa.com\/index.php\/simco-ion\/ventilador-de-anti-estatica\/","title":{"rendered":"VENTILADOR DE ANTI EST\u00c1TICA CADET"},"content":{"rendered":"\n<p><\/p>\n\n\n\n<figure class=\"wp-block-image size-full is-resized\"><img loading=\"lazy\" decoding=\"async\" width=\"417\" height=\"281\" src=\"http:\/\/industria-de-la-conversion.ttemsa.com\/wp-content\/uploads\/2023\/12\/aerostato_cadet.gif\" alt=\"\" class=\"wp-image-1057\" style=\"width:840px;height:auto\"\/><\/figure>\n\n\n<div class=\"wp-block-image\">\n<figure class=\"aligncenter size-full is-resized\"><img loading=\"lazy\" decoding=\"async\" width=\"640\" height=\"169\" src=\"http:\/\/industria-de-la-conversion.ttemsa.com\/wp-content\/uploads\/2023\/12\/logo-simco.png\" alt=\"\" class=\"wp-image-940\" style=\"width:222px;height:auto\" srcset=\"http:\/\/industria-de-la-conversion.ttemsa.com\/wp-content\/uploads\/2023\/12\/logo-simco.png 640w, http:\/\/industria-de-la-conversion.ttemsa.com\/wp-content\/uploads\/2023\/12\/logo-simco-300x79.png 300w\" sizes=\"auto, (max-width: 640px) 100vw, 640px\" \/><\/figure>\n<\/div>\n\n\n<p>El Soplador de&nbsp;<strong>Aire Ionizado Cadet<\/strong>&nbsp;proporciona cobertura focalizada con excelente eficiencia.<\/p>\n\n\n\n<p>Control de velocidad variable, con limpiador de puntas patentado, es el soplador adecuado para trabajos focalizados.<\/p>\n\n\n<div class=\"wp-block-image\">\n<figure class=\"alignleft size-full is-resized\"><img loading=\"lazy\" decoding=\"async\" width=\"464\" height=\"676\" src=\"http:\/\/industria-de-la-conversion.ttemsa.com\/wp-content\/uploads\/2023\/12\/aerostat-pc.jpg\" alt=\"\" class=\"wp-image-1021\" style=\"width:222px;height:auto\" srcset=\"http:\/\/industria-de-la-conversion.ttemsa.com\/wp-content\/uploads\/2023\/12\/aerostat-pc.jpg 464w, http:\/\/industria-de-la-conversion.ttemsa.com\/wp-content\/uploads\/2023\/12\/aerostat-pc-206x300.jpg 206w\" sizes=\"auto, (max-width: 464px) 100vw, 464px\" \/><\/figure>\n<\/div>\n\n\n<p><\/p>\n\n\n\n<ul class=\"wp-block-list\">\n<li>Neutralizaci\u00f3n de cargas est\u00e1ticas focalizadas<\/li>\n\n\n\n<li>Peso ligero, compacto&nbsp; y de bajo nivel de ruido.<\/li>\n\n\n\n<li>Luz indicadora que anuncia que la ionizaci\u00f3n est\u00e1 presente en las puntas de ionizaci\u00f3n.<\/li>\n\n\n\n<li>Adecuado en fabricaci\u00f3n de piezas m\u00e9dicas, ensamble de componentes, piezas inyectadas, partes peque\u00f1as.&nbsp;<\/li>\n\n\n\n<li>Puede proporcionar aire tibio<\/li>\n<\/ul>\n\n\n<p>\u00a0<\/p>\n<p><strong><span class=\"sprocket-tabs-inner\"><span class=\"sprocket-tabs-text\">Caracter\u00edsticas:<\/span><\/span><\/strong><\/p>\n<div class=\"sprocket-tabs-panels\">\n<div class=\"sprocket-tabs-panel active\" data-tabs-panel=\"\">\n<ul>\n<li>Alimentaci\u00f3n: 120 VCA, 60 Hz. 0.1 Amp. (baja velocidad, aire ambiente; 1.7 Amp. alta velocidad, aire tibio).<\/li>\n<li>Tama\u00f1o: 5.5 x8.63 x3.25 pulg.<\/li>\n<li>Peso: 2.4 kgs<\/li>\n<li>\u00c1rea de cobertura: 1 x 5 pies. Balance i\u00f3nico: 0 +\/- 5 v<\/li>\n<\/ul>\n<\/div>\n<\/div>","protected":false},"excerpt":{"rendered":"<p>El Soplador de&nbsp;Aire Ionizado Cadet&nbsp;proporciona cobertura focalizada con excelente eficiencia. Control de velocidad variable, con limpiador de puntas patentado, es el soplador adecuado para trabajos focalizados. \u00a0 Caracter\u00edsticas: Alimentaci\u00f3n: 120 VCA, 60 Hz. 0.1 Amp. (baja velocidad, aire ambiente; 1.7 Amp. alta velocidad, aire tibio). Tama\u00f1o: 5.5 x8.63 x3.25 pulg. Peso: 2.4 kgs \u00c1rea de [&hellip;]<\/p>\n","protected":false},"author":1,"featured_media":0,"parent":35,"menu_order":0,"comment_status":"closed","ping_status":"closed","template":"","meta":{"footnotes":""},"categories":[18],"tags":[],"class_list":["post-1673","page","type-page","status-publish","hentry","category-simco-ion"],"yoast_head":"<!-- This site is optimized with the Yoast SEO plugin v22.1 - https:\/\/yoast.com\/wordpress\/plugins\/seo\/ -->\n<title>VENTILADOR DE ANTI EST\u00c1TICA CADET - industria-de-la-conversion.ttemsa<\/title>\n<meta name=\"description\" content=\"El Soplador de Aire Ionizado Cadet proporciona cobertura focalizada con excelente eficiencia.Control de velocidad variable, con limpiador de puntas patentado, es el soplador adecuado para trabajos focalizados.\" \/>\n<meta name=\"robots\" content=\"index, follow, max-snippet:-1, max-image-preview:large, max-video-preview:-1\" \/>\n<link rel=\"canonical\" href=\"http:\/\/industria-de-la-conversion.ttemsa.com\/index.php\/simco-ion\/ventilador-de-anti-estatica\/\" \/>\n<meta property=\"og:locale\" content=\"es_MX\" \/>\n<meta property=\"og:type\" content=\"article\" \/>\n<meta property=\"og:title\" content=\"El Soplador de Aire Ionizado Cadet proporciona cobertura focalizada con excelente eficiencia.Control de velocidad variable, con limpiador de puntas patentado, es el soplador adecuado para trabajos focalizados.\" \/>\n<meta property=\"og:description\" content=\"En ttemsa ofrecemos Soluciones. Solicite + info Tel\u00e9fonos: + 52 (55) 5352-0191 5352-1301 5352-6070 5352-0593\" \/>\n<meta property=\"og:url\" content=\"http:\/\/industria-de-la-conversion.ttemsa.com\/index.php\/simco-ion\/ventilador-de-anti-estatica\/\" \/>\n<meta property=\"og:site_name\" content=\"industria-de-la-conversion.ttemsa\" \/>\n<meta property=\"article:modified_time\" content=\"2024-03-03T18:42:01+00:00\" \/>\n<meta property=\"og:image\" content=\"http:\/\/industria-de-la-conversion.ttemsa.com\/wp-content\/uploads\/2023\/12\/aerostato_cadet.gif\" \/>\n\t<meta property=\"og:image:width\" content=\"417\" \/>\n\t<meta property=\"og:image:height\" content=\"281\" \/>\n\t<meta property=\"og:image:type\" content=\"image\/gif\" \/>\n<meta name=\"twitter:card\" content=\"summary_large_image\" \/>\n<meta name=\"twitter:label1\" content=\"Tiempo de lectura\" \/>\n\t<meta name=\"twitter:data1\" content=\"2 minutos\" \/>\n<script type=\"application\/ld+json\" class=\"yoast-schema-graph\">{\"@context\":\"https:\/\/schema.org\",\"@graph\":[{\"@type\":\"WebPage\",\"@id\":\"http:\/\/industria-de-la-conversion.ttemsa.com\/index.php\/simco-ion\/ventilador-de-anti-estatica\/\",\"url\":\"http:\/\/industria-de-la-conversion.ttemsa.com\/index.php\/simco-ion\/ventilador-de-anti-estatica\/\",\"name\":\"VENTILADOR DE ANTI EST\u00c1TICA CADET - industria-de-la-conversion.ttemsa\",\"isPartOf\":{\"@id\":\"http:\/\/industria-de-la-conversion.ttemsa.com\/#website\"},\"datePublished\":\"2024-03-01T21:05:40+00:00\",\"dateModified\":\"2024-03-03T18:42:01+00:00\",\"description\":\"El Soplador de Aire Ionizado Cadet proporciona cobertura focalizada con excelente eficiencia.Control de velocidad variable, con limpiador de puntas patentado, es el soplador adecuado para trabajos focalizados.\",\"breadcrumb\":{\"@id\":\"http:\/\/industria-de-la-conversion.ttemsa.com\/index.php\/simco-ion\/ventilador-de-anti-estatica\/#breadcrumb\"},\"inLanguage\":\"es\",\"potentialAction\":[{\"@type\":\"ReadAction\",\"target\":[\"http:\/\/industria-de-la-conversion.ttemsa.com\/index.php\/simco-ion\/ventilador-de-anti-estatica\/\"]}]},{\"@type\":\"BreadcrumbList\",\"@id\":\"http:\/\/industria-de-la-conversion.ttemsa.com\/index.php\/simco-ion\/ventilador-de-anti-estatica\/#breadcrumb\",\"itemListElement\":[{\"@type\":\"ListItem\",\"position\":1,\"name\":\"Inicio\",\"item\":\"http:\/\/industria-de-la-conversion.ttemsa.com\/\"},{\"@type\":\"ListItem\",\"position\":2,\"name\":\"SIMCO -ION\",\"item\":\"https:\/\/industria-de-la-conversion.ttemsa.com\/index.php\/simco-ion\/\"},{\"@type\":\"ListItem\",\"position\":3,\"name\":\"VENTILADOR DE ANTI EST\u00c1TICA CADET\"}]},{\"@type\":\"WebSite\",\"@id\":\"http:\/\/industria-de-la-conversion.ttemsa.com\/#website\",\"url\":\"http:\/\/industria-de-la-conversion.ttemsa.com\/\",\"name\":\"industria-de-la-conversion.ttemsa\",\"description\":\"Designed Dianalacazadora.com\",\"potentialAction\":[{\"@type\":\"SearchAction\",\"target\":{\"@type\":\"EntryPoint\",\"urlTemplate\":\"http:\/\/industria-de-la-conversion.ttemsa.com\/?s={search_term_string}\"},\"query-input\":\"required name=search_term_string\"}],\"inLanguage\":\"es\"}]}<\/script>\n<!-- \/ Yoast SEO plugin. -->","yoast_head_json":{"title":"VENTILADOR DE ANTI EST\u00c1TICA CADET - industria-de-la-conversion.ttemsa","description":"El Soplador de Aire Ionizado Cadet proporciona cobertura focalizada con excelente eficiencia.Control de velocidad variable, con limpiador de puntas patentado, es el soplador adecuado para trabajos focalizados.","robots":{"index":"index","follow":"follow","max-snippet":"max-snippet:-1","max-image-preview":"max-image-preview:large","max-video-preview":"max-video-preview:-1"},"canonical":"http:\/\/industria-de-la-conversion.ttemsa.com\/index.php\/simco-ion\/ventilador-de-anti-estatica\/","og_locale":"es_MX","og_type":"article","og_title":"El Soplador de Aire Ionizado Cadet proporciona cobertura focalizada con excelente eficiencia.Control de velocidad variable, con limpiador de puntas patentado, es el soplador adecuado para trabajos focalizados.","og_description":"En ttemsa ofrecemos Soluciones. Solicite + info Tel\u00e9fonos: + 52 (55) 5352-0191 5352-1301 5352-6070 5352-0593","og_url":"http:\/\/industria-de-la-conversion.ttemsa.com\/index.php\/simco-ion\/ventilador-de-anti-estatica\/","og_site_name":"industria-de-la-conversion.ttemsa","article_modified_time":"2024-03-03T18:42:01+00:00","og_image":[{"width":417,"height":281,"url":"http:\/\/industria-de-la-conversion.ttemsa.com\/wp-content\/uploads\/2023\/12\/aerostato_cadet.gif","type":"image\/gif"}],"twitter_card":"summary_large_image","twitter_misc":{"Tiempo de lectura":"2 minutos"},"schema":{"@context":"https:\/\/schema.org","@graph":[{"@type":"WebPage","@id":"http:\/\/industria-de-la-conversion.ttemsa.com\/index.php\/simco-ion\/ventilador-de-anti-estatica\/","url":"http:\/\/industria-de-la-conversion.ttemsa.com\/index.php\/simco-ion\/ventilador-de-anti-estatica\/","name":"VENTILADOR DE ANTI EST\u00c1TICA CADET - industria-de-la-conversion.ttemsa","isPartOf":{"@id":"http:\/\/industria-de-la-conversion.ttemsa.com\/#website"},"datePublished":"2024-03-01T21:05:40+00:00","dateModified":"2024-03-03T18:42:01+00:00","description":"El Soplador de Aire Ionizado Cadet proporciona cobertura focalizada con excelente eficiencia.Control de velocidad variable, con limpiador de puntas patentado, es el soplador adecuado para trabajos focalizados.","breadcrumb":{"@id":"http:\/\/industria-de-la-conversion.ttemsa.com\/index.php\/simco-ion\/ventilador-de-anti-estatica\/#breadcrumb"},"inLanguage":"es","potentialAction":[{"@type":"ReadAction","target":["http:\/\/industria-de-la-conversion.ttemsa.com\/index.php\/simco-ion\/ventilador-de-anti-estatica\/"]}]},{"@type":"BreadcrumbList","@id":"http:\/\/industria-de-la-conversion.ttemsa.com\/index.php\/simco-ion\/ventilador-de-anti-estatica\/#breadcrumb","itemListElement":[{"@type":"ListItem","position":1,"name":"Inicio","item":"http:\/\/industria-de-la-conversion.ttemsa.com\/"},{"@type":"ListItem","position":2,"name":"SIMCO -ION","item":"https:\/\/industria-de-la-conversion.ttemsa.com\/index.php\/simco-ion\/"},{"@type":"ListItem","position":3,"name":"VENTILADOR DE ANTI EST\u00c1TICA CADET"}]},{"@type":"WebSite","@id":"http:\/\/industria-de-la-conversion.ttemsa.com\/#website","url":"http:\/\/industria-de-la-conversion.ttemsa.com\/","name":"industria-de-la-conversion.ttemsa","description":"Designed Dianalacazadora.com","potentialAction":[{"@type":"SearchAction","target":{"@type":"EntryPoint","urlTemplate":"http:\/\/industria-de-la-conversion.ttemsa.com\/?s={search_term_string}"},"query-input":"required name=search_term_string"}],"inLanguage":"es"}]}},"_links":{"self":[{"href":"http:\/\/industria-de-la-conversion.ttemsa.com\/index.php\/wp-json\/wp\/v2\/pages\/1673","targetHints":{"allow":["GET"]}}],"collection":[{"href":"http:\/\/industria-de-la-conversion.ttemsa.com\/index.php\/wp-json\/wp\/v2\/pages"}],"about":[{"href":"http:\/\/industria-de-la-conversion.ttemsa.com\/index.php\/wp-json\/wp\/v2\/types\/page"}],"author":[{"embeddable":true,"href":"http:\/\/industria-de-la-conversion.ttemsa.com\/index.php\/wp-json\/wp\/v2\/users\/1"}],"replies":[{"embeddable":true,"href":"http:\/\/industria-de-la-conversion.ttemsa.com\/index.php\/wp-json\/wp\/v2\/comments?post=1673"}],"version-history":[{"count":3,"href":"http:\/\/industria-de-la-conversion.ttemsa.com\/index.php\/wp-json\/wp\/v2\/pages\/1673\/revisions"}],"predecessor-version":[{"id":2327,"href":"http:\/\/industria-de-la-conversion.ttemsa.com\/index.php\/wp-json\/wp\/v2\/pages\/1673\/revisions\/2327"}],"up":[{"embeddable":true,"href":"http:\/\/industria-de-la-conversion.ttemsa.com\/index.php\/wp-json\/wp\/v2\/pages\/35"}],"wp:attachment":[{"href":"http:\/\/industria-de-la-conversion.ttemsa.com\/index.php\/wp-json\/wp\/v2\/media?parent=1673"}],"wp:term":[{"taxonomy":"category","embeddable":true,"href":"http:\/\/industria-de-la-conversion.ttemsa.com\/index.php\/wp-json\/wp\/v2\/categories?post=1673"},{"taxonomy":"post_tag","embeddable":true,"href":"http:\/\/industria-de-la-conversion.ttemsa.com\/index.php\/wp-json\/wp\/v2\/tags?post=1673"}],"curies":[{"name":"wp","href":"https:\/\/api.w.org\/{rel}","templated":true}]}}