{"id":1817,"date":"2024-03-02T00:23:59","date_gmt":"2024-03-02T00:23:59","guid":{"rendered":"https:\/\/industria-de-la-conversion.ttemsa.com\/index.php\/boschert\/boschert-copy-copy-3\/"},"modified":"2024-03-06T16:59:05","modified_gmt":"2024-03-06T16:59:05","slug":"chucks-mod-aut-neumaticos-a-y-p","status":"publish","type":"page","link":"http:\/\/industria-de-la-conversion.ttemsa.com\/index.php\/boschert\/chucks-mod-aut-neumaticos-a-y-p\/","title":{"rendered":"Chucks Mod Aut. (Neum\u00e1ticos) A y  P"},"content":{"rendered":"<div class=\"wp-block-image\">\n<figure class=\"aligncenter size-full is-resized\"><img loading=\"lazy\" decoding=\"async\" width=\"150\" height=\"150\" src=\"https:\/\/industria-de-la-conversion.ttemsa.com\/wp-content\/uploads\/2024\/03\/a-lager.gif\" alt=\"\" class=\"wp-image-2518\" style=\"width:309px;height:auto\"\/><\/figure>\n<\/div>\n\n\n<p><strong>Chucks\/Mandriles Autom\u00e1ticos A50 \/ A80.<\/strong><\/p>\n\n\n\n<p>Los chucks autom\u00e1ticos A50 \/ A80 se est\u00e1n convirtiendo como est\u00e1ndar en chucks mec\u00e1nicos por la velocidad y seguridad de operarse neum\u00e1ticamente. Reemplazan a los chucks convencionales, teniendo las mismas dimensiones de montaje; esto facilita que su linea de producci\u00f3n no se detenga. <\/p>\n\n\n\n<p><strong>Caracter\u00edsticas del nuevo Chuck P.<\/strong><\/p>\n\n\n\n<figure class=\"wp-block-image size-full\"><img loading=\"lazy\" decoding=\"async\" width=\"223\" height=\"227\" src=\"https:\/\/industria-de-la-conversion.ttemsa.com\/wp-content\/uploads\/2024\/03\/chuck-P.jpg\" alt=\"\" class=\"wp-image-2520\"\/><\/figure>\n\n\n\n<p>Dise\u00f1ados para procesos de manufactura que requieren poco o no presencia del operador y seguridad m\u00e1xima.<\/p>\n\n\n\n<ul class=\"wp-block-list\">\n<li>Sensores que indican posici\u00f3n:<\/li>\n\n\n\n<li>S\u00ed esta abierto \/ S\u00ed esta cerrado.<\/li>\n<\/ul>\n\n\n\n<p><strong>Caracter\u00edsticas<\/strong><\/p>\n\n\n\n<p>Interruptores y funciones son integradas con seguridad dentro de un cuerpo compacto del chuck.<\/p>\n\n\n\n<p>El chuck de seguridad sujeta las flechas para transmitir par de torsi\u00f3n (torque), abriendo y cerrando autom\u00e1ticamente, indicando si esta abierto o cerrado, tiene un sistema el\u00e9ctrico adicional que si falla se mantiene.<\/p>\n\n\n\n<p>*&nbsp;&nbsp;&nbsp;Tiene integrado la alineaci\u00f3n radial + axial.<\/p>\n\n\n\n<p>*&nbsp;&nbsp;&nbsp;Fijaci\u00f3n mec\u00e1nica integrada.<\/p>\n\n\n\n<p>*&nbsp;&nbsp;&nbsp;Dos cilindros para seguridad adicional.<\/p>\n\n\n\n<p>*&nbsp;&nbsp;&nbsp;Las mismas dimensiones de montaje que los chuces est\u00e1ndar *Se\u00f1al el\u00e9ctrica disponible para abrir o cerrar con sensores.<\/p>\n\n\n\n<p>* Acceso f\u00e1cil a las partes mec\u00e1nicas para servicio o verificaci\u00f3n.<\/p>\n\n\n\n<h2 class=\"wp-block-heading\">Chucks Boschert Chucks Modelos Autom\u00e1ticos (Neum\u00e1ticos)<\/h2>\n\n\n\n<figure class=\"wp-block-image size-full\"><img loading=\"lazy\" decoding=\"async\" width=\"297\" height=\"135\" src=\"https:\/\/industria-de-la-conversion.ttemsa.com\/wp-content\/uploads\/2024\/03\/avtomaticosnevmaticos2.gif\" alt=\"\" class=\"wp-image-2521\"\/><\/figure>\n\n\n\n<p>Los Sistemas de Chucks de Seguridad Boschert son una soluci\u00f3n pre-ingenier\u00eda para soportar rollos y transmitir par de torsi\u00f3n en aplicaciones de desenredado y enredado.<\/p>\n\n\n\n<p>Con una variedad de opciones, dependiendo del nivel de seguridad y necesidad de automatizaci\u00f3n.<\/p>\n\n\n\n<p>Los Chucks de Seguridad Autom\u00e1ticos son dise\u00f1ados para mejorar la seguridad, reducir el tiempo de montaje en una nueva instalaci\u00f3n o un sistema nuevo de montaje con seguridad.<\/p>\n\n\n\n<p>Activaci\u00f3n remota de apertura y cierre de los Chucks aseguran que las manos del operador no vallan a accidentarse mientras que el agarre mec\u00e1nico sujeta con seguridad, evitando que se abran cuando est\u00e1n funcionando u operar cuando est\u00e1n abiertos.<\/p>\n\n\n\n<h4 class=\"wp-block-heading\">&nbsp;Ver PDF<\/h4>\n\n\n\n<p><a href=\"https:\/\/ttemsa.com\/images\/pdf\/Boschert-laguermini-14-20.pdf\" target=\"_blank\" rel=\"noreferrer noopener\">Boschert Laguermini 14-20<\/a><\/p>\n\n\n\n<p><a href=\"https:\/\/ttemsa.com\/images\/pdf\/Boschert-laguer-19-25.pdf\" target=\"_blank\" rel=\"noreferrer noopener\"><\/a><\/p>\n\n\n\n<h4 class=\"wp-block-heading\">&nbsp;Ver PDF<\/h4>\n\n\n\n<p><a href=\"https:\/\/ttemsa.com\/images\/pdf\/Boschert-laguer-19-25.pdf\" target=\"_blank\" rel=\"noreferrer noopener\">Boschert Laguer 19-25<\/a><\/p>\n\n\n\n<p><a href=\"https:\/\/ttemsa.com\/images\/pdf\/Boschert-Lager-22-30.pdf\" target=\"_blank\" rel=\"noreferrer noopener\"><\/a><\/p>\n\n\n\n<h4 class=\"wp-block-heading\">&nbsp;Ver PDF<\/h4>\n\n\n\n<p><a href=\"https:\/\/ttemsa.com\/images\/pdf\/Boschert-Lager-22-30.pdf\" target=\"_blank\" rel=\"noreferrer noopener\">Boschert Lager 22-30<\/a><\/p>\n\n\n\n<p><a href=\"https:\/\/ttemsa.com\/images\/pdf\/Boschert-Lager-30-40.pdf\" target=\"_blank\" rel=\"noreferrer noopener\"><\/a><\/p>\n\n\n\n<h4 class=\"wp-block-heading\">&nbsp;Ver PDF<\/h4>\n\n\n\n<p><a href=\"https:\/\/ttemsa.com\/images\/pdf\/Boschert-Lager-30-40.pdf\" target=\"_blank\" rel=\"noreferrer noopener\">Boschert Lager 30-40<\/a><\/p>\n\n\n\n<figure class=\"wp-block-image\"><a href=\"https:\/\/ttemsa.com\/images\/pdf\/Boschert-Lager-40-50.pdf\" target=\"_blank\" rel=\"noreferrer noopener\"><img decoding=\"async\" src=\"https:\/\/ttemsa.com\/industria\/images\/pdfs2021\/pdf.png\" alt=\"\"\/><\/a><\/figure>\n\n\n\n<h4 class=\"wp-block-heading\">&nbsp;<\/h4>\n\n\n\n<h4 class=\"wp-block-heading\">Ver PDF<\/h4>\n\n\n\n<p><a href=\"https:\/\/ttemsa.com\/images\/pdf\/Boschert-Lager-40-50.pdf\" target=\"_blank\" rel=\"noreferrer noopener\">Boschert Lager 40-50<\/a><\/p>\n\n\n\n<figure class=\"wp-block-image\"><a href=\"https:\/\/ttemsa.com\/images\/pdf\/Boschert-Lager-50-80.pdf\" target=\"_blank\" rel=\"noreferrer noopener\"><img decoding=\"async\" src=\"https:\/\/ttemsa.com\/industria\/images\/pdfs2021\/pdf.png\" alt=\"\"\/><\/a><\/figure>\n\n\n\n<h4 class=\"wp-block-heading\">&nbsp;<\/h4>\n\n\n\n<h4 class=\"wp-block-heading\">Ver PDF<\/h4>\n\n\n\n<p><a href=\"https:\/\/ttemsa.com\/images\/pdf\/Boschert-Lager-50-80.pdf\" target=\"_blank\" rel=\"noreferrer noopener\">Boschert Lager 50-80<\/a><\/p>\n\n\n\n<ul class=\"wp-block-list\">\n<li>PDF<\/li>\n<\/ul>\n\n\n\n<p><a href=\"https:\/\/ttemsa.com\/images\/pdf\/Boschert-laguermini-14-20.pdf\" target=\"_blank\" rel=\"noreferrer noopener\"><\/a><\/p>\n\n\n\n<h4 class=\"wp-block-heading\">&nbsp;Ver PDF<\/h4>\n\n\n\n<p><a href=\"https:\/\/ttemsa.com\/images\/pdf\/Boschert-laguermini-14-20.pdf\" target=\"_blank\" rel=\"noreferrer noopener\">Boschert Laguermini 14-20<\/a><\/p>\n\n\n\n<p><a href=\"https:\/\/ttemsa.com\/images\/pdf\/Boschert-laguer-19-25.pdf\" target=\"_blank\" rel=\"noreferrer noopener\"><\/a><\/p>\n\n\n\n<h4 class=\"wp-block-heading\">&nbsp;Ver PDF<\/h4>\n\n\n\n<p><a href=\"https:\/\/ttemsa.com\/images\/pdf\/Boschert-laguer-19-25.pdf\" target=\"_blank\" rel=\"noreferrer noopener\">Boschert Laguer 19-25<\/a><\/p>\n\n\n\n<p><a href=\"https:\/\/ttemsa.com\/images\/pdf\/Boschert-Lager-22-30.pdf\" target=\"_blank\" rel=\"noreferrer noopener\"><\/a><\/p>\n\n\n\n<h4 class=\"wp-block-heading\">&nbsp;Ver PDF<\/h4>\n\n\n\n<p><a href=\"https:\/\/ttemsa.com\/images\/pdf\/Boschert-Lager-22-30.pdf\" target=\"_blank\" rel=\"noreferrer noopener\">Boschert Lager 22-30<\/a><\/p>\n\n\n\n<p><a href=\"https:\/\/ttemsa.com\/images\/pdf\/Boschert-Lager-30-40.pdf\" target=\"_blank\" rel=\"noreferrer noopener\"><\/a><\/p>\n\n\n\n<h4 class=\"wp-block-heading\">&nbsp;Ver PDF<\/h4>\n\n\n\n<p><a href=\"https:\/\/ttemsa.com\/images\/pdf\/Boschert-Lager-30-40.pdf\" target=\"_blank\" rel=\"noreferrer noopener\">Boschert Lager 30-40<\/a><\/p>\n\n\n\n<figure class=\"wp-block-image\"><a href=\"https:\/\/ttemsa.com\/images\/pdf\/Boschert-Lager-40-50.pdf\" target=\"_blank\" rel=\"noreferrer noopener\"><img decoding=\"async\" src=\"https:\/\/ttemsa.com\/industria\/images\/pdfs2021\/pdf.png\" alt=\"\"\/><\/a><\/figure>\n\n\n\n<h4 class=\"wp-block-heading\">&nbsp;<\/h4>\n\n\n\n<h4 class=\"wp-block-heading\">Ver PDF<\/h4>\n\n\n\n<p><a href=\"https:\/\/ttemsa.com\/images\/pdf\/Boschert-Lager-40-50.pdf\" target=\"_blank\" rel=\"noreferrer noopener\">Boschert Lager 40-50<\/a><\/p>\n\n\n\n<figure class=\"wp-block-image\"><a href=\"https:\/\/ttemsa.com\/images\/pdf\/Boschert-Lager-50-80.pdf\" target=\"_blank\" rel=\"noreferrer noopener\"><img decoding=\"async\" src=\"https:\/\/ttemsa.com\/industria\/images\/pdfs2021\/pdf.png\" alt=\"\"\/><\/a><\/figure>\n\n\n\n<h4 class=\"wp-block-heading\">&nbsp;<\/h4>\n\n\n\n<h4 class=\"wp-block-heading\">Ver PDF<\/h4>\n\n\n\n<p><a href=\"https:\/\/ttemsa.com\/images\/pdf\/Boschert-Lager-50-80.pdf\" target=\"_blank\" rel=\"noreferrer noopener\">Boschert Lager 50-80<\/a><\/p>\n\n\n\n<p><strong>Caracter\u00edsticas BOSCHERT Boschert Chucks Modelos Autom\u00e1ticos (Neum\u00e1ticos).<\/strong><\/p>\n\n\n\n<figure class=\"wp-block-image size-full is-resized\"><img loading=\"lazy\" decoding=\"async\" width=\"262\" height=\"153\" src=\"https:\/\/industria-de-la-conversion.ttemsa.com\/wp-content\/uploads\/2024\/03\/avtomaticosnevmaticos.gif\" alt=\"\" class=\"wp-image-2522\" style=\"width:329px;height:auto\"\/><\/figure>\n\n\n\n<figure class=\"wp-block-table\"><table><tbody><tr><td><strong>Tipo<\/strong><\/td><td><strong>Peso m\u00e1ximo Kg (lbs)<\/strong><\/td><td><strong>Barra cuadrada mm (pulg.)<\/strong><\/td><td><strong>Par de torsi\u00f3n Nm (lb -pie)<\/strong><\/td><\/tr><tr><td>A40<\/td><td>1600(3530)<\/td><td>40 (1.5748)<\/td><td>35 (250)<\/td><\/tr><tr><td>A50<\/td><td>2800 (6170)<\/td><td>50(1.5748)<\/td><td>1100 (800)<\/td><\/tr><tr><td>A80<\/td><td>7000 (15430)<\/td><td>80 (3.14965)<\/td><td>2350 (1700)<\/td><\/tr><\/tbody><\/table><\/figure>\n\n\n\n<ul class=\"wp-block-list\">\n<li>SERIE P<\/li>\n<\/ul>\n\n\n\n<figure class=\"wp-block-image is-resized\"><img decoding=\"async\" src=\"https:\/\/www.ttemsa.com\/images\/boschert\/avtomaticosnevmaticos2.gif\" alt=\"\" style=\"width:421px;height:auto\"\/><\/figure>\n\n\n\n<figure class=\"wp-block-table\"><table><tbody><tr><td><strong>Tipo<\/strong><\/td><td><strong>Peso m\u00e1ximo Kg (lbs)<\/strong><\/td><td><strong>Barra cuadrada mm (pulg.)<\/strong><\/td><td><strong>Par de torsi\u00f3n Nm (lb -pie)<\/strong><\/td><\/tr><tr><td>P40<\/td><td>1600(3530)<\/td><td>40 (1.5748)<\/td><td>35 (250)<\/td><\/tr><tr><td>P50<\/td><td>2800 (6170)<\/td><td>50(1.9685)<\/td><td>1100 (800)<\/td><\/tr><\/tbody><\/table><\/figure>\n\n\n\n<figure class=\"wp-block-image is-resized\"><img decoding=\"async\" src=\"https:\/\/www.ttemsa.com\/images\/boschert\/image034.gif\" alt=\"\" style=\"width:690px;height:auto\"\/><\/figure>\n","protected":false},"excerpt":{"rendered":"<p>Chucks\/Mandriles Autom\u00e1ticos A50 \/ A80. Los chucks autom\u00e1ticos A50 \/ A80 se est\u00e1n convirtiendo como est\u00e1ndar en chucks mec\u00e1nicos por la velocidad y seguridad de operarse neum\u00e1ticamente. Reemplazan a los chucks convencionales, teniendo las mismas dimensiones de montaje; esto facilita que su linea de producci\u00f3n no se detenga. Caracter\u00edsticas del nuevo Chuck P. Dise\u00f1ados para [&hellip;]<\/p>\n","protected":false},"author":1,"featured_media":0,"parent":31,"menu_order":0,"comment_status":"closed","ping_status":"closed","template":"","meta":{"footnotes":""},"categories":[21],"tags":[],"class_list":["post-1817","page","type-page","status-publish","hentry","category-boschert-catalogo-principal"],"yoast_head":"<!-- This site is optimized with the Yoast SEO plugin v22.1 - https:\/\/yoast.com\/wordpress\/plugins\/seo\/ -->\n<title>Chucks Mod Aut. (Neum\u00e1ticos) A y P - industria-de-la-conversion.ttemsa<\/title>\n<meta name=\"description\" content=\"Boschert Chucks Modelos Autom\u00e1ticos (Neum\u00e1ticos) serie A y serie P. En ttemsa ofrecemos Soluciones. Solicite + info Tel\u00e9fonos: + 52 (55) 5352-0191 5352-1301 5352-6070 5352-0593\" \/>\n<meta name=\"robots\" content=\"index, follow, max-snippet:-1, max-image-preview:large, max-video-preview:-1\" \/>\n<link rel=\"canonical\" href=\"http:\/\/industria-de-la-conversion.ttemsa.com\/index.php\/boschert\/chucks-mod-aut-neumaticos-a-y-p\/\" \/>\n<meta property=\"og:locale\" content=\"es_MX\" \/>\n<meta property=\"og:type\" content=\"article\" \/>\n<meta property=\"og:title\" content=\"Boschert Chucks Modelos Autom\u00e1ticos (Neum\u00e1ticos) serie A y serie P.\" \/>\n<meta property=\"og:description\" content=\"En ttemsa ofrecemos Soluciones. Solicite + info Tel\u00e9fonos: + 52 (55) 5352-0191 5352-1301 5352-6070 5352-0593\" \/>\n<meta property=\"og:url\" content=\"http:\/\/industria-de-la-conversion.ttemsa.com\/index.php\/boschert\/chucks-mod-aut-neumaticos-a-y-p\/\" \/>\n<meta property=\"og:site_name\" content=\"industria-de-la-conversion.ttemsa\" \/>\n<meta property=\"article:modified_time\" content=\"2024-03-06T16:59:05+00:00\" \/>\n<meta property=\"og:image\" content=\"http:\/\/industria-de-la-conversion.ttemsa.com\/wp-content\/uploads\/2024\/03\/Captura-de-pantalla-2024-03-06-a-las-9.55.18-a.m.png\" \/>\n\t<meta property=\"og:image:width\" content=\"281\" \/>\n\t<meta property=\"og:image:height\" content=\"260\" \/>\n\t<meta property=\"og:image:type\" content=\"image\/png\" \/>\n<meta name=\"twitter:card\" content=\"summary_large_image\" \/>\n<meta name=\"twitter:label1\" content=\"Tiempo de lectura\" \/>\n\t<meta name=\"twitter:data1\" content=\"4 minutos\" \/>\n<script type=\"application\/ld+json\" class=\"yoast-schema-graph\">{\"@context\":\"https:\/\/schema.org\",\"@graph\":[{\"@type\":\"WebPage\",\"@id\":\"http:\/\/industria-de-la-conversion.ttemsa.com\/index.php\/boschert\/chucks-mod-aut-neumaticos-a-y-p\/\",\"url\":\"http:\/\/industria-de-la-conversion.ttemsa.com\/index.php\/boschert\/chucks-mod-aut-neumaticos-a-y-p\/\",\"name\":\"Chucks Mod Aut. (Neum\u00e1ticos) A y P - industria-de-la-conversion.ttemsa\",\"isPartOf\":{\"@id\":\"https:\/\/industria-de-la-conversion.ttemsa.com\/#website\"},\"datePublished\":\"2024-03-02T00:23:59+00:00\",\"dateModified\":\"2024-03-06T16:59:05+00:00\",\"description\":\"Boschert Chucks Modelos Autom\u00e1ticos (Neum\u00e1ticos) serie A y serie P. En ttemsa ofrecemos Soluciones. Solicite + info Tel\u00e9fonos: + 52 (55) 5352-0191 5352-1301 5352-6070 5352-0593\",\"breadcrumb\":{\"@id\":\"http:\/\/industria-de-la-conversion.ttemsa.com\/index.php\/boschert\/chucks-mod-aut-neumaticos-a-y-p\/#breadcrumb\"},\"inLanguage\":\"es\",\"potentialAction\":[{\"@type\":\"ReadAction\",\"target\":[\"http:\/\/industria-de-la-conversion.ttemsa.com\/index.php\/boschert\/chucks-mod-aut-neumaticos-a-y-p\/\"]}]},{\"@type\":\"BreadcrumbList\",\"@id\":\"http:\/\/industria-de-la-conversion.ttemsa.com\/index.php\/boschert\/chucks-mod-aut-neumaticos-a-y-p\/#breadcrumb\",\"itemListElement\":[{\"@type\":\"ListItem\",\"position\":1,\"name\":\"Inicio\",\"item\":\"https:\/\/industria-de-la-conversion.ttemsa.com\/\"},{\"@type\":\"ListItem\",\"position\":2,\"name\":\"BOSCHERT\",\"item\":\"https:\/\/industria-de-la-conversion.ttemsa.com\/index.php\/boschert\/\"},{\"@type\":\"ListItem\",\"position\":3,\"name\":\"Chucks Mod Aut. (Neum\u00e1ticos) A y P\"}]},{\"@type\":\"WebSite\",\"@id\":\"https:\/\/industria-de-la-conversion.ttemsa.com\/#website\",\"url\":\"https:\/\/industria-de-la-conversion.ttemsa.com\/\",\"name\":\"industria-de-la-conversion.ttemsa\",\"description\":\"Designed Dianalacazadora.com\",\"potentialAction\":[{\"@type\":\"SearchAction\",\"target\":{\"@type\":\"EntryPoint\",\"urlTemplate\":\"https:\/\/industria-de-la-conversion.ttemsa.com\/?s={search_term_string}\"},\"query-input\":\"required name=search_term_string\"}],\"inLanguage\":\"es\"}]}<\/script>\n<!-- \/ Yoast SEO plugin. -->","yoast_head_json":{"title":"Chucks Mod Aut. (Neum\u00e1ticos) A y P - industria-de-la-conversion.ttemsa","description":"Boschert Chucks Modelos Autom\u00e1ticos (Neum\u00e1ticos) serie A y serie P. En ttemsa ofrecemos Soluciones. Solicite + info Tel\u00e9fonos: + 52 (55) 5352-0191 5352-1301 5352-6070 5352-0593","robots":{"index":"index","follow":"follow","max-snippet":"max-snippet:-1","max-image-preview":"max-image-preview:large","max-video-preview":"max-video-preview:-1"},"canonical":"http:\/\/industria-de-la-conversion.ttemsa.com\/index.php\/boschert\/chucks-mod-aut-neumaticos-a-y-p\/","og_locale":"es_MX","og_type":"article","og_title":"Boschert Chucks Modelos Autom\u00e1ticos (Neum\u00e1ticos) serie A y serie P.","og_description":"En ttemsa ofrecemos Soluciones. Solicite + info Tel\u00e9fonos: + 52 (55) 5352-0191 5352-1301 5352-6070 5352-0593","og_url":"http:\/\/industria-de-la-conversion.ttemsa.com\/index.php\/boschert\/chucks-mod-aut-neumaticos-a-y-p\/","og_site_name":"industria-de-la-conversion.ttemsa","article_modified_time":"2024-03-06T16:59:05+00:00","og_image":[{"width":281,"height":260,"url":"http:\/\/industria-de-la-conversion.ttemsa.com\/wp-content\/uploads\/2024\/03\/Captura-de-pantalla-2024-03-06-a-las-9.55.18-a.m.png","type":"image\/png"}],"twitter_card":"summary_large_image","twitter_misc":{"Tiempo de lectura":"4 minutos"},"schema":{"@context":"https:\/\/schema.org","@graph":[{"@type":"WebPage","@id":"http:\/\/industria-de-la-conversion.ttemsa.com\/index.php\/boschert\/chucks-mod-aut-neumaticos-a-y-p\/","url":"http:\/\/industria-de-la-conversion.ttemsa.com\/index.php\/boschert\/chucks-mod-aut-neumaticos-a-y-p\/","name":"Chucks Mod Aut. (Neum\u00e1ticos) A y P - industria-de-la-conversion.ttemsa","isPartOf":{"@id":"https:\/\/industria-de-la-conversion.ttemsa.com\/#website"},"datePublished":"2024-03-02T00:23:59+00:00","dateModified":"2024-03-06T16:59:05+00:00","description":"Boschert Chucks Modelos Autom\u00e1ticos (Neum\u00e1ticos) serie A y serie P. En ttemsa ofrecemos Soluciones. Solicite + info Tel\u00e9fonos: + 52 (55) 5352-0191 5352-1301 5352-6070 5352-0593","breadcrumb":{"@id":"http:\/\/industria-de-la-conversion.ttemsa.com\/index.php\/boschert\/chucks-mod-aut-neumaticos-a-y-p\/#breadcrumb"},"inLanguage":"es","potentialAction":[{"@type":"ReadAction","target":["http:\/\/industria-de-la-conversion.ttemsa.com\/index.php\/boschert\/chucks-mod-aut-neumaticos-a-y-p\/"]}]},{"@type":"BreadcrumbList","@id":"http:\/\/industria-de-la-conversion.ttemsa.com\/index.php\/boschert\/chucks-mod-aut-neumaticos-a-y-p\/#breadcrumb","itemListElement":[{"@type":"ListItem","position":1,"name":"Inicio","item":"https:\/\/industria-de-la-conversion.ttemsa.com\/"},{"@type":"ListItem","position":2,"name":"BOSCHERT","item":"https:\/\/industria-de-la-conversion.ttemsa.com\/index.php\/boschert\/"},{"@type":"ListItem","position":3,"name":"Chucks Mod Aut. (Neum\u00e1ticos) A y P"}]},{"@type":"WebSite","@id":"https:\/\/industria-de-la-conversion.ttemsa.com\/#website","url":"https:\/\/industria-de-la-conversion.ttemsa.com\/","name":"industria-de-la-conversion.ttemsa","description":"Designed Dianalacazadora.com","potentialAction":[{"@type":"SearchAction","target":{"@type":"EntryPoint","urlTemplate":"https:\/\/industria-de-la-conversion.ttemsa.com\/?s={search_term_string}"},"query-input":"required name=search_term_string"}],"inLanguage":"es"}]}},"_links":{"self":[{"href":"http:\/\/industria-de-la-conversion.ttemsa.com\/index.php\/wp-json\/wp\/v2\/pages\/1817","targetHints":{"allow":["GET"]}}],"collection":[{"href":"http:\/\/industria-de-la-conversion.ttemsa.com\/index.php\/wp-json\/wp\/v2\/pages"}],"about":[{"href":"http:\/\/industria-de-la-conversion.ttemsa.com\/index.php\/wp-json\/wp\/v2\/types\/page"}],"author":[{"embeddable":true,"href":"http:\/\/industria-de-la-conversion.ttemsa.com\/index.php\/wp-json\/wp\/v2\/users\/1"}],"replies":[{"embeddable":true,"href":"http:\/\/industria-de-la-conversion.ttemsa.com\/index.php\/wp-json\/wp\/v2\/comments?post=1817"}],"version-history":[{"count":2,"href":"http:\/\/industria-de-la-conversion.ttemsa.com\/index.php\/wp-json\/wp\/v2\/pages\/1817\/revisions"}],"predecessor-version":[{"id":2524,"href":"http:\/\/industria-de-la-conversion.ttemsa.com\/index.php\/wp-json\/wp\/v2\/pages\/1817\/revisions\/2524"}],"up":[{"embeddable":true,"href":"http:\/\/industria-de-la-conversion.ttemsa.com\/index.php\/wp-json\/wp\/v2\/pages\/31"}],"wp:attachment":[{"href":"http:\/\/industria-de-la-conversion.ttemsa.com\/index.php\/wp-json\/wp\/v2\/media?parent=1817"}],"wp:term":[{"taxonomy":"category","embeddable":true,"href":"http:\/\/industria-de-la-conversion.ttemsa.com\/index.php\/wp-json\/wp\/v2\/categories?post=1817"},{"taxonomy":"post_tag","embeddable":true,"href":"http:\/\/industria-de-la-conversion.ttemsa.com\/index.php\/wp-json\/wp\/v2\/tags?post=1817"}],"curies":[{"name":"wp","href":"https:\/\/api.w.org\/{rel}","templated":true}]}}