{"id":1818,"date":"2024-03-02T00:24:05","date_gmt":"2024-03-02T00:24:05","guid":{"rendered":"https:\/\/industria-de-la-conversion.ttemsa.com\/index.php\/boschert\/boschert-copy-copy-4\/"},"modified":"2024-03-06T17:03:14","modified_gmt":"2024-03-06T17:03:14","slug":"chucks-deslizantes","status":"publish","type":"page","link":"http:\/\/industria-de-la-conversion.ttemsa.com\/index.php\/boschert\/chucks-deslizantes\/","title":{"rendered":"Chucks Deslizantes"},"content":{"rendered":"<div class=\"wp-block-image\">\n<figure class=\"aligncenter size-full is-resized\"><img loading=\"lazy\" decoding=\"async\" width=\"500\" height=\"500\" src=\"https:\/\/industria-de-la-conversion.ttemsa.com\/wp-content\/uploads\/2024\/03\/bos.jpg\" alt=\"\" class=\"wp-image-2525\" style=\"width:250px;height:auto\" srcset=\"http:\/\/industria-de-la-conversion.ttemsa.com\/wp-content\/uploads\/2024\/03\/bos.jpg 500w, http:\/\/industria-de-la-conversion.ttemsa.com\/wp-content\/uploads\/2024\/03\/bos-300x300.jpg 300w, http:\/\/industria-de-la-conversion.ttemsa.com\/wp-content\/uploads\/2024\/03\/bos-150x150.jpg 150w\" sizes=\"auto, (max-width: 500px) 100vw, 500px\" \/><\/figure>\n<\/div>\n\n<div class=\"wp-block-image\">\n<figure class=\"aligncenter size-full is-resized\"><img loading=\"lazy\" decoding=\"async\" width=\"280\" height=\"99\" src=\"http:\/\/industria-de-la-conversion.ttemsa.com\/wp-content\/uploads\/2024\/03\/BOSCHERT.jpg\" alt=\"\" class=\"wp-image-2502\" style=\"width:213px;height:auto\"\/><\/figure>\n<\/div>\n\n\n<p>Los chucks pueden ajustarse axialmente (lateralmente). El rollo puede alinearse durante la operaci\u00f3n.<\/p>\n\n\n\n<p>Los extremos de las flechas (espigas) son b\u00e1sicamente las mismas que las que se utilizan en los chucks est\u00e1ndar, a ecepcci\u00f3n que llevan una ranura sobre el asiento, para moverlo axialmente y que no se salga de su lugar.<\/p>\n\n\n\n<h4 class=\"wp-block-heading\">Datos t\u00e9cnicos para los Chucks Deslizantes.<\/h4>\n\n\n\n<p>Estos Chucks pueden ajustarse axialmente.<\/p>\n\n\n\n<p>Los rollos pueden alinearse al estar operando.<\/p>\n\n\n\n<p>Con estos Chucks las dimensiones de las espigas de las flechas son iguales a excepci\u00f3n que requieren una ranura para mover axialmente por medio de un disco a los Chucks.<\/p>\n\n\n\n<hr class=\"wp-block-separator has-alpha-channel-opacity\"\/>\n\n\n\n<p><strong>Caracter\u00edsticas t\u00e9cnicas &#8211; Chucks Deslizantes<\/strong><\/p>\n\n\n\n<figure class=\"wp-block-table\"><table><tbody><tr><td>Tipo<\/td><td>Peso m\u00e1ximo (kg)<\/td><td>Torque (Nm)<\/td><td>Dimensiones<\/td><\/tr><tr><td>SK 22-30<\/td><td>800<\/td><td>180&nbsp;<\/td><td>22-30<\/td><\/tr><tr><td>SK 30-40<\/td><td>1,400<\/td><td>300<\/td><td>30-40<\/td><\/tr><tr><td>SK 40-50<\/td><td>2,800<\/td><td>1,100<\/td><td>40-50<\/td><\/tr><\/tbody><\/table><\/figure>\n\n\n\n<p><strong>Desplazamiento<\/strong><\/p>\n\n\n\n<figure class=\"wp-block-table\"><table><tbody><tr><td>SK 22-30<\/td><td>50 mm total (+\/- 25 mm)<\/td><\/tr><tr><td>SK 30-40<\/td><td>50 mm total (+\/- 25 mm)<\/td><\/tr><tr><td>SK 30-40<\/td><td>100 mm total (+\/- 50 mm)<\/td><\/tr><tr><td>SK 40-50<\/td><td>50 mm total (+\/- 25 mm)<\/td><\/tr><tr><td>SK 40-50<\/td><td>100 mm total (+\/- 50 mm)<\/td><\/tr><\/tbody><\/table><\/figure>\n\n\n\n<p><strong>Modelos de Chucks Boschert Deslizantes<\/strong><\/p>\n\n\n\n<figure class=\"wp-block-table\"><table><tbody><tr><td>&nbsp;<\/td><td><strong>Montaje de Pedestal<\/strong><\/td><td>&nbsp;<\/td><\/tr><tr><td>Chucks Deslizante Boschert con inserto VT<\/td><td>Chuck deslizante con flecha SKW para transmisi\u00f3n<\/td><td>Chuck deslizante con volante SKOF<\/td><\/tr><tr><td><img loading=\"lazy\" decoding=\"async\" src=\"https:\/\/ttemsa.com\/industria\/images\/home\/23.jpg\" alt=\"\" width=\"187\" height=\"152\"><\/td><td><img loading=\"lazy\" decoding=\"async\" src=\"https:\/\/ttemsa.com\/industria\/images\/home\/24.jpg\" alt=\"\" width=\"187\" height=\"152\"><\/td><td><img loading=\"lazy\" decoding=\"async\" src=\"https:\/\/ttemsa.com\/industria\/images\/home\/25.jpg\" alt=\"\" width=\"187\" height=\"152\"><\/td><\/tr><tr><td>&nbsp;<\/td><td>&nbsp;<\/td><td>&nbsp;<\/td><\/tr><tr><td>&nbsp;<\/td><td><strong>Montaje de&nbsp;Brida\/Pared<\/strong><\/td><td>&nbsp;<\/td><\/tr><tr><td>Chucks Deslizante Boschert con inserto VT<\/td><td>Chuck deslizante con flecha SKW para transmisi\u00f3n<\/td><td>Chuck deslizante VT con Volante<\/td><\/tr><tr><td>&nbsp;<img loading=\"lazy\" decoding=\"async\" src=\"https:\/\/ttemsa.com\/industria\/images\/home\/24.jpg\" alt=\"\" width=\"187\" height=\"152\"><\/td><td><img loading=\"lazy\" decoding=\"async\" src=\"https:\/\/ttemsa.com\/industria\/images\/home\/28.jpg\" alt=\"\" width=\"187\" height=\"152\">&nbsp;<\/td><td><img loading=\"lazy\" decoding=\"async\" src=\"https:\/\/ttemsa.com\/industria\/images\/home\/29.jpg\" alt=\"\" width=\"187\" height=\"152\">&nbsp;<\/td><\/tr><\/tbody><\/table><\/figure>\n\n\n\n<figure class=\"wp-block-table\"><table><tbody><tr><td>&nbsp;<\/td><td>&nbsp;<\/td><td>&nbsp;<\/td><td>&nbsp;<\/td><\/tr><tr><td>Chuck deslizante VT con flecha<\/td><td>Chuck deslizante VT con flecha<\/td><td>&nbsp;<\/td><td>&nbsp;<\/td><\/tr><tr><td>&nbsp;<img loading=\"lazy\" decoding=\"async\" src=\"https:\/\/ttemsa.com\/industria\/images\/home\/30.jpg\" alt=\"\" width=\"187\" height=\"152\"><\/td><td>&nbsp;<img loading=\"lazy\" decoding=\"async\" src=\"https:\/\/ttemsa.com\/industria\/images\/home\/31.jpg\" alt=\"\" width=\"187\" height=\"152\"><\/td><td>&nbsp;&nbsp;&nbsp;&nbsp;&nbsp;&nbsp;&nbsp;<\/td><\/tr><\/tbody><\/table><\/figure>\n\n\n\n<p><a href=\"https:\/\/ttemsa.com\/images\/pdf\/Boschert-laguermini-14-20.pdf\"><\/a><\/p>\n\n\n\n<h4 class=\"wp-block-heading\">Ver PDF<\/h4>\n\n\n\n<p><a href=\"https:\/\/ttemsa.com\/images\/pdf\/Boschert-laguermini-14-20.pdf\" target=\"_blank\" rel=\"noreferrer noopener\">Boschert Laguermini 14-20<\/a><\/p>\n\n\n\n<p><a href=\"https:\/\/ttemsa.com\/images\/pdf\/Boschert-laguer-19-25.pdf\" target=\"_blank\" rel=\"noreferrer noopener\"><\/a><\/p>\n\n\n\n<h4 class=\"wp-block-heading\">Ver PDF<\/h4>\n\n\n\n<p><a href=\"https:\/\/ttemsa.com\/images\/pdf\/Boschert-laguer-19-25.pdf\" target=\"_blank\" rel=\"noreferrer noopener\">Boschert Laguer 19-25<\/a><\/p>\n\n\n\n<p><a href=\"https:\/\/ttemsa.com\/images\/pdf\/Boschert-Lager-22-30.pdf\"><\/a><\/p>\n\n\n\n<h4 class=\"wp-block-heading\">Ver PDF<\/h4>\n\n\n\n<p><a href=\"https:\/\/ttemsa.com\/images\/pdf\/Boschert-Lager-22-30.pdf\" target=\"_blank\" rel=\"noreferrer noopener\">Boschert Lager 22-30<\/a><\/p>\n\n\n\n<p><a href=\"https:\/\/ttemsa.com\/images\/pdf\/Boschert-Lager-30-40.pdf\" target=\"_blank\" rel=\"noreferrer noopener\"><\/a><\/p>\n\n\n\n<h4 class=\"wp-block-heading\">Ver PDF<\/h4>\n\n\n\n<p><a href=\"https:\/\/ttemsa.com\/images\/pdf\/Boschert-Lager-30-40.pdf\" target=\"_blank\" rel=\"noreferrer noopener\">Boschert Lager 30-40<\/a><\/p>\n\n\n\n<figure class=\"wp-block-image\"><a href=\"https:\/\/ttemsa.com\/images\/pdf\/Boschert-Lager-40-50.pdf\"><img decoding=\"async\" src=\"https:\/\/ttemsa.com\/industria\/images\/pdfs2021\/pdf.png\" alt=\"\"\/><\/a><\/figure>\n\n\n\n<h4 class=\"wp-block-heading\">&nbsp;<\/h4>\n\n\n\n<h4 class=\"wp-block-heading\">Ver PDF<\/h4>\n\n\n\n<p><a href=\"https:\/\/ttemsa.com\/images\/pdf\/Boschert-Lager-40-50.pdf\">Boschert Lager 40-50<\/a><\/p>\n\n\n\n<figure class=\"wp-block-image\"><a href=\"https:\/\/ttemsa.com\/images\/pdf\/Boschert-Lager-50-80.pdf\" target=\"_blank\" rel=\"noreferrer noopener\"><img decoding=\"async\" src=\"https:\/\/ttemsa.com\/industria\/images\/pdfs2021\/pdf.png\" alt=\"\"\/><\/a><\/figure>\n\n\n\n<h4 class=\"wp-block-heading\">&nbsp;<\/h4>\n\n\n\n<h4 class=\"wp-block-heading\">Ver PDF<\/h4>\n\n\n\n<p><a href=\"https:\/\/ttemsa.com\/images\/pdf\/Boschert-Lager-50-80.pdf\" target=\"_blank\" rel=\"noreferrer noopener\">Boschert Lager 50-8<\/a><\/p>\n","protected":false},"excerpt":{"rendered":"<p>Los chucks pueden ajustarse axialmente (lateralmente). El rollo puede alinearse durante la operaci\u00f3n. Los extremos de las flechas (espigas) son b\u00e1sicamente las mismas que las que se utilizan en los chucks est\u00e1ndar, a ecepcci\u00f3n que llevan una ranura sobre el asiento, para moverlo axialmente y que no se salga de su lugar. Datos t\u00e9cnicos para [&hellip;]<\/p>\n","protected":false},"author":1,"featured_media":0,"parent":31,"menu_order":0,"comment_status":"closed","ping_status":"closed","template":"","meta":{"footnotes":""},"categories":[21],"tags":[],"class_list":["post-1818","page","type-page","status-publish","hentry","category-boschert-catalogo-principal"],"yoast_head":"<!-- This site is optimized with the Yoast SEO plugin v22.1 - https:\/\/yoast.com\/wordpress\/plugins\/seo\/ -->\n<title>Chucks Deslizantes - industria-de-la-conversion.ttemsa<\/title>\n<meta name=\"description\" content=\"Chucks DeslizantesChucks Deslizantes Chuck deslizante VT con flecha Chuck deslizante VT. En ttemsa ofrecemos Soluciones. Solicite + info Tel\u00e9fonos: + 52 (55) 5352-0191 5352-1301 5352-6070 5352-0593\" \/>\n<meta name=\"robots\" content=\"index, follow, max-snippet:-1, max-image-preview:large, max-video-preview:-1\" \/>\n<link rel=\"canonical\" href=\"https:\/\/industria-de-la-conversion.ttemsa.com\/index.php\/boschert\/chucks-deslizantes\/\" \/>\n<meta property=\"og:locale\" content=\"es_MX\" \/>\n<meta property=\"og:type\" content=\"article\" \/>\n<meta property=\"og:title\" content=\"Chucks DeslizantesChucks Deslizantes Chuck deslizante VT con flecha Chuck deslizante VT.\" \/>\n<meta property=\"og:description\" content=\"En ttemsa ofrecemos Soluciones. Solicite + info Tel\u00e9fonos: + 52 (55) 5352-0191 5352-1301 5352-6070 5352-0593\" \/>\n<meta property=\"og:url\" content=\"https:\/\/industria-de-la-conversion.ttemsa.com\/index.php\/boschert\/chucks-deslizantes\/\" \/>\n<meta property=\"og:site_name\" content=\"industria-de-la-conversion.ttemsa\" \/>\n<meta property=\"article:modified_time\" content=\"2024-03-06T17:03:14+00:00\" \/>\n<meta property=\"og:image\" content=\"https:\/\/industria-de-la-conversion.ttemsa.com\/wp-content\/uploads\/2024\/03\/bos.jpg\" \/>\n\t<meta property=\"og:image:width\" content=\"500\" \/>\n\t<meta property=\"og:image:height\" content=\"500\" \/>\n\t<meta property=\"og:image:type\" content=\"image\/jpeg\" \/>\n<meta name=\"twitter:card\" content=\"summary_large_image\" \/>\n<meta name=\"twitter:label1\" content=\"Tiempo de lectura\" \/>\n\t<meta name=\"twitter:data1\" content=\"4 minutos\" \/>\n<script type=\"application\/ld+json\" class=\"yoast-schema-graph\">{\"@context\":\"https:\/\/schema.org\",\"@graph\":[{\"@type\":\"WebPage\",\"@id\":\"https:\/\/industria-de-la-conversion.ttemsa.com\/index.php\/boschert\/chucks-deslizantes\/\",\"url\":\"https:\/\/industria-de-la-conversion.ttemsa.com\/index.php\/boschert\/chucks-deslizantes\/\",\"name\":\"Chucks Deslizantes - industria-de-la-conversion.ttemsa\",\"isPartOf\":{\"@id\":\"https:\/\/industria-de-la-conversion.ttemsa.com\/#website\"},\"datePublished\":\"2024-03-02T00:24:05+00:00\",\"dateModified\":\"2024-03-06T17:03:14+00:00\",\"description\":\"Chucks DeslizantesChucks Deslizantes Chuck deslizante VT con flecha Chuck deslizante VT. En ttemsa ofrecemos Soluciones. Solicite + info Tel\u00e9fonos: + 52 (55) 5352-0191 5352-1301 5352-6070 5352-0593\",\"breadcrumb\":{\"@id\":\"https:\/\/industria-de-la-conversion.ttemsa.com\/index.php\/boschert\/chucks-deslizantes\/#breadcrumb\"},\"inLanguage\":\"es\",\"potentialAction\":[{\"@type\":\"ReadAction\",\"target\":[\"https:\/\/industria-de-la-conversion.ttemsa.com\/index.php\/boschert\/chucks-deslizantes\/\"]}]},{\"@type\":\"BreadcrumbList\",\"@id\":\"https:\/\/industria-de-la-conversion.ttemsa.com\/index.php\/boschert\/chucks-deslizantes\/#breadcrumb\",\"itemListElement\":[{\"@type\":\"ListItem\",\"position\":1,\"name\":\"Inicio\",\"item\":\"https:\/\/industria-de-la-conversion.ttemsa.com\/\"},{\"@type\":\"ListItem\",\"position\":2,\"name\":\"BOSCHERT\",\"item\":\"https:\/\/industria-de-la-conversion.ttemsa.com\/index.php\/boschert\/\"},{\"@type\":\"ListItem\",\"position\":3,\"name\":\"Chucks Deslizantes\"}]},{\"@type\":\"WebSite\",\"@id\":\"https:\/\/industria-de-la-conversion.ttemsa.com\/#website\",\"url\":\"https:\/\/industria-de-la-conversion.ttemsa.com\/\",\"name\":\"industria-de-la-conversion.ttemsa\",\"description\":\"Designed Dianalacazadora.com\",\"potentialAction\":[{\"@type\":\"SearchAction\",\"target\":{\"@type\":\"EntryPoint\",\"urlTemplate\":\"https:\/\/industria-de-la-conversion.ttemsa.com\/?s={search_term_string}\"},\"query-input\":\"required name=search_term_string\"}],\"inLanguage\":\"es\"}]}<\/script>\n<!-- \/ Yoast SEO plugin. -->","yoast_head_json":{"title":"Chucks Deslizantes - industria-de-la-conversion.ttemsa","description":"Chucks DeslizantesChucks Deslizantes Chuck deslizante VT con flecha Chuck deslizante VT. En ttemsa ofrecemos Soluciones. Solicite + info Tel\u00e9fonos: + 52 (55) 5352-0191 5352-1301 5352-6070 5352-0593","robots":{"index":"index","follow":"follow","max-snippet":"max-snippet:-1","max-image-preview":"max-image-preview:large","max-video-preview":"max-video-preview:-1"},"canonical":"https:\/\/industria-de-la-conversion.ttemsa.com\/index.php\/boschert\/chucks-deslizantes\/","og_locale":"es_MX","og_type":"article","og_title":"Chucks DeslizantesChucks Deslizantes Chuck deslizante VT con flecha Chuck deslizante VT.","og_description":"En ttemsa ofrecemos Soluciones. Solicite + info Tel\u00e9fonos: + 52 (55) 5352-0191 5352-1301 5352-6070 5352-0593","og_url":"https:\/\/industria-de-la-conversion.ttemsa.com\/index.php\/boschert\/chucks-deslizantes\/","og_site_name":"industria-de-la-conversion.ttemsa","article_modified_time":"2024-03-06T17:03:14+00:00","og_image":[{"width":500,"height":500,"url":"https:\/\/industria-de-la-conversion.ttemsa.com\/wp-content\/uploads\/2024\/03\/bos.jpg","type":"image\/jpeg"}],"twitter_card":"summary_large_image","twitter_misc":{"Tiempo de lectura":"4 minutos"},"schema":{"@context":"https:\/\/schema.org","@graph":[{"@type":"WebPage","@id":"https:\/\/industria-de-la-conversion.ttemsa.com\/index.php\/boschert\/chucks-deslizantes\/","url":"https:\/\/industria-de-la-conversion.ttemsa.com\/index.php\/boschert\/chucks-deslizantes\/","name":"Chucks Deslizantes - industria-de-la-conversion.ttemsa","isPartOf":{"@id":"https:\/\/industria-de-la-conversion.ttemsa.com\/#website"},"datePublished":"2024-03-02T00:24:05+00:00","dateModified":"2024-03-06T17:03:14+00:00","description":"Chucks DeslizantesChucks Deslizantes Chuck deslizante VT con flecha Chuck deslizante VT. En ttemsa ofrecemos Soluciones. Solicite + info Tel\u00e9fonos: + 52 (55) 5352-0191 5352-1301 5352-6070 5352-0593","breadcrumb":{"@id":"https:\/\/industria-de-la-conversion.ttemsa.com\/index.php\/boschert\/chucks-deslizantes\/#breadcrumb"},"inLanguage":"es","potentialAction":[{"@type":"ReadAction","target":["https:\/\/industria-de-la-conversion.ttemsa.com\/index.php\/boschert\/chucks-deslizantes\/"]}]},{"@type":"BreadcrumbList","@id":"https:\/\/industria-de-la-conversion.ttemsa.com\/index.php\/boschert\/chucks-deslizantes\/#breadcrumb","itemListElement":[{"@type":"ListItem","position":1,"name":"Inicio","item":"https:\/\/industria-de-la-conversion.ttemsa.com\/"},{"@type":"ListItem","position":2,"name":"BOSCHERT","item":"https:\/\/industria-de-la-conversion.ttemsa.com\/index.php\/boschert\/"},{"@type":"ListItem","position":3,"name":"Chucks Deslizantes"}]},{"@type":"WebSite","@id":"https:\/\/industria-de-la-conversion.ttemsa.com\/#website","url":"https:\/\/industria-de-la-conversion.ttemsa.com\/","name":"industria-de-la-conversion.ttemsa","description":"Designed Dianalacazadora.com","potentialAction":[{"@type":"SearchAction","target":{"@type":"EntryPoint","urlTemplate":"https:\/\/industria-de-la-conversion.ttemsa.com\/?s={search_term_string}"},"query-input":"required name=search_term_string"}],"inLanguage":"es"}]}},"_links":{"self":[{"href":"http:\/\/industria-de-la-conversion.ttemsa.com\/index.php\/wp-json\/wp\/v2\/pages\/1818","targetHints":{"allow":["GET"]}}],"collection":[{"href":"http:\/\/industria-de-la-conversion.ttemsa.com\/index.php\/wp-json\/wp\/v2\/pages"}],"about":[{"href":"http:\/\/industria-de-la-conversion.ttemsa.com\/index.php\/wp-json\/wp\/v2\/types\/page"}],"author":[{"embeddable":true,"href":"http:\/\/industria-de-la-conversion.ttemsa.com\/index.php\/wp-json\/wp\/v2\/users\/1"}],"replies":[{"embeddable":true,"href":"http:\/\/industria-de-la-conversion.ttemsa.com\/index.php\/wp-json\/wp\/v2\/comments?post=1818"}],"version-history":[{"count":2,"href":"http:\/\/industria-de-la-conversion.ttemsa.com\/index.php\/wp-json\/wp\/v2\/pages\/1818\/revisions"}],"predecessor-version":[{"id":2527,"href":"http:\/\/industria-de-la-conversion.ttemsa.com\/index.php\/wp-json\/wp\/v2\/pages\/1818\/revisions\/2527"}],"up":[{"embeddable":true,"href":"http:\/\/industria-de-la-conversion.ttemsa.com\/index.php\/wp-json\/wp\/v2\/pages\/31"}],"wp:attachment":[{"href":"http:\/\/industria-de-la-conversion.ttemsa.com\/index.php\/wp-json\/wp\/v2\/media?parent=1818"}],"wp:term":[{"taxonomy":"category","embeddable":true,"href":"http:\/\/industria-de-la-conversion.ttemsa.com\/index.php\/wp-json\/wp\/v2\/categories?post=1818"},{"taxonomy":"post_tag","embeddable":true,"href":"http:\/\/industria-de-la-conversion.ttemsa.com\/index.php\/wp-json\/wp\/v2\/tags?post=1818"}],"curies":[{"name":"wp","href":"https:\/\/api.w.org\/{rel}","templated":true}]}}