{"id":1819,"date":"2024-03-02T00:24:12","date_gmt":"2024-03-02T00:24:12","guid":{"rendered":"https:\/\/industria-de-la-conversion.ttemsa.com\/index.php\/boschert\/boschert-copy-copy-5\/"},"modified":"2024-03-06T16:33:04","modified_gmt":"2024-03-06T16:33:04","slug":"mandril-chuck-de-seguridad","status":"publish","type":"page","link":"http:\/\/industria-de-la-conversion.ttemsa.com\/index.php\/boschert\/mandril-chuck-de-seguridad\/","title":{"rendered":"Mandril\/Chuck de Seguridad"},"content":{"rendered":"\n<h3 class=\"wp-block-heading has-text-align-center\"><img loading=\"lazy\" decoding=\"async\" width=\"299\" height=\"299\" src=\"https:\/\/ttemsa.com\/industria\/images\/home\/2.jpg\" alt=\"\"><\/h3>\n\n\n<div class=\"wp-block-image\">\n<figure class=\"aligncenter size-full\"><img loading=\"lazy\" decoding=\"async\" width=\"280\" height=\"99\" src=\"http:\/\/industria-de-la-conversion.ttemsa.com\/wp-content\/uploads\/2024\/03\/BOSCHERT.jpg\" alt=\"\" class=\"wp-image-2502\"\/><\/figure>\n<\/div>\n\n\n<figure class=\"wp-block-table\"><table><tbody><tr><td>&nbsp;<img loading=\"lazy\" decoding=\"async\" src=\"https:\/\/www.ttemsa.com\/images\/boschert\/chckcinserto.jpg\" alt=\"\" width=\"150\" height=\"158\"><\/td><td><strong>Chucks con inserto<\/strong><strong>&nbsp;<\/strong><strong>Para aplicaciones de alta velocidad y alto par de torsi\u00f3n<\/strong><strong>R\u00e1pido cambio de inserto reemplazable<\/strong><\/td><\/tr><tr><td>&nbsp;<img loading=\"lazy\" decoding=\"async\" src=\"https:\/\/www.ttemsa.com\/images\/boschert\/chvcktipoc.jpg\" alt=\"\" width=\"150\" height=\"152\"><\/td><td><strong>Chucks C<\/strong><strong>&nbsp;<\/strong><strong>Para aplicaciones de menor RPM<\/strong><strong>M\u00e1s econ\u00f3mico<\/strong><\/td><\/tr><tr><td>&nbsp;<img loading=\"lazy\" decoding=\"async\" src=\"https:\/\/www.ttemsa.com\/images\/boschert\/deslizantes.jpg\" alt=\"\" width=\"150\" height=\"137\"><\/td><td><strong>Chucks deslizantes<\/strong><strong>&nbsp;<\/strong><strong>Sigue diferentes longitudes de flechas neum\u00e1ticas<\/strong><strong>Ajuste lateral de bajo costo.<\/strong><strong>&nbsp;<\/strong>&nbsp;<\/td><\/tr><\/tbody><\/table><\/figure>\n\n\n\n<p><strong>\u00bfC\u00f3mo funcionan los Chucks Boschert?<\/strong><\/p>\n\n\n\n<figure class=\"wp-block-table\"><table><tbody><tr><td><img loading=\"lazy\" decoding=\"async\" src=\"https:\/\/www.ttemsa.com\/images\/boschert\/image008.gif\" alt=\"\" width=\"400\" height=\"134\"><\/td><td><strong>A.-<\/strong>&nbsp;El eje del rollo se carga por la parte superior para empezar la operaci\u00f3n de desembobinado\/embobinado.<\/td><\/tr><tr><td><img loading=\"lazy\" decoding=\"async\" src=\"https:\/\/www.ttemsa.com\/images\/boschert\/image010.gif\" alt=\"\" width=\"401\" height=\"143\"><\/td><td><strong>B.-<\/strong>&nbsp;Los&nbsp;Volantes de cierre del mandril de seguridad se cierran para asegurar el eje del rollo.<\/td><\/tr><tr><td><img loading=\"lazy\" decoding=\"async\" src=\"https:\/\/www.ttemsa.com\/images\/boschert\/image012.gif\" alt=\"\" width=\"399\" height=\"208\"><\/td><td><strong>C.-<\/strong>&nbsp;El eje del rollo puede ahora&nbsp;operarse con menor vibraci\u00f3n.<\/td><\/tr><tr><td><img loading=\"lazy\" decoding=\"async\" src=\"https:\/\/www.ttemsa.com\/images\/boschert\/image014.gif\" alt=\"\" width=\"399\" height=\"138\"><\/td><td><strong>D.-<\/strong>&nbsp;Una vez se haya terminado la operaci\u00f3n de&nbsp;desembobinado \/ embobinado, los anillos de cierre se inclinan y se retira el eje cargado del rollo.Este proceso tambi\u00e9n funciona en reversa para desbobinar el rollo.<\/td><\/tr><\/tbody><\/table><\/figure>\n\n\n\n<p>&nbsp;Los mandriles\/Chuck&nbsp; de seguridad de Boschert permiten cambios de los rollos y una operaci\u00f3n m\u00e1s segura. Tambi\u00e9n, mediante la reducci\u00f3n de la vibraci\u00f3n del eje, el mandril de seguridad de Boschert provoca un menor desgaste de su m\u00e1quina.<\/p>\n\n\n\n<p>Lo que le permite el ahorro de dinero.<\/p>\n\n\n\n<h2 class=\"wp-block-heading\"><strong>Capacidades:<\/strong><\/h2>\n\n\n\n<figure class=\"wp-block-table\"><table><tbody><tr><td><img loading=\"lazy\" decoding=\"async\" src=\"https:\/\/www.ttemsa.com\/images\/boschert\/1.jpg\" alt=\"\" width=\"182\" height=\"187\"><\/td><td><img loading=\"lazy\" decoding=\"async\" src=\"https:\/\/www.ttemsa.com\/images\/boschert\/2.jpg\" alt=\"\" width=\"182\" height=\"187\"><\/td><td><img loading=\"lazy\" decoding=\"async\" src=\"https:\/\/www.ttemsa.com\/images\/boschert\/3.jpg\" alt=\"\" width=\"182\" height=\"187\"><\/td><td><img loading=\"lazy\" decoding=\"async\" src=\"https:\/\/www.ttemsa.com\/images\/boschert\/4.jpg\" alt=\"\" width=\"182\" height=\"187\"><\/td><\/tr><tr><td><strong>Mandril de Pedestal con Prolongaci\u00f3n de Eje<\/strong><\/td><td><strong>Mandril de Pedestal sin Prolongaci\u00f3n de Eje<\/strong><\/td><td><strong>Mandril de Brida&nbsp;sin Prolongaci\u00f3n de Eje<\/strong><\/td><td><strong>Mandril de Flange&nbsp;con&nbsp;Prolongaci\u00f3n de Eje para transmisi\u00f3n<\/strong><\/td><\/tr><\/tbody><\/table><\/figure>\n\n\n\n<figure class=\"wp-block-table\"><table><tbody><tr><td><strong>TAMA\u00d1O&nbsp;<\/strong><\/td><td><strong>M\u00c1XIMA CAPACIDAD DE CARGA (LIBRAS)<\/strong><\/td><td><strong>M\u00c1XIMA CAPACIDAD DE TORQUE (LIBS\/PIE)<\/strong><\/td><td><strong>M\u00c1XIMAS REVOLUCIONES POR MINUTO<\/strong><\/td><td><strong>M\u00c1XIMA&nbsp;APERTURA QUADRADA PARA RECIBIR ESPIGA DEL EJE<\/strong><\/td><\/tr><tr><td>Mini 14-2<\/td><td>330<\/td><td>29<\/td><td>1350<\/td><td>20mm .75<\/td><\/tr><tr><td>19-25<\/td><td>880<\/td><td>90<\/td><td>1350<\/td><td>25mm 1&#8243;<\/td><\/tr><tr><td>22-30<\/td><td>&nbsp;1,760<\/td><td>130<\/td><td>1350<\/td><td>30mm 1.25&#8243;<\/td><\/tr><tr><td>30-40<\/td><td>&nbsp;3,520<\/td><td>&nbsp;250<\/td><td>1,350<\/td><td>40mm 1.5&#8243;<\/td><\/tr><tr><td>40-50<\/td><td>&nbsp;6,200<\/td><td>&nbsp;800<\/td><td>1,350<\/td><td>50mm 2&#8243;<\/td><\/tr><tr><td>50-80<\/td><td>&nbsp;15,40<\/td><td>&nbsp;1,700<\/td><td>&nbsp;1,110<\/td><td>&nbsp;80mm 3.125&#8243;<\/td><\/tr><tr><td>80-120<\/td><td>&nbsp;26,450<\/td><td>7,300<\/td><td>900<\/td><td>120mm 4.75<\/td><\/tr><tr><td>120-180<\/td><td>&nbsp;48,500<\/td><td>14,800<\/td><td>700<\/td><td>180mm 7&#8243;<\/td><\/tr><tr><td>170-200<\/td><td>&nbsp;70,546<\/td><td>18,500<\/td><td>500<\/td><td>200mm 7.875<\/td><\/tr><tr><td>&nbsp;170-230<\/td><td>&nbsp;141,092<\/td><td>30,300<\/td><td>500<\/td><td>230mm 9&#8243;<\/td><\/tr><\/tbody><\/table><\/figure>\n\n\n\n<p>Materiales PDF<\/p>\n\n\n\n<p><a href=\"https:\/\/www.ttemsa.com\/images\/pdf\/Boschert-laguermini-14-20.pdf\" target=\"_blank\" rel=\"noreferrer noopener\"><\/a><\/p>\n\n\n\n<h4 class=\"wp-block-heading\">&nbsp;Ver PDF<\/h4>\n\n\n\n<p><a href=\"https:\/\/www.ttemsa.com\/images\/pdf\/Boschert-laguermini-14-20.pdf\" target=\"_blank\" rel=\"noreferrer noopener\">Boschert Laguermini 14-20<\/a><\/p>\n\n\n\n<p><a href=\"https:\/\/www.ttemsa.com\/images\/pdf\/Boschert-laguer-19-25.pdf\" target=\"_blank\" rel=\"noreferrer noopener\"><\/a><\/p>\n\n\n\n<h4 class=\"wp-block-heading\">&nbsp;Ver PDF<\/h4>\n\n\n\n<p><a href=\"https:\/\/www.ttemsa.com\/images\/pdf\/Boschert-laguer-19-25.pdf\" target=\"_blank\" rel=\"noreferrer noopener\">Boschert Laguer 19-25<\/a><\/p>\n\n\n\n<p><a href=\"https:\/\/www.ttemsa.com\/images\/pdf\/Boschert-Lager-22-30.pdf\" target=\"_blank\" rel=\"noreferrer noopener\"><\/a><\/p>\n\n\n\n<h4 class=\"wp-block-heading\">&nbsp;Ver PDF<\/h4>\n\n\n\n<p>&nbsp;<a href=\"https:\/\/www.ttemsa.com\/images\/pdf\/Boschert-Lager-22-30.pdf\" target=\"_blank\" rel=\"noreferrer noopener\">Boschert Lager 22-30<\/a><\/p>\n\n\n\n<p><a href=\"https:\/\/www.ttemsa.com\/images\/pdf\/Boschert-Lager-30-40.pdf\" target=\"_blank\" rel=\"noreferrer noopener\"><\/a><\/p>\n\n\n\n<h4 class=\"wp-block-heading\">&nbsp;Ver PDF&nbsp;<\/h4>\n\n\n\n<p><a href=\"https:\/\/www.ttemsa.com\/images\/pdf\/Boschert-Lager-30-40.pdf\" target=\"_blank\" rel=\"noreferrer noopener\">Boschert Lager 30-40<\/a><\/p>\n\n\n\n<figure class=\"wp-block-image\"><img decoding=\"async\" src=\"https:\/\/ttemsa.com\/industria\/images\/pdfs2021\/pdf.png\" alt=\"\"\/><\/figure>\n\n\n\n<p><a href=\"https:\/\/www.ttemsa.com\/images\/pdf\/Boschert-Lager-40-50.pdf\" target=\"_blank\" rel=\"noreferrer noopener\"><\/a><\/p>\n\n\n\n<h4 class=\"wp-block-heading\">&nbsp;<\/h4>\n\n\n\n<h4 class=\"wp-block-heading\">&nbsp;Ver PDF<\/h4>\n\n\n\n<p>&nbsp;<a href=\"https:\/\/www.ttemsa.com\/images\/pdf\/Boschert-Lager-40-50.pdf\" target=\"_blank\" rel=\"noreferrer noopener\">Boschert Lager 40-50<\/a><\/p>\n\n\n\n<figure class=\"wp-block-image\"><img decoding=\"async\" src=\"https:\/\/ttemsa.com\/industria\/images\/pdfs2021\/pdf.png\" alt=\"\"\/><\/figure>\n\n\n\n<p><a href=\"https:\/\/www.ttemsa.com\/images\/pdf\/Boschert-Lager-50-80.pdf\" target=\"_blank\" rel=\"noreferrer noopener\"><\/a><\/p>\n\n\n\n<h4 class=\"wp-block-heading\">&nbsp;<\/h4>\n\n\n\n<h4 class=\"wp-block-heading\">&nbsp;Ver PDF<\/h4>\n\n\n\n<p>&nbsp;<a href=\"https:\/\/www.ttemsa.com\/images\/pdf\/Boschert-Lager-50-80.pdf\" target=\"_blank\" rel=\"noreferrer noopener\">Boschert Lager 50-80<\/a><\/p>\n","protected":false},"excerpt":{"rendered":"<p>&nbsp; Chucks con inserto&nbsp;Para aplicaciones de alta velocidad y alto par de torsi\u00f3nR\u00e1pido cambio de inserto reemplazable &nbsp; Chucks C&nbsp;Para aplicaciones de menor RPMM\u00e1s econ\u00f3mico &nbsp; Chucks deslizantes&nbsp;Sigue diferentes longitudes de flechas neum\u00e1ticasAjuste lateral de bajo costo.&nbsp;&nbsp; \u00bfC\u00f3mo funcionan los Chucks Boschert? A.-&nbsp;El eje del rollo se carga por la parte superior para empezar la [&hellip;]<\/p>\n","protected":false},"author":1,"featured_media":0,"parent":31,"menu_order":0,"comment_status":"closed","ping_status":"closed","template":"","meta":{"footnotes":""},"categories":[21],"tags":[],"class_list":["post-1819","page","type-page","status-publish","hentry","category-boschert-catalogo-principal"],"yoast_head":"<!-- This site is optimized with the Yoast SEO plugin v22.1 - https:\/\/yoast.com\/wordpress\/plugins\/seo\/ -->\n<title>Mandril\/Chuck de Seguridad - industria-de-la-conversion.ttemsa<\/title>\n<meta name=\"description\" content=\"Mandril \/ Chuck de Seguridad son Chucks con inserto Para aplicaciones de alta velocidad y alto paro En ttemsa ofrecemos Soluciones. Solicite + info Tel\u00e9fonos: + 52 (55) 5352-0191 5352-1301 5352-6070 5352-0593\" \/>\n<meta name=\"robots\" content=\"index, follow, max-snippet:-1, max-image-preview:large, max-video-preview:-1\" \/>\n<link rel=\"canonical\" href=\"https:\/\/industria-de-la-conversion.ttemsa.com\/index.php\/boschert\/mandril-chuck-de-seguridad\/\" \/>\n<meta property=\"og:locale\" content=\"es_MX\" \/>\n<meta property=\"og:type\" content=\"article\" \/>\n<meta property=\"og:title\" content=\"Mandril \/ Chuck de Seguridad son Chucks con inserto Para aplicaciones de alta velocidad y alto paro\" \/>\n<meta property=\"og:description\" content=\"En ttemsa ofrecemos Soluciones. Solicite + info Tel\u00e9fonos: + 52 (55) 5352-0191 5352-1301 5352-6070 5352-0593\" \/>\n<meta property=\"og:url\" content=\"https:\/\/industria-de-la-conversion.ttemsa.com\/index.php\/boschert\/mandril-chuck-de-seguridad\/\" \/>\n<meta property=\"og:site_name\" content=\"industria-de-la-conversion.ttemsa\" \/>\n<meta property=\"article:modified_time\" content=\"2024-03-06T16:33:04+00:00\" \/>\n<meta property=\"og:image\" content=\"https:\/\/industria-de-la-conversion.ttemsa.com\/wp-content\/uploads\/2024\/03\/b2.jpg\" \/>\n\t<meta property=\"og:image:width\" content=\"500\" \/>\n\t<meta property=\"og:image:height\" content=\"500\" \/>\n\t<meta property=\"og:image:type\" content=\"image\/jpeg\" \/>\n<meta name=\"twitter:card\" content=\"summary_large_image\" \/>\n<meta name=\"twitter:label1\" content=\"Tiempo de lectura\" \/>\n\t<meta name=\"twitter:data1\" content=\"5 minutos\" \/>\n<script type=\"application\/ld+json\" class=\"yoast-schema-graph\">{\"@context\":\"https:\/\/schema.org\",\"@graph\":[{\"@type\":\"WebPage\",\"@id\":\"https:\/\/industria-de-la-conversion.ttemsa.com\/index.php\/boschert\/mandril-chuck-de-seguridad\/\",\"url\":\"https:\/\/industria-de-la-conversion.ttemsa.com\/index.php\/boschert\/mandril-chuck-de-seguridad\/\",\"name\":\"Mandril\/Chuck de Seguridad - industria-de-la-conversion.ttemsa\",\"isPartOf\":{\"@id\":\"https:\/\/industria-de-la-conversion.ttemsa.com\/#website\"},\"datePublished\":\"2024-03-02T00:24:12+00:00\",\"dateModified\":\"2024-03-06T16:33:04+00:00\",\"description\":\"Mandril \/ Chuck de Seguridad son Chucks con inserto Para aplicaciones de alta velocidad y alto paro En ttemsa ofrecemos Soluciones. Solicite + info Tel\u00e9fonos: + 52 (55) 5352-0191 5352-1301 5352-6070 5352-0593\",\"breadcrumb\":{\"@id\":\"https:\/\/industria-de-la-conversion.ttemsa.com\/index.php\/boschert\/mandril-chuck-de-seguridad\/#breadcrumb\"},\"inLanguage\":\"es\",\"potentialAction\":[{\"@type\":\"ReadAction\",\"target\":[\"https:\/\/industria-de-la-conversion.ttemsa.com\/index.php\/boschert\/mandril-chuck-de-seguridad\/\"]}]},{\"@type\":\"BreadcrumbList\",\"@id\":\"https:\/\/industria-de-la-conversion.ttemsa.com\/index.php\/boschert\/mandril-chuck-de-seguridad\/#breadcrumb\",\"itemListElement\":[{\"@type\":\"ListItem\",\"position\":1,\"name\":\"Inicio\",\"item\":\"https:\/\/industria-de-la-conversion.ttemsa.com\/\"},{\"@type\":\"ListItem\",\"position\":2,\"name\":\"BOSCHERT\",\"item\":\"https:\/\/industria-de-la-conversion.ttemsa.com\/index.php\/boschert\/\"},{\"@type\":\"ListItem\",\"position\":3,\"name\":\"Mandril\/Chuck de Seguridad\"}]},{\"@type\":\"WebSite\",\"@id\":\"https:\/\/industria-de-la-conversion.ttemsa.com\/#website\",\"url\":\"https:\/\/industria-de-la-conversion.ttemsa.com\/\",\"name\":\"industria-de-la-conversion.ttemsa\",\"description\":\"Designed Dianalacazadora.com\",\"potentialAction\":[{\"@type\":\"SearchAction\",\"target\":{\"@type\":\"EntryPoint\",\"urlTemplate\":\"https:\/\/industria-de-la-conversion.ttemsa.com\/?s={search_term_string}\"},\"query-input\":\"required name=search_term_string\"}],\"inLanguage\":\"es\"}]}<\/script>\n<!-- \/ Yoast SEO plugin. -->","yoast_head_json":{"title":"Mandril\/Chuck de Seguridad - industria-de-la-conversion.ttemsa","description":"Mandril \/ Chuck de Seguridad son Chucks con inserto Para aplicaciones de alta velocidad y alto paro En ttemsa ofrecemos Soluciones. Solicite + info Tel\u00e9fonos: + 52 (55) 5352-0191 5352-1301 5352-6070 5352-0593","robots":{"index":"index","follow":"follow","max-snippet":"max-snippet:-1","max-image-preview":"max-image-preview:large","max-video-preview":"max-video-preview:-1"},"canonical":"https:\/\/industria-de-la-conversion.ttemsa.com\/index.php\/boschert\/mandril-chuck-de-seguridad\/","og_locale":"es_MX","og_type":"article","og_title":"Mandril \/ Chuck de Seguridad son Chucks con inserto Para aplicaciones de alta velocidad y alto paro","og_description":"En ttemsa ofrecemos Soluciones. Solicite + info Tel\u00e9fonos: + 52 (55) 5352-0191 5352-1301 5352-6070 5352-0593","og_url":"https:\/\/industria-de-la-conversion.ttemsa.com\/index.php\/boschert\/mandril-chuck-de-seguridad\/","og_site_name":"industria-de-la-conversion.ttemsa","article_modified_time":"2024-03-06T16:33:04+00:00","og_image":[{"width":500,"height":500,"url":"https:\/\/industria-de-la-conversion.ttemsa.com\/wp-content\/uploads\/2024\/03\/b2.jpg","type":"image\/jpeg"}],"twitter_card":"summary_large_image","twitter_misc":{"Tiempo de lectura":"5 minutos"},"schema":{"@context":"https:\/\/schema.org","@graph":[{"@type":"WebPage","@id":"https:\/\/industria-de-la-conversion.ttemsa.com\/index.php\/boschert\/mandril-chuck-de-seguridad\/","url":"https:\/\/industria-de-la-conversion.ttemsa.com\/index.php\/boschert\/mandril-chuck-de-seguridad\/","name":"Mandril\/Chuck de Seguridad - industria-de-la-conversion.ttemsa","isPartOf":{"@id":"https:\/\/industria-de-la-conversion.ttemsa.com\/#website"},"datePublished":"2024-03-02T00:24:12+00:00","dateModified":"2024-03-06T16:33:04+00:00","description":"Mandril \/ Chuck de Seguridad son Chucks con inserto Para aplicaciones de alta velocidad y alto paro En ttemsa ofrecemos Soluciones. Solicite + info Tel\u00e9fonos: + 52 (55) 5352-0191 5352-1301 5352-6070 5352-0593","breadcrumb":{"@id":"https:\/\/industria-de-la-conversion.ttemsa.com\/index.php\/boschert\/mandril-chuck-de-seguridad\/#breadcrumb"},"inLanguage":"es","potentialAction":[{"@type":"ReadAction","target":["https:\/\/industria-de-la-conversion.ttemsa.com\/index.php\/boschert\/mandril-chuck-de-seguridad\/"]}]},{"@type":"BreadcrumbList","@id":"https:\/\/industria-de-la-conversion.ttemsa.com\/index.php\/boschert\/mandril-chuck-de-seguridad\/#breadcrumb","itemListElement":[{"@type":"ListItem","position":1,"name":"Inicio","item":"https:\/\/industria-de-la-conversion.ttemsa.com\/"},{"@type":"ListItem","position":2,"name":"BOSCHERT","item":"https:\/\/industria-de-la-conversion.ttemsa.com\/index.php\/boschert\/"},{"@type":"ListItem","position":3,"name":"Mandril\/Chuck de Seguridad"}]},{"@type":"WebSite","@id":"https:\/\/industria-de-la-conversion.ttemsa.com\/#website","url":"https:\/\/industria-de-la-conversion.ttemsa.com\/","name":"industria-de-la-conversion.ttemsa","description":"Designed Dianalacazadora.com","potentialAction":[{"@type":"SearchAction","target":{"@type":"EntryPoint","urlTemplate":"https:\/\/industria-de-la-conversion.ttemsa.com\/?s={search_term_string}"},"query-input":"required name=search_term_string"}],"inLanguage":"es"}]}},"_links":{"self":[{"href":"http:\/\/industria-de-la-conversion.ttemsa.com\/index.php\/wp-json\/wp\/v2\/pages\/1819","targetHints":{"allow":["GET"]}}],"collection":[{"href":"http:\/\/industria-de-la-conversion.ttemsa.com\/index.php\/wp-json\/wp\/v2\/pages"}],"about":[{"href":"http:\/\/industria-de-la-conversion.ttemsa.com\/index.php\/wp-json\/wp\/v2\/types\/page"}],"author":[{"embeddable":true,"href":"http:\/\/industria-de-la-conversion.ttemsa.com\/index.php\/wp-json\/wp\/v2\/users\/1"}],"replies":[{"embeddable":true,"href":"http:\/\/industria-de-la-conversion.ttemsa.com\/index.php\/wp-json\/wp\/v2\/comments?post=1819"}],"version-history":[{"count":2,"href":"http:\/\/industria-de-la-conversion.ttemsa.com\/index.php\/wp-json\/wp\/v2\/pages\/1819\/revisions"}],"predecessor-version":[{"id":2506,"href":"http:\/\/industria-de-la-conversion.ttemsa.com\/index.php\/wp-json\/wp\/v2\/pages\/1819\/revisions\/2506"}],"up":[{"embeddable":true,"href":"http:\/\/industria-de-la-conversion.ttemsa.com\/index.php\/wp-json\/wp\/v2\/pages\/31"}],"wp:attachment":[{"href":"http:\/\/industria-de-la-conversion.ttemsa.com\/index.php\/wp-json\/wp\/v2\/media?parent=1819"}],"wp:term":[{"taxonomy":"category","embeddable":true,"href":"http:\/\/industria-de-la-conversion.ttemsa.com\/index.php\/wp-json\/wp\/v2\/categories?post=1819"},{"taxonomy":"post_tag","embeddable":true,"href":"http:\/\/industria-de-la-conversion.ttemsa.com\/index.php\/wp-json\/wp\/v2\/tags?post=1819"}],"curies":[{"name":"wp","href":"https:\/\/api.w.org\/{rel}","templated":true}]}}