{"id":1246,"date":"2024-01-24T20:31:27","date_gmt":"2024-01-24T20:31:27","guid":{"rendered":"https:\/\/industria-de-la-conversion.ttemsa.com\/index.php\/rodillos-curvos-banano-p-copy\/"},"modified":"2024-01-25T16:59:36","modified_gmt":"2024-01-25T16:59:36","slug":"rodillos-de-transferencia-de-temperatura-webexp","status":"publish","type":"page","link":"https:\/\/industria-de-la-conversion.ttemsa.com\/index.php\/webex\/rodillos-de-transferencia-de-temperatura-webexp\/","title":{"rendered":"Rodillos Transferencia de Temperatura"},"content":{"rendered":"\n<h1 class=\"wp-block-heading has-text-align-center\"><strong>(Incluyendo Chill Roll)<\/strong><\/h1>\n\n\n<div class=\"wp-block-image\">\n<figure class=\"aligncenter size-full\"><img loading=\"lazy\" decoding=\"async\" width=\"272\" height=\"60\" src=\"https:\/\/industria-de-la-conversion.ttemsa.com\/wp-content\/uploads\/2023\/12\/header_logo.png\" alt=\"\" class=\"wp-image-391\"\/><\/figure>\n<\/div>\n\n<div class=\"wp-block-image\">\n<figure class=\"aligncenter size-full is-resized\"><img loading=\"lazy\" decoding=\"async\" width=\"690\" height=\"323\" src=\"https:\/\/industria-de-la-conversion.ttemsa.com\/wp-content\/uploads\/2023\/12\/rodillos-transferencia-temperatura.jpg\" alt=\"\" class=\"wp-image-398\" style=\"width:948px;height:auto\" srcset=\"https:\/\/industria-de-la-conversion.ttemsa.com\/wp-content\/uploads\/2023\/12\/rodillos-transferencia-temperatura.jpg 690w, https:\/\/industria-de-la-conversion.ttemsa.com\/wp-content\/uploads\/2023\/12\/rodillos-transferencia-temperatura-300x140.jpg 300w\" sizes=\"auto, (max-width: 690px) 100vw, 690px\" \/><figcaption class=\"wp-element-caption\"><strong>Webex<em>&nbsp;ha recopilado una amplia gama de opciones de dise\u00f1o para fabricar Rodillos de Transferencia de Tem\u00adperatura m\u00e1s eficiente.<\/em><\/strong><\/figcaption><\/figure>\n<\/div>\n\n\n<h2 class=\"wp-block-heading\">Nuestros ingenieros eval\u00faan medidas del rodillo, geometr\u00eda interna y din\u00e1mica de fluidos para desarrollar el rodillo m\u00e1s eficiente para cada aplicaci\u00f3n.<\/h2>\n\n\n\n<p>Los Ingenieros de Webex conf\u00edan en su experiencia en la industria y an\u00e1lisis computarizado de software para saber como ser\u00e1 exactamente el rendimiento t\u00e9rmico de cada rodillo de transferencia de calor. Cada rodillo est\u00e1 dise\u00f1ado para un equilibrio \u00f3ptimo entre la transferencia de temperatura, ca\u00edda de presi\u00f3n m\u00ednima, ve\u00adlocidad del fluido precisa y temperatura controlada para transmitirse a trav\u00e9s de la superficie del rodillo, con una precisi\u00f3n de \u00b1 0.5 \u00baC [\u00b1 1\u00ba F]. Las flechas de los rodillos son fabricadas con tolerancias precisas, los ro\u00ad dillos son balanceados con exactitud, y los materiales de construcci\u00f3n se seleccionan espec\u00edficamente para manejar los requerimientos de carga.<\/p>\n\n\n<div class=\"wp-block-image\">\n<figure class=\"aligncenter size-large\"><img decoding=\"async\" src=\"https:\/\/ttemsa.com\/images\/pdf\/Rodillos-de-Transferencia-de-Temperatura2.jpg\" alt=\"\"\/><\/figure>\n<\/div>\n\n\n<hr class=\"wp-block-separator has-alpha-channel-opacity\"\/>\n\n\n<div class=\"wp-block-image\">\n<figure class=\"aligncenter size-full is-resized\"><a href=\"https:\/\/ttemsa.com\/industria\/images\/pdf\/bowedroll.pdf\" target=\"_blank\" rel=\"noreferrer noopener\"><img loading=\"lazy\" decoding=\"async\" width=\"567\" height=\"361\" src=\"https:\/\/industria-de-la-conversion.ttemsa.com\/wp-content\/uploads\/2023\/12\/Rodillos_de_Precision_pdf.jpg\" alt=\"\" class=\"wp-image-385\" style=\"width:323px;height:auto\" srcset=\"https:\/\/industria-de-la-conversion.ttemsa.com\/wp-content\/uploads\/2023\/12\/Rodillos_de_Precision_pdf.jpg 567w, https:\/\/industria-de-la-conversion.ttemsa.com\/wp-content\/uploads\/2023\/12\/Rodillos_de_Precision_pdf-300x191.jpg 300w\" sizes=\"auto, (max-width: 567px) 100vw, 567px\" \/><\/a><\/figure>\n<\/div>\n\n\n<p class=\"has-text-align-center\"><a href=\"https:\/\/ttemsa.com\/industria\/images\/pdf\/bowedroll.pdf\" target=\"_blank\" rel=\"noreferrer noopener\">Ver PDF<\/a><\/p>\n","protected":false},"excerpt":{"rendered":"<p>(Incluyendo Chill Roll) Nuestros ingenieros eval\u00faan medidas del rodillo, geometr\u00eda interna y din\u00e1mica de fluidos para desarrollar el rodillo m\u00e1s eficiente para cada aplicaci\u00f3n. Los Ingenieros de Webex conf\u00edan en su experiencia en la industria y an\u00e1lisis computarizado de software para saber como ser\u00e1 exactamente el rendimiento t\u00e9rmico de cada rodillo de transferencia de calor. [&hellip;]<\/p>\n","protected":false},"author":1,"featured_media":0,"parent":16,"menu_order":0,"comment_status":"closed","ping_status":"closed","template":"","meta":{"footnotes":""},"categories":[14],"tags":[],"class_list":["post-1246","page","type-page","status-publish","hentry","category-webexcategor"],"yoast_head":"<!-- This site is optimized with the Yoast SEO plugin v22.1 - https:\/\/yoast.com\/wordpress\/plugins\/seo\/ -->\n<title>Rodillos Transferencia de Temperatura - industria-de-la-conversion.ttemsa<\/title>\n<meta name=\"description\" content=\"Webex ha recopilado una amplia gama de opciones de dise\u00f1o para fabricar Rodillos de Transferencia de Tem\u00adperatura m\u00e1s eficiente.\" \/>\n<meta name=\"robots\" content=\"index, follow, max-snippet:-1, max-image-preview:large, max-video-preview:-1\" \/>\n<link rel=\"canonical\" href=\"http:\/\/industria-de-la-conversion.ttemsa.com\/index.php\/webex\/rodillos-de-transferencia-de-temperatura-webexp\/\" \/>\n<meta property=\"og:locale\" content=\"es_MX\" \/>\n<meta property=\"og:type\" content=\"article\" \/>\n<meta property=\"og:title\" content=\"Rodillos Transferencia de Temperatura (Incluyendo Chill Roll)\" \/>\n<meta property=\"og:description\" content=\"Webex ha recopilado una amplia gama de opciones de dise\u00f1o para fabricar Rodillos de Transferencia de Tem\u00adperatura m\u00e1s eficiente.\" \/>\n<meta property=\"og:url\" content=\"http:\/\/industria-de-la-conversion.ttemsa.com\/index.php\/webex\/rodillos-de-transferencia-de-temperatura-webexp\/\" \/>\n<meta property=\"og:site_name\" content=\"industria-de-la-conversion.ttemsa\" \/>\n<meta property=\"article:modified_time\" content=\"2024-01-25T16:59:36+00:00\" \/>\n<meta property=\"og:image\" content=\"http:\/\/industria-de-la-conversion.ttemsa.com\/wp-content\/uploads\/2024\/01\/rtt.png\" \/>\n\t<meta property=\"og:image:width\" content=\"447\" \/>\n\t<meta property=\"og:image:height\" content=\"438\" \/>\n\t<meta property=\"og:image:type\" content=\"image\/png\" \/>\n<meta name=\"twitter:card\" content=\"summary_large_image\" \/>\n<meta name=\"twitter:title\" content=\"Rodillos Transferencia de Temperatura (Incluyendo Chill Roll)\" \/>\n<meta name=\"twitter:description\" content=\"Webex ha recopilado una amplia gama de opciones de dise\u00f1o para fabricar Rodillos de Transferencia de Tem\u00adperatura m\u00e1s eficiente.\" \/>\n<meta name=\"twitter:image\" content=\"https:\/\/industria-de-la-conversion.ttemsa.com\/wp-content\/uploads\/2024\/01\/rtt.png\" \/>\n<meta name=\"twitter:label1\" content=\"Tiempo de lectura\" \/>\n\t<meta name=\"twitter:data1\" content=\"1 minuto\" \/>\n<script type=\"application\/ld+json\" class=\"yoast-schema-graph\">{\"@context\":\"https:\/\/schema.org\",\"@graph\":[{\"@type\":\"WebPage\",\"@id\":\"http:\/\/industria-de-la-conversion.ttemsa.com\/index.php\/webex\/rodillos-de-transferencia-de-temperatura-webexp\/\",\"url\":\"http:\/\/industria-de-la-conversion.ttemsa.com\/index.php\/webex\/rodillos-de-transferencia-de-temperatura-webexp\/\",\"name\":\"Rodillos Transferencia de Temperatura - industria-de-la-conversion.ttemsa\",\"isPartOf\":{\"@id\":\"http:\/\/industria-de-la-conversion.ttemsa.com\/#website\"},\"datePublished\":\"2024-01-24T20:31:27+00:00\",\"dateModified\":\"2024-01-25T16:59:36+00:00\",\"description\":\"Webex ha recopilado una amplia gama de opciones de dise\u00f1o para fabricar Rodillos de Transferencia de Tem\u00adperatura m\u00e1s eficiente.\",\"breadcrumb\":{\"@id\":\"http:\/\/industria-de-la-conversion.ttemsa.com\/index.php\/webex\/rodillos-de-transferencia-de-temperatura-webexp\/#breadcrumb\"},\"inLanguage\":\"es\",\"potentialAction\":[{\"@type\":\"ReadAction\",\"target\":[\"http:\/\/industria-de-la-conversion.ttemsa.com\/index.php\/webex\/rodillos-de-transferencia-de-temperatura-webexp\/\"]}]},{\"@type\":\"BreadcrumbList\",\"@id\":\"http:\/\/industria-de-la-conversion.ttemsa.com\/index.php\/webex\/rodillos-de-transferencia-de-temperatura-webexp\/#breadcrumb\",\"itemListElement\":[{\"@type\":\"ListItem\",\"position\":1,\"name\":\"Inicio\",\"item\":\"http:\/\/industria-de-la-conversion.ttemsa.com\/\"},{\"@type\":\"ListItem\",\"position\":2,\"name\":\"Webex\",\"item\":\"http:\/\/industria-de-la-conversion.ttemsa.com\/index.php\/webex\/\"},{\"@type\":\"ListItem\",\"position\":3,\"name\":\"Rodillos Transferencia de Temperatura\"}]},{\"@type\":\"WebSite\",\"@id\":\"http:\/\/industria-de-la-conversion.ttemsa.com\/#website\",\"url\":\"http:\/\/industria-de-la-conversion.ttemsa.com\/\",\"name\":\"industria-de-la-conversion.ttemsa\",\"description\":\"Designed Dianalacazadora.com\",\"potentialAction\":[{\"@type\":\"SearchAction\",\"target\":{\"@type\":\"EntryPoint\",\"urlTemplate\":\"http:\/\/industria-de-la-conversion.ttemsa.com\/?s={search_term_string}\"},\"query-input\":\"required name=search_term_string\"}],\"inLanguage\":\"es\"}]}<\/script>\n<!-- \/ Yoast SEO plugin. -->","yoast_head_json":{"title":"Rodillos Transferencia de Temperatura - industria-de-la-conversion.ttemsa","description":"Webex ha recopilado una amplia gama de opciones de dise\u00f1o para fabricar Rodillos de Transferencia de Tem\u00adperatura m\u00e1s eficiente.","robots":{"index":"index","follow":"follow","max-snippet":"max-snippet:-1","max-image-preview":"max-image-preview:large","max-video-preview":"max-video-preview:-1"},"canonical":"http:\/\/industria-de-la-conversion.ttemsa.com\/index.php\/webex\/rodillos-de-transferencia-de-temperatura-webexp\/","og_locale":"es_MX","og_type":"article","og_title":"Rodillos Transferencia de Temperatura (Incluyendo Chill Roll)","og_description":"Webex ha recopilado una amplia gama de opciones de dise\u00f1o para fabricar Rodillos de Transferencia de Tem\u00adperatura m\u00e1s eficiente.","og_url":"http:\/\/industria-de-la-conversion.ttemsa.com\/index.php\/webex\/rodillos-de-transferencia-de-temperatura-webexp\/","og_site_name":"industria-de-la-conversion.ttemsa","article_modified_time":"2024-01-25T16:59:36+00:00","og_image":[{"width":447,"height":438,"url":"http:\/\/industria-de-la-conversion.ttemsa.com\/wp-content\/uploads\/2024\/01\/rtt.png","type":"image\/png"}],"twitter_card":"summary_large_image","twitter_title":"Rodillos Transferencia de Temperatura (Incluyendo Chill Roll)","twitter_description":"Webex ha recopilado una amplia gama de opciones de dise\u00f1o para fabricar Rodillos de Transferencia de Tem\u00adperatura m\u00e1s eficiente.","twitter_image":"https:\/\/industria-de-la-conversion.ttemsa.com\/wp-content\/uploads\/2024\/01\/rtt.png","twitter_misc":{"Tiempo de lectura":"1 minuto"},"schema":{"@context":"https:\/\/schema.org","@graph":[{"@type":"WebPage","@id":"http:\/\/industria-de-la-conversion.ttemsa.com\/index.php\/webex\/rodillos-de-transferencia-de-temperatura-webexp\/","url":"http:\/\/industria-de-la-conversion.ttemsa.com\/index.php\/webex\/rodillos-de-transferencia-de-temperatura-webexp\/","name":"Rodillos Transferencia de Temperatura - industria-de-la-conversion.ttemsa","isPartOf":{"@id":"http:\/\/industria-de-la-conversion.ttemsa.com\/#website"},"datePublished":"2024-01-24T20:31:27+00:00","dateModified":"2024-01-25T16:59:36+00:00","description":"Webex ha recopilado una amplia gama de opciones de dise\u00f1o para fabricar Rodillos de Transferencia de Tem\u00adperatura m\u00e1s eficiente.","breadcrumb":{"@id":"http:\/\/industria-de-la-conversion.ttemsa.com\/index.php\/webex\/rodillos-de-transferencia-de-temperatura-webexp\/#breadcrumb"},"inLanguage":"es","potentialAction":[{"@type":"ReadAction","target":["http:\/\/industria-de-la-conversion.ttemsa.com\/index.php\/webex\/rodillos-de-transferencia-de-temperatura-webexp\/"]}]},{"@type":"BreadcrumbList","@id":"http:\/\/industria-de-la-conversion.ttemsa.com\/index.php\/webex\/rodillos-de-transferencia-de-temperatura-webexp\/#breadcrumb","itemListElement":[{"@type":"ListItem","position":1,"name":"Inicio","item":"http:\/\/industria-de-la-conversion.ttemsa.com\/"},{"@type":"ListItem","position":2,"name":"Webex","item":"http:\/\/industria-de-la-conversion.ttemsa.com\/index.php\/webex\/"},{"@type":"ListItem","position":3,"name":"Rodillos Transferencia de Temperatura"}]},{"@type":"WebSite","@id":"http:\/\/industria-de-la-conversion.ttemsa.com\/#website","url":"http:\/\/industria-de-la-conversion.ttemsa.com\/","name":"industria-de-la-conversion.ttemsa","description":"Designed Dianalacazadora.com","potentialAction":[{"@type":"SearchAction","target":{"@type":"EntryPoint","urlTemplate":"http:\/\/industria-de-la-conversion.ttemsa.com\/?s={search_term_string}"},"query-input":"required name=search_term_string"}],"inLanguage":"es"}]}},"_links":{"self":[{"href":"https:\/\/industria-de-la-conversion.ttemsa.com\/index.php\/wp-json\/wp\/v2\/pages\/1246","targetHints":{"allow":["GET"]}}],"collection":[{"href":"https:\/\/industria-de-la-conversion.ttemsa.com\/index.php\/wp-json\/wp\/v2\/pages"}],"about":[{"href":"https:\/\/industria-de-la-conversion.ttemsa.com\/index.php\/wp-json\/wp\/v2\/types\/page"}],"author":[{"embeddable":true,"href":"https:\/\/industria-de-la-conversion.ttemsa.com\/index.php\/wp-json\/wp\/v2\/users\/1"}],"replies":[{"embeddable":true,"href":"https:\/\/industria-de-la-conversion.ttemsa.com\/index.php\/wp-json\/wp\/v2\/comments?post=1246"}],"version-history":[{"count":3,"href":"https:\/\/industria-de-la-conversion.ttemsa.com\/index.php\/wp-json\/wp\/v2\/pages\/1246\/revisions"}],"predecessor-version":[{"id":1283,"href":"https:\/\/industria-de-la-conversion.ttemsa.com\/index.php\/wp-json\/wp\/v2\/pages\/1246\/revisions\/1283"}],"up":[{"embeddable":true,"href":"https:\/\/industria-de-la-conversion.ttemsa.com\/index.php\/wp-json\/wp\/v2\/pages\/16"}],"wp:attachment":[{"href":"https:\/\/industria-de-la-conversion.ttemsa.com\/index.php\/wp-json\/wp\/v2\/media?parent=1246"}],"wp:term":[{"taxonomy":"category","embeddable":true,"href":"https:\/\/industria-de-la-conversion.ttemsa.com\/index.php\/wp-json\/wp\/v2\/categories?post=1246"},{"taxonomy":"post_tag","embeddable":true,"href":"https:\/\/industria-de-la-conversion.ttemsa.com\/index.php\/wp-json\/wp\/v2\/tags?post=1246"}],"curies":[{"name":"wp","href":"https:\/\/api.w.org\/{rel}","templated":true}]}}