{"id":1262,"date":"2024-01-24T21:10:39","date_gmt":"2024-01-24T21:10:39","guid":{"rendered":"https:\/\/industria-de-la-conversion.ttemsa.com\/index.php\/catalogo-ilustrativo-copy\/"},"modified":"2024-04-30T23:01:07","modified_gmt":"2024-04-30T23:01:07","slug":"webex-catalogo-general-en-pagina","status":"publish","type":"page","link":"https:\/\/industria-de-la-conversion.ttemsa.com\/index.php\/webex\/webex-catalogo-general-en-pagina\/","title":{"rendered":"Cat\u00e1logo General de Rodillos de precision WEBEX"},"content":{"rendered":"<div class=\"wp-block-image\">\n<figure class=\"aligncenter size-full is-resized\"><a href=\"https:\/\/ttemsa.com\/industria\/pdf\/WEBEX\/2019-Catalogo-Rodillos-WEBEXLOW.pdf\" target=\"_blank\" rel=\"noreferrer noopener\"><img loading=\"lazy\" decoding=\"async\" width=\"629\" height=\"814\" src=\"https:\/\/industria-de-la-conversion.ttemsa.com\/wp-content\/uploads\/2024\/04\/maxcessb.png\" alt=\"\" class=\"wp-image-3028\" style=\"width:694px;height:auto\" srcset=\"https:\/\/industria-de-la-conversion.ttemsa.com\/wp-content\/uploads\/2024\/04\/maxcessb.png 629w, https:\/\/industria-de-la-conversion.ttemsa.com\/wp-content\/uploads\/2024\/04\/maxcessb-232x300.png 232w\" sizes=\"auto, (max-width: 629px) 100vw, 629px\" \/><\/a><\/figure>\n<\/div>\n\n\n<p><\/p>\n\n\n\n<p class=\"has-text-align-center\"><a href=\"https:\/\/ttemsa.com\/industria\/pdf\/WEBEX\/2019-Catalogo-Rodillos-WEBEXLOW.pdf\" target=\"_blank\" rel=\"noreferrer noopener\">Ver PDF<\/a><\/p>\n","protected":false},"excerpt":{"rendered":"<p>Ver PDF<\/p>\n","protected":false},"author":1,"featured_media":0,"parent":16,"menu_order":0,"comment_status":"closed","ping_status":"closed","template":"","meta":{"footnotes":""},"categories":[14],"tags":[],"class_list":["post-1262","page","type-page","status-publish","hentry","category-webexcategor"],"yoast_head":"<!-- This site is optimized with the Yoast SEO plugin v22.1 - https:\/\/yoast.com\/wordpress\/plugins\/seo\/ -->\n<title>Cat\u00e1logo General de Rodillos de precision WEBEX - industria-de-la-conversion.ttemsa<\/title>\n<meta name=\"description\" content=\"Contamos con una amplia variedad de Rodillos de transferencia de calor, Rodillos de vac\u00edo, Rodillos locos, Cubiertas para rodillos.\" \/>\n<meta name=\"robots\" content=\"index, follow, max-snippet:-1, max-image-preview:large, max-video-preview:-1\" \/>\n<link rel=\"canonical\" href=\"http:\/\/industria-de-la-conversion.ttemsa.com\/index.php\/webex\/webex-catalogo-general-en-pagina\/\" \/>\n<meta property=\"og:locale\" content=\"es_MX\" \/>\n<meta property=\"og:type\" content=\"article\" \/>\n<meta property=\"og:title\" content=\"Cat\u00e1logo Rodillos de Precisi\u00f3n\" \/>\n<meta property=\"og:description\" content=\"Contamos con una amplia variedad de Rodillos de transferencia de calor, Rodillos de vac\u00edo, Rodillos locos, Cubiertas para rodillo.\" \/>\n<meta property=\"og:url\" content=\"http:\/\/industria-de-la-conversion.ttemsa.com\/index.php\/webex\/webex-catalogo-general-en-pagina\/\" \/>\n<meta property=\"og:site_name\" content=\"industria-de-la-conversion.ttemsa\" \/>\n<meta property=\"article:modified_time\" content=\"2024-04-30T23:01:07+00:00\" \/>\n<meta property=\"og:image\" content=\"http:\/\/industria-de-la-conversion.ttemsa.com\/wp-content\/uploads\/2023\/12\/Rodillos_de_Precision.png\" \/>\n\t<meta property=\"og:image:width\" content=\"567\" \/>\n\t<meta property=\"og:image:height\" content=\"361\" \/>\n\t<meta property=\"og:image:type\" content=\"image\/png\" \/>\n<meta name=\"twitter:card\" content=\"summary_large_image\" \/>\n<meta name=\"twitter:title\" content=\"Cat\u00e1logo Rodillos de Precisi\u00f3n\" \/>\n<meta name=\"twitter:description\" content=\"Contamos con una amplia variedad de Rodillos de transferencia de calor, Rodillos de vac\u00edo, Rodillos locos, Cubiertas para rodillo.\" \/>\n<meta name=\"twitter:image\" content=\"https:\/\/industria-de-la-conversion.ttemsa.com\/wp-content\/uploads\/2023\/12\/Rodillos_de_Precision.png\" \/>\n<meta name=\"twitter:label1\" content=\"Tiempo de lectura\" \/>\n\t<meta name=\"twitter:data1\" content=\"1 minuto\" \/>\n<script type=\"application\/ld+json\" class=\"yoast-schema-graph\">{\"@context\":\"https:\/\/schema.org\",\"@graph\":[{\"@type\":\"WebPage\",\"@id\":\"http:\/\/industria-de-la-conversion.ttemsa.com\/index.php\/webex\/webex-catalogo-general-en-pagina\/\",\"url\":\"http:\/\/industria-de-la-conversion.ttemsa.com\/index.php\/webex\/webex-catalogo-general-en-pagina\/\",\"name\":\"Cat\u00e1logo General de Rodillos de precision WEBEX - industria-de-la-conversion.ttemsa\",\"isPartOf\":{\"@id\":\"http:\/\/industria-de-la-conversion.ttemsa.com\/#website\"},\"datePublished\":\"2024-01-24T21:10:39+00:00\",\"dateModified\":\"2024-04-30T23:01:07+00:00\",\"description\":\"Contamos con una amplia variedad de Rodillos de transferencia de calor, Rodillos de vac\u00edo, Rodillos locos, Cubiertas para rodillos.\",\"breadcrumb\":{\"@id\":\"http:\/\/industria-de-la-conversion.ttemsa.com\/index.php\/webex\/webex-catalogo-general-en-pagina\/#breadcrumb\"},\"inLanguage\":\"es\",\"potentialAction\":[{\"@type\":\"ReadAction\",\"target\":[\"http:\/\/industria-de-la-conversion.ttemsa.com\/index.php\/webex\/webex-catalogo-general-en-pagina\/\"]}]},{\"@type\":\"BreadcrumbList\",\"@id\":\"http:\/\/industria-de-la-conversion.ttemsa.com\/index.php\/webex\/webex-catalogo-general-en-pagina\/#breadcrumb\",\"itemListElement\":[{\"@type\":\"ListItem\",\"position\":1,\"name\":\"Inicio\",\"item\":\"http:\/\/industria-de-la-conversion.ttemsa.com\/\"},{\"@type\":\"ListItem\",\"position\":2,\"name\":\"Webex\",\"item\":\"http:\/\/industria-de-la-conversion.ttemsa.com\/index.php\/webex\/\"},{\"@type\":\"ListItem\",\"position\":3,\"name\":\"Cat\u00e1logo General de Rodillos de precision WEBEX\"}]},{\"@type\":\"WebSite\",\"@id\":\"http:\/\/industria-de-la-conversion.ttemsa.com\/#website\",\"url\":\"http:\/\/industria-de-la-conversion.ttemsa.com\/\",\"name\":\"industria-de-la-conversion.ttemsa\",\"description\":\"Designed Dianalacazadora.com\",\"potentialAction\":[{\"@type\":\"SearchAction\",\"target\":{\"@type\":\"EntryPoint\",\"urlTemplate\":\"http:\/\/industria-de-la-conversion.ttemsa.com\/?s={search_term_string}\"},\"query-input\":\"required name=search_term_string\"}],\"inLanguage\":\"es\"}]}<\/script>\n<!-- \/ Yoast SEO plugin. -->","yoast_head_json":{"title":"Cat\u00e1logo General de Rodillos de precision WEBEX - industria-de-la-conversion.ttemsa","description":"Contamos con una amplia variedad de Rodillos de transferencia de calor, Rodillos de vac\u00edo, Rodillos locos, Cubiertas para rodillos.","robots":{"index":"index","follow":"follow","max-snippet":"max-snippet:-1","max-image-preview":"max-image-preview:large","max-video-preview":"max-video-preview:-1"},"canonical":"http:\/\/industria-de-la-conversion.ttemsa.com\/index.php\/webex\/webex-catalogo-general-en-pagina\/","og_locale":"es_MX","og_type":"article","og_title":"Cat\u00e1logo Rodillos de Precisi\u00f3n","og_description":"Contamos con una amplia variedad de Rodillos de transferencia de calor, Rodillos de vac\u00edo, Rodillos locos, Cubiertas para rodillo.","og_url":"http:\/\/industria-de-la-conversion.ttemsa.com\/index.php\/webex\/webex-catalogo-general-en-pagina\/","og_site_name":"industria-de-la-conversion.ttemsa","article_modified_time":"2024-04-30T23:01:07+00:00","og_image":[{"width":567,"height":361,"url":"http:\/\/industria-de-la-conversion.ttemsa.com\/wp-content\/uploads\/2023\/12\/Rodillos_de_Precision.png","type":"image\/png"}],"twitter_card":"summary_large_image","twitter_title":"Cat\u00e1logo Rodillos de Precisi\u00f3n","twitter_description":"Contamos con una amplia variedad de Rodillos de transferencia de calor, Rodillos de vac\u00edo, Rodillos locos, Cubiertas para rodillo.","twitter_image":"https:\/\/industria-de-la-conversion.ttemsa.com\/wp-content\/uploads\/2023\/12\/Rodillos_de_Precision.png","twitter_misc":{"Tiempo de lectura":"1 minuto"},"schema":{"@context":"https:\/\/schema.org","@graph":[{"@type":"WebPage","@id":"http:\/\/industria-de-la-conversion.ttemsa.com\/index.php\/webex\/webex-catalogo-general-en-pagina\/","url":"http:\/\/industria-de-la-conversion.ttemsa.com\/index.php\/webex\/webex-catalogo-general-en-pagina\/","name":"Cat\u00e1logo General de Rodillos de precision WEBEX - industria-de-la-conversion.ttemsa","isPartOf":{"@id":"http:\/\/industria-de-la-conversion.ttemsa.com\/#website"},"datePublished":"2024-01-24T21:10:39+00:00","dateModified":"2024-04-30T23:01:07+00:00","description":"Contamos con una amplia variedad de Rodillos de transferencia de calor, Rodillos de vac\u00edo, Rodillos locos, Cubiertas para rodillos.","breadcrumb":{"@id":"http:\/\/industria-de-la-conversion.ttemsa.com\/index.php\/webex\/webex-catalogo-general-en-pagina\/#breadcrumb"},"inLanguage":"es","potentialAction":[{"@type":"ReadAction","target":["http:\/\/industria-de-la-conversion.ttemsa.com\/index.php\/webex\/webex-catalogo-general-en-pagina\/"]}]},{"@type":"BreadcrumbList","@id":"http:\/\/industria-de-la-conversion.ttemsa.com\/index.php\/webex\/webex-catalogo-general-en-pagina\/#breadcrumb","itemListElement":[{"@type":"ListItem","position":1,"name":"Inicio","item":"http:\/\/industria-de-la-conversion.ttemsa.com\/"},{"@type":"ListItem","position":2,"name":"Webex","item":"http:\/\/industria-de-la-conversion.ttemsa.com\/index.php\/webex\/"},{"@type":"ListItem","position":3,"name":"Cat\u00e1logo General de Rodillos de precision WEBEX"}]},{"@type":"WebSite","@id":"http:\/\/industria-de-la-conversion.ttemsa.com\/#website","url":"http:\/\/industria-de-la-conversion.ttemsa.com\/","name":"industria-de-la-conversion.ttemsa","description":"Designed Dianalacazadora.com","potentialAction":[{"@type":"SearchAction","target":{"@type":"EntryPoint","urlTemplate":"http:\/\/industria-de-la-conversion.ttemsa.com\/?s={search_term_string}"},"query-input":"required name=search_term_string"}],"inLanguage":"es"}]}},"_links":{"self":[{"href":"https:\/\/industria-de-la-conversion.ttemsa.com\/index.php\/wp-json\/wp\/v2\/pages\/1262","targetHints":{"allow":["GET"]}}],"collection":[{"href":"https:\/\/industria-de-la-conversion.ttemsa.com\/index.php\/wp-json\/wp\/v2\/pages"}],"about":[{"href":"https:\/\/industria-de-la-conversion.ttemsa.com\/index.php\/wp-json\/wp\/v2\/types\/page"}],"author":[{"embeddable":true,"href":"https:\/\/industria-de-la-conversion.ttemsa.com\/index.php\/wp-json\/wp\/v2\/users\/1"}],"replies":[{"embeddable":true,"href":"https:\/\/industria-de-la-conversion.ttemsa.com\/index.php\/wp-json\/wp\/v2\/comments?post=1262"}],"version-history":[{"count":7,"href":"https:\/\/industria-de-la-conversion.ttemsa.com\/index.php\/wp-json\/wp\/v2\/pages\/1262\/revisions"}],"predecessor-version":[{"id":3030,"href":"https:\/\/industria-de-la-conversion.ttemsa.com\/index.php\/wp-json\/wp\/v2\/pages\/1262\/revisions\/3030"}],"up":[{"embeddable":true,"href":"https:\/\/industria-de-la-conversion.ttemsa.com\/index.php\/wp-json\/wp\/v2\/pages\/16"}],"wp:attachment":[{"href":"https:\/\/industria-de-la-conversion.ttemsa.com\/index.php\/wp-json\/wp\/v2\/media?parent=1262"}],"wp:term":[{"taxonomy":"category","embeddable":true,"href":"https:\/\/industria-de-la-conversion.ttemsa.com\/index.php\/wp-json\/wp\/v2\/categories?post=1262"},{"taxonomy":"post_tag","embeddable":true,"href":"https:\/\/industria-de-la-conversion.ttemsa.com\/index.php\/wp-json\/wp\/v2\/tags?post=1262"}],"curies":[{"name":"wp","href":"https:\/\/api.w.org\/{rel}","templated":true}]}}