{"id":1466,"date":"2024-03-01T19:09:51","date_gmt":"2024-03-01T19:09:51","guid":{"rendered":"https:\/\/industria-de-la-conversion.ttemsa.com\/index.php\/magpowr-2-copy\/"},"modified":"2024-03-02T17:06:28","modified_gmt":"2024-03-02T17:06:28","slug":"146-equipos-de-lazo-abiertop","status":"publish","type":"page","link":"https:\/\/industria-de-la-conversion.ttemsa.com\/index.php\/magpowr-2\/146-equipos-de-lazo-abiertop\/","title":{"rendered":"EQUIPOS DE LAZO ABIERTO"},"content":{"rendered":"\n<p><strong>Aplicaciones con rodillo seguidor (de di\u00e1metro).<\/strong>&nbsp;<\/p>\n\n\n\n<figure class=\"wp-block-image size-large\"><img loading=\"lazy\" decoding=\"async\" width=\"1024\" height=\"532\" src=\"https:\/\/industria-de-la-conversion.ttemsa.com\/wp-content\/uploads\/2023\/12\/dfc1-2-1024x532.jpg\" alt=\"\" class=\"wp-image-927\" srcset=\"https:\/\/industria-de-la-conversion.ttemsa.com\/wp-content\/uploads\/2023\/12\/dfc1-2-1024x532.jpg 1024w, https:\/\/industria-de-la-conversion.ttemsa.com\/wp-content\/uploads\/2023\/12\/dfc1-2-300x156.jpg 300w, https:\/\/industria-de-la-conversion.ttemsa.com\/wp-content\/uploads\/2023\/12\/dfc1-2-768x399.jpg 768w, https:\/\/industria-de-la-conversion.ttemsa.com\/wp-content\/uploads\/2023\/12\/dfc1-2.jpg 1400w\" sizes=\"auto, (max-width: 1024px) 100vw, 1024px\" \/><\/figure>\n\n\n\n<p><strong>Modelos DFC-90 Y DFC-A<\/strong><\/p>\n\n\n\n<p>Para aplicaciones econ\u00f3micas (de desenredado o enredado), recomendado donde se utiliza un solo tipo de material y ancho, el sistema mantiene la tensi\u00f3n constante indicando al control el di\u00e1metro del rodillo por medio de un rodillo seguidor.<\/p>\n\n\n\n<p>El inconveniente es que muchas veces el operador no coloca el brazo sobre el rodillo seguidor y no lo recomendamos para cuando se procesan diferentes anchos, espesores o tipos diferentes de material. Estos equipos tambi\u00e9n pueden funcionar en la modalidad de dancer.<\/p>\n\n\n\n<figure class=\"wp-block-image\"><img decoding=\"async\" src=\"https:\/\/ttemsa.com\/images\/banners\/dfc2.jpg\" alt=\"\"\/><\/figure>\n","protected":false},"excerpt":{"rendered":"<p>Aplicaciones con rodillo seguidor (de di\u00e1metro).&nbsp; Modelos DFC-90 Y DFC-A Para aplicaciones econ\u00f3micas (de desenredado o enredado), recomendado donde se utiliza un solo tipo de material y ancho, el sistema mantiene la tensi\u00f3n constante indicando al control el di\u00e1metro del rodillo por medio de un rodillo seguidor. El inconveniente es que muchas veces el operador [&hellip;]<\/p>\n","protected":false},"author":1,"featured_media":0,"parent":1464,"menu_order":0,"comment_status":"closed","ping_status":"closed","template":"","meta":{"footnotes":""},"categories":[17],"tags":[],"class_list":["post-1466","page","type-page","status-publish","hentry","category-magpowr"],"yoast_head":"<!-- This site is optimized with the Yoast SEO plugin v22.1 - https:\/\/yoast.com\/wordpress\/plugins\/seo\/ -->\n<title>EQUIPOS DE LAZO ABIERTO - industria-de-la-conversion.ttemsa<\/title>\n<meta name=\"description\" content=\"Equipos de Lazo Abierto MAGPOWRAplicaciones con rodillo seguidor (de di\u00e1metro). Modelos DFC-90 Y DFC-A Para aplicaciones econ\u00f3micas (de desenredado o enredado), recomendado\" \/>\n<meta name=\"robots\" content=\"index, follow, max-snippet:-1, max-image-preview:large, max-video-preview:-1\" \/>\n<link rel=\"canonical\" href=\"http:\/\/industria-de-la-conversion.ttemsa.com\/index.php\/magpowr-2\/146-equipos-de-lazo-abiertop\/\" \/>\n<meta property=\"og:locale\" content=\"es_MX\" \/>\n<meta property=\"og:type\" content=\"article\" \/>\n<meta property=\"og:title\" content=\"Aplicaciones con rodillo seguidor (de di\u00e1metro). Modelos DFC-90 Y DFC-A Para aplicaciones econ\u00f3micas (de desenredado o enredado), recomendado\" \/>\n<meta property=\"og:description\" content=\"en ttemsa ofrecemos Soluciones solicite + info Tel\u00e9fonos: + 52 (55) 5352-0191 5352-1301 5352-6070 5352-0593\" \/>\n<meta property=\"og:url\" content=\"http:\/\/industria-de-la-conversion.ttemsa.com\/index.php\/magpowr-2\/146-equipos-de-lazo-abiertop\/\" \/>\n<meta property=\"og:site_name\" content=\"industria-de-la-conversion.ttemsa\" \/>\n<meta property=\"article:modified_time\" content=\"2024-03-02T17:06:28+00:00\" \/>\n<meta property=\"og:image\" content=\"http:\/\/industria-de-la-conversion.ttemsa.com\/wp-content\/uploads\/2023\/12\/dfc1-2.jpg\" \/>\n\t<meta property=\"og:image:width\" content=\"1400\" \/>\n\t<meta property=\"og:image:height\" content=\"728\" \/>\n\t<meta property=\"og:image:type\" content=\"image\/jpeg\" \/>\n<meta name=\"twitter:card\" content=\"summary_large_image\" \/>\n<meta name=\"twitter:label1\" content=\"Tiempo de lectura\" \/>\n\t<meta name=\"twitter:data1\" content=\"1 minuto\" \/>\n<script type=\"application\/ld+json\" class=\"yoast-schema-graph\">{\"@context\":\"https:\/\/schema.org\",\"@graph\":[{\"@type\":\"WebPage\",\"@id\":\"http:\/\/industria-de-la-conversion.ttemsa.com\/index.php\/magpowr-2\/146-equipos-de-lazo-abiertop\/\",\"url\":\"http:\/\/industria-de-la-conversion.ttemsa.com\/index.php\/magpowr-2\/146-equipos-de-lazo-abiertop\/\",\"name\":\"EQUIPOS DE LAZO ABIERTO - industria-de-la-conversion.ttemsa\",\"isPartOf\":{\"@id\":\"http:\/\/industria-de-la-conversion.ttemsa.com\/#website\"},\"datePublished\":\"2024-03-01T19:09:51+00:00\",\"dateModified\":\"2024-03-02T17:06:28+00:00\",\"description\":\"Equipos de Lazo Abierto MAGPOWRAplicaciones con rodillo seguidor (de di\u00e1metro). Modelos DFC-90 Y DFC-A Para aplicaciones econ\u00f3micas (de desenredado o enredado), recomendado\",\"breadcrumb\":{\"@id\":\"http:\/\/industria-de-la-conversion.ttemsa.com\/index.php\/magpowr-2\/146-equipos-de-lazo-abiertop\/#breadcrumb\"},\"inLanguage\":\"es\",\"potentialAction\":[{\"@type\":\"ReadAction\",\"target\":[\"http:\/\/industria-de-la-conversion.ttemsa.com\/index.php\/magpowr-2\/146-equipos-de-lazo-abiertop\/\"]}]},{\"@type\":\"BreadcrumbList\",\"@id\":\"http:\/\/industria-de-la-conversion.ttemsa.com\/index.php\/magpowr-2\/146-equipos-de-lazo-abiertop\/#breadcrumb\",\"itemListElement\":[{\"@type\":\"ListItem\",\"position\":1,\"name\":\"Inicio\",\"item\":\"http:\/\/industria-de-la-conversion.ttemsa.com\/\"},{\"@type\":\"ListItem\",\"position\":2,\"name\":\"MAGPOWR\",\"item\":\"http:\/\/industria-de-la-conversion.ttemsa.com\/index.php\/magpowr-2\/\"},{\"@type\":\"ListItem\",\"position\":3,\"name\":\"EQUIPOS DE LAZO ABIERTO\"}]},{\"@type\":\"WebSite\",\"@id\":\"http:\/\/industria-de-la-conversion.ttemsa.com\/#website\",\"url\":\"http:\/\/industria-de-la-conversion.ttemsa.com\/\",\"name\":\"industria-de-la-conversion.ttemsa\",\"description\":\"Designed Dianalacazadora.com\",\"potentialAction\":[{\"@type\":\"SearchAction\",\"target\":{\"@type\":\"EntryPoint\",\"urlTemplate\":\"http:\/\/industria-de-la-conversion.ttemsa.com\/?s={search_term_string}\"},\"query-input\":\"required name=search_term_string\"}],\"inLanguage\":\"es\"}]}<\/script>\n<!-- \/ Yoast SEO plugin. -->","yoast_head_json":{"title":"EQUIPOS DE LAZO ABIERTO - industria-de-la-conversion.ttemsa","description":"Equipos de Lazo Abierto MAGPOWRAplicaciones con rodillo seguidor (de di\u00e1metro). Modelos DFC-90 Y DFC-A Para aplicaciones econ\u00f3micas (de desenredado o enredado), recomendado","robots":{"index":"index","follow":"follow","max-snippet":"max-snippet:-1","max-image-preview":"max-image-preview:large","max-video-preview":"max-video-preview:-1"},"canonical":"http:\/\/industria-de-la-conversion.ttemsa.com\/index.php\/magpowr-2\/146-equipos-de-lazo-abiertop\/","og_locale":"es_MX","og_type":"article","og_title":"Aplicaciones con rodillo seguidor (de di\u00e1metro). Modelos DFC-90 Y DFC-A Para aplicaciones econ\u00f3micas (de desenredado o enredado), recomendado","og_description":"en ttemsa ofrecemos Soluciones solicite + info Tel\u00e9fonos: + 52 (55) 5352-0191 5352-1301 5352-6070 5352-0593","og_url":"http:\/\/industria-de-la-conversion.ttemsa.com\/index.php\/magpowr-2\/146-equipos-de-lazo-abiertop\/","og_site_name":"industria-de-la-conversion.ttemsa","article_modified_time":"2024-03-02T17:06:28+00:00","og_image":[{"width":1400,"height":728,"url":"http:\/\/industria-de-la-conversion.ttemsa.com\/wp-content\/uploads\/2023\/12\/dfc1-2.jpg","type":"image\/jpeg"}],"twitter_card":"summary_large_image","twitter_misc":{"Tiempo de lectura":"1 minuto"},"schema":{"@context":"https:\/\/schema.org","@graph":[{"@type":"WebPage","@id":"http:\/\/industria-de-la-conversion.ttemsa.com\/index.php\/magpowr-2\/146-equipos-de-lazo-abiertop\/","url":"http:\/\/industria-de-la-conversion.ttemsa.com\/index.php\/magpowr-2\/146-equipos-de-lazo-abiertop\/","name":"EQUIPOS DE LAZO ABIERTO - industria-de-la-conversion.ttemsa","isPartOf":{"@id":"http:\/\/industria-de-la-conversion.ttemsa.com\/#website"},"datePublished":"2024-03-01T19:09:51+00:00","dateModified":"2024-03-02T17:06:28+00:00","description":"Equipos de Lazo Abierto MAGPOWRAplicaciones con rodillo seguidor (de di\u00e1metro). Modelos DFC-90 Y DFC-A Para aplicaciones econ\u00f3micas (de desenredado o enredado), recomendado","breadcrumb":{"@id":"http:\/\/industria-de-la-conversion.ttemsa.com\/index.php\/magpowr-2\/146-equipos-de-lazo-abiertop\/#breadcrumb"},"inLanguage":"es","potentialAction":[{"@type":"ReadAction","target":["http:\/\/industria-de-la-conversion.ttemsa.com\/index.php\/magpowr-2\/146-equipos-de-lazo-abiertop\/"]}]},{"@type":"BreadcrumbList","@id":"http:\/\/industria-de-la-conversion.ttemsa.com\/index.php\/magpowr-2\/146-equipos-de-lazo-abiertop\/#breadcrumb","itemListElement":[{"@type":"ListItem","position":1,"name":"Inicio","item":"http:\/\/industria-de-la-conversion.ttemsa.com\/"},{"@type":"ListItem","position":2,"name":"MAGPOWR","item":"http:\/\/industria-de-la-conversion.ttemsa.com\/index.php\/magpowr-2\/"},{"@type":"ListItem","position":3,"name":"EQUIPOS DE LAZO ABIERTO"}]},{"@type":"WebSite","@id":"http:\/\/industria-de-la-conversion.ttemsa.com\/#website","url":"http:\/\/industria-de-la-conversion.ttemsa.com\/","name":"industria-de-la-conversion.ttemsa","description":"Designed Dianalacazadora.com","potentialAction":[{"@type":"SearchAction","target":{"@type":"EntryPoint","urlTemplate":"http:\/\/industria-de-la-conversion.ttemsa.com\/?s={search_term_string}"},"query-input":"required name=search_term_string"}],"inLanguage":"es"}]}},"_links":{"self":[{"href":"https:\/\/industria-de-la-conversion.ttemsa.com\/index.php\/wp-json\/wp\/v2\/pages\/1466","targetHints":{"allow":["GET"]}}],"collection":[{"href":"https:\/\/industria-de-la-conversion.ttemsa.com\/index.php\/wp-json\/wp\/v2\/pages"}],"about":[{"href":"https:\/\/industria-de-la-conversion.ttemsa.com\/index.php\/wp-json\/wp\/v2\/types\/page"}],"author":[{"embeddable":true,"href":"https:\/\/industria-de-la-conversion.ttemsa.com\/index.php\/wp-json\/wp\/v2\/users\/1"}],"replies":[{"embeddable":true,"href":"https:\/\/industria-de-la-conversion.ttemsa.com\/index.php\/wp-json\/wp\/v2\/comments?post=1466"}],"version-history":[{"count":2,"href":"https:\/\/industria-de-la-conversion.ttemsa.com\/index.php\/wp-json\/wp\/v2\/pages\/1466\/revisions"}],"predecessor-version":[{"id":1949,"href":"https:\/\/industria-de-la-conversion.ttemsa.com\/index.php\/wp-json\/wp\/v2\/pages\/1466\/revisions\/1949"}],"up":[{"embeddable":true,"href":"https:\/\/industria-de-la-conversion.ttemsa.com\/index.php\/wp-json\/wp\/v2\/pages\/1464"}],"wp:attachment":[{"href":"https:\/\/industria-de-la-conversion.ttemsa.com\/index.php\/wp-json\/wp\/v2\/media?parent=1466"}],"wp:term":[{"taxonomy":"category","embeddable":true,"href":"https:\/\/industria-de-la-conversion.ttemsa.com\/index.php\/wp-json\/wp\/v2\/categories?post=1466"},{"taxonomy":"post_tag","embeddable":true,"href":"https:\/\/industria-de-la-conversion.ttemsa.com\/index.php\/wp-json\/wp\/v2\/tags?post=1466"}],"curies":[{"name":"wp","href":"https:\/\/api.w.org\/{rel}","templated":true}]}}