{"id":1472,"date":"2024-03-01T19:14:42","date_gmt":"2024-03-01T19:14:42","guid":{"rendered":"https:\/\/industria-de-la-conversion.ttemsa.com\/index.php\/magpowr-2-copy-copy-2-copy-copy\/"},"modified":"2024-04-30T17:03:47","modified_gmt":"2024-04-30T17:03:47","slug":"magpowrp","status":"publish","type":"page","link":"https:\/\/industria-de-la-conversion.ttemsa.com\/index.php\/magpowr-2\/magpowrp\/","title":{"rendered":"FRENOS NEUM\u00c1TICOS MAGPOWR"},"content":{"rendered":"<div class=\"wp-block-image\">\n<figure class=\"aligncenter size-full is-resized\"><img loading=\"lazy\" decoding=\"async\" width=\"304\" height=\"209\" src=\"https:\/\/industria-de-la-conversion.ttemsa.com\/wp-content\/uploads\/2024\/03\/f1a-1.png\" alt=\"\" class=\"wp-image-1945\" style=\"width:564px;height:auto\" srcset=\"https:\/\/industria-de-la-conversion.ttemsa.com\/wp-content\/uploads\/2024\/03\/f1a-1.png 304w, https:\/\/industria-de-la-conversion.ttemsa.com\/wp-content\/uploads\/2024\/03\/f1a-1-300x206.png 300w\" sizes=\"auto, (max-width: 304px) 100vw, 304px\" \/><figcaption class=\"wp-element-caption\"><strong><strong>MAGPOWR Frenos y Embragues de part\u00edculas Neum\u00e1ticos.<\/strong><\/strong><\/figcaption><\/figure>\n<\/div>\n\n<div class=\"wp-block-image\">\n<figure class=\"aligncenter size-full is-resized\"><img loading=\"lazy\" decoding=\"async\" width=\"781\" height=\"220\" src=\"https:\/\/industria-de-la-conversion.ttemsa.com\/wp-content\/uploads\/2023\/12\/magpowr.jpg\" alt=\"\" class=\"wp-image-806\" style=\"width:221px;height:auto\" srcset=\"https:\/\/industria-de-la-conversion.ttemsa.com\/wp-content\/uploads\/2023\/12\/magpowr.jpg 781w, https:\/\/industria-de-la-conversion.ttemsa.com\/wp-content\/uploads\/2023\/12\/magpowr-300x85.jpg 300w, https:\/\/industria-de-la-conversion.ttemsa.com\/wp-content\/uploads\/2023\/12\/magpowr-768x216.jpg 768w\" sizes=\"auto, (max-width: 781px) 100vw, 781px\" \/><\/figure>\n<\/div>\n\n\n<figure class=\"wp-block-embed is-type-video is-provider-youtube wp-block-embed-youtube wp-embed-aspect-4-3 wp-has-aspect-ratio\"><div class=\"wp-block-embed__wrapper\">\n<iframe loading=\"lazy\" title=\"MAGPOWR HEB250 Brake Installation\" width=\"500\" height=\"375\" src=\"https:\/\/www.youtube.com\/embed\/Li7UFV2faDE?feature=oembed\" frameborder=\"0\" allow=\"accelerometer; autoplay; clipboard-write; encrypted-media; gyroscope; picture-in-picture; web-share\" referrerpolicy=\"strict-origin-when-cross-origin\" allowfullscreen><\/iframe>\n<\/div><\/figure>\n\n\n\n<p>&nbsp;<strong>Frenos de Part\u00edculas Magn\u00e9ticas Tipo B.<\/strong><\/p>\n\n\n\n<ul class=\"wp-block-list\">\n<li>Tama\u00f1o compacto peque\u00f1o.<\/li>\n\n\n\n<li>Variedad de barrenos con&nbsp;cu\u00f1ero.<\/li>\n\n\n\n<li>Barrenos&nbsp;en pulgadas y en sistema m\u00e9trico.<\/li>\n\n\n\n<li>Adaptador de montaje opcional.<\/li>\n\n\n\n<li>Salida de Alto par de torsi\u00f3n.<\/li>\n\n\n\n<li>Gran disipaci\u00f3n del calor.<\/li>\n\n\n\n<li>Mayor vida \u00fatil de las&nbsp;Balatas.<\/li>\n\n\n\n<li>Enfriamiento&nbsp;bidireccional.<\/li>\n\n\n\n<li>Sensor de proximidad integrado opcional.<\/li>\n<\/ul>\n\n\n<div class=\"wp-block-image\">\n<figure class=\"alignleft size-full is-resized\"><img loading=\"lazy\" decoding=\"async\" width=\"70\" height=\"70\" src=\"https:\/\/industria-de-la-conversion.ttemsa.com\/wp-content\/uploads\/2023\/12\/pdf.png\" alt=\"\" class=\"wp-image-494\" style=\"width:78px;height:auto\"\/><\/figure>\n<\/div>\n\n\n<p>Ver PDF<\/p>\n\n\n\n<p><a href=\"http:\/\/www.maxcessintl.com\/sites\/default\/files\/documents\/files\/MAGPOWR_HEBRevA.pdf\" target=\"_blank\" rel=\"noreferrer noopener\">HEB Hoja del producto: MAGPOWR<\/a><\/p>\n\n\n<div class=\"wp-block-image\">\n<figure class=\"alignleft size-full is-resized\"><img loading=\"lazy\" decoding=\"async\" width=\"70\" height=\"70\" src=\"https:\/\/industria-de-la-conversion.ttemsa.com\/wp-content\/uploads\/2023\/12\/pdf.png\" alt=\"\" class=\"wp-image-494\" style=\"width:78px;height:auto\"\/><\/figure>\n<\/div>\n\n\n<p>Ver PDF<\/p>\n\n\n\n<p><a href=\"http:\/\/www.maxcessintl.com\/sites\/default\/files\/documents\/files\/HEB_3D.zip\" target=\"_blank\" rel=\"noreferrer noopener\">HEB250 3D Drawings: MAGPOWR<\/a><\/p>\n\n\n<div class=\"wp-block-image\">\n<figure class=\"alignleft size-full is-resized\"><img loading=\"lazy\" decoding=\"async\" width=\"70\" height=\"70\" src=\"https:\/\/industria-de-la-conversion.ttemsa.com\/wp-content\/uploads\/2023\/12\/pdf.png\" alt=\"\" class=\"wp-image-494\" style=\"width:78px;height:auto\"\/><\/figure>\n<\/div>\n\n\n<p>Ver PDF<\/p>\n\n\n\n<p><a href=\"http:\/\/www.maxcessintl.com\/sites\/default\/files\/documents\/files\/850A346_HEB_User-Installation_Manual.pdf\" target=\"_blank\" rel=\"noreferrer noopener\">HEB250 Brake User Manual: MAGPOWR<\/a><\/p>\n\n\n<div class=\"wp-block-image\">\n<figure class=\"alignleft size-full is-resized\"><img loading=\"lazy\" decoding=\"async\" width=\"70\" height=\"70\" src=\"https:\/\/industria-de-la-conversion.ttemsa.com\/wp-content\/uploads\/2023\/12\/pdf.png\" alt=\"\" class=\"wp-image-494\" style=\"width:78px;height:auto\"\/><\/figure>\n<\/div>\n\n\n<p>Ver PDF<\/p>\n\n\n\n<p><a href=\"http:\/\/www.maxcessintl.com\/sites\/default\/files\/documents\/files\/additionals\/HEB_3D.zip\">HEB250 3D Drawings: MAGPOWR<\/a><\/p>\n\n\n\n<hr class=\"wp-block-separator has-alpha-channel-opacity\"\/>\n\n\n\n<div class=\"wp-block-columns is-layout-flex wp-container-core-columns-is-layout-9d6595d7 wp-block-columns-is-layout-flex\">\n<div class=\"wp-block-column is-layout-flow wp-block-column-is-layout-flow\" style=\"flex-basis:100%\">\n<div class=\"wp-block-media-text is-stacked-on-mobile\" style=\"grid-template-columns:51% auto\"><figure class=\"wp-block-media-text__media\"><img loading=\"lazy\" decoding=\"async\" width=\"591\" height=\"358\" src=\"https:\/\/industria-de-la-conversion.ttemsa.com\/wp-content\/uploads\/2023\/12\/HEBCover.jpg\" alt=\"\" class=\"wp-image-917 size-full\" srcset=\"https:\/\/industria-de-la-conversion.ttemsa.com\/wp-content\/uploads\/2023\/12\/HEBCover.jpg 591w, https:\/\/industria-de-la-conversion.ttemsa.com\/wp-content\/uploads\/2023\/12\/HEBCover-300x182.jpg 300w\" sizes=\"auto, (max-width: 591px) 100vw, 591px\" \/><\/figure><div class=\"wp-block-media-text__content\">\n<p><strong>Ventilador de enfriamiento&nbsp;<\/strong><\/p>\n\n\n\n<p><strong>SENSOR DE PROXIMIDAD INTEGRADO<\/strong><\/p>\n\n\n\n<p>Sensor de proximiodad integrado para medir rpm en ensamble va montado en el espacio de un caliper.<\/p>\n\n\n\n<p><strong>Juegos de remplazo de partes<\/strong><\/p>\n\n\n\n<p>Cada juego incluye dos balatas para utilizarse en cada caliper.<\/p>\n\n\n\n<figure class=\"wp-block-table\"><table><tbody><tr><td><strong># Modelo<\/strong><\/td><td><strong>Descripci\u00f3n<\/strong><\/td><\/tr><tr><td><strong>Hebkl<\/strong><\/td><td>Juego de balatas de baja friccion 0.12<\/td><\/tr><tr><td><strong>Hebkm<\/strong><\/td><td>Juego de balatas de friccion media 0.41<\/td><\/tr><tr><td><strong>hebkh<\/strong><\/td><td>Juego de balatas de alta friccion 0.51<\/td><\/tr><\/tbody><\/table><figcaption class=\"wp-element-caption\"><br>*Freno mostrado con ventilaci\u00f3n de enfriamiento opcional<br><br><\/figcaption><\/figure>\n<\/div><\/div>\n<\/div>\n<\/div>\n\n\n\n<hr class=\"wp-block-separator has-alpha-channel-opacity\"\/>\n\n\n\n<div class=\"wp-block-media-text has-media-on-the-right is-stacked-on-mobile\"><div class=\"wp-block-media-text__content\">\n<p><strong>Plato adaptador:<\/strong><\/p>\n\n\n\n<p>Para montar el sistema Tidland Boschert.<\/p>\n\n\n\n<p>Un plato adaptador puede usarse con el Chuck de seguridad que incluye juego de rodamientos, pero puede necesitar diferentes barrenos, el plato es de acero y puede soldarse.<\/p>\n\n\n\n<p>Para solicitar el plato use el n\u00famero de parte:&nbsp;<strong>HEB250BKPL<\/strong><\/p>\n<\/div><figure class=\"wp-block-media-text__media\"><img loading=\"lazy\" decoding=\"async\" width=\"323\" height=\"500\" src=\"https:\/\/industria-de-la-conversion.ttemsa.com\/wp-content\/uploads\/2023\/12\/Captura-de-pantalla-2023-12-25-a-las-12.52.57-p.m.png\" alt=\"\" class=\"wp-image-919 size-full\" srcset=\"https:\/\/industria-de-la-conversion.ttemsa.com\/wp-content\/uploads\/2023\/12\/Captura-de-pantalla-2023-12-25-a-las-12.52.57-p.m.png 323w, https:\/\/industria-de-la-conversion.ttemsa.com\/wp-content\/uploads\/2023\/12\/Captura-de-pantalla-2023-12-25-a-las-12.52.57-p.m-194x300.png 194w\" sizes=\"auto, (max-width: 323px) 100vw, 323px\" \/><\/figure><\/div>\n\n\n\n<hr class=\"wp-block-separator has-alpha-channel-opacity\"\/>\n\n\n\n<p><strong>Aplicaci\u00f3n T\u00edpica<\/strong><\/p>\n\n\n\n<p>Desmbobinado de lazo cerrado con celdas de carga:<\/p>\n\n\n\n<figure class=\"wp-block-image size-large\"><img loading=\"lazy\" decoding=\"async\" width=\"1024\" height=\"679\" src=\"https:\/\/industria-de-la-conversion.ttemsa.com\/wp-content\/uploads\/2023\/12\/12-1024x679.jpg\" alt=\"\" class=\"wp-image-920\" srcset=\"https:\/\/industria-de-la-conversion.ttemsa.com\/wp-content\/uploads\/2023\/12\/12-1024x679.jpg 1024w, https:\/\/industria-de-la-conversion.ttemsa.com\/wp-content\/uploads\/2023\/12\/12-300x199.jpg 300w, https:\/\/industria-de-la-conversion.ttemsa.com\/wp-content\/uploads\/2023\/12\/12-768x509.jpg 768w, https:\/\/industria-de-la-conversion.ttemsa.com\/wp-content\/uploads\/2023\/12\/12.jpg 1086w\" sizes=\"auto, (max-width: 1024px) 100vw, 1024px\" \/><\/figure>\n\n\n\n<hr class=\"wp-block-separator has-alpha-channel-opacity\"\/>\n\n\n\n<figure class=\"wp-block-image size-large\"><img loading=\"lazy\" decoding=\"async\" width=\"1024\" height=\"625\" src=\"https:\/\/industria-de-la-conversion.ttemsa.com\/wp-content\/uploads\/2023\/12\/1freno-1024x625.jpg\" alt=\"\" class=\"wp-image-921\" srcset=\"https:\/\/industria-de-la-conversion.ttemsa.com\/wp-content\/uploads\/2023\/12\/1freno-1024x625.jpg 1024w, https:\/\/industria-de-la-conversion.ttemsa.com\/wp-content\/uploads\/2023\/12\/1freno-300x183.jpg 300w, https:\/\/industria-de-la-conversion.ttemsa.com\/wp-content\/uploads\/2023\/12\/1freno-768x468.jpg 768w, https:\/\/industria-de-la-conversion.ttemsa.com\/wp-content\/uploads\/2023\/12\/1freno-1536x937.jpg 1536w, https:\/\/industria-de-la-conversion.ttemsa.com\/wp-content\/uploads\/2023\/12\/1freno.jpg 1700w\" sizes=\"auto, (max-width: 1024px) 100vw, 1024px\" \/><\/figure>\n\n\n\n<p><\/p>\n","protected":false},"excerpt":{"rendered":"<p>&nbsp;Frenos de Part\u00edculas Magn\u00e9ticas Tipo B. Ver PDF HEB Hoja del producto: MAGPOWR Ver PDF HEB250 3D Drawings: MAGPOWR Ver PDF HEB250 Brake User Manual: MAGPOWR Ver PDF HEB250 3D Drawings: MAGPOWR Ventilador de enfriamiento&nbsp; SENSOR DE PROXIMIDAD INTEGRADO Sensor de proximiodad integrado para medir rpm en ensamble va montado en el espacio de un [&hellip;]<\/p>\n","protected":false},"author":1,"featured_media":0,"parent":1464,"menu_order":0,"comment_status":"closed","ping_status":"closed","template":"","meta":{"footnotes":""},"categories":[17],"tags":[],"class_list":["post-1472","page","type-page","status-publish","hentry","category-magpowr"],"yoast_head":"<!-- This site is optimized with the Yoast SEO plugin v22.1 - https:\/\/yoast.com\/wordpress\/plugins\/seo\/ -->\n<title>FRENOS NEUM\u00c1TICOS MAGPOWR - industria-de-la-conversion.ttemsa<\/title>\n<meta name=\"description\" content=\"Frenos Neum\u00e1ticos MAGPOWR Frenos y Embragues de part\u00edculas Neum\u00e1ticos Tama\u00f1o compacto peque\u00f1o. Variedad de barrenos con cu\u00f1ero\" \/>\n<meta name=\"robots\" content=\"index, follow, max-snippet:-1, max-image-preview:large, max-video-preview:-1\" \/>\n<link rel=\"canonical\" href=\"https:\/\/industria-de-la-conversion.ttemsa.com\/index.php\/magpowr-2\/magpowrp\/\" \/>\n<meta property=\"og:locale\" content=\"es_MX\" \/>\n<meta property=\"og:type\" content=\"article\" \/>\n<meta property=\"og:title\" content=\"Frenos Neum\u00e1ticos y Embragues de part\u00edculas de tama\u00f1o compacto Variedad de barrenos con cu\u00f1ero\" \/>\n<meta property=\"og:description\" content=\"en ttemsa ofrecemos Soluciones solicite + info Tel\u00e9fonos: + 52 (55) 5352-0191 5352-1301 5352-6070 5352-0593\" \/>\n<meta property=\"og:url\" content=\"https:\/\/industria-de-la-conversion.ttemsa.com\/index.php\/magpowr-2\/magpowrp\/\" \/>\n<meta property=\"og:site_name\" content=\"industria-de-la-conversion.ttemsa\" \/>\n<meta property=\"article:modified_time\" content=\"2024-04-30T17:03:47+00:00\" \/>\n<meta property=\"og:image\" content=\"https:\/\/industria-de-la-conversion.ttemsa.com\/wp-content\/uploads\/2024\/03\/f1a.png\" \/>\n\t<meta property=\"og:image:width\" content=\"304\" \/>\n\t<meta property=\"og:image:height\" content=\"209\" \/>\n\t<meta property=\"og:image:type\" content=\"image\/png\" \/>\n<meta name=\"twitter:card\" content=\"summary_large_image\" \/>\n<meta name=\"twitter:label1\" content=\"Tiempo de lectura\" \/>\n\t<meta name=\"twitter:data1\" content=\"3 minutos\" \/>\n<script type=\"application\/ld+json\" class=\"yoast-schema-graph\">{\"@context\":\"https:\/\/schema.org\",\"@graph\":[{\"@type\":\"WebPage\",\"@id\":\"https:\/\/industria-de-la-conversion.ttemsa.com\/index.php\/magpowr-2\/magpowrp\/\",\"url\":\"https:\/\/industria-de-la-conversion.ttemsa.com\/index.php\/magpowr-2\/magpowrp\/\",\"name\":\"FRENOS NEUM\u00c1TICOS MAGPOWR - industria-de-la-conversion.ttemsa\",\"isPartOf\":{\"@id\":\"http:\/\/industria-de-la-conversion.ttemsa.com\/#website\"},\"datePublished\":\"2024-03-01T19:14:42+00:00\",\"dateModified\":\"2024-04-30T17:03:47+00:00\",\"description\":\"Frenos Neum\u00e1ticos MAGPOWR Frenos y Embragues de part\u00edculas Neum\u00e1ticos Tama\u00f1o compacto peque\u00f1o. Variedad de barrenos con cu\u00f1ero\",\"breadcrumb\":{\"@id\":\"https:\/\/industria-de-la-conversion.ttemsa.com\/index.php\/magpowr-2\/magpowrp\/#breadcrumb\"},\"inLanguage\":\"es\",\"potentialAction\":[{\"@type\":\"ReadAction\",\"target\":[\"https:\/\/industria-de-la-conversion.ttemsa.com\/index.php\/magpowr-2\/magpowrp\/\"]}]},{\"@type\":\"BreadcrumbList\",\"@id\":\"https:\/\/industria-de-la-conversion.ttemsa.com\/index.php\/magpowr-2\/magpowrp\/#breadcrumb\",\"itemListElement\":[{\"@type\":\"ListItem\",\"position\":1,\"name\":\"Inicio\",\"item\":\"http:\/\/industria-de-la-conversion.ttemsa.com\/\"},{\"@type\":\"ListItem\",\"position\":2,\"name\":\"MAGPOWR\",\"item\":\"http:\/\/industria-de-la-conversion.ttemsa.com\/index.php\/magpowr-2\/\"},{\"@type\":\"ListItem\",\"position\":3,\"name\":\"FRENOS NEUM\u00c1TICOS MAGPOWR\"}]},{\"@type\":\"WebSite\",\"@id\":\"http:\/\/industria-de-la-conversion.ttemsa.com\/#website\",\"url\":\"http:\/\/industria-de-la-conversion.ttemsa.com\/\",\"name\":\"industria-de-la-conversion.ttemsa\",\"description\":\"Designed Dianalacazadora.com\",\"potentialAction\":[{\"@type\":\"SearchAction\",\"target\":{\"@type\":\"EntryPoint\",\"urlTemplate\":\"http:\/\/industria-de-la-conversion.ttemsa.com\/?s={search_term_string}\"},\"query-input\":\"required name=search_term_string\"}],\"inLanguage\":\"es\"}]}<\/script>\n<!-- \/ Yoast SEO plugin. -->","yoast_head_json":{"title":"FRENOS NEUM\u00c1TICOS MAGPOWR - industria-de-la-conversion.ttemsa","description":"Frenos Neum\u00e1ticos MAGPOWR Frenos y Embragues de part\u00edculas Neum\u00e1ticos Tama\u00f1o compacto peque\u00f1o. Variedad de barrenos con cu\u00f1ero","robots":{"index":"index","follow":"follow","max-snippet":"max-snippet:-1","max-image-preview":"max-image-preview:large","max-video-preview":"max-video-preview:-1"},"canonical":"https:\/\/industria-de-la-conversion.ttemsa.com\/index.php\/magpowr-2\/magpowrp\/","og_locale":"es_MX","og_type":"article","og_title":"Frenos Neum\u00e1ticos y Embragues de part\u00edculas de tama\u00f1o compacto Variedad de barrenos con cu\u00f1ero","og_description":"en ttemsa ofrecemos Soluciones solicite + info Tel\u00e9fonos: + 52 (55) 5352-0191 5352-1301 5352-6070 5352-0593","og_url":"https:\/\/industria-de-la-conversion.ttemsa.com\/index.php\/magpowr-2\/magpowrp\/","og_site_name":"industria-de-la-conversion.ttemsa","article_modified_time":"2024-04-30T17:03:47+00:00","og_image":[{"width":304,"height":209,"url":"https:\/\/industria-de-la-conversion.ttemsa.com\/wp-content\/uploads\/2024\/03\/f1a.png","type":"image\/png"}],"twitter_card":"summary_large_image","twitter_misc":{"Tiempo de lectura":"3 minutos"},"schema":{"@context":"https:\/\/schema.org","@graph":[{"@type":"WebPage","@id":"https:\/\/industria-de-la-conversion.ttemsa.com\/index.php\/magpowr-2\/magpowrp\/","url":"https:\/\/industria-de-la-conversion.ttemsa.com\/index.php\/magpowr-2\/magpowrp\/","name":"FRENOS NEUM\u00c1TICOS MAGPOWR - industria-de-la-conversion.ttemsa","isPartOf":{"@id":"http:\/\/industria-de-la-conversion.ttemsa.com\/#website"},"datePublished":"2024-03-01T19:14:42+00:00","dateModified":"2024-04-30T17:03:47+00:00","description":"Frenos Neum\u00e1ticos MAGPOWR Frenos y Embragues de part\u00edculas Neum\u00e1ticos Tama\u00f1o compacto peque\u00f1o. Variedad de barrenos con cu\u00f1ero","breadcrumb":{"@id":"https:\/\/industria-de-la-conversion.ttemsa.com\/index.php\/magpowr-2\/magpowrp\/#breadcrumb"},"inLanguage":"es","potentialAction":[{"@type":"ReadAction","target":["https:\/\/industria-de-la-conversion.ttemsa.com\/index.php\/magpowr-2\/magpowrp\/"]}]},{"@type":"BreadcrumbList","@id":"https:\/\/industria-de-la-conversion.ttemsa.com\/index.php\/magpowr-2\/magpowrp\/#breadcrumb","itemListElement":[{"@type":"ListItem","position":1,"name":"Inicio","item":"http:\/\/industria-de-la-conversion.ttemsa.com\/"},{"@type":"ListItem","position":2,"name":"MAGPOWR","item":"http:\/\/industria-de-la-conversion.ttemsa.com\/index.php\/magpowr-2\/"},{"@type":"ListItem","position":3,"name":"FRENOS NEUM\u00c1TICOS MAGPOWR"}]},{"@type":"WebSite","@id":"http:\/\/industria-de-la-conversion.ttemsa.com\/#website","url":"http:\/\/industria-de-la-conversion.ttemsa.com\/","name":"industria-de-la-conversion.ttemsa","description":"Designed Dianalacazadora.com","potentialAction":[{"@type":"SearchAction","target":{"@type":"EntryPoint","urlTemplate":"http:\/\/industria-de-la-conversion.ttemsa.com\/?s={search_term_string}"},"query-input":"required name=search_term_string"}],"inLanguage":"es"}]}},"_links":{"self":[{"href":"https:\/\/industria-de-la-conversion.ttemsa.com\/index.php\/wp-json\/wp\/v2\/pages\/1472","targetHints":{"allow":["GET"]}}],"collection":[{"href":"https:\/\/industria-de-la-conversion.ttemsa.com\/index.php\/wp-json\/wp\/v2\/pages"}],"about":[{"href":"https:\/\/industria-de-la-conversion.ttemsa.com\/index.php\/wp-json\/wp\/v2\/types\/page"}],"author":[{"embeddable":true,"href":"https:\/\/industria-de-la-conversion.ttemsa.com\/index.php\/wp-json\/wp\/v2\/users\/1"}],"replies":[{"embeddable":true,"href":"https:\/\/industria-de-la-conversion.ttemsa.com\/index.php\/wp-json\/wp\/v2\/comments?post=1472"}],"version-history":[{"count":3,"href":"https:\/\/industria-de-la-conversion.ttemsa.com\/index.php\/wp-json\/wp\/v2\/pages\/1472\/revisions"}],"predecessor-version":[{"id":3027,"href":"https:\/\/industria-de-la-conversion.ttemsa.com\/index.php\/wp-json\/wp\/v2\/pages\/1472\/revisions\/3027"}],"up":[{"embeddable":true,"href":"https:\/\/industria-de-la-conversion.ttemsa.com\/index.php\/wp-json\/wp\/v2\/pages\/1464"}],"wp:attachment":[{"href":"https:\/\/industria-de-la-conversion.ttemsa.com\/index.php\/wp-json\/wp\/v2\/media?parent=1472"}],"wp:term":[{"taxonomy":"category","embeddable":true,"href":"https:\/\/industria-de-la-conversion.ttemsa.com\/index.php\/wp-json\/wp\/v2\/categories?post=1472"},{"taxonomy":"post_tag","embeddable":true,"href":"https:\/\/industria-de-la-conversion.ttemsa.com\/index.php\/wp-json\/wp\/v2\/tags?post=1472"}],"curies":[{"name":"wp","href":"https:\/\/api.w.org\/{rel}","templated":true}]}}