{"id":1503,"date":"2024-03-01T19:36:15","date_gmt":"2024-03-01T19:36:15","guid":{"rendered":"https:\/\/industria-de-la-conversion.ttemsa.com\/index.php\/fife\/sistemas-de-alineacion-de-banda-copy\/"},"modified":"2024-05-01T22:17:28","modified_gmt":"2024-05-01T22:17:28","slug":"sistemas-de-alineacion-de-banda-base-de-alineacion-opg-fife-200","status":"publish","type":"page","link":"https:\/\/industria-de-la-conversion.ttemsa.com\/index.php\/fife\/sistemas-de-alineacion-de-banda-base-de-alineacion-opg-fife-200\/","title":{"rendered":"Sistemas de alineaci\u00f3n de banda Base de Alineaci\u00f3n OPG Fife 200"},"content":{"rendered":"\n<p><\/p>\n\n\n<div class=\"wp-block-image\">\n<figure class=\"alignright size-full\"><img loading=\"lazy\" decoding=\"async\" width=\"498\" height=\"48\" src=\"https:\/\/industria-de-la-conversion.ttemsa.com\/wp-content\/uploads\/2023\/12\/FIFE-2001.png\" alt=\"\" class=\"wp-image-490\" srcset=\"https:\/\/industria-de-la-conversion.ttemsa.com\/wp-content\/uploads\/2023\/12\/FIFE-2001.png 498w, https:\/\/industria-de-la-conversion.ttemsa.com\/wp-content\/uploads\/2023\/12\/FIFE-2001-300x29.png 300w\" sizes=\"auto, (max-width: 498px) 100vw, 498px\" \/><\/figure>\n<\/div>\n\n\n<figure class=\"wp-block-image size-full is-resized\"><img loading=\"lazy\" decoding=\"async\" width=\"306\" height=\"223\" src=\"https:\/\/industria-de-la-conversion.ttemsa.com\/wp-content\/uploads\/2023\/12\/D-MAXEvq.png\" alt=\"\" class=\"wp-image-488\" style=\"width:221px;height:auto\" srcset=\"https:\/\/industria-de-la-conversion.ttemsa.com\/wp-content\/uploads\/2023\/12\/D-MAXEvq.png 306w, https:\/\/industria-de-la-conversion.ttemsa.com\/wp-content\/uploads\/2023\/12\/D-MAXEvq-300x219.png 300w\" sizes=\"auto, (max-width: 306px) 100vw, 306px\" \/><\/figure>\n\n\n<div class=\"wp-block-image\">\n<figure class=\"aligncenter size-full is-resized\"><img loading=\"lazy\" decoding=\"async\" width=\"355\" height=\"250\" src=\"https:\/\/industria-de-la-conversion.ttemsa.com\/wp-content\/uploads\/2023\/12\/FIFE-200-b.png\" alt=\"\" class=\"wp-image-491\" style=\"width:422px;height:auto\" srcset=\"https:\/\/industria-de-la-conversion.ttemsa.com\/wp-content\/uploads\/2023\/12\/FIFE-200-b.png 355w, https:\/\/industria-de-la-conversion.ttemsa.com\/wp-content\/uploads\/2023\/12\/FIFE-200-b-300x211.png 300w\" sizes=\"auto, (max-width: 355px) 100vw, 355px\" \/><\/figure>\n<\/div>\n\n\n<p>El&nbsp;<strong>FIFE-200<\/strong>&nbsp;es un alineador y controlador de banda peque\u00f1o dise\u00f1ado para uso continuo que consiste en una gu\u00eda de pivote y sensor, y una interfaz de operador.<\/p>\n\n\n\n<p>Con una protecci\u00f3n de entrada&nbsp;<strong>IP40<\/strong>&nbsp;y cuatro diferentes espesores de cara y gu\u00eda, as\u00ed como dos di\u00e1metros de rodillo diferentes, es ideal para aplicaciones de gu\u00edas peque\u00f1as.<\/p>\n\n\n\n<p>El FIFE-200 utiliza una interfaz de pantalla t\u00e1ctil a color que controla la posici\u00f3n de la banda&nbsp;<strong>monitorizando<\/strong>&nbsp;su posici\u00f3n con un sensor montado en la trayectoria de la misma y accionando un actuador conectando al conjunto de gu\u00eda para dirigir la banda a la posici\u00f3n deseada.<\/p>\n\n\n\n<p>Adem\u00e1s, con el modo de\u00a0<strong>servocentrado<\/strong>\u00a0es capaz de centrar la gu\u00eda mientras pasa la banda.<\/p>\n\n\n\n<p><\/p>\n\n\n\n<figure class=\"wp-block-image size-large\"><img loading=\"lazy\" decoding=\"async\" width=\"1024\" height=\"413\" src=\"https:\/\/industria-de-la-conversion.ttemsa.com\/wp-content\/uploads\/2023\/12\/f200-1024x413.png\" alt=\"\" class=\"wp-image-492\" srcset=\"https:\/\/industria-de-la-conversion.ttemsa.com\/wp-content\/uploads\/2023\/12\/f200-1024x413.png 1024w, https:\/\/industria-de-la-conversion.ttemsa.com\/wp-content\/uploads\/2023\/12\/f200-300x121.png 300w, https:\/\/industria-de-la-conversion.ttemsa.com\/wp-content\/uploads\/2023\/12\/f200-768x309.png 768w, https:\/\/industria-de-la-conversion.ttemsa.com\/wp-content\/uploads\/2023\/12\/f200.png 1179w\" sizes=\"auto, (max-width: 1024px) 100vw, 1024px\" \/><\/figure>\n\n\n\n<figure class=\"wp-block-image size-large\"><img loading=\"lazy\" decoding=\"async\" width=\"1024\" height=\"543\" src=\"https:\/\/industria-de-la-conversion.ttemsa.com\/wp-content\/uploads\/2023\/12\/f201-1024x543.png\" alt=\"\" class=\"wp-image-493\" srcset=\"https:\/\/industria-de-la-conversion.ttemsa.com\/wp-content\/uploads\/2023\/12\/f201-1024x543.png 1024w, https:\/\/industria-de-la-conversion.ttemsa.com\/wp-content\/uploads\/2023\/12\/f201-300x159.png 300w, https:\/\/industria-de-la-conversion.ttemsa.com\/wp-content\/uploads\/2023\/12\/f201-768x407.png 768w, https:\/\/industria-de-la-conversion.ttemsa.com\/wp-content\/uploads\/2023\/12\/f201.png 1184w\" sizes=\"auto, (max-width: 1024px) 100vw, 1024px\" \/><\/figure>\n\n\n\n<h4 class=\"wp-block-heading\"><\/h4>\n","protected":false},"excerpt":{"rendered":"<p>El&nbsp;FIFE-200&nbsp;es un alineador y controlador de banda peque\u00f1o dise\u00f1ado para uso continuo que consiste en una gu\u00eda de pivote y sensor, y una interfaz de operador. Con una protecci\u00f3n de entrada&nbsp;IP40&nbsp;y cuatro diferentes espesores de cara y gu\u00eda, as\u00ed como dos di\u00e1metros de rodillo diferentes, es ideal para aplicaciones de gu\u00edas peque\u00f1as. El FIFE-200 utiliza [&hellip;]<\/p>\n","protected":false},"author":1,"featured_media":0,"parent":290,"menu_order":0,"comment_status":"closed","ping_status":"closed","template":"","meta":{"footnotes":""},"categories":[15],"tags":[],"class_list":["post-1503","page","type-page","status-publish","hentry","category-fife-alineacion"],"yoast_head":"<!-- This site is optimized with the Yoast SEO plugin v22.1 - https:\/\/yoast.com\/wordpress\/plugins\/seo\/ -->\n<title>Sistemas de alineaci\u00f3n de banda Base de Alineaci\u00f3n OPG Fife 200 - industria-de-la-conversion.ttemsa<\/title>\n<meta name=\"robots\" content=\"index, follow, max-snippet:-1, max-image-preview:large, max-video-preview:-1\" \/>\n<link rel=\"canonical\" href=\"http:\/\/industria-de-la-conversion.ttemsa.com\/index.php\/fife\/sistemas-de-alineacion-de-banda-base-de-alineacion-opg-fife-200\/\" \/>\n<meta property=\"og:locale\" content=\"es_MX\" \/>\n<meta property=\"og:type\" content=\"article\" \/>\n<meta property=\"og:title\" content=\"Sistemas de alineaci\u00f3n de banda Base de Alineaci\u00f3n OPG Fife 200 - industria-de-la-conversion.ttemsa\" \/>\n<meta property=\"og:description\" content=\"El&nbsp;FIFE-200&nbsp;es un alineador y controlador de banda peque\u00f1o dise\u00f1ado para uso continuo que consiste en una gu\u00eda de pivote y sensor, y una interfaz de operador. Con una protecci\u00f3n de entrada&nbsp;IP40&nbsp;y cuatro diferentes espesores de cara y gu\u00eda, as\u00ed como dos di\u00e1metros de rodillo diferentes, es ideal para aplicaciones de gu\u00edas peque\u00f1as. El FIFE-200 utiliza [&hellip;]\" \/>\n<meta property=\"og:url\" content=\"http:\/\/industria-de-la-conversion.ttemsa.com\/index.php\/fife\/sistemas-de-alineacion-de-banda-base-de-alineacion-opg-fife-200\/\" \/>\n<meta property=\"og:site_name\" content=\"industria-de-la-conversion.ttemsa\" \/>\n<meta property=\"article:modified_time\" content=\"2024-05-01T22:17:28+00:00\" \/>\n<meta property=\"og:image\" content=\"https:\/\/industria-de-la-conversion.ttemsa.com\/wp-content\/uploads\/2023\/12\/FIFE-2001.png\" \/>\n<meta name=\"twitter:card\" content=\"summary_large_image\" \/>\n<meta name=\"twitter:label1\" content=\"Tiempo de lectura\" \/>\n\t<meta name=\"twitter:data1\" content=\"2 minutos\" \/>\n<script type=\"application\/ld+json\" class=\"yoast-schema-graph\">{\"@context\":\"https:\/\/schema.org\",\"@graph\":[{\"@type\":\"WebPage\",\"@id\":\"http:\/\/industria-de-la-conversion.ttemsa.com\/index.php\/fife\/sistemas-de-alineacion-de-banda-base-de-alineacion-opg-fife-200\/\",\"url\":\"http:\/\/industria-de-la-conversion.ttemsa.com\/index.php\/fife\/sistemas-de-alineacion-de-banda-base-de-alineacion-opg-fife-200\/\",\"name\":\"Sistemas de alineaci\u00f3n de banda Base de Alineaci\u00f3n OPG Fife 200 - industria-de-la-conversion.ttemsa\",\"isPartOf\":{\"@id\":\"http:\/\/industria-de-la-conversion.ttemsa.com\/#website\"},\"datePublished\":\"2024-03-01T19:36:15+00:00\",\"dateModified\":\"2024-05-01T22:17:28+00:00\",\"breadcrumb\":{\"@id\":\"http:\/\/industria-de-la-conversion.ttemsa.com\/index.php\/fife\/sistemas-de-alineacion-de-banda-base-de-alineacion-opg-fife-200\/#breadcrumb\"},\"inLanguage\":\"es\",\"potentialAction\":[{\"@type\":\"ReadAction\",\"target\":[\"http:\/\/industria-de-la-conversion.ttemsa.com\/index.php\/fife\/sistemas-de-alineacion-de-banda-base-de-alineacion-opg-fife-200\/\"]}]},{\"@type\":\"BreadcrumbList\",\"@id\":\"http:\/\/industria-de-la-conversion.ttemsa.com\/index.php\/fife\/sistemas-de-alineacion-de-banda-base-de-alineacion-opg-fife-200\/#breadcrumb\",\"itemListElement\":[{\"@type\":\"ListItem\",\"position\":1,\"name\":\"Inicio\",\"item\":\"http:\/\/industria-de-la-conversion.ttemsa.com\/\"},{\"@type\":\"ListItem\",\"position\":2,\"name\":\"FIFE\",\"item\":\"http:\/\/industria-de-la-conversion.ttemsa.com\/index.php\/fife\/\"},{\"@type\":\"ListItem\",\"position\":3,\"name\":\"Sistemas de alineaci\u00f3n de banda Base de Alineaci\u00f3n OPG Fife 200\"}]},{\"@type\":\"WebSite\",\"@id\":\"http:\/\/industria-de-la-conversion.ttemsa.com\/#website\",\"url\":\"http:\/\/industria-de-la-conversion.ttemsa.com\/\",\"name\":\"industria-de-la-conversion.ttemsa\",\"description\":\"Designed Dianalacazadora.com\",\"potentialAction\":[{\"@type\":\"SearchAction\",\"target\":{\"@type\":\"EntryPoint\",\"urlTemplate\":\"http:\/\/industria-de-la-conversion.ttemsa.com\/?s={search_term_string}\"},\"query-input\":\"required name=search_term_string\"}],\"inLanguage\":\"es\"}]}<\/script>\n<!-- \/ Yoast SEO plugin. -->","yoast_head_json":{"title":"Sistemas de alineaci\u00f3n de banda Base de Alineaci\u00f3n OPG Fife 200 - industria-de-la-conversion.ttemsa","robots":{"index":"index","follow":"follow","max-snippet":"max-snippet:-1","max-image-preview":"max-image-preview:large","max-video-preview":"max-video-preview:-1"},"canonical":"http:\/\/industria-de-la-conversion.ttemsa.com\/index.php\/fife\/sistemas-de-alineacion-de-banda-base-de-alineacion-opg-fife-200\/","og_locale":"es_MX","og_type":"article","og_title":"Sistemas de alineaci\u00f3n de banda Base de Alineaci\u00f3n OPG Fife 200 - industria-de-la-conversion.ttemsa","og_description":"El&nbsp;FIFE-200&nbsp;es un alineador y controlador de banda peque\u00f1o dise\u00f1ado para uso continuo que consiste en una gu\u00eda de pivote y sensor, y una interfaz de operador. Con una protecci\u00f3n de entrada&nbsp;IP40&nbsp;y cuatro diferentes espesores de cara y gu\u00eda, as\u00ed como dos di\u00e1metros de rodillo diferentes, es ideal para aplicaciones de gu\u00edas peque\u00f1as. El FIFE-200 utiliza [&hellip;]","og_url":"http:\/\/industria-de-la-conversion.ttemsa.com\/index.php\/fife\/sistemas-de-alineacion-de-banda-base-de-alineacion-opg-fife-200\/","og_site_name":"industria-de-la-conversion.ttemsa","article_modified_time":"2024-05-01T22:17:28+00:00","og_image":[{"url":"https:\/\/industria-de-la-conversion.ttemsa.com\/wp-content\/uploads\/2023\/12\/FIFE-2001.png"}],"twitter_card":"summary_large_image","twitter_misc":{"Tiempo de lectura":"2 minutos"},"schema":{"@context":"https:\/\/schema.org","@graph":[{"@type":"WebPage","@id":"http:\/\/industria-de-la-conversion.ttemsa.com\/index.php\/fife\/sistemas-de-alineacion-de-banda-base-de-alineacion-opg-fife-200\/","url":"http:\/\/industria-de-la-conversion.ttemsa.com\/index.php\/fife\/sistemas-de-alineacion-de-banda-base-de-alineacion-opg-fife-200\/","name":"Sistemas de alineaci\u00f3n de banda Base de Alineaci\u00f3n OPG Fife 200 - industria-de-la-conversion.ttemsa","isPartOf":{"@id":"http:\/\/industria-de-la-conversion.ttemsa.com\/#website"},"datePublished":"2024-03-01T19:36:15+00:00","dateModified":"2024-05-01T22:17:28+00:00","breadcrumb":{"@id":"http:\/\/industria-de-la-conversion.ttemsa.com\/index.php\/fife\/sistemas-de-alineacion-de-banda-base-de-alineacion-opg-fife-200\/#breadcrumb"},"inLanguage":"es","potentialAction":[{"@type":"ReadAction","target":["http:\/\/industria-de-la-conversion.ttemsa.com\/index.php\/fife\/sistemas-de-alineacion-de-banda-base-de-alineacion-opg-fife-200\/"]}]},{"@type":"BreadcrumbList","@id":"http:\/\/industria-de-la-conversion.ttemsa.com\/index.php\/fife\/sistemas-de-alineacion-de-banda-base-de-alineacion-opg-fife-200\/#breadcrumb","itemListElement":[{"@type":"ListItem","position":1,"name":"Inicio","item":"http:\/\/industria-de-la-conversion.ttemsa.com\/"},{"@type":"ListItem","position":2,"name":"FIFE","item":"http:\/\/industria-de-la-conversion.ttemsa.com\/index.php\/fife\/"},{"@type":"ListItem","position":3,"name":"Sistemas de alineaci\u00f3n de banda Base de Alineaci\u00f3n OPG Fife 200"}]},{"@type":"WebSite","@id":"http:\/\/industria-de-la-conversion.ttemsa.com\/#website","url":"http:\/\/industria-de-la-conversion.ttemsa.com\/","name":"industria-de-la-conversion.ttemsa","description":"Designed Dianalacazadora.com","potentialAction":[{"@type":"SearchAction","target":{"@type":"EntryPoint","urlTemplate":"http:\/\/industria-de-la-conversion.ttemsa.com\/?s={search_term_string}"},"query-input":"required name=search_term_string"}],"inLanguage":"es"}]}},"_links":{"self":[{"href":"https:\/\/industria-de-la-conversion.ttemsa.com\/index.php\/wp-json\/wp\/v2\/pages\/1503","targetHints":{"allow":["GET"]}}],"collection":[{"href":"https:\/\/industria-de-la-conversion.ttemsa.com\/index.php\/wp-json\/wp\/v2\/pages"}],"about":[{"href":"https:\/\/industria-de-la-conversion.ttemsa.com\/index.php\/wp-json\/wp\/v2\/types\/page"}],"author":[{"embeddable":true,"href":"https:\/\/industria-de-la-conversion.ttemsa.com\/index.php\/wp-json\/wp\/v2\/users\/1"}],"replies":[{"embeddable":true,"href":"https:\/\/industria-de-la-conversion.ttemsa.com\/index.php\/wp-json\/wp\/v2\/comments?post=1503"}],"version-history":[{"count":3,"href":"https:\/\/industria-de-la-conversion.ttemsa.com\/index.php\/wp-json\/wp\/v2\/pages\/1503\/revisions"}],"predecessor-version":[{"id":3070,"href":"https:\/\/industria-de-la-conversion.ttemsa.com\/index.php\/wp-json\/wp\/v2\/pages\/1503\/revisions\/3070"}],"up":[{"embeddable":true,"href":"https:\/\/industria-de-la-conversion.ttemsa.com\/index.php\/wp-json\/wp\/v2\/pages\/290"}],"wp:attachment":[{"href":"https:\/\/industria-de-la-conversion.ttemsa.com\/index.php\/wp-json\/wp\/v2\/media?parent=1503"}],"wp:term":[{"taxonomy":"category","embeddable":true,"href":"https:\/\/industria-de-la-conversion.ttemsa.com\/index.php\/wp-json\/wp\/v2\/categories?post=1503"},{"taxonomy":"post_tag","embeddable":true,"href":"https:\/\/industria-de-la-conversion.ttemsa.com\/index.php\/wp-json\/wp\/v2\/tags?post=1503"}],"curies":[{"name":"wp","href":"https:\/\/api.w.org\/{rel}","templated":true}]}}