{"id":1510,"date":"2024-03-01T19:39:55","date_gmt":"2024-03-01T19:39:55","guid":{"rendered":"https:\/\/industria-de-la-conversion.ttemsa.com\/index.php\/fife\/sistemas-de-alineacion-de-banda-base-de-alineacion-opg-fife-200-copy\/"},"modified":"2024-03-02T17:29:16","modified_gmt":"2024-03-02T17:29:16","slug":"bases-de-alineacion-de-orillap","status":"publish","type":"page","link":"https:\/\/industria-de-la-conversion.ttemsa.com\/index.php\/fife\/bases-de-alineacion-de-orillap\/","title":{"rendered":"Base de Alineaci\u00f3n de Orilla Intermedias OPG"},"content":{"rendered":"\n<p><strong>SISTEMAS DE ALINEACI\u00d3N DE ORILLA FIFE<\/strong><\/p>\n\n\n\n<figure class=\"wp-block-image size-large\"><img loading=\"lazy\" decoding=\"async\" width=\"1024\" height=\"634\" src=\"http:\/\/industria-de-la-conversion.ttemsa.com\/wp-content\/uploads\/2023\/12\/FF23-1024x634.jpg\" alt=\"\" class=\"wp-image-456\" srcset=\"https:\/\/industria-de-la-conversion.ttemsa.com\/wp-content\/uploads\/2023\/12\/FF23-1024x634.jpg 1024w, https:\/\/industria-de-la-conversion.ttemsa.com\/wp-content\/uploads\/2023\/12\/FF23-300x186.jpg 300w, https:\/\/industria-de-la-conversion.ttemsa.com\/wp-content\/uploads\/2023\/12\/FF23-768x476.jpg 768w, https:\/\/industria-de-la-conversion.ttemsa.com\/wp-content\/uploads\/2023\/12\/FF23.jpg 1200w\" sizes=\"auto, (max-width: 1024px) 100vw, 1024px\" \/><\/figure>\n\n\n\n<figure class=\"wp-block-embed is-type-video is-provider-youtube wp-block-embed-youtube wp-embed-aspect-16-9 wp-has-aspect-ratio\"><div class=\"wp-block-embed__wrapper\">\n<iframe loading=\"lazy\" title=\"Alineadores para Ancho de Banda - FIFE 500\" width=\"500\" height=\"281\" src=\"https:\/\/www.youtube.com\/embed\/rpm5aasFiSo?feature=oembed\" frameborder=\"0\" allow=\"accelerometer; autoplay; clipboard-write; encrypted-media; gyroscope; picture-in-picture; web-share\" referrerpolicy=\"strict-origin-when-cross-origin\" allowfullscreen><\/iframe>\n<\/div><\/figure>\n\n\n\n<h4 class=\"wp-block-heading\"><strong>Base de alineaci\u00f3n de orilla intermedia&nbsp; de pivote desfasado,&nbsp;conocida tambi\u00e9n como \u201cOPG\u201d<\/strong><\/h4>\n\n\n\n<h4 class=\"wp-block-heading\"><strong>(Offset Pivot Guide).&nbsp;<\/strong><\/h4>\n\n\n\n<p>La funci\u00f3n del <strong>sistema de alineaci\u00f3n<\/strong> es corregir el desalineamiento que se puede generar en un proceso determinado de banda continua pudi\u00e9ndose utilizar en el desenredado, enredado o intermedio.<\/p>\n\n\n\n<p>En la pr\u00e1ctica la alineaci\u00f3n exacta no existe, por eso se utilizan los<strong> alineadores de orilla <\/strong>(en algunos casos se alinea el material sobre una l\u00ednea de impresi\u00f3n, por que cuando se imprime, muchas veces el material a imprimir no guarda la misma distancia a la orilla y por eso hay que seguir la l\u00ednea de impresi\u00f3n).<\/p>\n\n\n\n<p>Lo m\u00e1s recomendable es que el sistema de alineaci\u00f3n se instale lo m\u00e1s cercano posible al proceso que se desea tener alineado.<\/p>\n\n\n\n<p>Para determinar que tipo de construcci\u00f3n de sistema de alineaci\u00f3n se debe seleccionar, eso en funci\u00f3n a lo que permita la geometr\u00eda de la m\u00e1quina.<\/p>\n\n\n\n<figure class=\"wp-block-embed is-type-video is-provider-youtube wp-block-embed-youtube wp-embed-aspect-4-3 wp-has-aspect-ratio\"><div class=\"wp-block-embed__wrapper\">\n<iframe loading=\"lazy\" title=\"\u00bfQue\u0301 tipo de Gui\u0301a de Banda Continua necesita?\" width=\"500\" height=\"375\" src=\"https:\/\/www.youtube.com\/embed\/ZX06QuVWyUk?start=3&#038;feature=oembed\" frameborder=\"0\" allow=\"accelerometer; autoplay; clipboard-write; encrypted-media; gyroscope; picture-in-picture; web-share\" referrerpolicy=\"strict-origin-when-cross-origin\" allowfullscreen><\/iframe>\n<\/div><\/figure>\n\n\n\n<p><\/p>\n\n\n\n<p><strong>Ejemplos de aplicaci\u00f3n de alineaci\u00f3n desenredado\/enredado o intermedios&nbsp;.<\/strong><\/p>\n\n\n\n<figure class=\"wp-block-image size-large\"><img loading=\"lazy\" decoding=\"async\" width=\"1024\" height=\"656\" src=\"https:\/\/industria-de-la-conversion.ttemsa.com\/wp-content\/uploads\/2023\/12\/Soluciones-de-alineacion-de-orilla3-1024x656.jpg\" alt=\"\" class=\"wp-image-458\" srcset=\"https:\/\/industria-de-la-conversion.ttemsa.com\/wp-content\/uploads\/2023\/12\/Soluciones-de-alineacion-de-orilla3-1024x656.jpg 1024w, https:\/\/industria-de-la-conversion.ttemsa.com\/wp-content\/uploads\/2023\/12\/Soluciones-de-alineacion-de-orilla3-300x192.jpg 300w, https:\/\/industria-de-la-conversion.ttemsa.com\/wp-content\/uploads\/2023\/12\/Soluciones-de-alineacion-de-orilla3-768x492.jpg 768w, https:\/\/industria-de-la-conversion.ttemsa.com\/wp-content\/uploads\/2023\/12\/Soluciones-de-alineacion-de-orilla3-1536x984.jpg 1536w, https:\/\/industria-de-la-conversion.ttemsa.com\/wp-content\/uploads\/2023\/12\/Soluciones-de-alineacion-de-orilla3-2048x1311.jpg 2048w\" sizes=\"auto, (max-width: 1024px) 100vw, 1024px\" \/><\/figure>\n","protected":false},"excerpt":{"rendered":"<p>SISTEMAS DE ALINEACI\u00d3N DE ORILLA FIFE Base de alineaci\u00f3n de orilla intermedia&nbsp; de pivote desfasado,&nbsp;conocida tambi\u00e9n como \u201cOPG\u201d (Offset Pivot Guide).&nbsp; La funci\u00f3n del sistema de alineaci\u00f3n es corregir el desalineamiento que se puede generar en un proceso determinado de banda continua pudi\u00e9ndose utilizar en el desenredado, enredado o intermedio. En la pr\u00e1ctica la alineaci\u00f3n [&hellip;]<\/p>\n","protected":false},"author":1,"featured_media":0,"parent":290,"menu_order":0,"comment_status":"closed","ping_status":"closed","template":"","meta":{"footnotes":""},"categories":[15],"tags":[],"class_list":["post-1510","page","type-page","status-publish","hentry","category-fife-alineacion"],"yoast_head":"<!-- This site is optimized with the Yoast SEO plugin v22.1 - https:\/\/yoast.com\/wordpress\/plugins\/seo\/ -->\n<title>Base de Alineaci\u00f3n de Orilla Intermedias OPG - industria-de-la-conversion.ttemsa<\/title>\n<meta name=\"description\" content=\"Base de alineaci\u00f3n de orilla intermedia de pivote desfasado, conocida tambi\u00e9n como \u201cOPG\u201d(Offset Pivot Guide).\" \/>\n<meta name=\"robots\" content=\"index, follow, max-snippet:-1, max-image-preview:large, max-video-preview:-1\" \/>\n<link rel=\"canonical\" href=\"https:\/\/industria-de-la-conversion.ttemsa.com\/index.php\/fife\/bases-de-alineacion-de-orillap\/\" \/>\n<meta property=\"og:locale\" content=\"es_MX\" \/>\n<meta property=\"og:type\" content=\"article\" \/>\n<meta property=\"og:title\" content=\"Base de alineaci\u00f3n de orilla intermedia de pivote desfasado, conocida tambi\u00e9n como \u201cOPG\u201d(Offset Pivot Guide).\" \/>\n<meta property=\"og:description\" content=\"en ttemsa ofrecemos Soluciones. Solicite + info Tel\u00e9fonos: + 52 (55) 5352-0191 5352-1301 5352-6070 5352-0593\" \/>\n<meta property=\"og:url\" content=\"https:\/\/industria-de-la-conversion.ttemsa.com\/index.php\/fife\/bases-de-alineacion-de-orillap\/\" \/>\n<meta property=\"og:site_name\" content=\"industria-de-la-conversion.ttemsa\" \/>\n<meta property=\"article:modified_time\" content=\"2024-03-02T17:29:16+00:00\" \/>\n<meta property=\"og:image\" content=\"https:\/\/industria-de-la-conversion.ttemsa.com\/wp-content\/uploads\/2023\/12\/FF23.jpg\" \/>\n\t<meta property=\"og:image:width\" content=\"1200\" \/>\n\t<meta property=\"og:image:height\" content=\"743\" \/>\n\t<meta property=\"og:image:type\" content=\"image\/jpeg\" \/>\n<meta name=\"twitter:card\" content=\"summary_large_image\" \/>\n<meta name=\"twitter:label1\" content=\"Tiempo de lectura\" \/>\n\t<meta name=\"twitter:data1\" content=\"2 minutos\" \/>\n<script type=\"application\/ld+json\" class=\"yoast-schema-graph\">{\"@context\":\"https:\/\/schema.org\",\"@graph\":[{\"@type\":\"WebPage\",\"@id\":\"https:\/\/industria-de-la-conversion.ttemsa.com\/index.php\/fife\/bases-de-alineacion-de-orillap\/\",\"url\":\"https:\/\/industria-de-la-conversion.ttemsa.com\/index.php\/fife\/bases-de-alineacion-de-orillap\/\",\"name\":\"Base de Alineaci\u00f3n de Orilla Intermedias OPG - industria-de-la-conversion.ttemsa\",\"isPartOf\":{\"@id\":\"http:\/\/industria-de-la-conversion.ttemsa.com\/#website\"},\"datePublished\":\"2024-03-01T19:39:55+00:00\",\"dateModified\":\"2024-03-02T17:29:16+00:00\",\"description\":\"Base de alineaci\u00f3n de orilla intermedia de pivote desfasado, conocida tambi\u00e9n como \u201cOPG\u201d(Offset Pivot Guide).\",\"breadcrumb\":{\"@id\":\"https:\/\/industria-de-la-conversion.ttemsa.com\/index.php\/fife\/bases-de-alineacion-de-orillap\/#breadcrumb\"},\"inLanguage\":\"es\",\"potentialAction\":[{\"@type\":\"ReadAction\",\"target\":[\"https:\/\/industria-de-la-conversion.ttemsa.com\/index.php\/fife\/bases-de-alineacion-de-orillap\/\"]}]},{\"@type\":\"BreadcrumbList\",\"@id\":\"https:\/\/industria-de-la-conversion.ttemsa.com\/index.php\/fife\/bases-de-alineacion-de-orillap\/#breadcrumb\",\"itemListElement\":[{\"@type\":\"ListItem\",\"position\":1,\"name\":\"Inicio\",\"item\":\"http:\/\/industria-de-la-conversion.ttemsa.com\/\"},{\"@type\":\"ListItem\",\"position\":2,\"name\":\"FIFE\",\"item\":\"http:\/\/industria-de-la-conversion.ttemsa.com\/index.php\/fife\/\"},{\"@type\":\"ListItem\",\"position\":3,\"name\":\"Base de Alineaci\u00f3n de Orilla Intermedias OPG\"}]},{\"@type\":\"WebSite\",\"@id\":\"http:\/\/industria-de-la-conversion.ttemsa.com\/#website\",\"url\":\"http:\/\/industria-de-la-conversion.ttemsa.com\/\",\"name\":\"industria-de-la-conversion.ttemsa\",\"description\":\"Designed Dianalacazadora.com\",\"potentialAction\":[{\"@type\":\"SearchAction\",\"target\":{\"@type\":\"EntryPoint\",\"urlTemplate\":\"http:\/\/industria-de-la-conversion.ttemsa.com\/?s={search_term_string}\"},\"query-input\":\"required name=search_term_string\"}],\"inLanguage\":\"es\"}]}<\/script>\n<!-- \/ Yoast SEO plugin. -->","yoast_head_json":{"title":"Base de Alineaci\u00f3n de Orilla Intermedias OPG - industria-de-la-conversion.ttemsa","description":"Base de alineaci\u00f3n de orilla intermedia de pivote desfasado, conocida tambi\u00e9n como \u201cOPG\u201d(Offset Pivot Guide).","robots":{"index":"index","follow":"follow","max-snippet":"max-snippet:-1","max-image-preview":"max-image-preview:large","max-video-preview":"max-video-preview:-1"},"canonical":"https:\/\/industria-de-la-conversion.ttemsa.com\/index.php\/fife\/bases-de-alineacion-de-orillap\/","og_locale":"es_MX","og_type":"article","og_title":"Base de alineaci\u00f3n de orilla intermedia de pivote desfasado, conocida tambi\u00e9n como \u201cOPG\u201d(Offset Pivot Guide).","og_description":"en ttemsa ofrecemos Soluciones. Solicite + info Tel\u00e9fonos: + 52 (55) 5352-0191 5352-1301 5352-6070 5352-0593","og_url":"https:\/\/industria-de-la-conversion.ttemsa.com\/index.php\/fife\/bases-de-alineacion-de-orillap\/","og_site_name":"industria-de-la-conversion.ttemsa","article_modified_time":"2024-03-02T17:29:16+00:00","og_image":[{"width":1200,"height":743,"url":"https:\/\/industria-de-la-conversion.ttemsa.com\/wp-content\/uploads\/2023\/12\/FF23.jpg","type":"image\/jpeg"}],"twitter_card":"summary_large_image","twitter_misc":{"Tiempo de lectura":"2 minutos"},"schema":{"@context":"https:\/\/schema.org","@graph":[{"@type":"WebPage","@id":"https:\/\/industria-de-la-conversion.ttemsa.com\/index.php\/fife\/bases-de-alineacion-de-orillap\/","url":"https:\/\/industria-de-la-conversion.ttemsa.com\/index.php\/fife\/bases-de-alineacion-de-orillap\/","name":"Base de Alineaci\u00f3n de Orilla Intermedias OPG - industria-de-la-conversion.ttemsa","isPartOf":{"@id":"http:\/\/industria-de-la-conversion.ttemsa.com\/#website"},"datePublished":"2024-03-01T19:39:55+00:00","dateModified":"2024-03-02T17:29:16+00:00","description":"Base de alineaci\u00f3n de orilla intermedia de pivote desfasado, conocida tambi\u00e9n como \u201cOPG\u201d(Offset Pivot Guide).","breadcrumb":{"@id":"https:\/\/industria-de-la-conversion.ttemsa.com\/index.php\/fife\/bases-de-alineacion-de-orillap\/#breadcrumb"},"inLanguage":"es","potentialAction":[{"@type":"ReadAction","target":["https:\/\/industria-de-la-conversion.ttemsa.com\/index.php\/fife\/bases-de-alineacion-de-orillap\/"]}]},{"@type":"BreadcrumbList","@id":"https:\/\/industria-de-la-conversion.ttemsa.com\/index.php\/fife\/bases-de-alineacion-de-orillap\/#breadcrumb","itemListElement":[{"@type":"ListItem","position":1,"name":"Inicio","item":"http:\/\/industria-de-la-conversion.ttemsa.com\/"},{"@type":"ListItem","position":2,"name":"FIFE","item":"http:\/\/industria-de-la-conversion.ttemsa.com\/index.php\/fife\/"},{"@type":"ListItem","position":3,"name":"Base de Alineaci\u00f3n de Orilla Intermedias OPG"}]},{"@type":"WebSite","@id":"http:\/\/industria-de-la-conversion.ttemsa.com\/#website","url":"http:\/\/industria-de-la-conversion.ttemsa.com\/","name":"industria-de-la-conversion.ttemsa","description":"Designed Dianalacazadora.com","potentialAction":[{"@type":"SearchAction","target":{"@type":"EntryPoint","urlTemplate":"http:\/\/industria-de-la-conversion.ttemsa.com\/?s={search_term_string}"},"query-input":"required name=search_term_string"}],"inLanguage":"es"}]}},"_links":{"self":[{"href":"https:\/\/industria-de-la-conversion.ttemsa.com\/index.php\/wp-json\/wp\/v2\/pages\/1510","targetHints":{"allow":["GET"]}}],"collection":[{"href":"https:\/\/industria-de-la-conversion.ttemsa.com\/index.php\/wp-json\/wp\/v2\/pages"}],"about":[{"href":"https:\/\/industria-de-la-conversion.ttemsa.com\/index.php\/wp-json\/wp\/v2\/types\/page"}],"author":[{"embeddable":true,"href":"https:\/\/industria-de-la-conversion.ttemsa.com\/index.php\/wp-json\/wp\/v2\/users\/1"}],"replies":[{"embeddable":true,"href":"https:\/\/industria-de-la-conversion.ttemsa.com\/index.php\/wp-json\/wp\/v2\/comments?post=1510"}],"version-history":[{"count":2,"href":"https:\/\/industria-de-la-conversion.ttemsa.com\/index.php\/wp-json\/wp\/v2\/pages\/1510\/revisions"}],"predecessor-version":[{"id":1964,"href":"https:\/\/industria-de-la-conversion.ttemsa.com\/index.php\/wp-json\/wp\/v2\/pages\/1510\/revisions\/1964"}],"up":[{"embeddable":true,"href":"https:\/\/industria-de-la-conversion.ttemsa.com\/index.php\/wp-json\/wp\/v2\/pages\/290"}],"wp:attachment":[{"href":"https:\/\/industria-de-la-conversion.ttemsa.com\/index.php\/wp-json\/wp\/v2\/media?parent=1510"}],"wp:term":[{"taxonomy":"category","embeddable":true,"href":"https:\/\/industria-de-la-conversion.ttemsa.com\/index.php\/wp-json\/wp\/v2\/categories?post=1510"},{"taxonomy":"post_tag","embeddable":true,"href":"https:\/\/industria-de-la-conversion.ttemsa.com\/index.php\/wp-json\/wp\/v2\/tags?post=1510"}],"curies":[{"name":"wp","href":"https:\/\/api.w.org\/{rel}","templated":true}]}}