{"id":1521,"date":"2024-03-01T19:43:51","date_gmt":"2024-03-01T19:43:51","guid":{"rendered":"https:\/\/industria-de-la-conversion.ttemsa.com\/index.php\/fife\/sistemas-de-alineacion-de-banda-base-de-alineacion-opg-fife-200-copy\/"},"modified":"2024-05-02T13:35:08","modified_gmt":"2024-05-02T13:35:08","slug":"91-fife-kamberollerp","status":"publish","type":"page","link":"https:\/\/industria-de-la-conversion.ttemsa.com\/index.php\/fife\/91-fife-kamberollerp\/","title":{"rendered":"Base de Alineaci\u00f3n KamberRoller de un solo Rodillo"},"content":{"rendered":"<div class=\"wp-block-image\">\n<figure class=\"aligncenter size-full is-resized\"><img loading=\"lazy\" decoding=\"async\" width=\"312\" height=\"193\" src=\"https:\/\/industria-de-la-conversion.ttemsa.com\/wp-content\/uploads\/2023\/12\/Kamberoller_print_0.jpg\" alt=\"\" class=\"wp-image-525\" style=\"width:500px;height:auto\" srcset=\"https:\/\/industria-de-la-conversion.ttemsa.com\/wp-content\/uploads\/2023\/12\/Kamberoller_print_0.jpg 312w, https:\/\/industria-de-la-conversion.ttemsa.com\/wp-content\/uploads\/2023\/12\/Kamberoller_print_0-300x186.jpg 300w\" sizes=\"auto, (max-width: 312px) 100vw, 312px\" \/><\/figure>\n<\/div>\n\n<div class=\"wp-block-image\">\n<figure class=\"aligncenter size-full is-resized\"><img loading=\"lazy\" decoding=\"async\" width=\"280\" height=\"165\" src=\"https:\/\/industria-de-la-conversion.ttemsa.com\/wp-content\/uploads\/2023\/12\/TidlandRoll-Saver2.png\" alt=\"\" class=\"wp-image-519\" style=\"width:221px;height:auto\"\/><\/figure>\n<\/div>\n\n\n<p>La innovadora gu\u00eda de direcci\u00f3n<strong>&nbsp;KAMBEROLLER\u00ae<\/strong>&nbsp;proporciona un posicionamiento de banda preciso al curvar la banda en un tramo de entrada largo.<\/p>\n\n\n\n<p><\/p>\n\n\n\n<p class=\"has-text-align-center\"><strong>Cont\u00e1ctenos para asistirlo en su aplicaci\u00f3n.<\/strong><\/p>\n","protected":false},"excerpt":{"rendered":"<p>La innovadora gu\u00eda de direcci\u00f3n&nbsp;KAMBEROLLER\u00ae&nbsp;proporciona un posicionamiento de banda preciso al curvar la banda en un tramo de entrada largo. Cont\u00e1ctenos para asistirlo en su aplicaci\u00f3n.<\/p>\n","protected":false},"author":1,"featured_media":0,"parent":290,"menu_order":0,"comment_status":"closed","ping_status":"closed","template":"","meta":{"footnotes":""},"categories":[15],"tags":[],"class_list":["post-1521","page","type-page","status-publish","hentry","category-fife-alineacion"],"yoast_head":"<!-- This site is optimized with the Yoast SEO plugin v22.1 - https:\/\/yoast.com\/wordpress\/plugins\/seo\/ -->\n<title>Base de Alineaci\u00f3n KamberRoller de un solo Rodillo - industria-de-la-conversion.ttemsa<\/title>\n<meta name=\"description\" content=\"La innovadora gu\u00eda de direcci\u00f3n KAMBEROLLER\u00ae proporciona un posicionamiento de banda preciso al curvar la banda en un tramo de entrada largo.\" \/>\n<meta name=\"robots\" content=\"index, follow, max-snippet:-1, max-image-preview:large, max-video-preview:-1\" \/>\n<link rel=\"canonical\" href=\"http:\/\/industria-de-la-conversion.ttemsa.com\/index.php\/fife\/91-fife-kamberollerp\/\" \/>\n<meta property=\"og:locale\" content=\"es_MX\" \/>\n<meta property=\"og:type\" content=\"article\" \/>\n<meta property=\"og:title\" content=\"Base de Alineaci\u00f3n KamberRoller de un solo Rodillo: La innovadora gu\u00eda de direcci\u00f3n KAMBEROLLER\u00ae proporciona un posicionamiento de banda preciso al curvar la banda en un tramo de entrada largo.\" \/>\n<meta property=\"og:description\" content=\"en ttemsa ofrecemos Soluciones. Solicite + info Tel\u00e9fonos: + 52 (55) 5352-0191 5352-1301 5352-6070 5352-0593\" \/>\n<meta property=\"og:url\" content=\"http:\/\/industria-de-la-conversion.ttemsa.com\/index.php\/fife\/91-fife-kamberollerp\/\" \/>\n<meta property=\"og:site_name\" content=\"industria-de-la-conversion.ttemsa\" \/>\n<meta property=\"article:modified_time\" content=\"2024-05-02T13:35:08+00:00\" \/>\n<meta property=\"og:image\" content=\"http:\/\/industria-de-la-conversion.ttemsa.com\/wp-content\/uploads\/2023\/12\/kamberroller.png\" \/>\n\t<meta property=\"og:image:width\" content=\"494\" \/>\n\t<meta property=\"og:image:height\" content=\"379\" \/>\n\t<meta property=\"og:image:type\" content=\"image\/png\" \/>\n<meta name=\"twitter:card\" content=\"summary_large_image\" \/>\n<meta name=\"twitter:label1\" content=\"Tiempo de lectura\" \/>\n\t<meta name=\"twitter:data1\" content=\"1 minuto\" \/>\n<script type=\"application\/ld+json\" class=\"yoast-schema-graph\">{\"@context\":\"https:\/\/schema.org\",\"@graph\":[{\"@type\":\"WebPage\",\"@id\":\"http:\/\/industria-de-la-conversion.ttemsa.com\/index.php\/fife\/91-fife-kamberollerp\/\",\"url\":\"http:\/\/industria-de-la-conversion.ttemsa.com\/index.php\/fife\/91-fife-kamberollerp\/\",\"name\":\"Base de Alineaci\u00f3n KamberRoller de un solo Rodillo - industria-de-la-conversion.ttemsa\",\"isPartOf\":{\"@id\":\"http:\/\/industria-de-la-conversion.ttemsa.com\/#website\"},\"datePublished\":\"2024-03-01T19:43:51+00:00\",\"dateModified\":\"2024-05-02T13:35:08+00:00\",\"description\":\"La innovadora gu\u00eda de direcci\u00f3n KAMBEROLLER\u00ae proporciona un posicionamiento de banda preciso al curvar la banda en un tramo de entrada largo.\",\"breadcrumb\":{\"@id\":\"http:\/\/industria-de-la-conversion.ttemsa.com\/index.php\/fife\/91-fife-kamberollerp\/#breadcrumb\"},\"inLanguage\":\"es\",\"potentialAction\":[{\"@type\":\"ReadAction\",\"target\":[\"http:\/\/industria-de-la-conversion.ttemsa.com\/index.php\/fife\/91-fife-kamberollerp\/\"]}]},{\"@type\":\"BreadcrumbList\",\"@id\":\"http:\/\/industria-de-la-conversion.ttemsa.com\/index.php\/fife\/91-fife-kamberollerp\/#breadcrumb\",\"itemListElement\":[{\"@type\":\"ListItem\",\"position\":1,\"name\":\"Inicio\",\"item\":\"http:\/\/industria-de-la-conversion.ttemsa.com\/\"},{\"@type\":\"ListItem\",\"position\":2,\"name\":\"FIFE\",\"item\":\"http:\/\/industria-de-la-conversion.ttemsa.com\/index.php\/fife\/\"},{\"@type\":\"ListItem\",\"position\":3,\"name\":\"Base de Alineaci\u00f3n KamberRoller de un solo Rodillo\"}]},{\"@type\":\"WebSite\",\"@id\":\"http:\/\/industria-de-la-conversion.ttemsa.com\/#website\",\"url\":\"http:\/\/industria-de-la-conversion.ttemsa.com\/\",\"name\":\"industria-de-la-conversion.ttemsa\",\"description\":\"Designed Dianalacazadora.com\",\"potentialAction\":[{\"@type\":\"SearchAction\",\"target\":{\"@type\":\"EntryPoint\",\"urlTemplate\":\"http:\/\/industria-de-la-conversion.ttemsa.com\/?s={search_term_string}\"},\"query-input\":\"required name=search_term_string\"}],\"inLanguage\":\"es\"}]}<\/script>\n<!-- \/ Yoast SEO plugin. -->","yoast_head_json":{"title":"Base de Alineaci\u00f3n KamberRoller de un solo Rodillo - industria-de-la-conversion.ttemsa","description":"La innovadora gu\u00eda de direcci\u00f3n KAMBEROLLER\u00ae proporciona un posicionamiento de banda preciso al curvar la banda en un tramo de entrada largo.","robots":{"index":"index","follow":"follow","max-snippet":"max-snippet:-1","max-image-preview":"max-image-preview:large","max-video-preview":"max-video-preview:-1"},"canonical":"http:\/\/industria-de-la-conversion.ttemsa.com\/index.php\/fife\/91-fife-kamberollerp\/","og_locale":"es_MX","og_type":"article","og_title":"Base de Alineaci\u00f3n KamberRoller de un solo Rodillo: La innovadora gu\u00eda de direcci\u00f3n KAMBEROLLER\u00ae proporciona un posicionamiento de banda preciso al curvar la banda en un tramo de entrada largo.","og_description":"en ttemsa ofrecemos Soluciones. Solicite + info Tel\u00e9fonos: + 52 (55) 5352-0191 5352-1301 5352-6070 5352-0593","og_url":"http:\/\/industria-de-la-conversion.ttemsa.com\/index.php\/fife\/91-fife-kamberollerp\/","og_site_name":"industria-de-la-conversion.ttemsa","article_modified_time":"2024-05-02T13:35:08+00:00","og_image":[{"width":494,"height":379,"url":"http:\/\/industria-de-la-conversion.ttemsa.com\/wp-content\/uploads\/2023\/12\/kamberroller.png","type":"image\/png"}],"twitter_card":"summary_large_image","twitter_misc":{"Tiempo de lectura":"1 minuto"},"schema":{"@context":"https:\/\/schema.org","@graph":[{"@type":"WebPage","@id":"http:\/\/industria-de-la-conversion.ttemsa.com\/index.php\/fife\/91-fife-kamberollerp\/","url":"http:\/\/industria-de-la-conversion.ttemsa.com\/index.php\/fife\/91-fife-kamberollerp\/","name":"Base de Alineaci\u00f3n KamberRoller de un solo Rodillo - industria-de-la-conversion.ttemsa","isPartOf":{"@id":"http:\/\/industria-de-la-conversion.ttemsa.com\/#website"},"datePublished":"2024-03-01T19:43:51+00:00","dateModified":"2024-05-02T13:35:08+00:00","description":"La innovadora gu\u00eda de direcci\u00f3n KAMBEROLLER\u00ae proporciona un posicionamiento de banda preciso al curvar la banda en un tramo de entrada largo.","breadcrumb":{"@id":"http:\/\/industria-de-la-conversion.ttemsa.com\/index.php\/fife\/91-fife-kamberollerp\/#breadcrumb"},"inLanguage":"es","potentialAction":[{"@type":"ReadAction","target":["http:\/\/industria-de-la-conversion.ttemsa.com\/index.php\/fife\/91-fife-kamberollerp\/"]}]},{"@type":"BreadcrumbList","@id":"http:\/\/industria-de-la-conversion.ttemsa.com\/index.php\/fife\/91-fife-kamberollerp\/#breadcrumb","itemListElement":[{"@type":"ListItem","position":1,"name":"Inicio","item":"http:\/\/industria-de-la-conversion.ttemsa.com\/"},{"@type":"ListItem","position":2,"name":"FIFE","item":"http:\/\/industria-de-la-conversion.ttemsa.com\/index.php\/fife\/"},{"@type":"ListItem","position":3,"name":"Base de Alineaci\u00f3n KamberRoller de un solo Rodillo"}]},{"@type":"WebSite","@id":"http:\/\/industria-de-la-conversion.ttemsa.com\/#website","url":"http:\/\/industria-de-la-conversion.ttemsa.com\/","name":"industria-de-la-conversion.ttemsa","description":"Designed Dianalacazadora.com","potentialAction":[{"@type":"SearchAction","target":{"@type":"EntryPoint","urlTemplate":"http:\/\/industria-de-la-conversion.ttemsa.com\/?s={search_term_string}"},"query-input":"required name=search_term_string"}],"inLanguage":"es"}]}},"_links":{"self":[{"href":"https:\/\/industria-de-la-conversion.ttemsa.com\/index.php\/wp-json\/wp\/v2\/pages\/1521","targetHints":{"allow":["GET"]}}],"collection":[{"href":"https:\/\/industria-de-la-conversion.ttemsa.com\/index.php\/wp-json\/wp\/v2\/pages"}],"about":[{"href":"https:\/\/industria-de-la-conversion.ttemsa.com\/index.php\/wp-json\/wp\/v2\/types\/page"}],"author":[{"embeddable":true,"href":"https:\/\/industria-de-la-conversion.ttemsa.com\/index.php\/wp-json\/wp\/v2\/users\/1"}],"replies":[{"embeddable":true,"href":"https:\/\/industria-de-la-conversion.ttemsa.com\/index.php\/wp-json\/wp\/v2\/comments?post=1521"}],"version-history":[{"count":4,"href":"https:\/\/industria-de-la-conversion.ttemsa.com\/index.php\/wp-json\/wp\/v2\/pages\/1521\/revisions"}],"predecessor-version":[{"id":3083,"href":"https:\/\/industria-de-la-conversion.ttemsa.com\/index.php\/wp-json\/wp\/v2\/pages\/1521\/revisions\/3083"}],"up":[{"embeddable":true,"href":"https:\/\/industria-de-la-conversion.ttemsa.com\/index.php\/wp-json\/wp\/v2\/pages\/290"}],"wp:attachment":[{"href":"https:\/\/industria-de-la-conversion.ttemsa.com\/index.php\/wp-json\/wp\/v2\/media?parent=1521"}],"wp:term":[{"taxonomy":"category","embeddable":true,"href":"https:\/\/industria-de-la-conversion.ttemsa.com\/index.php\/wp-json\/wp\/v2\/categories?post=1521"},{"taxonomy":"post_tag","embeddable":true,"href":"https:\/\/industria-de-la-conversion.ttemsa.com\/index.php\/wp-json\/wp\/v2\/tags?post=1521"}],"curies":[{"name":"wp","href":"https:\/\/api.w.org\/{rel}","templated":true}]}}