{"id":1527,"date":"2024-03-01T19:46:07","date_gmt":"2024-03-01T19:46:07","guid":{"rendered":"https:\/\/industria-de-la-conversion.ttemsa.com\/index.php\/fife\/descripcion-copy\/"},"modified":"2024-03-02T19:09:20","modified_gmt":"2024-03-02T19:09:20","slug":"aplicaciones-de-metalesp","status":"publish","type":"page","link":"https:\/\/industria-de-la-conversion.ttemsa.com\/index.php\/fife\/aplicaciones-de-metalesp\/","title":{"rendered":"APLICACIONES DE METALES"},"content":{"rendered":"\n<figure class=\"wp-block-image size-large is-resized\"><img loading=\"lazy\" decoding=\"async\" width=\"1024\" height=\"810\" src=\"https:\/\/industria-de-la-conversion.ttemsa.com\/wp-content\/uploads\/2024\/03\/1metal_offset-1024x810.jpg\" alt=\"\" class=\"wp-image-2016\" style=\"width:679px;height:auto\" srcset=\"https:\/\/industria-de-la-conversion.ttemsa.com\/wp-content\/uploads\/2024\/03\/1metal_offset-1024x810.jpg 1024w, https:\/\/industria-de-la-conversion.ttemsa.com\/wp-content\/uploads\/2024\/03\/1metal_offset-300x237.jpg 300w, https:\/\/industria-de-la-conversion.ttemsa.com\/wp-content\/uploads\/2024\/03\/1metal_offset-768x607.jpg 768w, https:\/\/industria-de-la-conversion.ttemsa.com\/wp-content\/uploads\/2024\/03\/1metal_offset.jpg 1385w\" sizes=\"auto, (max-width: 1024px) 100vw, 1024px\" \/><\/figure>\n\n\n\n<p>Los problemas en la forma de la banda pueden obligar a reducir las velocidades de la l\u00ednea y provocar da\u00f1os en los equipos.<\/p>\n\n\n\n<p>Con m\u00e1s de 70 a\u00f1os de experiencia pr\u00e1ctica, nuestros conocimientos son inigualables en lo que respecta a productos de manipulaci\u00f3n de bandas, aplicaciones, instalaci\u00f3n y personalizaci\u00f3n.\u00a0\u00a0<\/p>\n\n\n\n<hr class=\"wp-block-separator has-alpha-channel-opacity\"\/>\n\n\n\n<p><strong>Sistema de Guiado<\/strong><\/p>\n\n\n\n<figure class=\"wp-block-image size-full\"><img loading=\"lazy\" decoding=\"async\" width=\"690\" height=\"400\" src=\"https:\/\/industria-de-la-conversion.ttemsa.com\/wp-content\/uploads\/2024\/03\/A2.jpg\" alt=\"\" class=\"wp-image-2017\" srcset=\"https:\/\/industria-de-la-conversion.ttemsa.com\/wp-content\/uploads\/2024\/03\/A2.jpg 690w, https:\/\/industria-de-la-conversion.ttemsa.com\/wp-content\/uploads\/2024\/03\/A2-300x174.jpg 300w\" sizes=\"auto, (max-width: 690px) 100vw, 690px\" \/><\/figure>\n\n\n\n<p>Los sistemas de guiado Fife ayudan a garantizar un embobinado con una tensi\u00f3n uniforme cada vuelta.&nbsp; &nbsp;<\/p>\n\n\n\n<p>Un sensor de C\u00e1mara de diodos colocada en la entrada del rodillo deflector para alinear autom\u00e1ticamente el borde de la tira de bobinado y proporcionar bobinas rectas de borde.<\/p>\n\n\n\n<p>Debido a que el sensor DAC-0004, aumenta la vida \u00fatil del sistema de embobinado Bastidores Giratorios<\/p>\n\n\n\n<figure class=\"wp-block-image size-large\"><img loading=\"lazy\" decoding=\"async\" width=\"1024\" height=\"810\" src=\"https:\/\/industria-de-la-conversion.ttemsa.com\/wp-content\/uploads\/2024\/03\/1metal_offset-1-1024x810.jpg\" alt=\"\" class=\"wp-image-2018\" srcset=\"https:\/\/industria-de-la-conversion.ttemsa.com\/wp-content\/uploads\/2024\/03\/1metal_offset-1-1024x810.jpg 1024w, https:\/\/industria-de-la-conversion.ttemsa.com\/wp-content\/uploads\/2024\/03\/1metal_offset-1-300x237.jpg 300w, https:\/\/industria-de-la-conversion.ttemsa.com\/wp-content\/uploads\/2024\/03\/1metal_offset-1-768x607.jpg 768w, https:\/\/industria-de-la-conversion.ttemsa.com\/wp-content\/uploads\/2024\/03\/1metal_offset-1.jpg 1385w\" sizes=\"auto, (max-width: 1024px) 100vw, 1024px\" \/><\/figure>\n\n\n\n<p>GUIADO INTERMEDIO En busca del equilibrio din\u00e1mico, una l\u00e1mina tiende a seguir la perpendicular a cada rodillo y puede estar sujeta a factores de rigidez, estreses por distribuci\u00f3n, inercias, fricciones y variaciones en la distribuci\u00f3n de cargas.<\/p>\n\n\n\n<p>El sistema de guiado perfecto reduce y\/\u00f3 vence la mayor\u00eda de estos factores.<\/p>\n\n\n\n<p>Los sistemas de control de la empresa FIFE sirven tanto para centradores de banda como de detecci\u00f3n de bordes. La mayor\u00eda de los centradores de banda viene equipada con un sensor de centrado, no haciendo falta ning\u00fan ajuste en caso de variaciones del ancho de banda.<\/p>\n\n\n\n<p>GUIADO POR PIVOTE DESPLAZADOR<\/p>\n\n\n\n<p>Nuestros sistemas compactos de guiado de pivote desplazador est\u00e1n especialmente dise\u00f1ados para aplicaciones de centrado de banda y ajuste por los bordes, donde se requieren finos ajustes entre entradas y salidas de la banda.<\/p>\n\n\n\n<p>Estos dispositivos pueden ser, centrados, anulados \u00f3 posicionados manualmente para facilitar las operaciones de ajustes, paradas de emergencia y cambios de anchuras en la banda.<\/p>\n\n\n\n<ul class=\"wp-block-list\">\n<li>Sistema recomendado para entradas y salidas cortas entre rodillos.<\/li>\n\n\n\n<li>R\u00e1pido posicionamiento para bandas de hasta 2540mm y tensiones de hasta 448N.<\/li>\n\n\n\n<li>Precisa reacci\u00f3n de retroceso de los actuadores (el\u00e9ctricos y mec\u00e1nicos)<\/li>\n\n\n\n<li>Alta resistencia de la estructura que implica un bajo mantenimiento y una dura fiabilidad.<\/li>\n\n\n\n<li>F\u00e1cil y c\u00f3modo ajuste de la l\u00e1mina. &nbsp;<\/li>\n\n\n\n<li>Opcional servo centrador para aumentar la velocidad y el ajuste de la l\u00e1mina.<\/li>\n\n\n\n<li>Compatible con todos los dispositivos de FIFE.&nbsp;<\/li>\n<\/ul>\n\n\n\n<hr class=\"wp-block-separator has-alpha-channel-opacity\"\/>\n\n\n\n<p><strong>Kamberoller&nbsp;&nbsp;<\/strong><\/p>\n\n\n\n<p>GUIADO POR RODILLO COMBADO \u00d3 ESCENTRICO KAMBEROLLER<\/p>\n\n\n\n<figure class=\"wp-block-image size-full\"><img loading=\"lazy\" decoding=\"async\" width=\"1025\" height=\"564\" src=\"http:\/\/industria-de-la-conversion.ttemsa.com\/wp-content\/uploads\/2023\/12\/Base-Alineacion-KamberRoller-2-Rodillos.png\" alt=\"\" class=\"wp-image-538\" srcset=\"https:\/\/industria-de-la-conversion.ttemsa.com\/wp-content\/uploads\/2023\/12\/Base-Alineacion-KamberRoller-2-Rodillos.png 1025w, https:\/\/industria-de-la-conversion.ttemsa.com\/wp-content\/uploads\/2023\/12\/Base-Alineacion-KamberRoller-2-Rodillos-300x165.png 300w, https:\/\/industria-de-la-conversion.ttemsa.com\/wp-content\/uploads\/2023\/12\/Base-Alineacion-KamberRoller-2-Rodillos-768x423.png 768w\" sizes=\"auto, (max-width: 1025px) 100vw, 1025px\" \/><\/figure>\n\n\n\n<p>Este innovador sistema de guiado de banda nos da la posici\u00f3n precisa mediante movimiento laterales a trav\u00e9s de la longitud completa de la banda.<\/p>\n\n\n\n<p>Este sistema corrige errores transitorios, mientras que a la vez compensa los errores fijos. La longitud de entrada y capacidad de correcci\u00f3n de un KR, puede ser determinada mediante la f\u00f3rmula: Los KR han sido dise\u00f1ados por FIFE para las m\u00e1s diversas operaciones en la industria.<\/p>\n\n\n\n<p>Pueden trabajar con tensiones superiores a 448N y anchos de banda superiores a 2.540mm. Recomendado para guiado de bandas con amplias longitudes a la entrada de los rodillos.<\/p>\n\n\n\n<p>Ajustes de banda r\u00e1pidos y precisos.<\/p>\n\n\n\n<p>Alta resistencia de la estructura que implica un bajo mantenimiento y una dura fiabilidad.<\/p>\n\n\n\n<p>F\u00e1cil y c\u00f3modo ajuste de la l\u00e1mina. &nbsp;<\/p>\n\n\n\n<p>Opcional servo centrador para aumentar la velocidad y el ajuste de la l\u00e1mina.<\/p>\n\n\n\n<p>Compatible con todos los dispositivos de FIFE.<\/p>\n\n\n\n<p>Gran selecci\u00f3n de estructuras de montaje, soportes, sensores y controladores compatibles para asegurar una instalaci\u00f3n segura y r\u00e1pida.<\/p>\n\n\n\n<hr class=\"wp-block-separator has-alpha-channel-opacity\"\/>\n\n\n\n<figure class=\"wp-block-image size-full is-resized\"><img loading=\"lazy\" decoding=\"async\" width=\"432\" height=\"43\" src=\"https:\/\/industria-de-la-conversion.ttemsa.com\/wp-content\/uploads\/2024\/03\/dac.png\" alt=\"\" class=\"wp-image-2019\" style=\"width:469px;height:auto\" srcset=\"https:\/\/industria-de-la-conversion.ttemsa.com\/wp-content\/uploads\/2024\/03\/dac.png 432w, https:\/\/industria-de-la-conversion.ttemsa.com\/wp-content\/uploads\/2024\/03\/dac-300x30.png 300w\" sizes=\"auto, (max-width: 432px) 100vw, 432px\" \/><\/figure>\n\n\n\n<p><strong>Sensores de C\u00e1mara<\/strong><\/p>\n\n\n\n<p>El sensor-c\u00e1mara digital&nbsp;<strong>DAC-005<\/strong>&nbsp;es la soluci\u00f3n ideal para una amplia gama de detecci\u00f3n de materiales desde tela no tejida hasta acero. La c\u00e1mara utiliza un total de 7,725 pixeles y puede dividir el campo de visibilidad en 31 sub-\u00e1reas, creando sensores virtuales.<\/p>\n\n\n<div class=\"wp-block-image\">\n<figure class=\"alignleft size-full\"><img loading=\"lazy\" decoding=\"async\" width=\"317\" height=\"300\" src=\"https:\/\/industria-de-la-conversion.ttemsa.com\/wp-content\/uploads\/2024\/03\/dac1.png\" alt=\"\" class=\"wp-image-2020\" srcset=\"https:\/\/industria-de-la-conversion.ttemsa.com\/wp-content\/uploads\/2024\/03\/dac1.png 317w, https:\/\/industria-de-la-conversion.ttemsa.com\/wp-content\/uploads\/2024\/03\/dac1-300x284.png 300w\" sizes=\"auto, (max-width: 317px) 100vw, 317px\" \/><\/figure>\n<\/div>\n\n\n<p>Cada sensor virtual puede detectar un borde de 255<\/p>\n\n\n\n<p>En su dise\u00f1o compacto, cuenta con una fuente de iluminaci\u00f3n interna y diferentes tipos de montaje de lentes tipo \u201cC\u201d, permite la instalaci\u00f3n en espacios estrechos. Permite compatibilidad con versiones anteriores como los montajes de lentes tipo \u201cF\u201d.<\/p>\n\n\n\n<p>Este sensor digital ofrece alta resistencia a la contaminaci\u00f3n, part\u00edculas de polvo, aceite, vapor, y agua.<\/p>\n\n\n\n<p>Tambi\u00e9n cuenta con la caracter\u00edstica de conectarse v\u00eda an\u00e1loga o digital por medio de interfaces tipo \u201cfieldbus\u201d y se ejecuta para una variedad de aplicaciones variando desde sensores fijos para embobinado, centro de orilla, y gu\u00eda de l\u00ednea hasta medici\u00f3n de ancho de banda con una exactitud arriba de&nbsp;0.02%.&nbsp;<\/p>\n\n\n\n<p class=\"has-text-align-left\">El DAC-005se puede configurar f\u00e1cilmente con un D-MAX y un interfaz operador OI-N o una interfaz de operador mini&nbsp;OI-S.&nbsp;<\/p>\n\n\n\n<p>El sensor-c\u00e1mara digital\u00a0<strong>DAC-005<\/strong>\u00a0es la soluci\u00f3n ideal para una amplia gama de detecci\u00f3n de materiales desde tela no tejida hasta acero. La c\u00e1mara utiliza un total de 7,725 pixeles y puede dividir el campo de visibilidad en 31 sub-\u00e1reas, creando sensores virtuales.\u00a0<\/p>\n\n\n\n<p><\/p>\n","protected":false},"excerpt":{"rendered":"<p>Los problemas en la forma de la banda pueden obligar a reducir las velocidades de la l\u00ednea y provocar da\u00f1os en los equipos. Con m\u00e1s de 70 a\u00f1os de experiencia pr\u00e1ctica, nuestros conocimientos son inigualables en lo que respecta a productos de manipulaci\u00f3n de bandas, aplicaciones, instalaci\u00f3n y personalizaci\u00f3n.\u00a0\u00a0 Sistema de Guiado Los sistemas de [&hellip;]<\/p>\n","protected":false},"author":1,"featured_media":0,"parent":290,"menu_order":0,"comment_status":"closed","ping_status":"closed","template":"","meta":{"footnotes":""},"categories":[15],"tags":[],"class_list":["post-1527","page","type-page","status-publish","hentry","category-fife-alineacion"],"yoast_head":"<!-- This site is optimized with the Yoast SEO plugin v22.1 - https:\/\/yoast.com\/wordpress\/plugins\/seo\/ -->\n<title>APLICACIONES DE METALES - industria-de-la-conversion.ttemsa<\/title>\n<meta name=\"description\" content=\"En ttemsa ofrecemos soluciones para la industria en aplicaciones para metales en la industria Solicite + info Tel\u00e9fonos: + 52 (55) 5352-0191 5352-1301 5352-6070 5352-0593\" \/>\n<meta name=\"robots\" content=\"index, follow, max-snippet:-1, max-image-preview:large, max-video-preview:-1\" \/>\n<link rel=\"canonical\" href=\"https:\/\/industria-de-la-conversion.ttemsa.com\/index.php\/fife\/aplicaciones-de-metalesp\/\" \/>\n<meta property=\"og:locale\" content=\"es_MX\" \/>\n<meta property=\"og:type\" content=\"article\" \/>\n<meta property=\"og:title\" content=\"En ttemsa ofrecemos soluciones para la industria en aplicaciones para metales en la industria\" \/>\n<meta property=\"og:description\" content=\"Solicite + info Tel\u00e9fonos: + 52 (55) 5352-0191 5352-1301 5352-6070 5352-0593\" \/>\n<meta property=\"og:url\" content=\"https:\/\/industria-de-la-conversion.ttemsa.com\/index.php\/fife\/aplicaciones-de-metalesp\/\" \/>\n<meta property=\"og:site_name\" content=\"industria-de-la-conversion.ttemsa\" \/>\n<meta property=\"article:modified_time\" content=\"2024-03-02T19:09:20+00:00\" \/>\n<meta property=\"og:image\" content=\"https:\/\/industria-de-la-conversion.ttemsa.com\/wp-content\/uploads\/2024\/03\/dac1.png\" \/>\n\t<meta property=\"og:image:width\" content=\"317\" \/>\n\t<meta property=\"og:image:height\" content=\"300\" \/>\n\t<meta property=\"og:image:type\" content=\"image\/png\" \/>\n<meta name=\"twitter:card\" content=\"summary_large_image\" \/>\n<meta name=\"twitter:label1\" content=\"Tiempo de lectura\" \/>\n\t<meta name=\"twitter:data1\" content=\"5 minutos\" \/>\n<script type=\"application\/ld+json\" class=\"yoast-schema-graph\">{\"@context\":\"https:\/\/schema.org\",\"@graph\":[{\"@type\":\"WebPage\",\"@id\":\"https:\/\/industria-de-la-conversion.ttemsa.com\/index.php\/fife\/aplicaciones-de-metalesp\/\",\"url\":\"https:\/\/industria-de-la-conversion.ttemsa.com\/index.php\/fife\/aplicaciones-de-metalesp\/\",\"name\":\"APLICACIONES DE METALES - industria-de-la-conversion.ttemsa\",\"isPartOf\":{\"@id\":\"http:\/\/industria-de-la-conversion.ttemsa.com\/#website\"},\"datePublished\":\"2024-03-01T19:46:07+00:00\",\"dateModified\":\"2024-03-02T19:09:20+00:00\",\"description\":\"En ttemsa ofrecemos soluciones para la industria en aplicaciones para metales en la industria Solicite + info Tel\u00e9fonos: + 52 (55) 5352-0191 5352-1301 5352-6070 5352-0593\",\"breadcrumb\":{\"@id\":\"https:\/\/industria-de-la-conversion.ttemsa.com\/index.php\/fife\/aplicaciones-de-metalesp\/#breadcrumb\"},\"inLanguage\":\"es\",\"potentialAction\":[{\"@type\":\"ReadAction\",\"target\":[\"https:\/\/industria-de-la-conversion.ttemsa.com\/index.php\/fife\/aplicaciones-de-metalesp\/\"]}]},{\"@type\":\"BreadcrumbList\",\"@id\":\"https:\/\/industria-de-la-conversion.ttemsa.com\/index.php\/fife\/aplicaciones-de-metalesp\/#breadcrumb\",\"itemListElement\":[{\"@type\":\"ListItem\",\"position\":1,\"name\":\"Inicio\",\"item\":\"http:\/\/industria-de-la-conversion.ttemsa.com\/\"},{\"@type\":\"ListItem\",\"position\":2,\"name\":\"FIFE\",\"item\":\"http:\/\/industria-de-la-conversion.ttemsa.com\/index.php\/fife\/\"},{\"@type\":\"ListItem\",\"position\":3,\"name\":\"APLICACIONES DE METALES\"}]},{\"@type\":\"WebSite\",\"@id\":\"http:\/\/industria-de-la-conversion.ttemsa.com\/#website\",\"url\":\"http:\/\/industria-de-la-conversion.ttemsa.com\/\",\"name\":\"industria-de-la-conversion.ttemsa\",\"description\":\"Designed Dianalacazadora.com\",\"potentialAction\":[{\"@type\":\"SearchAction\",\"target\":{\"@type\":\"EntryPoint\",\"urlTemplate\":\"http:\/\/industria-de-la-conversion.ttemsa.com\/?s={search_term_string}\"},\"query-input\":\"required name=search_term_string\"}],\"inLanguage\":\"es\"}]}<\/script>\n<!-- \/ Yoast SEO plugin. -->","yoast_head_json":{"title":"APLICACIONES DE METALES - industria-de-la-conversion.ttemsa","description":"En ttemsa ofrecemos soluciones para la industria en aplicaciones para metales en la industria Solicite + info Tel\u00e9fonos: + 52 (55) 5352-0191 5352-1301 5352-6070 5352-0593","robots":{"index":"index","follow":"follow","max-snippet":"max-snippet:-1","max-image-preview":"max-image-preview:large","max-video-preview":"max-video-preview:-1"},"canonical":"https:\/\/industria-de-la-conversion.ttemsa.com\/index.php\/fife\/aplicaciones-de-metalesp\/","og_locale":"es_MX","og_type":"article","og_title":"En ttemsa ofrecemos soluciones para la industria en aplicaciones para metales en la industria","og_description":"Solicite + info Tel\u00e9fonos: + 52 (55) 5352-0191 5352-1301 5352-6070 5352-0593","og_url":"https:\/\/industria-de-la-conversion.ttemsa.com\/index.php\/fife\/aplicaciones-de-metalesp\/","og_site_name":"industria-de-la-conversion.ttemsa","article_modified_time":"2024-03-02T19:09:20+00:00","og_image":[{"width":317,"height":300,"url":"https:\/\/industria-de-la-conversion.ttemsa.com\/wp-content\/uploads\/2024\/03\/dac1.png","type":"image\/png"}],"twitter_card":"summary_large_image","twitter_misc":{"Tiempo de lectura":"5 minutos"},"schema":{"@context":"https:\/\/schema.org","@graph":[{"@type":"WebPage","@id":"https:\/\/industria-de-la-conversion.ttemsa.com\/index.php\/fife\/aplicaciones-de-metalesp\/","url":"https:\/\/industria-de-la-conversion.ttemsa.com\/index.php\/fife\/aplicaciones-de-metalesp\/","name":"APLICACIONES DE METALES - industria-de-la-conversion.ttemsa","isPartOf":{"@id":"http:\/\/industria-de-la-conversion.ttemsa.com\/#website"},"datePublished":"2024-03-01T19:46:07+00:00","dateModified":"2024-03-02T19:09:20+00:00","description":"En ttemsa ofrecemos soluciones para la industria en aplicaciones para metales en la industria Solicite + info Tel\u00e9fonos: + 52 (55) 5352-0191 5352-1301 5352-6070 5352-0593","breadcrumb":{"@id":"https:\/\/industria-de-la-conversion.ttemsa.com\/index.php\/fife\/aplicaciones-de-metalesp\/#breadcrumb"},"inLanguage":"es","potentialAction":[{"@type":"ReadAction","target":["https:\/\/industria-de-la-conversion.ttemsa.com\/index.php\/fife\/aplicaciones-de-metalesp\/"]}]},{"@type":"BreadcrumbList","@id":"https:\/\/industria-de-la-conversion.ttemsa.com\/index.php\/fife\/aplicaciones-de-metalesp\/#breadcrumb","itemListElement":[{"@type":"ListItem","position":1,"name":"Inicio","item":"http:\/\/industria-de-la-conversion.ttemsa.com\/"},{"@type":"ListItem","position":2,"name":"FIFE","item":"http:\/\/industria-de-la-conversion.ttemsa.com\/index.php\/fife\/"},{"@type":"ListItem","position":3,"name":"APLICACIONES DE METALES"}]},{"@type":"WebSite","@id":"http:\/\/industria-de-la-conversion.ttemsa.com\/#website","url":"http:\/\/industria-de-la-conversion.ttemsa.com\/","name":"industria-de-la-conversion.ttemsa","description":"Designed Dianalacazadora.com","potentialAction":[{"@type":"SearchAction","target":{"@type":"EntryPoint","urlTemplate":"http:\/\/industria-de-la-conversion.ttemsa.com\/?s={search_term_string}"},"query-input":"required name=search_term_string"}],"inLanguage":"es"}]}},"_links":{"self":[{"href":"https:\/\/industria-de-la-conversion.ttemsa.com\/index.php\/wp-json\/wp\/v2\/pages\/1527","targetHints":{"allow":["GET"]}}],"collection":[{"href":"https:\/\/industria-de-la-conversion.ttemsa.com\/index.php\/wp-json\/wp\/v2\/pages"}],"about":[{"href":"https:\/\/industria-de-la-conversion.ttemsa.com\/index.php\/wp-json\/wp\/v2\/types\/page"}],"author":[{"embeddable":true,"href":"https:\/\/industria-de-la-conversion.ttemsa.com\/index.php\/wp-json\/wp\/v2\/users\/1"}],"replies":[{"embeddable":true,"href":"https:\/\/industria-de-la-conversion.ttemsa.com\/index.php\/wp-json\/wp\/v2\/comments?post=1527"}],"version-history":[{"count":2,"href":"https:\/\/industria-de-la-conversion.ttemsa.com\/index.php\/wp-json\/wp\/v2\/pages\/1527\/revisions"}],"predecessor-version":[{"id":2021,"href":"https:\/\/industria-de-la-conversion.ttemsa.com\/index.php\/wp-json\/wp\/v2\/pages\/1527\/revisions\/2021"}],"up":[{"embeddable":true,"href":"https:\/\/industria-de-la-conversion.ttemsa.com\/index.php\/wp-json\/wp\/v2\/pages\/290"}],"wp:attachment":[{"href":"https:\/\/industria-de-la-conversion.ttemsa.com\/index.php\/wp-json\/wp\/v2\/media?parent=1527"}],"wp:term":[{"taxonomy":"category","embeddable":true,"href":"https:\/\/industria-de-la-conversion.ttemsa.com\/index.php\/wp-json\/wp\/v2\/categories?post=1527"},{"taxonomy":"post_tag","embeddable":true,"href":"https:\/\/industria-de-la-conversion.ttemsa.com\/index.php\/wp-json\/wp\/v2\/tags?post=1527"}],"curies":[{"name":"wp","href":"https:\/\/api.w.org\/{rel}","templated":true}]}}