{"id":1529,"date":"2024-03-01T19:46:46","date_gmt":"2024-03-01T19:46:46","guid":{"rendered":"https:\/\/industria-de-la-conversion.ttemsa.com\/index.php\/fife\/sistemas-de-alineacion-de-banda-base-de-alineacion-opg-fife-200-copy\/"},"modified":"2024-05-02T14:24:44","modified_gmt":"2024-05-02T14:24:44","slug":"productos-para-la-industria-de-metales","status":"publish","type":"page","link":"https:\/\/industria-de-la-conversion.ttemsa.com\/index.php\/fife\/productos-para-la-industria-de-metales\/","title":{"rendered":"PRODUCTOS PARA LA INDUSTRIA DE METALES"},"content":{"rendered":"<div class=\"wp-block-image\">\n<figure class=\"aligncenter size-full\"><img loading=\"lazy\" decoding=\"async\" width=\"499\" height=\"666\" src=\"https:\/\/industria-de-la-conversion.ttemsa.com\/wp-content\/uploads\/2024\/03\/p1.jpg\" alt=\"\" class=\"wp-image-2045\" srcset=\"https:\/\/industria-de-la-conversion.ttemsa.com\/wp-content\/uploads\/2024\/03\/p1.jpg 499w, https:\/\/industria-de-la-conversion.ttemsa.com\/wp-content\/uploads\/2024\/03\/p1-225x300.jpg 225w\" sizes=\"auto, (max-width: 499px) 100vw, 499px\" \/><\/figure>\n<\/div>\n\n\n<p>Los rodillos de vac\u00edo Webex son ideales para: Transportar bandas con recubrimiento o adhesivo en un lado Controlar bandas de material sensitivo, como pel\u00edcula \u00f3ptica Posicionamiento de la banda y control a alta velocidad Estabilizaci\u00f3n y manejo de bandas a baja velocidad Bandas que requieren tensionarse sin usar rodillos de presi\u00f3n Remplazo de rodillos de presi\u00f3n o rodillos en S, mejorando seguridad y reduciendo desperdicio.<\/p>\n\n\n\n<figure class=\"wp-block-image size-full\"><img loading=\"lazy\" decoding=\"async\" width=\"666\" height=\"499\" src=\"https:\/\/industria-de-la-conversion.ttemsa.com\/wp-content\/uploads\/2024\/03\/p3.jpg\" alt=\"\" class=\"wp-image-2046\" srcset=\"https:\/\/industria-de-la-conversion.ttemsa.com\/wp-content\/uploads\/2024\/03\/p3.jpg 666w, https:\/\/industria-de-la-conversion.ttemsa.com\/wp-content\/uploads\/2024\/03\/p3-300x225.jpg 300w\" sizes=\"auto, (max-width: 666px) 100vw, 666px\" \/><\/figure>\n\n\n\n<p><strong>Controles:<\/strong>&nbsp;Una amplia gama de opciones de control est\u00e1n disponibles para satisfacer sus necesidades.Robustos controladores digitales de gu\u00eda de banda utilizando tecnolog\u00eda probada para controlar y ajustar la ubicaci\u00f3n de la banda. Controladores l\u00f3gicos est\u00e1n dise\u00f1ados para integrarse en los controles existentes y cumplir con las normas existentes de la planta.<\/p>\n\n\n\n<p><strong>Sensores:<\/strong>&nbsp;&nbsp;Fife tiene un sensor para adaptarse a cualquier aplicaci\u00f3n y presupuesto de las actualizaciones del sistema a las l\u00edneas de marca nuevo proceso.Usted tiene muchas opciones para cada aplicaci\u00f3n, dependiendo de factores tales como la precisi\u00f3n, materiales y medio ambiente.<\/p>\n\n\n\n<figure class=\"wp-block-image size-full\"><img loading=\"lazy\" decoding=\"async\" width=\"960\" height=\"692\" src=\"https:\/\/industria-de-la-conversion.ttemsa.com\/wp-content\/uploads\/2024\/03\/p4.jpg\" alt=\"\" class=\"wp-image-2048\" srcset=\"https:\/\/industria-de-la-conversion.ttemsa.com\/wp-content\/uploads\/2024\/03\/p4.jpg 960w, https:\/\/industria-de-la-conversion.ttemsa.com\/wp-content\/uploads\/2024\/03\/p4-300x216.jpg 300w, https:\/\/industria-de-la-conversion.ttemsa.com\/wp-content\/uploads\/2024\/03\/p4-768x554.jpg 768w\" sizes=\"auto, (max-width: 960px) 100vw, 960px\" \/><\/figure>\n\n\n\n<p><strong>Power Units:<\/strong>&nbsp;Unidades Fife compactas y robustas, de requerir la menor cantidad de espacio en el suelo, sin embargo, puede proporcionar energ\u00eda suficiente para una o m\u00e1s aplicaciones separadas. Estos sistemas de respuesta son f\u00e1ciles de operar y el dise\u00f1o de succi\u00f3n inundada proporciona una larga vida de la bomba.<\/p>\n\n\n\n<p><strong>Estructuras de guiado<\/strong>: Fife asegura que su estructura de gu\u00eda todo est\u00e9 bien dise\u00f1ado para las variables de la l\u00ednea.<\/p>\n","protected":false},"excerpt":{"rendered":"<p>Los rodillos de vac\u00edo Webex son ideales para: Transportar bandas con recubrimiento o adhesivo en un lado Controlar bandas de material sensitivo, como pel\u00edcula \u00f3ptica Posicionamiento de la banda y control a alta velocidad Estabilizaci\u00f3n y manejo de bandas a baja velocidad Bandas que requieren tensionarse sin usar rodillos de presi\u00f3n Remplazo de rodillos de [&hellip;]<\/p>\n","protected":false},"author":1,"featured_media":0,"parent":290,"menu_order":0,"comment_status":"closed","ping_status":"closed","template":"","meta":{"footnotes":""},"categories":[15],"tags":[],"class_list":["post-1529","page","type-page","status-publish","hentry","category-fife-alineacion"],"yoast_head":"<!-- This site is optimized with the Yoast SEO plugin v22.1 - https:\/\/yoast.com\/wordpress\/plugins\/seo\/ -->\n<title>PRODUCTOS PARA LA INDUSTRIA DE METALES - industria-de-la-conversion.ttemsa<\/title>\n<meta name=\"description\" content=\"Los rodillos de vac\u00edo Webex son ideales para: Transportar bandas con recubrimiento o adhesivo en un lado Controlar bandas de material sensitivo, como pel\u00edcula \u00f3ptica Posicionamiento de la banda y control a alta velocidad Estabilizaci\u00f3n\" \/>\n<meta name=\"robots\" content=\"index, follow, max-snippet:-1, max-image-preview:large, max-video-preview:-1\" \/>\n<link rel=\"canonical\" href=\"http:\/\/industria-de-la-conversion.ttemsa.com\/index.php\/fife\/productos-para-la-industria-de-metales\/\" \/>\n<meta property=\"og:locale\" content=\"es_MX\" \/>\n<meta property=\"og:type\" content=\"article\" \/>\n<meta property=\"og:title\" content=\"PRODUCTOS PARA LA INDUSTRIA DE METALES\" \/>\n<meta property=\"og:description\" content=\"en ttemsa ofrecemos Soluciones. Solicite + info Tel\u00e9fonos: + 52 (55) 5352-0191 5352-1301 5352-6070 5352-0593\" \/>\n<meta property=\"og:url\" content=\"http:\/\/industria-de-la-conversion.ttemsa.com\/index.php\/fife\/productos-para-la-industria-de-metales\/\" \/>\n<meta property=\"og:site_name\" content=\"industria-de-la-conversion.ttemsa\" \/>\n<meta property=\"article:modified_time\" content=\"2024-05-02T14:24:44+00:00\" \/>\n<meta property=\"og:image\" content=\"http:\/\/industria-de-la-conversion.ttemsa.com\/wp-content\/uploads\/2024\/03\/p3.jpg\" \/>\n\t<meta property=\"og:image:width\" content=\"666\" \/>\n\t<meta property=\"og:image:height\" content=\"499\" \/>\n\t<meta property=\"og:image:type\" content=\"image\/jpeg\" \/>\n<meta name=\"twitter:card\" content=\"summary_large_image\" \/>\n<meta name=\"twitter:label1\" content=\"Tiempo de lectura\" \/>\n\t<meta name=\"twitter:data1\" content=\"2 minutos\" \/>\n<script type=\"application\/ld+json\" class=\"yoast-schema-graph\">{\"@context\":\"https:\/\/schema.org\",\"@graph\":[{\"@type\":\"WebPage\",\"@id\":\"http:\/\/industria-de-la-conversion.ttemsa.com\/index.php\/fife\/productos-para-la-industria-de-metales\/\",\"url\":\"http:\/\/industria-de-la-conversion.ttemsa.com\/index.php\/fife\/productos-para-la-industria-de-metales\/\",\"name\":\"PRODUCTOS PARA LA INDUSTRIA DE METALES - industria-de-la-conversion.ttemsa\",\"isPartOf\":{\"@id\":\"http:\/\/industria-de-la-conversion.ttemsa.com\/#website\"},\"datePublished\":\"2024-03-01T19:46:46+00:00\",\"dateModified\":\"2024-05-02T14:24:44+00:00\",\"description\":\"Los rodillos de vac\u00edo Webex son ideales para: Transportar bandas con recubrimiento o adhesivo en un lado Controlar bandas de material sensitivo, como pel\u00edcula \u00f3ptica Posicionamiento de la banda y control a alta velocidad Estabilizaci\u00f3n\",\"breadcrumb\":{\"@id\":\"http:\/\/industria-de-la-conversion.ttemsa.com\/index.php\/fife\/productos-para-la-industria-de-metales\/#breadcrumb\"},\"inLanguage\":\"es\",\"potentialAction\":[{\"@type\":\"ReadAction\",\"target\":[\"http:\/\/industria-de-la-conversion.ttemsa.com\/index.php\/fife\/productos-para-la-industria-de-metales\/\"]}]},{\"@type\":\"BreadcrumbList\",\"@id\":\"http:\/\/industria-de-la-conversion.ttemsa.com\/index.php\/fife\/productos-para-la-industria-de-metales\/#breadcrumb\",\"itemListElement\":[{\"@type\":\"ListItem\",\"position\":1,\"name\":\"Inicio\",\"item\":\"http:\/\/industria-de-la-conversion.ttemsa.com\/\"},{\"@type\":\"ListItem\",\"position\":2,\"name\":\"FIFE\",\"item\":\"http:\/\/industria-de-la-conversion.ttemsa.com\/index.php\/fife\/\"},{\"@type\":\"ListItem\",\"position\":3,\"name\":\"PRODUCTOS PARA LA INDUSTRIA DE METALES\"}]},{\"@type\":\"WebSite\",\"@id\":\"http:\/\/industria-de-la-conversion.ttemsa.com\/#website\",\"url\":\"http:\/\/industria-de-la-conversion.ttemsa.com\/\",\"name\":\"industria-de-la-conversion.ttemsa\",\"description\":\"Designed Dianalacazadora.com\",\"potentialAction\":[{\"@type\":\"SearchAction\",\"target\":{\"@type\":\"EntryPoint\",\"urlTemplate\":\"http:\/\/industria-de-la-conversion.ttemsa.com\/?s={search_term_string}\"},\"query-input\":\"required name=search_term_string\"}],\"inLanguage\":\"es\"}]}<\/script>\n<!-- \/ Yoast SEO plugin. -->","yoast_head_json":{"title":"PRODUCTOS PARA LA INDUSTRIA DE METALES - industria-de-la-conversion.ttemsa","description":"Los rodillos de vac\u00edo Webex son ideales para: Transportar bandas con recubrimiento o adhesivo en un lado Controlar bandas de material sensitivo, como pel\u00edcula \u00f3ptica Posicionamiento de la banda y control a alta velocidad Estabilizaci\u00f3n","robots":{"index":"index","follow":"follow","max-snippet":"max-snippet:-1","max-image-preview":"max-image-preview:large","max-video-preview":"max-video-preview:-1"},"canonical":"http:\/\/industria-de-la-conversion.ttemsa.com\/index.php\/fife\/productos-para-la-industria-de-metales\/","og_locale":"es_MX","og_type":"article","og_title":"PRODUCTOS PARA LA INDUSTRIA DE METALES","og_description":"en ttemsa ofrecemos Soluciones. Solicite + info Tel\u00e9fonos: + 52 (55) 5352-0191 5352-1301 5352-6070 5352-0593","og_url":"http:\/\/industria-de-la-conversion.ttemsa.com\/index.php\/fife\/productos-para-la-industria-de-metales\/","og_site_name":"industria-de-la-conversion.ttemsa","article_modified_time":"2024-05-02T14:24:44+00:00","og_image":[{"width":666,"height":499,"url":"http:\/\/industria-de-la-conversion.ttemsa.com\/wp-content\/uploads\/2024\/03\/p3.jpg","type":"image\/jpeg"}],"twitter_card":"summary_large_image","twitter_misc":{"Tiempo de lectura":"2 minutos"},"schema":{"@context":"https:\/\/schema.org","@graph":[{"@type":"WebPage","@id":"http:\/\/industria-de-la-conversion.ttemsa.com\/index.php\/fife\/productos-para-la-industria-de-metales\/","url":"http:\/\/industria-de-la-conversion.ttemsa.com\/index.php\/fife\/productos-para-la-industria-de-metales\/","name":"PRODUCTOS PARA LA INDUSTRIA DE METALES - industria-de-la-conversion.ttemsa","isPartOf":{"@id":"http:\/\/industria-de-la-conversion.ttemsa.com\/#website"},"datePublished":"2024-03-01T19:46:46+00:00","dateModified":"2024-05-02T14:24:44+00:00","description":"Los rodillos de vac\u00edo Webex son ideales para: Transportar bandas con recubrimiento o adhesivo en un lado Controlar bandas de material sensitivo, como pel\u00edcula \u00f3ptica Posicionamiento de la banda y control a alta velocidad Estabilizaci\u00f3n","breadcrumb":{"@id":"http:\/\/industria-de-la-conversion.ttemsa.com\/index.php\/fife\/productos-para-la-industria-de-metales\/#breadcrumb"},"inLanguage":"es","potentialAction":[{"@type":"ReadAction","target":["http:\/\/industria-de-la-conversion.ttemsa.com\/index.php\/fife\/productos-para-la-industria-de-metales\/"]}]},{"@type":"BreadcrumbList","@id":"http:\/\/industria-de-la-conversion.ttemsa.com\/index.php\/fife\/productos-para-la-industria-de-metales\/#breadcrumb","itemListElement":[{"@type":"ListItem","position":1,"name":"Inicio","item":"http:\/\/industria-de-la-conversion.ttemsa.com\/"},{"@type":"ListItem","position":2,"name":"FIFE","item":"http:\/\/industria-de-la-conversion.ttemsa.com\/index.php\/fife\/"},{"@type":"ListItem","position":3,"name":"PRODUCTOS PARA LA INDUSTRIA DE METALES"}]},{"@type":"WebSite","@id":"http:\/\/industria-de-la-conversion.ttemsa.com\/#website","url":"http:\/\/industria-de-la-conversion.ttemsa.com\/","name":"industria-de-la-conversion.ttemsa","description":"Designed Dianalacazadora.com","potentialAction":[{"@type":"SearchAction","target":{"@type":"EntryPoint","urlTemplate":"http:\/\/industria-de-la-conversion.ttemsa.com\/?s={search_term_string}"},"query-input":"required name=search_term_string"}],"inLanguage":"es"}]}},"_links":{"self":[{"href":"https:\/\/industria-de-la-conversion.ttemsa.com\/index.php\/wp-json\/wp\/v2\/pages\/1529","targetHints":{"allow":["GET"]}}],"collection":[{"href":"https:\/\/industria-de-la-conversion.ttemsa.com\/index.php\/wp-json\/wp\/v2\/pages"}],"about":[{"href":"https:\/\/industria-de-la-conversion.ttemsa.com\/index.php\/wp-json\/wp\/v2\/types\/page"}],"author":[{"embeddable":true,"href":"https:\/\/industria-de-la-conversion.ttemsa.com\/index.php\/wp-json\/wp\/v2\/users\/1"}],"replies":[{"embeddable":true,"href":"https:\/\/industria-de-la-conversion.ttemsa.com\/index.php\/wp-json\/wp\/v2\/comments?post=1529"}],"version-history":[{"count":3,"href":"https:\/\/industria-de-la-conversion.ttemsa.com\/index.php\/wp-json\/wp\/v2\/pages\/1529\/revisions"}],"predecessor-version":[{"id":3088,"href":"https:\/\/industria-de-la-conversion.ttemsa.com\/index.php\/wp-json\/wp\/v2\/pages\/1529\/revisions\/3088"}],"up":[{"embeddable":true,"href":"https:\/\/industria-de-la-conversion.ttemsa.com\/index.php\/wp-json\/wp\/v2\/pages\/290"}],"wp:attachment":[{"href":"https:\/\/industria-de-la-conversion.ttemsa.com\/index.php\/wp-json\/wp\/v2\/media?parent=1529"}],"wp:term":[{"taxonomy":"category","embeddable":true,"href":"https:\/\/industria-de-la-conversion.ttemsa.com\/index.php\/wp-json\/wp\/v2\/categories?post=1529"},{"taxonomy":"post_tag","embeddable":true,"href":"https:\/\/industria-de-la-conversion.ttemsa.com\/index.php\/wp-json\/wp\/v2\/tags?post=1529"}],"curies":[{"name":"wp","href":"https:\/\/api.w.org\/{rel}","templated":true}]}}