{"id":1557,"date":"2024-03-01T20:01:32","date_gmt":"2024-03-01T20:01:32","guid":{"rendered":"https:\/\/industria-de-la-conversion.ttemsa.com\/index.php\/tidland-copy\/"},"modified":"2024-03-02T21:28:08","modified_gmt":"2024-03-02T21:28:08","slug":"catalogo-general-flechas","status":"publish","type":"page","link":"https:\/\/industria-de-la-conversion.ttemsa.com\/index.php\/tidland\/catalogo-general-flechas\/","title":{"rendered":"Cat\u00e1logo General Flechas"},"content":{"rendered":"<div class=\"wp-block-image\">\n<figure class=\"aligncenter size-full is-resized\"><img loading=\"lazy\" decoding=\"async\" width=\"812\" height=\"855\" src=\"http:\/\/industria-de-la-conversion.ttemsa.com\/wp-content\/uploads\/2024\/03\/catflechas.png\" alt=\"\" class=\"wp-image-2146\" style=\"width:847px;height:auto\" srcset=\"https:\/\/industria-de-la-conversion.ttemsa.com\/wp-content\/uploads\/2024\/03\/catflechas.png 812w, https:\/\/industria-de-la-conversion.ttemsa.com\/wp-content\/uploads\/2024\/03\/catflechas-285x300.png 285w, https:\/\/industria-de-la-conversion.ttemsa.com\/wp-content\/uploads\/2024\/03\/catflechas-768x809.png 768w\" sizes=\"auto, (max-width: 812px) 100vw, 812px\" \/><\/figure>\n<\/div>\n\n\n<p class=\"has-text-align-center\">Soluciones de embobinado: Ejes expansibles, Neum\u00e1ticos, inflables Ejes, Chuks y accesorios para manejo de bandas<\/p>\n\n\n<div class=\"wp-block-image\">\n<figure class=\"aligncenter size-full\"><a href=\"https:\/\/ttemsa.com\/industria\/pdf\/TIDLAND\/Tidland-Flechas-Catalogo2019LOW.pdf\" target=\"_blank\" rel=\"noreferrer noopener\"><img loading=\"lazy\" decoding=\"async\" width=\"70\" height=\"70\" src=\"http:\/\/industria-de-la-conversion.ttemsa.com\/wp-content\/uploads\/2023\/12\/pdf-1.png\" alt=\"\" class=\"wp-image-1133\"\/><\/a><\/figure>\n<\/div>\n\n\n<p class=\"has-text-align-center\"><a href=\"https:\/\/ttemsa.com\/industria\/pdf\/TIDLAND\/Tidland-Flechas-Catalogo2019LOW.pdf\" target=\"_blank\" rel=\"noreferrer noopener\">Ver Cat\u00e1logo<\/a><\/p>\n","protected":false},"excerpt":{"rendered":"<p>Soluciones de embobinado: Ejes expansibles, Neum\u00e1ticos, inflables Ejes, Chuks y accesorios para manejo de bandas Ver Cat\u00e1logo<\/p>\n","protected":false},"author":1,"featured_media":0,"parent":302,"menu_order":0,"comment_status":"closed","ping_status":"closed","template":"","meta":{"footnotes":""},"categories":[16],"tags":[],"class_list":["post-1557","page","type-page","status-publish","hentry","category-tidland"],"yoast_head":"<!-- This site is optimized with the Yoast SEO plugin v22.1 - https:\/\/yoast.com\/wordpress\/plugins\/seo\/ -->\n<title>Cat\u00e1logo General Flechas - industria-de-la-conversion.ttemsa<\/title>\n<meta name=\"description\" content=\"Cat\u00e1logo Flechas Soluciones de embobinado: Ejes expansibles, Neum\u00e1ticos, inflablesEjes, Chuks y accesorios para manejo de bandas. En ttemsa ofrecemos Soluciones. Solicite + info Tel\u00e9fonos: + 52 (55) 5352-0191 5352-1301 5352-6070 5352-0593\" \/>\n<meta name=\"robots\" content=\"index, follow, max-snippet:-1, max-image-preview:large, max-video-preview:-1\" \/>\n<link rel=\"canonical\" href=\"http:\/\/industria-de-la-conversion.ttemsa.com\/index.php\/tidland\/catalogo-general-flechas\/\" \/>\n<meta property=\"og:locale\" content=\"es_MX\" \/>\n<meta property=\"og:type\" content=\"article\" \/>\n<meta property=\"og:title\" content=\"Cat\u00e1logo Flechas Soluciones de embobinado: Ejes expansibles, Neum\u00e1ticos, inflablesEjes, Chuks y accesorios para manejo de bandas.\" \/>\n<meta property=\"og:description\" content=\"En ttemsa ofrecemos Soluciones. Solicite + info Tel\u00e9fonos: + 52 (55) 5352-0191 5352-1301 5352-6070 5352-0593\" \/>\n<meta property=\"og:url\" content=\"http:\/\/industria-de-la-conversion.ttemsa.com\/index.php\/tidland\/catalogo-general-flechas\/\" \/>\n<meta property=\"og:site_name\" content=\"industria-de-la-conversion.ttemsa\" \/>\n<meta property=\"article:modified_time\" content=\"2024-03-02T21:28:08+00:00\" \/>\n<meta property=\"og:image\" content=\"http:\/\/industria-de-la-conversion.ttemsa.com\/wp-content\/uploads\/2024\/03\/catflechas.png\" \/>\n\t<meta property=\"og:image:width\" content=\"812\" \/>\n\t<meta property=\"og:image:height\" content=\"855\" \/>\n\t<meta property=\"og:image:type\" content=\"image\/png\" \/>\n<meta name=\"twitter:card\" content=\"summary_large_image\" \/>\n<meta name=\"twitter:label1\" content=\"Tiempo de lectura\" \/>\n\t<meta name=\"twitter:data1\" content=\"1 minuto\" \/>\n<script type=\"application\/ld+json\" class=\"yoast-schema-graph\">{\"@context\":\"https:\/\/schema.org\",\"@graph\":[{\"@type\":\"WebPage\",\"@id\":\"http:\/\/industria-de-la-conversion.ttemsa.com\/index.php\/tidland\/catalogo-general-flechas\/\",\"url\":\"http:\/\/industria-de-la-conversion.ttemsa.com\/index.php\/tidland\/catalogo-general-flechas\/\",\"name\":\"Cat\u00e1logo General Flechas - industria-de-la-conversion.ttemsa\",\"isPartOf\":{\"@id\":\"http:\/\/industria-de-la-conversion.ttemsa.com\/#website\"},\"datePublished\":\"2024-03-01T20:01:32+00:00\",\"dateModified\":\"2024-03-02T21:28:08+00:00\",\"description\":\"Cat\u00e1logo Flechas Soluciones de embobinado: Ejes expansibles, Neum\u00e1ticos, inflablesEjes, Chuks y accesorios para manejo de bandas. En ttemsa ofrecemos Soluciones. Solicite + info Tel\u00e9fonos: + 52 (55) 5352-0191 5352-1301 5352-6070 5352-0593\",\"breadcrumb\":{\"@id\":\"http:\/\/industria-de-la-conversion.ttemsa.com\/index.php\/tidland\/catalogo-general-flechas\/#breadcrumb\"},\"inLanguage\":\"es\",\"potentialAction\":[{\"@type\":\"ReadAction\",\"target\":[\"http:\/\/industria-de-la-conversion.ttemsa.com\/index.php\/tidland\/catalogo-general-flechas\/\"]}]},{\"@type\":\"BreadcrumbList\",\"@id\":\"http:\/\/industria-de-la-conversion.ttemsa.com\/index.php\/tidland\/catalogo-general-flechas\/#breadcrumb\",\"itemListElement\":[{\"@type\":\"ListItem\",\"position\":1,\"name\":\"Inicio\",\"item\":\"http:\/\/industria-de-la-conversion.ttemsa.com\/\"},{\"@type\":\"ListItem\",\"position\":2,\"name\":\"TIDLAND\",\"item\":\"https:\/\/industria-de-la-conversion.ttemsa.com\/index.php\/tidland\/\"},{\"@type\":\"ListItem\",\"position\":3,\"name\":\"Cat\u00e1logo General Flechas\"}]},{\"@type\":\"WebSite\",\"@id\":\"http:\/\/industria-de-la-conversion.ttemsa.com\/#website\",\"url\":\"http:\/\/industria-de-la-conversion.ttemsa.com\/\",\"name\":\"industria-de-la-conversion.ttemsa\",\"description\":\"Designed Dianalacazadora.com\",\"potentialAction\":[{\"@type\":\"SearchAction\",\"target\":{\"@type\":\"EntryPoint\",\"urlTemplate\":\"http:\/\/industria-de-la-conversion.ttemsa.com\/?s={search_term_string}\"},\"query-input\":\"required name=search_term_string\"}],\"inLanguage\":\"es\"}]}<\/script>\n<!-- \/ Yoast SEO plugin. -->","yoast_head_json":{"title":"Cat\u00e1logo General Flechas - industria-de-la-conversion.ttemsa","description":"Cat\u00e1logo Flechas Soluciones de embobinado: Ejes expansibles, Neum\u00e1ticos, inflablesEjes, Chuks y accesorios para manejo de bandas. En ttemsa ofrecemos Soluciones. Solicite + info Tel\u00e9fonos: + 52 (55) 5352-0191 5352-1301 5352-6070 5352-0593","robots":{"index":"index","follow":"follow","max-snippet":"max-snippet:-1","max-image-preview":"max-image-preview:large","max-video-preview":"max-video-preview:-1"},"canonical":"http:\/\/industria-de-la-conversion.ttemsa.com\/index.php\/tidland\/catalogo-general-flechas\/","og_locale":"es_MX","og_type":"article","og_title":"Cat\u00e1logo Flechas Soluciones de embobinado: Ejes expansibles, Neum\u00e1ticos, inflablesEjes, Chuks y accesorios para manejo de bandas.","og_description":"En ttemsa ofrecemos Soluciones. Solicite + info Tel\u00e9fonos: + 52 (55) 5352-0191 5352-1301 5352-6070 5352-0593","og_url":"http:\/\/industria-de-la-conversion.ttemsa.com\/index.php\/tidland\/catalogo-general-flechas\/","og_site_name":"industria-de-la-conversion.ttemsa","article_modified_time":"2024-03-02T21:28:08+00:00","og_image":[{"width":812,"height":855,"url":"http:\/\/industria-de-la-conversion.ttemsa.com\/wp-content\/uploads\/2024\/03\/catflechas.png","type":"image\/png"}],"twitter_card":"summary_large_image","twitter_misc":{"Tiempo de lectura":"1 minuto"},"schema":{"@context":"https:\/\/schema.org","@graph":[{"@type":"WebPage","@id":"http:\/\/industria-de-la-conversion.ttemsa.com\/index.php\/tidland\/catalogo-general-flechas\/","url":"http:\/\/industria-de-la-conversion.ttemsa.com\/index.php\/tidland\/catalogo-general-flechas\/","name":"Cat\u00e1logo General Flechas - industria-de-la-conversion.ttemsa","isPartOf":{"@id":"http:\/\/industria-de-la-conversion.ttemsa.com\/#website"},"datePublished":"2024-03-01T20:01:32+00:00","dateModified":"2024-03-02T21:28:08+00:00","description":"Cat\u00e1logo Flechas Soluciones de embobinado: Ejes expansibles, Neum\u00e1ticos, inflablesEjes, Chuks y accesorios para manejo de bandas. En ttemsa ofrecemos Soluciones. Solicite + info Tel\u00e9fonos: + 52 (55) 5352-0191 5352-1301 5352-6070 5352-0593","breadcrumb":{"@id":"http:\/\/industria-de-la-conversion.ttemsa.com\/index.php\/tidland\/catalogo-general-flechas\/#breadcrumb"},"inLanguage":"es","potentialAction":[{"@type":"ReadAction","target":["http:\/\/industria-de-la-conversion.ttemsa.com\/index.php\/tidland\/catalogo-general-flechas\/"]}]},{"@type":"BreadcrumbList","@id":"http:\/\/industria-de-la-conversion.ttemsa.com\/index.php\/tidland\/catalogo-general-flechas\/#breadcrumb","itemListElement":[{"@type":"ListItem","position":1,"name":"Inicio","item":"http:\/\/industria-de-la-conversion.ttemsa.com\/"},{"@type":"ListItem","position":2,"name":"TIDLAND","item":"https:\/\/industria-de-la-conversion.ttemsa.com\/index.php\/tidland\/"},{"@type":"ListItem","position":3,"name":"Cat\u00e1logo General Flechas"}]},{"@type":"WebSite","@id":"http:\/\/industria-de-la-conversion.ttemsa.com\/#website","url":"http:\/\/industria-de-la-conversion.ttemsa.com\/","name":"industria-de-la-conversion.ttemsa","description":"Designed Dianalacazadora.com","potentialAction":[{"@type":"SearchAction","target":{"@type":"EntryPoint","urlTemplate":"http:\/\/industria-de-la-conversion.ttemsa.com\/?s={search_term_string}"},"query-input":"required name=search_term_string"}],"inLanguage":"es"}]}},"_links":{"self":[{"href":"https:\/\/industria-de-la-conversion.ttemsa.com\/index.php\/wp-json\/wp\/v2\/pages\/1557","targetHints":{"allow":["GET"]}}],"collection":[{"href":"https:\/\/industria-de-la-conversion.ttemsa.com\/index.php\/wp-json\/wp\/v2\/pages"}],"about":[{"href":"https:\/\/industria-de-la-conversion.ttemsa.com\/index.php\/wp-json\/wp\/v2\/types\/page"}],"author":[{"embeddable":true,"href":"https:\/\/industria-de-la-conversion.ttemsa.com\/index.php\/wp-json\/wp\/v2\/users\/1"}],"replies":[{"embeddable":true,"href":"https:\/\/industria-de-la-conversion.ttemsa.com\/index.php\/wp-json\/wp\/v2\/comments?post=1557"}],"version-history":[{"count":3,"href":"https:\/\/industria-de-la-conversion.ttemsa.com\/index.php\/wp-json\/wp\/v2\/pages\/1557\/revisions"}],"predecessor-version":[{"id":2147,"href":"https:\/\/industria-de-la-conversion.ttemsa.com\/index.php\/wp-json\/wp\/v2\/pages\/1557\/revisions\/2147"}],"up":[{"embeddable":true,"href":"https:\/\/industria-de-la-conversion.ttemsa.com\/index.php\/wp-json\/wp\/v2\/pages\/302"}],"wp:attachment":[{"href":"https:\/\/industria-de-la-conversion.ttemsa.com\/index.php\/wp-json\/wp\/v2\/media?parent=1557"}],"wp:term":[{"taxonomy":"category","embeddable":true,"href":"https:\/\/industria-de-la-conversion.ttemsa.com\/index.php\/wp-json\/wp\/v2\/categories?post=1557"},{"taxonomy":"post_tag","embeddable":true,"href":"https:\/\/industria-de-la-conversion.ttemsa.com\/index.php\/wp-json\/wp\/v2\/tags?post=1557"}],"curies":[{"name":"wp","href":"https:\/\/api.w.org\/{rel}","templated":true}]}}