{"id":1616,"date":"2024-03-01T20:40:37","date_gmt":"2024-03-01T20:40:37","guid":{"rendered":"https:\/\/industria-de-la-conversion.ttemsa.com\/index.php\/tidland\/tidland-copy-copy-5\/"},"modified":"2024-05-02T21:43:20","modified_gmt":"2024-05-02T21:43:20","slug":"cyclone-flechas-de-alta-velocidad","status":"publish","type":"page","link":"https:\/\/industria-de-la-conversion.ttemsa.com\/index.php\/tidland\/cyclone-flechas-de-alta-velocidad\/","title":{"rendered":"Flechas Cyclone Centrado alta velocidad"},"content":{"rendered":"<div class=\"wp-block-image\">\n<figure class=\"aligncenter size-full is-resized\"><img loading=\"lazy\" decoding=\"async\" width=\"237\" height=\"226\" src=\"https:\/\/industria-de-la-conversion.ttemsa.com\/wp-content\/uploads\/2023\/12\/Cycloneimage004.png\" alt=\"\" class=\"wp-image-600\" style=\"width:440px;height:auto\"\/><\/figure>\n<\/div>\n\n\n<p><\/p>\n\n\n<div class=\"wp-block-image\">\n<figure class=\"alignleft size-full is-resized\"><img loading=\"lazy\" decoding=\"async\" width=\"280\" height=\"165\" src=\"https:\/\/industria-de-la-conversion.ttemsa.com\/wp-content\/uploads\/2023\/12\/TidlandRoll-Saver2.png\" alt=\"\" class=\"wp-image-519\" style=\"width:229px;height:auto\"\/><\/figure>\n<\/div>\n\n\n<p><strong>APLICACIONES PARA DESEMBOBINADO Y EMBOBINADO<\/strong><\/p>\n\n\n\n<p>Las Flechas de centrado de alta velocidad&nbsp;Tidland CycloneTM&nbsp;aumentan el rendimiento eliminando el desplazamiento de los rollos y permitiendo que las operaciones de manipulaci\u00f3n de la banda funcionen sin problemas a velocidades m\u00e1s altas.&nbsp;<\/p>\n\n\n\n<p>El elemento externo de dos etapas de dise\u00f1o neum\u00e1tico mantiene al core conc\u00e9ntrico al cuerpo de la flecha, reduciendo la vibraci\u00f3n de la m\u00e1quina y el desgaste. La serie Cyclone est\u00e1 disponible en di\u00e1metros de 76.2 a mas de 508mm (3 a + de 20 pg) Mantiene el tubo de cart\u00f3n conc\u00e9ntrico<\/p>\n\n\n\n<p><\/p>\n\n\n\n<figure class=\"wp-block-image size-full\"><img loading=\"lazy\" decoding=\"async\" width=\"660\" height=\"731\" src=\"https:\/\/industria-de-la-conversion.ttemsa.com\/wp-content\/uploads\/2024\/05\/image-2.png\" alt=\"Esta imagen tiene un atributo ALT vac\u00edo; su nombre de archivo es Cyclone23.png\" class=\"wp-image-3112\" srcset=\"https:\/\/industria-de-la-conversion.ttemsa.com\/wp-content\/uploads\/2024\/05\/image-2.png 660w, https:\/\/industria-de-la-conversion.ttemsa.com\/wp-content\/uploads\/2024\/05\/image-2-271x300.png 271w\" sizes=\"auto, (max-width: 660px) 100vw, 660px\" \/><\/figure>\n\n\n\n<p class=\"has-text-align-left\"><\/p>\n","protected":false},"excerpt":{"rendered":"<p>APLICACIONES PARA DESEMBOBINADO Y EMBOBINADO Las Flechas de centrado de alta velocidad&nbsp;Tidland CycloneTM&nbsp;aumentan el rendimiento eliminando el desplazamiento de los rollos y permitiendo que las operaciones de manipulaci\u00f3n de la banda funcionen sin problemas a velocidades m\u00e1s altas.&nbsp; El elemento externo de dos etapas de dise\u00f1o neum\u00e1tico mantiene al core conc\u00e9ntrico al cuerpo de la [&hellip;]<\/p>\n","protected":false},"author":1,"featured_media":0,"parent":302,"menu_order":0,"comment_status":"closed","ping_status":"closed","template":"","meta":{"footnotes":""},"categories":[16],"tags":[],"class_list":["post-1616","page","type-page","status-publish","hentry","category-tidland"],"yoast_head":"<!-- This site is optimized with the Yoast SEO plugin v22.1 - https:\/\/yoast.com\/wordpress\/plugins\/seo\/ -->\n<title>Flechas Cyclone Centrado alta velocidad - industria-de-la-conversion.ttemsa<\/title>\n<meta name=\"description\" content=\"APLICACIONES PARA DESEMBOBINADO Y EMBOBINADO Las Flechas de centrado de alta velocidad Tidland CycloneTM aumentan el rendimiento eliminando el desplazamiento de los rollos y permitiendo que las operaciones de manipulaci\u00f3n de la banda funcionen sin problemas a velocidades m\u00e1s altas.\" \/>\n<meta name=\"robots\" content=\"index, follow, max-snippet:-1, max-image-preview:large, max-video-preview:-1\" \/>\n<link rel=\"canonical\" href=\"http:\/\/industria-de-la-conversion.ttemsa.com\/index.php\/tidland\/cyclone-flechas-de-alta-velocidad\/\" \/>\n<meta property=\"og:locale\" content=\"es_MX\" \/>\n<meta property=\"og:type\" content=\"article\" \/>\n<meta property=\"og:title\" content=\"APLICACIONES PARA DESEMBOBINADO Y EMBOBINADO Las Flechas de centrado de alta velocidad Tidland CycloneTM aumentan el rendimiento eliminando el desplazamiento de los rollos\" \/>\n<meta property=\"og:description\" content=\"En ttemsa ofrecemos Soluciones. Solicite + info Tel\u00e9fonos: + 52 (55) 5352-0191 5352-1301 5352-6070 5352-0593\" \/>\n<meta property=\"og:url\" content=\"http:\/\/industria-de-la-conversion.ttemsa.com\/index.php\/tidland\/cyclone-flechas-de-alta-velocidad\/\" \/>\n<meta property=\"og:site_name\" content=\"industria-de-la-conversion.ttemsa\" \/>\n<meta property=\"article:modified_time\" content=\"2024-05-02T21:43:20+00:00\" \/>\n<meta property=\"og:image\" content=\"http:\/\/industria-de-la-conversion.ttemsa.com\/wp-content\/uploads\/2023\/12\/Cycloneimage004.png\" \/>\n\t<meta property=\"og:image:width\" content=\"237\" \/>\n\t<meta property=\"og:image:height\" content=\"226\" \/>\n\t<meta property=\"og:image:type\" content=\"image\/png\" \/>\n<meta name=\"twitter:card\" content=\"summary_large_image\" \/>\n<meta name=\"twitter:label1\" content=\"Tiempo de lectura\" \/>\n\t<meta name=\"twitter:data1\" content=\"2 minutos\" \/>\n<script type=\"application\/ld+json\" class=\"yoast-schema-graph\">{\"@context\":\"https:\/\/schema.org\",\"@graph\":[{\"@type\":\"WebPage\",\"@id\":\"http:\/\/industria-de-la-conversion.ttemsa.com\/index.php\/tidland\/cyclone-flechas-de-alta-velocidad\/\",\"url\":\"http:\/\/industria-de-la-conversion.ttemsa.com\/index.php\/tidland\/cyclone-flechas-de-alta-velocidad\/\",\"name\":\"Flechas Cyclone Centrado alta velocidad - industria-de-la-conversion.ttemsa\",\"isPartOf\":{\"@id\":\"http:\/\/industria-de-la-conversion.ttemsa.com\/#website\"},\"datePublished\":\"2024-03-01T20:40:37+00:00\",\"dateModified\":\"2024-05-02T21:43:20+00:00\",\"description\":\"APLICACIONES PARA DESEMBOBINADO Y EMBOBINADO Las Flechas de centrado de alta velocidad Tidland CycloneTM aumentan el rendimiento eliminando el desplazamiento de los rollos y permitiendo que las operaciones de manipulaci\u00f3n de la banda funcionen sin problemas a velocidades m\u00e1s altas.\",\"breadcrumb\":{\"@id\":\"http:\/\/industria-de-la-conversion.ttemsa.com\/index.php\/tidland\/cyclone-flechas-de-alta-velocidad\/#breadcrumb\"},\"inLanguage\":\"es\",\"potentialAction\":[{\"@type\":\"ReadAction\",\"target\":[\"http:\/\/industria-de-la-conversion.ttemsa.com\/index.php\/tidland\/cyclone-flechas-de-alta-velocidad\/\"]}]},{\"@type\":\"BreadcrumbList\",\"@id\":\"http:\/\/industria-de-la-conversion.ttemsa.com\/index.php\/tidland\/cyclone-flechas-de-alta-velocidad\/#breadcrumb\",\"itemListElement\":[{\"@type\":\"ListItem\",\"position\":1,\"name\":\"Inicio\",\"item\":\"http:\/\/industria-de-la-conversion.ttemsa.com\/\"},{\"@type\":\"ListItem\",\"position\":2,\"name\":\"TIDLAND\",\"item\":\"https:\/\/industria-de-la-conversion.ttemsa.com\/index.php\/tidland\/\"},{\"@type\":\"ListItem\",\"position\":3,\"name\":\"Flechas Cyclone Centrado alta velocidad\"}]},{\"@type\":\"WebSite\",\"@id\":\"http:\/\/industria-de-la-conversion.ttemsa.com\/#website\",\"url\":\"http:\/\/industria-de-la-conversion.ttemsa.com\/\",\"name\":\"industria-de-la-conversion.ttemsa\",\"description\":\"Designed Dianalacazadora.com\",\"potentialAction\":[{\"@type\":\"SearchAction\",\"target\":{\"@type\":\"EntryPoint\",\"urlTemplate\":\"http:\/\/industria-de-la-conversion.ttemsa.com\/?s={search_term_string}\"},\"query-input\":\"required name=search_term_string\"}],\"inLanguage\":\"es\"}]}<\/script>\n<!-- \/ Yoast SEO plugin. -->","yoast_head_json":{"title":"Flechas Cyclone Centrado alta velocidad - industria-de-la-conversion.ttemsa","description":"APLICACIONES PARA DESEMBOBINADO Y EMBOBINADO Las Flechas de centrado de alta velocidad Tidland CycloneTM aumentan el rendimiento eliminando el desplazamiento de los rollos y permitiendo que las operaciones de manipulaci\u00f3n de la banda funcionen sin problemas a velocidades m\u00e1s altas.","robots":{"index":"index","follow":"follow","max-snippet":"max-snippet:-1","max-image-preview":"max-image-preview:large","max-video-preview":"max-video-preview:-1"},"canonical":"http:\/\/industria-de-la-conversion.ttemsa.com\/index.php\/tidland\/cyclone-flechas-de-alta-velocidad\/","og_locale":"es_MX","og_type":"article","og_title":"APLICACIONES PARA DESEMBOBINADO Y EMBOBINADO Las Flechas de centrado de alta velocidad Tidland CycloneTM aumentan el rendimiento eliminando el desplazamiento de los rollos","og_description":"En ttemsa ofrecemos Soluciones. Solicite + info Tel\u00e9fonos: + 52 (55) 5352-0191 5352-1301 5352-6070 5352-0593","og_url":"http:\/\/industria-de-la-conversion.ttemsa.com\/index.php\/tidland\/cyclone-flechas-de-alta-velocidad\/","og_site_name":"industria-de-la-conversion.ttemsa","article_modified_time":"2024-05-02T21:43:20+00:00","og_image":[{"width":237,"height":226,"url":"http:\/\/industria-de-la-conversion.ttemsa.com\/wp-content\/uploads\/2023\/12\/Cycloneimage004.png","type":"image\/png"}],"twitter_card":"summary_large_image","twitter_misc":{"Tiempo de lectura":"2 minutos"},"schema":{"@context":"https:\/\/schema.org","@graph":[{"@type":"WebPage","@id":"http:\/\/industria-de-la-conversion.ttemsa.com\/index.php\/tidland\/cyclone-flechas-de-alta-velocidad\/","url":"http:\/\/industria-de-la-conversion.ttemsa.com\/index.php\/tidland\/cyclone-flechas-de-alta-velocidad\/","name":"Flechas Cyclone Centrado alta velocidad - industria-de-la-conversion.ttemsa","isPartOf":{"@id":"http:\/\/industria-de-la-conversion.ttemsa.com\/#website"},"datePublished":"2024-03-01T20:40:37+00:00","dateModified":"2024-05-02T21:43:20+00:00","description":"APLICACIONES PARA DESEMBOBINADO Y EMBOBINADO Las Flechas de centrado de alta velocidad Tidland CycloneTM aumentan el rendimiento eliminando el desplazamiento de los rollos y permitiendo que las operaciones de manipulaci\u00f3n de la banda funcionen sin problemas a velocidades m\u00e1s altas.","breadcrumb":{"@id":"http:\/\/industria-de-la-conversion.ttemsa.com\/index.php\/tidland\/cyclone-flechas-de-alta-velocidad\/#breadcrumb"},"inLanguage":"es","potentialAction":[{"@type":"ReadAction","target":["http:\/\/industria-de-la-conversion.ttemsa.com\/index.php\/tidland\/cyclone-flechas-de-alta-velocidad\/"]}]},{"@type":"BreadcrumbList","@id":"http:\/\/industria-de-la-conversion.ttemsa.com\/index.php\/tidland\/cyclone-flechas-de-alta-velocidad\/#breadcrumb","itemListElement":[{"@type":"ListItem","position":1,"name":"Inicio","item":"http:\/\/industria-de-la-conversion.ttemsa.com\/"},{"@type":"ListItem","position":2,"name":"TIDLAND","item":"https:\/\/industria-de-la-conversion.ttemsa.com\/index.php\/tidland\/"},{"@type":"ListItem","position":3,"name":"Flechas Cyclone Centrado alta velocidad"}]},{"@type":"WebSite","@id":"http:\/\/industria-de-la-conversion.ttemsa.com\/#website","url":"http:\/\/industria-de-la-conversion.ttemsa.com\/","name":"industria-de-la-conversion.ttemsa","description":"Designed Dianalacazadora.com","potentialAction":[{"@type":"SearchAction","target":{"@type":"EntryPoint","urlTemplate":"http:\/\/industria-de-la-conversion.ttemsa.com\/?s={search_term_string}"},"query-input":"required name=search_term_string"}],"inLanguage":"es"}]}},"_links":{"self":[{"href":"https:\/\/industria-de-la-conversion.ttemsa.com\/index.php\/wp-json\/wp\/v2\/pages\/1616","targetHints":{"allow":["GET"]}}],"collection":[{"href":"https:\/\/industria-de-la-conversion.ttemsa.com\/index.php\/wp-json\/wp\/v2\/pages"}],"about":[{"href":"https:\/\/industria-de-la-conversion.ttemsa.com\/index.php\/wp-json\/wp\/v2\/types\/page"}],"author":[{"embeddable":true,"href":"https:\/\/industria-de-la-conversion.ttemsa.com\/index.php\/wp-json\/wp\/v2\/users\/1"}],"replies":[{"embeddable":true,"href":"https:\/\/industria-de-la-conversion.ttemsa.com\/index.php\/wp-json\/wp\/v2\/comments?post=1616"}],"version-history":[{"count":4,"href":"https:\/\/industria-de-la-conversion.ttemsa.com\/index.php\/wp-json\/wp\/v2\/pages\/1616\/revisions"}],"predecessor-version":[{"id":3115,"href":"https:\/\/industria-de-la-conversion.ttemsa.com\/index.php\/wp-json\/wp\/v2\/pages\/1616\/revisions\/3115"}],"up":[{"embeddable":true,"href":"https:\/\/industria-de-la-conversion.ttemsa.com\/index.php\/wp-json\/wp\/v2\/pages\/302"}],"wp:attachment":[{"href":"https:\/\/industria-de-la-conversion.ttemsa.com\/index.php\/wp-json\/wp\/v2\/media?parent=1616"}],"wp:term":[{"taxonomy":"category","embeddable":true,"href":"https:\/\/industria-de-la-conversion.ttemsa.com\/index.php\/wp-json\/wp\/v2\/categories?post=1616"},{"taxonomy":"post_tag","embeddable":true,"href":"https:\/\/industria-de-la-conversion.ttemsa.com\/index.php\/wp-json\/wp\/v2\/tags?post=1616"}],"curies":[{"name":"wp","href":"https:\/\/api.w.org\/{rel}","templated":true}]}}