{"id":1619,"date":"2024-03-01T20:40:56","date_gmt":"2024-03-01T20:40:56","guid":{"rendered":"https:\/\/industria-de-la-conversion.ttemsa.com\/index.php\/tidland\/tidland-copy-copy-8\/"},"modified":"2024-05-02T22:01:08","modified_gmt":"2024-05-02T22:01:08","slug":"tidland-flecha-gx","status":"publish","type":"page","link":"https:\/\/industria-de-la-conversion.ttemsa.com\/index.php\/tidland\/tidland-flecha-gx\/","title":{"rendered":"Tidland Flecha GX"},"content":{"rendered":"<div class=\"wp-block-image\">\n<figure class=\"alignleft size-full is-resized\"><img loading=\"lazy\" decoding=\"async\" width=\"280\" height=\"165\" src=\"https:\/\/industria-de-la-conversion.ttemsa.com\/wp-content\/uploads\/2023\/12\/TidlandRoll-Saver2.png\" alt=\"\" class=\"wp-image-519\" style=\"width:194px;height:auto\"\/><\/figure>\n<\/div>\n\n<div class=\"wp-block-image\">\n<figure class=\"alignleft size-full is-resized\"><img loading=\"lazy\" decoding=\"async\" width=\"337\" height=\"30\" src=\"https:\/\/industria-de-la-conversion.ttemsa.com\/wp-content\/uploads\/2023\/12\/GXimage002.png\" alt=\"\" class=\"wp-image-633\" style=\"width:494px;height:auto\" srcset=\"https:\/\/industria-de-la-conversion.ttemsa.com\/wp-content\/uploads\/2023\/12\/GXimage002.png 337w, https:\/\/industria-de-la-conversion.ttemsa.com\/wp-content\/uploads\/2023\/12\/GXimage002-300x27.png 300w\" sizes=\"auto, (max-width: 337px) 100vw, 337px\" \/><\/figure>\n<\/div>\n\n<div class=\"wp-block-image\">\n<figure class=\"aligncenter size-full is-resized\"><img loading=\"lazy\" decoding=\"async\" width=\"285\" height=\"165\" src=\"https:\/\/industria-de-la-conversion.ttemsa.com\/wp-content\/uploads\/2023\/12\/GXimage004.png\" alt=\"\" class=\"wp-image-625\" style=\"width:688px;height:auto\"\/><figcaption class=\"wp-element-caption\"><strong>&nbsp;Elimina el riesgo por levantamiento y reduce las lesiones del operador<\/strong><\/figcaption><\/figure>\n<\/div>\n\n\n<p>La&nbsp;<strong>Flecha GX<\/strong>&nbsp;se fabrica con aluminio ligero de alta resistencia y un innovador elemento de expansi\u00f3n de dos piezas para ofrecer un rendimiento sin igual en cualquier aplicaci\u00f3n.<\/p>\n\n\n\n<p>Esta flecha es una soluci\u00f3n ergon\u00f3mica y accesible para eliminar los riesgos por levantamiento, adem\u00e1s aumenta la satisfacci\u00f3n laboral del operador y reduce las reclamaciones de indemnizaci\u00f3n de los trabajadores debido al esfuerzo excesivo y al levantamiento de peso.<\/p>\n\n\n\n<p>Estas flechas avanzadas cuentan con elementos de expansi\u00f3n de goma o aluminio, retracci\u00f3n positiva de elementos, c\u00e1maras de aire de pol\u00edmero duraderas y un sistema de aire de circuitos m\u00faltiples a prueba de fallas.<\/p>\n\n\n\n<p>Las v\u00e1lvulas check proporcionan mayor fiabilidad, asegurando que la p\u00e9rdida de aire de un elemento no afectar\u00e1 la expansi\u00f3n y el rendimiento de los otros elementos.<\/p>\n\n\n\n<p>Las flechas GX son compatibles con una gran variedad de tama\u00f1os de core y forman parte de la l\u00ednea completa de soluciones ergon\u00f3micas de Tidland para la industria de la conversi\u00f3n, que incluye los reconocidos chucks neum\u00e1ticos Force5 y las flechas neum\u00e1ticas de fibra de carbono Ultrashaft.<\/p>\n\n\n\n<p class=\"has-large-font-size\"><strong>Flecha GX<\/strong><\/p>\n\n\n\n<figure class=\"wp-block-image size-full\"><img loading=\"lazy\" decoding=\"async\" width=\"711\" height=\"324\" src=\"https:\/\/industria-de-la-conversion.ttemsa.com\/wp-content\/uploads\/2023\/12\/gx2.png\" alt=\"\" class=\"wp-image-627\" srcset=\"https:\/\/industria-de-la-conversion.ttemsa.com\/wp-content\/uploads\/2023\/12\/gx2.png 711w, https:\/\/industria-de-la-conversion.ttemsa.com\/wp-content\/uploads\/2023\/12\/gx2-300x137.png 300w\" sizes=\"auto, (max-width: 711px) 100vw, 711px\" \/><\/figure>\n\n\n\n<hr class=\"wp-block-separator has-alpha-channel-opacity\"\/>\n\n\n\n<p><\/p>\n","protected":false},"excerpt":{"rendered":"<p>La&nbsp;Flecha GX&nbsp;se fabrica con aluminio ligero de alta resistencia y un innovador elemento de expansi\u00f3n de dos piezas para ofrecer un rendimiento sin igual en cualquier aplicaci\u00f3n. Esta flecha es una soluci\u00f3n ergon\u00f3mica y accesible para eliminar los riesgos por levantamiento, adem\u00e1s aumenta la satisfacci\u00f3n laboral del operador y reduce las reclamaciones de indemnizaci\u00f3n de [&hellip;]<\/p>\n","protected":false},"author":1,"featured_media":0,"parent":302,"menu_order":0,"comment_status":"closed","ping_status":"closed","template":"","meta":{"footnotes":""},"categories":[16],"tags":[],"class_list":["post-1619","page","type-page","status-publish","hentry","category-tidland"],"yoast_head":"<!-- This site is optimized with the Yoast SEO plugin v22.1 - https:\/\/yoast.com\/wordpress\/plugins\/seo\/ -->\n<title>Tidland Flecha GX - industria-de-la-conversion.ttemsa<\/title>\n<meta name=\"description\" content=\"La Flecha GX se fabrica con aluminio ligero de alta resistencia y un innovador elemento de expansi\u00f3n de dos piezas para ofrecer un rendimiento sin igual en cualquier aplicaci\u00f3n.\" \/>\n<meta name=\"robots\" content=\"index, follow, max-snippet:-1, max-image-preview:large, max-video-preview:-1\" \/>\n<link rel=\"canonical\" href=\"http:\/\/industria-de-la-conversion.ttemsa.com\/index.php\/tidland\/tidland-flecha-gx\/\" \/>\n<meta property=\"og:locale\" content=\"es_MX\" \/>\n<meta property=\"og:type\" content=\"article\" \/>\n<meta property=\"og:title\" content=\"La Flecha GX se fabrica con aluminio ligero de alta resistencia y un innovador elemento de expansi\u00f3n de dos piezas para ofrecer un rendimiento sin igual en cualquier aplicaci\u00f3n.\" \/>\n<meta property=\"og:description\" content=\"En ttemsa ofrecemos Soluciones. Solicite + info Tel\u00e9fonos: + 52 (55) 5352-0191 5352-1301 5352-6070 5352-0593\" \/>\n<meta property=\"og:url\" content=\"http:\/\/industria-de-la-conversion.ttemsa.com\/index.php\/tidland\/tidland-flecha-gx\/\" \/>\n<meta property=\"og:site_name\" content=\"industria-de-la-conversion.ttemsa\" \/>\n<meta property=\"article:modified_time\" content=\"2024-05-02T22:01:08+00:00\" \/>\n<meta property=\"og:image\" content=\"http:\/\/industria-de-la-conversion.ttemsa.com\/wp-content\/uploads\/2023\/12\/Captura-de-pantalla-2023-12-23-a-las-3.07.59-p.m.png\" \/>\n\t<meta property=\"og:image:width\" content=\"372\" \/>\n\t<meta property=\"og:image:height\" content=\"235\" \/>\n\t<meta property=\"og:image:type\" content=\"image\/png\" \/>\n<meta name=\"twitter:card\" content=\"summary_large_image\" \/>\n<meta name=\"twitter:label1\" content=\"Tiempo de lectura\" \/>\n\t<meta name=\"twitter:data1\" content=\"2 minutos\" \/>\n<script type=\"application\/ld+json\" class=\"yoast-schema-graph\">{\"@context\":\"https:\/\/schema.org\",\"@graph\":[{\"@type\":\"WebPage\",\"@id\":\"http:\/\/industria-de-la-conversion.ttemsa.com\/index.php\/tidland\/tidland-flecha-gx\/\",\"url\":\"http:\/\/industria-de-la-conversion.ttemsa.com\/index.php\/tidland\/tidland-flecha-gx\/\",\"name\":\"Tidland Flecha GX - industria-de-la-conversion.ttemsa\",\"isPartOf\":{\"@id\":\"http:\/\/industria-de-la-conversion.ttemsa.com\/#website\"},\"datePublished\":\"2024-03-01T20:40:56+00:00\",\"dateModified\":\"2024-05-02T22:01:08+00:00\",\"description\":\"La Flecha GX se fabrica con aluminio ligero de alta resistencia y un innovador elemento de expansi\u00f3n de dos piezas para ofrecer un rendimiento sin igual en cualquier aplicaci\u00f3n.\",\"breadcrumb\":{\"@id\":\"http:\/\/industria-de-la-conversion.ttemsa.com\/index.php\/tidland\/tidland-flecha-gx\/#breadcrumb\"},\"inLanguage\":\"es\",\"potentialAction\":[{\"@type\":\"ReadAction\",\"target\":[\"http:\/\/industria-de-la-conversion.ttemsa.com\/index.php\/tidland\/tidland-flecha-gx\/\"]}]},{\"@type\":\"BreadcrumbList\",\"@id\":\"http:\/\/industria-de-la-conversion.ttemsa.com\/index.php\/tidland\/tidland-flecha-gx\/#breadcrumb\",\"itemListElement\":[{\"@type\":\"ListItem\",\"position\":1,\"name\":\"Inicio\",\"item\":\"http:\/\/industria-de-la-conversion.ttemsa.com\/\"},{\"@type\":\"ListItem\",\"position\":2,\"name\":\"TIDLAND\",\"item\":\"https:\/\/industria-de-la-conversion.ttemsa.com\/index.php\/tidland\/\"},{\"@type\":\"ListItem\",\"position\":3,\"name\":\"Tidland Flecha GX\"}]},{\"@type\":\"WebSite\",\"@id\":\"http:\/\/industria-de-la-conversion.ttemsa.com\/#website\",\"url\":\"http:\/\/industria-de-la-conversion.ttemsa.com\/\",\"name\":\"industria-de-la-conversion.ttemsa\",\"description\":\"Designed Dianalacazadora.com\",\"potentialAction\":[{\"@type\":\"SearchAction\",\"target\":{\"@type\":\"EntryPoint\",\"urlTemplate\":\"http:\/\/industria-de-la-conversion.ttemsa.com\/?s={search_term_string}\"},\"query-input\":\"required name=search_term_string\"}],\"inLanguage\":\"es\"}]}<\/script>\n<!-- \/ Yoast SEO plugin. -->","yoast_head_json":{"title":"Tidland Flecha GX - industria-de-la-conversion.ttemsa","description":"La Flecha GX se fabrica con aluminio ligero de alta resistencia y un innovador elemento de expansi\u00f3n de dos piezas para ofrecer un rendimiento sin igual en cualquier aplicaci\u00f3n.","robots":{"index":"index","follow":"follow","max-snippet":"max-snippet:-1","max-image-preview":"max-image-preview:large","max-video-preview":"max-video-preview:-1"},"canonical":"http:\/\/industria-de-la-conversion.ttemsa.com\/index.php\/tidland\/tidland-flecha-gx\/","og_locale":"es_MX","og_type":"article","og_title":"La Flecha GX se fabrica con aluminio ligero de alta resistencia y un innovador elemento de expansi\u00f3n de dos piezas para ofrecer un rendimiento sin igual en cualquier aplicaci\u00f3n.","og_description":"En ttemsa ofrecemos Soluciones. Solicite + info Tel\u00e9fonos: + 52 (55) 5352-0191 5352-1301 5352-6070 5352-0593","og_url":"http:\/\/industria-de-la-conversion.ttemsa.com\/index.php\/tidland\/tidland-flecha-gx\/","og_site_name":"industria-de-la-conversion.ttemsa","article_modified_time":"2024-05-02T22:01:08+00:00","og_image":[{"width":372,"height":235,"url":"http:\/\/industria-de-la-conversion.ttemsa.com\/wp-content\/uploads\/2023\/12\/Captura-de-pantalla-2023-12-23-a-las-3.07.59-p.m.png","type":"image\/png"}],"twitter_card":"summary_large_image","twitter_misc":{"Tiempo de lectura":"2 minutos"},"schema":{"@context":"https:\/\/schema.org","@graph":[{"@type":"WebPage","@id":"http:\/\/industria-de-la-conversion.ttemsa.com\/index.php\/tidland\/tidland-flecha-gx\/","url":"http:\/\/industria-de-la-conversion.ttemsa.com\/index.php\/tidland\/tidland-flecha-gx\/","name":"Tidland Flecha GX - industria-de-la-conversion.ttemsa","isPartOf":{"@id":"http:\/\/industria-de-la-conversion.ttemsa.com\/#website"},"datePublished":"2024-03-01T20:40:56+00:00","dateModified":"2024-05-02T22:01:08+00:00","description":"La Flecha GX se fabrica con aluminio ligero de alta resistencia y un innovador elemento de expansi\u00f3n de dos piezas para ofrecer un rendimiento sin igual en cualquier aplicaci\u00f3n.","breadcrumb":{"@id":"http:\/\/industria-de-la-conversion.ttemsa.com\/index.php\/tidland\/tidland-flecha-gx\/#breadcrumb"},"inLanguage":"es","potentialAction":[{"@type":"ReadAction","target":["http:\/\/industria-de-la-conversion.ttemsa.com\/index.php\/tidland\/tidland-flecha-gx\/"]}]},{"@type":"BreadcrumbList","@id":"http:\/\/industria-de-la-conversion.ttemsa.com\/index.php\/tidland\/tidland-flecha-gx\/#breadcrumb","itemListElement":[{"@type":"ListItem","position":1,"name":"Inicio","item":"http:\/\/industria-de-la-conversion.ttemsa.com\/"},{"@type":"ListItem","position":2,"name":"TIDLAND","item":"https:\/\/industria-de-la-conversion.ttemsa.com\/index.php\/tidland\/"},{"@type":"ListItem","position":3,"name":"Tidland Flecha GX"}]},{"@type":"WebSite","@id":"http:\/\/industria-de-la-conversion.ttemsa.com\/#website","url":"http:\/\/industria-de-la-conversion.ttemsa.com\/","name":"industria-de-la-conversion.ttemsa","description":"Designed Dianalacazadora.com","potentialAction":[{"@type":"SearchAction","target":{"@type":"EntryPoint","urlTemplate":"http:\/\/industria-de-la-conversion.ttemsa.com\/?s={search_term_string}"},"query-input":"required name=search_term_string"}],"inLanguage":"es"}]}},"_links":{"self":[{"href":"https:\/\/industria-de-la-conversion.ttemsa.com\/index.php\/wp-json\/wp\/v2\/pages\/1619","targetHints":{"allow":["GET"]}}],"collection":[{"href":"https:\/\/industria-de-la-conversion.ttemsa.com\/index.php\/wp-json\/wp\/v2\/pages"}],"about":[{"href":"https:\/\/industria-de-la-conversion.ttemsa.com\/index.php\/wp-json\/wp\/v2\/types\/page"}],"author":[{"embeddable":true,"href":"https:\/\/industria-de-la-conversion.ttemsa.com\/index.php\/wp-json\/wp\/v2\/users\/1"}],"replies":[{"embeddable":true,"href":"https:\/\/industria-de-la-conversion.ttemsa.com\/index.php\/wp-json\/wp\/v2\/comments?post=1619"}],"version-history":[{"count":3,"href":"https:\/\/industria-de-la-conversion.ttemsa.com\/index.php\/wp-json\/wp\/v2\/pages\/1619\/revisions"}],"predecessor-version":[{"id":3121,"href":"https:\/\/industria-de-la-conversion.ttemsa.com\/index.php\/wp-json\/wp\/v2\/pages\/1619\/revisions\/3121"}],"up":[{"embeddable":true,"href":"https:\/\/industria-de-la-conversion.ttemsa.com\/index.php\/wp-json\/wp\/v2\/pages\/302"}],"wp:attachment":[{"href":"https:\/\/industria-de-la-conversion.ttemsa.com\/index.php\/wp-json\/wp\/v2\/media?parent=1619"}],"wp:term":[{"taxonomy":"category","embeddable":true,"href":"https:\/\/industria-de-la-conversion.ttemsa.com\/index.php\/wp-json\/wp\/v2\/categories?post=1619"},{"taxonomy":"post_tag","embeddable":true,"href":"https:\/\/industria-de-la-conversion.ttemsa.com\/index.php\/wp-json\/wp\/v2\/tags?post=1619"}],"curies":[{"name":"wp","href":"https:\/\/api.w.org\/{rel}","templated":true}]}}