{"id":1659,"date":"2024-03-01T21:03:33","date_gmt":"2024-03-01T21:03:33","guid":{"rendered":"https:\/\/industria-de-la-conversion.ttemsa.com\/index.php\/simco-ion-copy\/"},"modified":"2024-05-03T16:23:45","modified_gmt":"2024-05-03T16:23:45","slug":"catalogo-general","status":"publish","type":"page","link":"https:\/\/industria-de-la-conversion.ttemsa.com\/index.php\/simco-ion\/catalogo-general\/","title":{"rendered":"Cat\u00e1logo General simco"},"content":{"rendered":"\n<h2 class=\"wp-block-heading\">Conozca nuestro cat\u00e1logo de soluciones en Control de Tensi\u00f3n<\/h2>\n\n\n<div class=\"wp-block-image\">\n<figure class=\"aligncenter size-full is-resized\"><img loading=\"lazy\" decoding=\"async\" width=\"1200\" height=\"627\" src=\"https:\/\/industria-de-la-conversion.ttemsa.com\/wp-content\/uploads\/2023\/12\/a.jpg\" alt=\"\" class=\"wp-image-939\" style=\"width:876px;height:auto\" srcset=\"https:\/\/industria-de-la-conversion.ttemsa.com\/wp-content\/uploads\/2023\/12\/a.jpg 1200w, https:\/\/industria-de-la-conversion.ttemsa.com\/wp-content\/uploads\/2023\/12\/a-300x157.jpg 300w, https:\/\/industria-de-la-conversion.ttemsa.com\/wp-content\/uploads\/2023\/12\/a-1024x535.jpg 1024w, https:\/\/industria-de-la-conversion.ttemsa.com\/wp-content\/uploads\/2023\/12\/a-768x401.jpg 768w\" sizes=\"auto, (max-width: 1200px) 100vw, 1200px\" \/><\/figure>\n<\/div>\n\n<div class=\"wp-block-image\">\n<figure class=\"aligncenter size-full is-resized\"><img loading=\"lazy\" decoding=\"async\" width=\"640\" height=\"169\" src=\"https:\/\/industria-de-la-conversion.ttemsa.com\/wp-content\/uploads\/2023\/12\/logo-simco.png\" alt=\"\" class=\"wp-image-940\" style=\"width:290px;height:auto\" srcset=\"https:\/\/industria-de-la-conversion.ttemsa.com\/wp-content\/uploads\/2023\/12\/logo-simco.png 640w, https:\/\/industria-de-la-conversion.ttemsa.com\/wp-content\/uploads\/2023\/12\/logo-simco-300x79.png 300w\" sizes=\"auto, (max-width: 640px) 100vw, 640px\" \/><\/figure>\n<\/div>\n\n\n<p><strong>\u00bfPor qu\u00e9 es importante el control de est\u00e1tica?<\/strong><\/p>\n\n\n\n<p>Controlar la electricidad est\u00e1tica es importante por varias razones, siendo las m\u00e1s notables el control de contaminaci\u00f3n, seguridad del operador, y minimizar los problemas en los equipos que pueden ocurrir debido a las altas cargas est\u00e1ticas. El control de contaminaci\u00f3n es un problema significativo en muchos ambientes de manufactura, especialmente en aplicaciones cr\u00edticas como alimentos, medicamentos o empaquetado farmac\u00e9utico. Tambi\u00e9n la seguridad del operador es de cr\u00edtica preocupaci\u00f3n porque las cargas est\u00e1ticas pueden causar choques el\u00e9ctricos considerables inesperadamente al personal, o peor, una descarga el\u00e9ctrica en una aplicaci\u00f3n de recubrimiento de solvente podr\u00eda causar un peligro de incendio.<\/p>\n\n\n\n<p>El mayor inconveniente para muchas manufactureras es que todos esos problemas resultantes de la electricidad est\u00e1tica afectan sus resultados finales. La electricidad est\u00e1tica es mejor controlada usando un dispositivo de aire ionizado para neutralizar las cargas.<\/p>\n\n\n\n<p>Los ionizadores el\u00e9ctricos activos son los aparatos m\u00e1s efectivos para la eliminaci\u00f3n de est\u00e1tica, los cuales est\u00e1n estrat\u00e9gicamente localizados en el proceso para controlar los problemas identificados anteriormente. Los rangos disponibles del equipo abarcan desde control de est\u00e1tica b\u00e1sica a sistemas totalmente integrados que monitorean el rendimiento del ionizador, proporcionando se\u00f1ales de alarma al PLC para control de procesos cr\u00edticos, o altas capacidades de registro de datos seg\u00fan los requerimientos del cliente.<\/p>\n\n\n\n<p class=\"has-text-align-center\">Cat\u00e1logo 2024<\/p>\n\n\n<div class=\"wp-block-image\">\n<figure class=\"aligncenter size-full is-resized\"><a href=\"https:\/\/ttemsa.com\/industria\/pdf\/SIMCO-ION\/2019-Catalogo-SIMCO-IONLOW.pdf\" target=\"_blank\" rel=\"noreferrer noopener\"><img loading=\"lazy\" decoding=\"async\" width=\"70\" height=\"70\" src=\"https:\/\/industria-de-la-conversion.ttemsa.com\/wp-content\/uploads\/2023\/12\/pdf.png\" alt=\"\" class=\"wp-image-494\" style=\"width:108px;height:auto\"\/><\/a><\/figure>\n<\/div>\n\n\n<p class=\"has-text-align-center\"><strong><a href=\"https:\/\/ttemsa.com\/industria\/pdf\/SIMCO-ION\/2019-Catalogo-SIMCO-IONLOW.pdf\" target=\"_blank\" rel=\"noreferrer noopener\">Ver PDF<\/a><\/strong><\/p>\n","protected":false},"excerpt":{"rendered":"<p>Conozca nuestro cat\u00e1logo de soluciones en Control de Tensi\u00f3n \u00bfPor qu\u00e9 es importante el control de est\u00e1tica? Controlar la electricidad est\u00e1tica es importante por varias razones, siendo las m\u00e1s notables el control de contaminaci\u00f3n, seguridad del operador, y minimizar los problemas en los equipos que pueden ocurrir debido a las altas cargas est\u00e1ticas. El control [&hellip;]<\/p>\n","protected":false},"author":1,"featured_media":0,"parent":35,"menu_order":0,"comment_status":"closed","ping_status":"closed","template":"","meta":{"footnotes":""},"categories":[18],"tags":[],"class_list":["post-1659","page","type-page","status-publish","hentry","category-simco-ion"],"yoast_head":"<!-- This site is optimized with the Yoast SEO plugin v22.1 - https:\/\/yoast.com\/wordpress\/plugins\/seo\/ -->\n<title>Cat\u00e1logo General simco - industria-de-la-conversion.ttemsa<\/title>\n<meta name=\"description\" content=\"Cat\u00e1logo SIMCO-ION L\u00edderes en el control de Est\u00e1ticaNEUTRALIZACI\u00d3N DE EST\u00c1TICA \u2022 CARGA DE EST\u00c1TICA \u2022 LIMPIEZA DE BANDA Y HOJAS\" \/>\n<meta name=\"robots\" content=\"index, follow, max-snippet:-1, max-image-preview:large, max-video-preview:-1\" \/>\n<link rel=\"canonical\" href=\"http:\/\/industria-de-la-conversion.ttemsa.com\/index.php\/simco-ion\/catalogo-general\/\" \/>\n<meta property=\"og:locale\" content=\"es_MX\" \/>\n<meta property=\"og:type\" content=\"article\" \/>\n<meta property=\"og:title\" content=\"Cat\u00e1logo SIMCO-ION L\u00edderes en el control de Est\u00e1tica: NEUTRALIZACI\u00d3N DE EST\u00c1TICA \u2022 CARGA DE EST\u00c1TICA \u2022 LIMPIEZA DE BANDA Y HOJAS\" \/>\n<meta property=\"og:description\" content=\"En ttemsa ofrecemos Soluciones. Solicite + info Tel\u00e9fonos: + 52 (55) 5352-0191 5352-1301 5352-6070 5352-0593\" \/>\n<meta property=\"og:url\" content=\"http:\/\/industria-de-la-conversion.ttemsa.com\/index.php\/simco-ion\/catalogo-general\/\" \/>\n<meta property=\"og:site_name\" content=\"industria-de-la-conversion.ttemsa\" \/>\n<meta property=\"article:modified_time\" content=\"2024-05-03T16:23:45+00:00\" \/>\n<meta property=\"og:image\" content=\"http:\/\/industria-de-la-conversion.ttemsa.com\/wp-content\/uploads\/2023\/12\/a.jpg\" \/>\n\t<meta property=\"og:image:width\" content=\"1200\" \/>\n\t<meta property=\"og:image:height\" content=\"627\" \/>\n\t<meta property=\"og:image:type\" content=\"image\/jpeg\" \/>\n<meta name=\"twitter:card\" content=\"summary_large_image\" \/>\n<meta name=\"twitter:label1\" content=\"Tiempo de lectura\" \/>\n\t<meta name=\"twitter:data1\" content=\"2 minutos\" \/>\n<script type=\"application\/ld+json\" class=\"yoast-schema-graph\">{\"@context\":\"https:\/\/schema.org\",\"@graph\":[{\"@type\":\"WebPage\",\"@id\":\"http:\/\/industria-de-la-conversion.ttemsa.com\/index.php\/simco-ion\/catalogo-general\/\",\"url\":\"http:\/\/industria-de-la-conversion.ttemsa.com\/index.php\/simco-ion\/catalogo-general\/\",\"name\":\"Cat\u00e1logo General simco - industria-de-la-conversion.ttemsa\",\"isPartOf\":{\"@id\":\"http:\/\/industria-de-la-conversion.ttemsa.com\/#website\"},\"datePublished\":\"2024-03-01T21:03:33+00:00\",\"dateModified\":\"2024-05-03T16:23:45+00:00\",\"description\":\"Cat\u00e1logo SIMCO-ION L\u00edderes en el control de Est\u00e1ticaNEUTRALIZACI\u00d3N DE EST\u00c1TICA \u2022 CARGA DE EST\u00c1TICA \u2022 LIMPIEZA DE BANDA Y HOJAS\",\"breadcrumb\":{\"@id\":\"http:\/\/industria-de-la-conversion.ttemsa.com\/index.php\/simco-ion\/catalogo-general\/#breadcrumb\"},\"inLanguage\":\"es\",\"potentialAction\":[{\"@type\":\"ReadAction\",\"target\":[\"http:\/\/industria-de-la-conversion.ttemsa.com\/index.php\/simco-ion\/catalogo-general\/\"]}]},{\"@type\":\"BreadcrumbList\",\"@id\":\"http:\/\/industria-de-la-conversion.ttemsa.com\/index.php\/simco-ion\/catalogo-general\/#breadcrumb\",\"itemListElement\":[{\"@type\":\"ListItem\",\"position\":1,\"name\":\"Inicio\",\"item\":\"http:\/\/industria-de-la-conversion.ttemsa.com\/\"},{\"@type\":\"ListItem\",\"position\":2,\"name\":\"SIMCO -ION\",\"item\":\"https:\/\/industria-de-la-conversion.ttemsa.com\/index.php\/simco-ion\/\"},{\"@type\":\"ListItem\",\"position\":3,\"name\":\"Cat\u00e1logo General simco\"}]},{\"@type\":\"WebSite\",\"@id\":\"http:\/\/industria-de-la-conversion.ttemsa.com\/#website\",\"url\":\"http:\/\/industria-de-la-conversion.ttemsa.com\/\",\"name\":\"industria-de-la-conversion.ttemsa\",\"description\":\"Designed Dianalacazadora.com\",\"potentialAction\":[{\"@type\":\"SearchAction\",\"target\":{\"@type\":\"EntryPoint\",\"urlTemplate\":\"http:\/\/industria-de-la-conversion.ttemsa.com\/?s={search_term_string}\"},\"query-input\":\"required name=search_term_string\"}],\"inLanguage\":\"es\"}]}<\/script>\n<!-- \/ Yoast SEO plugin. -->","yoast_head_json":{"title":"Cat\u00e1logo General simco - industria-de-la-conversion.ttemsa","description":"Cat\u00e1logo SIMCO-ION L\u00edderes en el control de Est\u00e1ticaNEUTRALIZACI\u00d3N DE EST\u00c1TICA \u2022 CARGA DE EST\u00c1TICA \u2022 LIMPIEZA DE BANDA Y HOJAS","robots":{"index":"index","follow":"follow","max-snippet":"max-snippet:-1","max-image-preview":"max-image-preview:large","max-video-preview":"max-video-preview:-1"},"canonical":"http:\/\/industria-de-la-conversion.ttemsa.com\/index.php\/simco-ion\/catalogo-general\/","og_locale":"es_MX","og_type":"article","og_title":"Cat\u00e1logo SIMCO-ION L\u00edderes en el control de Est\u00e1tica: NEUTRALIZACI\u00d3N DE EST\u00c1TICA \u2022 CARGA DE EST\u00c1TICA \u2022 LIMPIEZA DE BANDA Y HOJAS","og_description":"En ttemsa ofrecemos Soluciones. Solicite + info Tel\u00e9fonos: + 52 (55) 5352-0191 5352-1301 5352-6070 5352-0593","og_url":"http:\/\/industria-de-la-conversion.ttemsa.com\/index.php\/simco-ion\/catalogo-general\/","og_site_name":"industria-de-la-conversion.ttemsa","article_modified_time":"2024-05-03T16:23:45+00:00","og_image":[{"width":1200,"height":627,"url":"http:\/\/industria-de-la-conversion.ttemsa.com\/wp-content\/uploads\/2023\/12\/a.jpg","type":"image\/jpeg"}],"twitter_card":"summary_large_image","twitter_misc":{"Tiempo de lectura":"2 minutos"},"schema":{"@context":"https:\/\/schema.org","@graph":[{"@type":"WebPage","@id":"http:\/\/industria-de-la-conversion.ttemsa.com\/index.php\/simco-ion\/catalogo-general\/","url":"http:\/\/industria-de-la-conversion.ttemsa.com\/index.php\/simco-ion\/catalogo-general\/","name":"Cat\u00e1logo General simco - industria-de-la-conversion.ttemsa","isPartOf":{"@id":"http:\/\/industria-de-la-conversion.ttemsa.com\/#website"},"datePublished":"2024-03-01T21:03:33+00:00","dateModified":"2024-05-03T16:23:45+00:00","description":"Cat\u00e1logo SIMCO-ION L\u00edderes en el control de Est\u00e1ticaNEUTRALIZACI\u00d3N DE EST\u00c1TICA \u2022 CARGA DE EST\u00c1TICA \u2022 LIMPIEZA DE BANDA Y HOJAS","breadcrumb":{"@id":"http:\/\/industria-de-la-conversion.ttemsa.com\/index.php\/simco-ion\/catalogo-general\/#breadcrumb"},"inLanguage":"es","potentialAction":[{"@type":"ReadAction","target":["http:\/\/industria-de-la-conversion.ttemsa.com\/index.php\/simco-ion\/catalogo-general\/"]}]},{"@type":"BreadcrumbList","@id":"http:\/\/industria-de-la-conversion.ttemsa.com\/index.php\/simco-ion\/catalogo-general\/#breadcrumb","itemListElement":[{"@type":"ListItem","position":1,"name":"Inicio","item":"http:\/\/industria-de-la-conversion.ttemsa.com\/"},{"@type":"ListItem","position":2,"name":"SIMCO -ION","item":"https:\/\/industria-de-la-conversion.ttemsa.com\/index.php\/simco-ion\/"},{"@type":"ListItem","position":3,"name":"Cat\u00e1logo General simco"}]},{"@type":"WebSite","@id":"http:\/\/industria-de-la-conversion.ttemsa.com\/#website","url":"http:\/\/industria-de-la-conversion.ttemsa.com\/","name":"industria-de-la-conversion.ttemsa","description":"Designed Dianalacazadora.com","potentialAction":[{"@type":"SearchAction","target":{"@type":"EntryPoint","urlTemplate":"http:\/\/industria-de-la-conversion.ttemsa.com\/?s={search_term_string}"},"query-input":"required name=search_term_string"}],"inLanguage":"es"}]}},"_links":{"self":[{"href":"https:\/\/industria-de-la-conversion.ttemsa.com\/index.php\/wp-json\/wp\/v2\/pages\/1659","targetHints":{"allow":["GET"]}}],"collection":[{"href":"https:\/\/industria-de-la-conversion.ttemsa.com\/index.php\/wp-json\/wp\/v2\/pages"}],"about":[{"href":"https:\/\/industria-de-la-conversion.ttemsa.com\/index.php\/wp-json\/wp\/v2\/types\/page"}],"author":[{"embeddable":true,"href":"https:\/\/industria-de-la-conversion.ttemsa.com\/index.php\/wp-json\/wp\/v2\/users\/1"}],"replies":[{"embeddable":true,"href":"https:\/\/industria-de-la-conversion.ttemsa.com\/index.php\/wp-json\/wp\/v2\/comments?post=1659"}],"version-history":[{"count":4,"href":"https:\/\/industria-de-la-conversion.ttemsa.com\/index.php\/wp-json\/wp\/v2\/pages\/1659\/revisions"}],"predecessor-version":[{"id":3215,"href":"https:\/\/industria-de-la-conversion.ttemsa.com\/index.php\/wp-json\/wp\/v2\/pages\/1659\/revisions\/3215"}],"up":[{"embeddable":true,"href":"https:\/\/industria-de-la-conversion.ttemsa.com\/index.php\/wp-json\/wp\/v2\/pages\/35"}],"wp:attachment":[{"href":"https:\/\/industria-de-la-conversion.ttemsa.com\/index.php\/wp-json\/wp\/v2\/media?parent=1659"}],"wp:term":[{"taxonomy":"category","embeddable":true,"href":"https:\/\/industria-de-la-conversion.ttemsa.com\/index.php\/wp-json\/wp\/v2\/categories?post=1659"},{"taxonomy":"post_tag","embeddable":true,"href":"https:\/\/industria-de-la-conversion.ttemsa.com\/index.php\/wp-json\/wp\/v2\/tags?post=1659"}],"curies":[{"name":"wp","href":"https:\/\/api.w.org\/{rel}","templated":true}]}}