{"id":1665,"date":"2024-03-01T21:04:33","date_gmt":"2024-03-01T21:04:33","guid":{"rendered":"https:\/\/industria-de-la-conversion.ttemsa.com\/index.php\/simco-ion\/catalogo-general-copy-copy-copy-copy-copy\/"},"modified":"2024-05-03T18:06:48","modified_gmt":"2024-05-03T18:06:48","slug":"catalogo-general-copy-copy-copy-copy-copy","status":"publish","type":"page","link":"https:\/\/industria-de-la-conversion.ttemsa.com\/index.php\/simco-ion\/catalogo-general-copy-copy-copy-copy-copy\/","title":{"rendered":"Potente Sistema Neutralizado de Est\u00e1tica IQ HL PARA AMBIENTES PELIGROSOS APRUEBA DE EXPLOSION"},"content":{"rendered":"<div class=\"wp-block-image\">\n<figure class=\"aligncenter size-full is-resized\"><img loading=\"lazy\" decoding=\"async\" width=\"500\" height=\"500\" src=\"https:\/\/industria-de-la-conversion.ttemsa.com\/wp-content\/uploads\/2023\/12\/simco-ioniqhl.jpg\" alt=\"\" class=\"wp-image-989\" style=\"width:534px;height:auto\" srcset=\"https:\/\/industria-de-la-conversion.ttemsa.com\/wp-content\/uploads\/2023\/12\/simco-ioniqhl.jpg 500w, https:\/\/industria-de-la-conversion.ttemsa.com\/wp-content\/uploads\/2023\/12\/simco-ioniqhl-300x300.jpg 300w, https:\/\/industria-de-la-conversion.ttemsa.com\/wp-content\/uploads\/2023\/12\/simco-ioniqhl-150x150.jpg 150w\" sizes=\"auto, (max-width: 500px) 100vw, 500px\" \/><\/figure>\n<\/div>\n\n<div class=\"wp-block-image\">\n<figure class=\"aligncenter size-full is-resized\"><img loading=\"lazy\" decoding=\"async\" width=\"640\" height=\"169\" src=\"https:\/\/industria-de-la-conversion.ttemsa.com\/wp-content\/uploads\/2023\/12\/logo-simco.png\" alt=\"\" class=\"wp-image-940\" style=\"width:260px;height:auto\" srcset=\"https:\/\/industria-de-la-conversion.ttemsa.com\/wp-content\/uploads\/2023\/12\/logo-simco.png 640w, https:\/\/industria-de-la-conversion.ttemsa.com\/wp-content\/uploads\/2023\/12\/logo-simco-300x79.png 300w\" sizes=\"auto, (max-width: 640px) 100vw, 640px\" \/><\/figure>\n<\/div>\n\n\n<h2 class=\"wp-block-heading has-text-align-center\"><\/h2>\n\n\n\n<p class=\"has-text-align-center has-medium-font-size\"><strong>Potente Sistema Neutralizado de Est\u00e1tica IQ HL para ambientes inflamables.  <\/strong><\/p>\n\n\n\n<p class=\"has-medium-font-size\">Componentes especializados del Sistema Potente Neutralizador de Est\u00e1tica IQ est\u00e1n aprobados para instalaciones de ambientes inflamables Clase I Div 1, ( Clase 1, Div 1 Grupo D). Los componentes de la HL son beneficiados en los sistemas est\u00e1ndar y son especialmente dise\u00f1ados y aprobados para aplicaciones de ambientes inflamables.&nbsp;<\/p>\n\n\n\n<p>El coraz\u00f3n del sistema IQ-HL es la fuente. Proporciona alta salida de voltaje y procesa un sistema inteligente para mantener y comunicar un control de est\u00e1tica completo.<\/p>\n\n\n\n<p>Estas fuentes trabajan con las barras neutralizadoras de est\u00e1tica las cuales est\u00e1n disponibles en configuraci\u00f3n de velocidad e h\u00edbridas.&nbsp;&nbsp;<\/p>\n\n\n\n<p><strong>Hay dos fuentes disponibles a escoger<\/strong><\/p>\n\n\n\n<p>*&nbsp;&nbsp;La&nbsp;<strong>Fuente HL<\/strong>&nbsp;que es aprobada para montaje&nbsp;fuera de&nbsp;\u00e1reas inflamables.<\/p>\n\n\n\n<p>*&nbsp;&nbsp;La&nbsp;<strong>Fuente HCL<\/strong>&nbsp;es aprobada para montaje dentro de lugares clasificados como peligrosos. Requiere una pantalla de monitoreo remoto usada para mostrar indicaciones criticas tales como estado de servicio y condiciones de falla.<\/p>\n\n\n\n<p>El sensor de la fuente IQ-HL permite a la fuente operar en sistema de lazo cerrado o puede ser usada como sistema de monitoreo est\u00e1ndar. Conecta al sistema a trav\u00e9s de la interface del S<strong>ensor de la Fuente IQ.<\/strong>&nbsp;El sensor de interface proporciona el estado de hasta 8 sensores conectados.<\/p>\n\n\n\n<p>*&nbsp;&nbsp;Tecnolog\u00eda digital ( no an\u00e1loga) ofrece alta precisi\u00f3n ruido impermeable<\/p>\n\n\n\n<p>*&nbsp;&nbsp;Sensor seguro de f\u00e1cil instalaci\u00f3n, sin usar conduil.<\/p>\n\n\n\n<p>*&nbsp;&nbsp;La comunicaci\u00f3n no puede ser interrumpida debido a un algoritmo verificador<\/p>\n\n\n\n<hr class=\"wp-block-separator has-alpha-channel-opacity\"\/>\n\n\n\n<figure class=\"wp-block-image size-full\"><img loading=\"lazy\" decoding=\"async\" width=\"213\" height=\"40\" src=\"https:\/\/industria-de-la-conversion.ttemsa.com\/wp-content\/uploads\/2023\/12\/Captura-de-pantalla-2023-12-25-a-las-4.30.13-p.m.png\" alt=\"\" class=\"wp-image-991\"\/><\/figure>\n\n\n\n<figure class=\"wp-block-image size-full\"><img loading=\"lazy\" decoding=\"async\" width=\"448\" height=\"218\" src=\"https:\/\/industria-de-la-conversion.ttemsa.com\/wp-content\/uploads\/2023\/12\/hqdefault2.jpg\" alt=\"\" class=\"wp-image-992\" srcset=\"https:\/\/industria-de-la-conversion.ttemsa.com\/wp-content\/uploads\/2023\/12\/hqdefault2.jpg 448w, https:\/\/industria-de-la-conversion.ttemsa.com\/wp-content\/uploads\/2023\/12\/hqdefault2-300x146.jpg 300w\" sizes=\"auto, (max-width: 448px) 100vw, 448px\" \/><\/figure>\n","protected":false},"excerpt":{"rendered":"<p>Potente Sistema Neutralizado de Est\u00e1tica IQ HL para ambientes inflamables. Componentes especializados del Sistema Potente Neutralizador de Est\u00e1tica IQ est\u00e1n aprobados para instalaciones de ambientes inflamables Clase I Div 1, ( Clase 1, Div 1 Grupo D). Los componentes de la HL son beneficiados en los sistemas est\u00e1ndar y son especialmente dise\u00f1ados y aprobados para [&hellip;]<\/p>\n","protected":false},"author":1,"featured_media":0,"parent":35,"menu_order":0,"comment_status":"closed","ping_status":"closed","template":"","meta":{"footnotes":""},"categories":[18],"tags":[],"class_list":["post-1665","page","type-page","status-publish","hentry","category-simco-ion"],"yoast_head":"<!-- This site is optimized with the Yoast SEO plugin v22.1 - https:\/\/yoast.com\/wordpress\/plugins\/seo\/ -->\n<title>Potente Sistema Neutralizado de Est\u00e1tica IQ HL PARA AMBIENTES PELIGROSOS APRUEBA DE EXPLOSION - industria-de-la-conversion.ttemsa<\/title>\n<meta name=\"description\" content=\"Potente Sistema Neutralizado de Est\u00e1tica IQ HL (para ambientes inflamables) Componentes especializados del Sistema Potente Neutralizador de Est\u00e1tica IQ est\u00e1n aprobados\" \/>\n<meta name=\"robots\" content=\"index, follow, max-snippet:-1, max-image-preview:large, max-video-preview:-1\" \/>\n<link rel=\"canonical\" href=\"http:\/\/industria-de-la-conversion.ttemsa.com\/index.php\/simco-ion\/catalogo-general-copy-copy-copy-copy-copy\/\" \/>\n<meta property=\"og:locale\" content=\"es_MX\" \/>\n<meta property=\"og:type\" content=\"article\" \/>\n<meta property=\"og:title\" content=\"Potente Sistema Neutralizado de Est\u00e1tica IQ HL Componentes especializados del Sistema Potente Neutralizador de Est\u00e1tica IQ est\u00e1n aprobados.\" \/>\n<meta property=\"og:description\" content=\"En ttemsa ofrecemos Soluciones. Solicite + info Tel\u00e9fonos: + 52 (55) 5352-0191 5352-1301 5352-6070 5352-0593\" \/>\n<meta property=\"og:url\" content=\"http:\/\/industria-de-la-conversion.ttemsa.com\/index.php\/simco-ion\/catalogo-general-copy-copy-copy-copy-copy\/\" \/>\n<meta property=\"og:site_name\" content=\"industria-de-la-conversion.ttemsa\" \/>\n<meta property=\"article:modified_time\" content=\"2024-05-03T18:06:48+00:00\" \/>\n<meta property=\"og:image\" content=\"http:\/\/industria-de-la-conversion.ttemsa.com\/wp-content\/uploads\/2023\/12\/simco-ioniqhl.jpg\" \/>\n\t<meta property=\"og:image:width\" content=\"500\" \/>\n\t<meta property=\"og:image:height\" content=\"500\" \/>\n\t<meta property=\"og:image:type\" content=\"image\/jpeg\" \/>\n<meta name=\"twitter:card\" content=\"summary_large_image\" \/>\n<meta name=\"twitter:label1\" content=\"Tiempo de lectura\" \/>\n\t<meta name=\"twitter:data1\" content=\"2 minutos\" \/>\n<script type=\"application\/ld+json\" class=\"yoast-schema-graph\">{\"@context\":\"https:\/\/schema.org\",\"@graph\":[{\"@type\":\"WebPage\",\"@id\":\"http:\/\/industria-de-la-conversion.ttemsa.com\/index.php\/simco-ion\/catalogo-general-copy-copy-copy-copy-copy\/\",\"url\":\"http:\/\/industria-de-la-conversion.ttemsa.com\/index.php\/simco-ion\/catalogo-general-copy-copy-copy-copy-copy\/\",\"name\":\"Potente Sistema Neutralizado de Est\u00e1tica IQ HL PARA AMBIENTES PELIGROSOS APRUEBA DE EXPLOSION - industria-de-la-conversion.ttemsa\",\"isPartOf\":{\"@id\":\"http:\/\/industria-de-la-conversion.ttemsa.com\/#website\"},\"datePublished\":\"2024-03-01T21:04:33+00:00\",\"dateModified\":\"2024-05-03T18:06:48+00:00\",\"description\":\"Potente Sistema Neutralizado de Est\u00e1tica IQ HL (para ambientes inflamables) Componentes especializados del Sistema Potente Neutralizador de Est\u00e1tica IQ est\u00e1n aprobados\",\"breadcrumb\":{\"@id\":\"http:\/\/industria-de-la-conversion.ttemsa.com\/index.php\/simco-ion\/catalogo-general-copy-copy-copy-copy-copy\/#breadcrumb\"},\"inLanguage\":\"es\",\"potentialAction\":[{\"@type\":\"ReadAction\",\"target\":[\"http:\/\/industria-de-la-conversion.ttemsa.com\/index.php\/simco-ion\/catalogo-general-copy-copy-copy-copy-copy\/\"]}]},{\"@type\":\"BreadcrumbList\",\"@id\":\"http:\/\/industria-de-la-conversion.ttemsa.com\/index.php\/simco-ion\/catalogo-general-copy-copy-copy-copy-copy\/#breadcrumb\",\"itemListElement\":[{\"@type\":\"ListItem\",\"position\":1,\"name\":\"Inicio\",\"item\":\"http:\/\/industria-de-la-conversion.ttemsa.com\/\"},{\"@type\":\"ListItem\",\"position\":2,\"name\":\"SIMCO -ION\",\"item\":\"https:\/\/industria-de-la-conversion.ttemsa.com\/index.php\/simco-ion\/\"},{\"@type\":\"ListItem\",\"position\":3,\"name\":\"Potente Sistema Neutralizado de Est\u00e1tica IQ HL PARA AMBIENTES PELIGROSOS APRUEBA DE EXPLOSION\"}]},{\"@type\":\"WebSite\",\"@id\":\"http:\/\/industria-de-la-conversion.ttemsa.com\/#website\",\"url\":\"http:\/\/industria-de-la-conversion.ttemsa.com\/\",\"name\":\"industria-de-la-conversion.ttemsa\",\"description\":\"Designed Dianalacazadora.com\",\"potentialAction\":[{\"@type\":\"SearchAction\",\"target\":{\"@type\":\"EntryPoint\",\"urlTemplate\":\"http:\/\/industria-de-la-conversion.ttemsa.com\/?s={search_term_string}\"},\"query-input\":\"required name=search_term_string\"}],\"inLanguage\":\"es\"}]}<\/script>\n<!-- \/ Yoast SEO plugin. -->","yoast_head_json":{"title":"Potente Sistema Neutralizado de Est\u00e1tica IQ HL PARA AMBIENTES PELIGROSOS APRUEBA DE EXPLOSION - industria-de-la-conversion.ttemsa","description":"Potente Sistema Neutralizado de Est\u00e1tica IQ HL (para ambientes inflamables) Componentes especializados del Sistema Potente Neutralizador de Est\u00e1tica IQ est\u00e1n aprobados","robots":{"index":"index","follow":"follow","max-snippet":"max-snippet:-1","max-image-preview":"max-image-preview:large","max-video-preview":"max-video-preview:-1"},"canonical":"http:\/\/industria-de-la-conversion.ttemsa.com\/index.php\/simco-ion\/catalogo-general-copy-copy-copy-copy-copy\/","og_locale":"es_MX","og_type":"article","og_title":"Potente Sistema Neutralizado de Est\u00e1tica IQ HL Componentes especializados del Sistema Potente Neutralizador de Est\u00e1tica IQ est\u00e1n aprobados.","og_description":"En ttemsa ofrecemos Soluciones. Solicite + info Tel\u00e9fonos: + 52 (55) 5352-0191 5352-1301 5352-6070 5352-0593","og_url":"http:\/\/industria-de-la-conversion.ttemsa.com\/index.php\/simco-ion\/catalogo-general-copy-copy-copy-copy-copy\/","og_site_name":"industria-de-la-conversion.ttemsa","article_modified_time":"2024-05-03T18:06:48+00:00","og_image":[{"width":500,"height":500,"url":"http:\/\/industria-de-la-conversion.ttemsa.com\/wp-content\/uploads\/2023\/12\/simco-ioniqhl.jpg","type":"image\/jpeg"}],"twitter_card":"summary_large_image","twitter_misc":{"Tiempo de lectura":"2 minutos"},"schema":{"@context":"https:\/\/schema.org","@graph":[{"@type":"WebPage","@id":"http:\/\/industria-de-la-conversion.ttemsa.com\/index.php\/simco-ion\/catalogo-general-copy-copy-copy-copy-copy\/","url":"http:\/\/industria-de-la-conversion.ttemsa.com\/index.php\/simco-ion\/catalogo-general-copy-copy-copy-copy-copy\/","name":"Potente Sistema Neutralizado de Est\u00e1tica IQ HL PARA AMBIENTES PELIGROSOS APRUEBA DE EXPLOSION - industria-de-la-conversion.ttemsa","isPartOf":{"@id":"http:\/\/industria-de-la-conversion.ttemsa.com\/#website"},"datePublished":"2024-03-01T21:04:33+00:00","dateModified":"2024-05-03T18:06:48+00:00","description":"Potente Sistema Neutralizado de Est\u00e1tica IQ HL (para ambientes inflamables) Componentes especializados del Sistema Potente Neutralizador de Est\u00e1tica IQ est\u00e1n aprobados","breadcrumb":{"@id":"http:\/\/industria-de-la-conversion.ttemsa.com\/index.php\/simco-ion\/catalogo-general-copy-copy-copy-copy-copy\/#breadcrumb"},"inLanguage":"es","potentialAction":[{"@type":"ReadAction","target":["http:\/\/industria-de-la-conversion.ttemsa.com\/index.php\/simco-ion\/catalogo-general-copy-copy-copy-copy-copy\/"]}]},{"@type":"BreadcrumbList","@id":"http:\/\/industria-de-la-conversion.ttemsa.com\/index.php\/simco-ion\/catalogo-general-copy-copy-copy-copy-copy\/#breadcrumb","itemListElement":[{"@type":"ListItem","position":1,"name":"Inicio","item":"http:\/\/industria-de-la-conversion.ttemsa.com\/"},{"@type":"ListItem","position":2,"name":"SIMCO -ION","item":"https:\/\/industria-de-la-conversion.ttemsa.com\/index.php\/simco-ion\/"},{"@type":"ListItem","position":3,"name":"Potente Sistema Neutralizado de Est\u00e1tica IQ HL PARA AMBIENTES PELIGROSOS APRUEBA DE EXPLOSION"}]},{"@type":"WebSite","@id":"http:\/\/industria-de-la-conversion.ttemsa.com\/#website","url":"http:\/\/industria-de-la-conversion.ttemsa.com\/","name":"industria-de-la-conversion.ttemsa","description":"Designed Dianalacazadora.com","potentialAction":[{"@type":"SearchAction","target":{"@type":"EntryPoint","urlTemplate":"http:\/\/industria-de-la-conversion.ttemsa.com\/?s={search_term_string}"},"query-input":"required name=search_term_string"}],"inLanguage":"es"}]}},"_links":{"self":[{"href":"https:\/\/industria-de-la-conversion.ttemsa.com\/index.php\/wp-json\/wp\/v2\/pages\/1665","targetHints":{"allow":["GET"]}}],"collection":[{"href":"https:\/\/industria-de-la-conversion.ttemsa.com\/index.php\/wp-json\/wp\/v2\/pages"}],"about":[{"href":"https:\/\/industria-de-la-conversion.ttemsa.com\/index.php\/wp-json\/wp\/v2\/types\/page"}],"author":[{"embeddable":true,"href":"https:\/\/industria-de-la-conversion.ttemsa.com\/index.php\/wp-json\/wp\/v2\/users\/1"}],"replies":[{"embeddable":true,"href":"https:\/\/industria-de-la-conversion.ttemsa.com\/index.php\/wp-json\/wp\/v2\/comments?post=1665"}],"version-history":[{"count":4,"href":"https:\/\/industria-de-la-conversion.ttemsa.com\/index.php\/wp-json\/wp\/v2\/pages\/1665\/revisions"}],"predecessor-version":[{"id":3249,"href":"https:\/\/industria-de-la-conversion.ttemsa.com\/index.php\/wp-json\/wp\/v2\/pages\/1665\/revisions\/3249"}],"up":[{"embeddable":true,"href":"https:\/\/industria-de-la-conversion.ttemsa.com\/index.php\/wp-json\/wp\/v2\/pages\/35"}],"wp:attachment":[{"href":"https:\/\/industria-de-la-conversion.ttemsa.com\/index.php\/wp-json\/wp\/v2\/media?parent=1665"}],"wp:term":[{"taxonomy":"category","embeddable":true,"href":"https:\/\/industria-de-la-conversion.ttemsa.com\/index.php\/wp-json\/wp\/v2\/categories?post=1665"},{"taxonomy":"post_tag","embeddable":true,"href":"https:\/\/industria-de-la-conversion.ttemsa.com\/index.php\/wp-json\/wp\/v2\/tags?post=1665"}],"curies":[{"name":"wp","href":"https:\/\/api.w.org\/{rel}","templated":true}]}}