{"id":1722,"date":"2024-03-01T21:25:38","date_gmt":"2024-03-01T21:25:38","guid":{"rendered":"https:\/\/industria-de-la-conversion.ttemsa.com\/index.php\/simco-ion\/ventilador-de-anti-estatica-copy\/"},"modified":"2024-03-03T18:18:39","modified_gmt":"2024-03-03T18:18:39","slug":"detector-de-perforacion","status":"publish","type":"page","link":"https:\/\/industria-de-la-conversion.ttemsa.com\/index.php\/simco-ion\/detector-de-perforacion\/","title":{"rendered":"DETECTOR DE PERFORACI\u00d3N"},"content":{"rendered":"<div class=\"wp-block-image\">\n<figure class=\"aligncenter size-full is-resized\"><img loading=\"lazy\" decoding=\"async\" width=\"241\" height=\"183\" src=\"https:\/\/industria-de-la-conversion.ttemsa.com\/wp-content\/uploads\/2024\/03\/0094c557bccb4b76b1b1fe65d9a5c9fc-1.jpg\" alt=\"\" class=\"wp-image-2308\" style=\"width:423px;height:auto\"\/><\/figure>\n<\/div>\n\n<div class=\"wp-block-image\">\n<figure class=\"aligncenter size-full is-resized\"><img loading=\"lazy\" decoding=\"async\" width=\"640\" height=\"169\" src=\"http:\/\/industria-de-la-conversion.ttemsa.com\/wp-content\/uploads\/2023\/12\/logo-simco.png\" alt=\"\" class=\"wp-image-940\" style=\"width:258px;height:auto\" srcset=\"https:\/\/industria-de-la-conversion.ttemsa.com\/wp-content\/uploads\/2023\/12\/logo-simco.png 640w, https:\/\/industria-de-la-conversion.ttemsa.com\/wp-content\/uploads\/2023\/12\/logo-simco-300x79.png 300w\" sizes=\"auto, (max-width: 640px) 100vw, 640px\" \/><\/figure>\n<\/div>\n\n\n<p>En muchos procesos de producci\u00f3n es necesario detectar perforaciones de Pel\u00edculas o piezas inyectadas.<\/p>\n\n\n\n<ul class=\"wp-block-list\">\n<li>M\u00e9todos existentes como vac\u00edo, presi\u00f3n o control \u00f3ptico son frecuentemente no aplicables para productos transparentes o art\u00edculos con dificultad para manejo.<\/li>\n\n\n\n<li>Chispa de alto voltaje sobre la pel\u00edcula puede ser usado para detectar perforaciones, una chispa del electrodo especial al irse a tierra sirve para detectar y evaluar las perforaciones.<\/li>\n\n\n\n<li>Perforaciones en bandas de pl\u00e1stico y productos pueden ser detectadas y contadas.<\/li>\n\n\n\n<li>Perforaciones en bandas en movimiento pueden ser detectadas con una barra especial de detecci\u00f3n y un generador de alto voltaje.<\/li>\n\n\n\n<li>Perforaciones pueden ser detectadas pero no localizadas.<\/li>\n\n\n\n<li>Una perforaci\u00f3n en pel\u00edcula produce una chispa atreves del material y generara una se\u00f1al de salida en el generador de carga est\u00e1tica debido al potente campo electrost\u00e1tico de la barra antiest\u00e1tica despu\u00e9s de la perforaci\u00f3n env\u00eda una se\u00f1al.<\/li>\n<\/ul>\n\n\n\n<p><strong>Descripci\u00f3n del producto<\/strong><\/p>\n\n\n\n<p>El detector PD-22 Perforaci\u00f3n incorpora alta resoluci\u00f3n y se\u00f1al limpia, reduciendo la interferencia para los recuentos precisos. El PD-22 es una salida ajustable, fuente de alimentaci\u00f3n de alta tensi\u00f3n de corriente continua dise\u00f1ada para su uso con EL10 perforaci\u00f3n sonda de detecci\u00f3n de Simco-Ion.<\/p>\n\n\n\n<figure class=\"wp-block-image size-full\"><img loading=\"lazy\" decoding=\"async\" width=\"898\" height=\"395\" src=\"https:\/\/industria-de-la-conversion.ttemsa.com\/wp-content\/uploads\/2024\/03\/detector.jpg\" alt=\"\" class=\"wp-image-2309\" srcset=\"https:\/\/industria-de-la-conversion.ttemsa.com\/wp-content\/uploads\/2024\/03\/detector.jpg 898w, https:\/\/industria-de-la-conversion.ttemsa.com\/wp-content\/uploads\/2024\/03\/detector-300x132.jpg 300w, https:\/\/industria-de-la-conversion.ttemsa.com\/wp-content\/uploads\/2024\/03\/detector-768x338.jpg 768w\" sizes=\"auto, (max-width: 898px) 100vw, 898px\" \/><\/figure>\n\n\n\n<figure class=\"wp-block-image size-full\"><img loading=\"lazy\" decoding=\"async\" width=\"1024\" height=\"689\" src=\"https:\/\/industria-de-la-conversion.ttemsa.com\/wp-content\/uploads\/2024\/03\/Bagmaking_OK_02.jpg\" alt=\"\" class=\"wp-image-2310\" srcset=\"https:\/\/industria-de-la-conversion.ttemsa.com\/wp-content\/uploads\/2024\/03\/Bagmaking_OK_02.jpg 1024w, https:\/\/industria-de-la-conversion.ttemsa.com\/wp-content\/uploads\/2024\/03\/Bagmaking_OK_02-300x202.jpg 300w, https:\/\/industria-de-la-conversion.ttemsa.com\/wp-content\/uploads\/2024\/03\/Bagmaking_OK_02-768x517.jpg 768w\" sizes=\"auto, (max-width: 1024px) 100vw, 1024px\" \/><\/figure>\n\n\n\n<p>En muchos procesos de producci\u00f3n es necesario detectar perforaciones de Pel\u00edculas o piezas inyectadas. M\u00e9todos existentes como vac\u00edo, presi\u00f3n o controf\u00f3ptico son frecuentemente no aplicables para productos transparentes o art\u00edculos con dificultad para manejo.&nbsp;<\/p>\n\n\n\n<p>Chispa de alto voltaje sobre la pel\u00edcula puede ser usado para detectar perforaciones, una chispa del electrodo especial al irse a tierra sirve para detectar y evaluar las perforaciones.<\/p>\n\n\n\n<p>Perforaciones en bandas de pl\u00e1stico y productos pueden ser detectadas y contadas. Perforaciones en bandas en movimiento pueden ser detectadas con una barra especial de detecci\u00f3n y un generador de alto voltaje.&nbsp;<\/p>\n\n\n\n<p>Perforaciones pueden ser detectadas pero no localizadas. Una perforaci\u00f3n en pel\u00edcula produce una chispa atreves del material y generara una se\u00f1al de salida en el generador de carga est\u00e1tica debido al potente campo electrost\u00e1tico de la barra antiest\u00e1tica despu\u00e9s de la perforaci\u00f3n env\u00eda una Se\u00f1al<\/p>\n\n\n\n<figure class=\"wp-block-image size-full\"><img loading=\"lazy\" decoding=\"async\" width=\"1024\" height=\"439\" src=\"https:\/\/industria-de-la-conversion.ttemsa.com\/wp-content\/uploads\/2024\/03\/15_in-producrs_OK_02.jpg\" alt=\"\" class=\"wp-image-2311\" srcset=\"https:\/\/industria-de-la-conversion.ttemsa.com\/wp-content\/uploads\/2024\/03\/15_in-producrs_OK_02.jpg 1024w, https:\/\/industria-de-la-conversion.ttemsa.com\/wp-content\/uploads\/2024\/03\/15_in-producrs_OK_02-300x129.jpg 300w, https:\/\/industria-de-la-conversion.ttemsa.com\/wp-content\/uploads\/2024\/03\/15_in-producrs_OK_02-768x329.jpg 768w\" sizes=\"auto, (max-width: 1024px) 100vw, 1024px\" \/><\/figure>\n\n\n\n<figure class=\"wp-block-image size-full\"><img loading=\"lazy\" decoding=\"async\" width=\"1024\" height=\"558\" src=\"https:\/\/industria-de-la-conversion.ttemsa.com\/wp-content\/uploads\/2024\/03\/16_to-determine-the-position-of-my-materia_CM5_rood__1__02.jpg\" alt=\"\" class=\"wp-image-2312\" srcset=\"https:\/\/industria-de-la-conversion.ttemsa.com\/wp-content\/uploads\/2024\/03\/16_to-determine-the-position-of-my-materia_CM5_rood__1__02.jpg 1024w, https:\/\/industria-de-la-conversion.ttemsa.com\/wp-content\/uploads\/2024\/03\/16_to-determine-the-position-of-my-materia_CM5_rood__1__02-300x163.jpg 300w, https:\/\/industria-de-la-conversion.ttemsa.com\/wp-content\/uploads\/2024\/03\/16_to-determine-the-position-of-my-materia_CM5_rood__1__02-768x419.jpg 768w\" sizes=\"auto, (max-width: 1024px) 100vw, 1024px\" \/><\/figure>\n","protected":false},"excerpt":{"rendered":"<p>En muchos procesos de producci\u00f3n es necesario detectar perforaciones de Pel\u00edculas o piezas inyectadas. Descripci\u00f3n del producto El detector PD-22 Perforaci\u00f3n incorpora alta resoluci\u00f3n y se\u00f1al limpia, reduciendo la interferencia para los recuentos precisos. El PD-22 es una salida ajustable, fuente de alimentaci\u00f3n de alta tensi\u00f3n de corriente continua dise\u00f1ada para su uso con EL10 [&hellip;]<\/p>\n","protected":false},"author":1,"featured_media":0,"parent":35,"menu_order":0,"comment_status":"closed","ping_status":"closed","template":"","meta":{"footnotes":""},"categories":[18],"tags":[],"class_list":["post-1722","page","type-page","status-publish","hentry","category-simco-ion"],"yoast_head":"<!-- This site is optimized with the Yoast SEO plugin v22.1 - https:\/\/yoast.com\/wordpress\/plugins\/seo\/ -->\n<title>DETECTOR DE PERFORACI\u00d3N - industria-de-la-conversion.ttemsa<\/title>\n<meta name=\"robots\" content=\"index, follow, max-snippet:-1, max-image-preview:large, max-video-preview:-1\" \/>\n<link rel=\"canonical\" href=\"http:\/\/industria-de-la-conversion.ttemsa.com\/index.php\/simco-ion\/detector-de-perforacion\/\" \/>\n<meta property=\"og:locale\" content=\"es_MX\" \/>\n<meta property=\"og:type\" content=\"article\" \/>\n<meta property=\"og:title\" content=\"Detector de Perforaci\u00f3n: En muchos procesos de producci\u00f3n es necesario detectar perforaciones de Pel\u00edculas o piezas inyectadas.\" \/>\n<meta property=\"og:description\" content=\"En ttemsa ofrecemos Soluciones. Solicite + info Tel\u00e9fonos: + 52 (55) 5352-0191 5352-1301 5352-6070 5352-0593\" \/>\n<meta property=\"og:url\" content=\"http:\/\/industria-de-la-conversion.ttemsa.com\/index.php\/simco-ion\/detector-de-perforacion\/\" \/>\n<meta property=\"og:site_name\" content=\"industria-de-la-conversion.ttemsa\" \/>\n<meta property=\"article:modified_time\" content=\"2024-03-03T18:18:39+00:00\" \/>\n<meta property=\"og:image\" content=\"http:\/\/industria-de-la-conversion.ttemsa.com\/wp-content\/uploads\/2024\/03\/Bagmaking_OK_02.jpg\" \/>\n\t<meta property=\"og:image:width\" content=\"1024\" \/>\n\t<meta property=\"og:image:height\" content=\"689\" \/>\n\t<meta property=\"og:image:type\" content=\"image\/jpeg\" \/>\n<meta name=\"twitter:card\" content=\"summary_large_image\" \/>\n<meta name=\"twitter:label1\" content=\"Tiempo de lectura\" \/>\n\t<meta name=\"twitter:data1\" content=\"3 minutos\" \/>\n<script type=\"application\/ld+json\" class=\"yoast-schema-graph\">{\"@context\":\"https:\/\/schema.org\",\"@graph\":[{\"@type\":\"WebPage\",\"@id\":\"http:\/\/industria-de-la-conversion.ttemsa.com\/index.php\/simco-ion\/detector-de-perforacion\/\",\"url\":\"http:\/\/industria-de-la-conversion.ttemsa.com\/index.php\/simco-ion\/detector-de-perforacion\/\",\"name\":\"DETECTOR DE PERFORACI\u00d3N - industria-de-la-conversion.ttemsa\",\"isPartOf\":{\"@id\":\"http:\/\/industria-de-la-conversion.ttemsa.com\/#website\"},\"datePublished\":\"2024-03-01T21:25:38+00:00\",\"dateModified\":\"2024-03-03T18:18:39+00:00\",\"breadcrumb\":{\"@id\":\"http:\/\/industria-de-la-conversion.ttemsa.com\/index.php\/simco-ion\/detector-de-perforacion\/#breadcrumb\"},\"inLanguage\":\"es\",\"potentialAction\":[{\"@type\":\"ReadAction\",\"target\":[\"http:\/\/industria-de-la-conversion.ttemsa.com\/index.php\/simco-ion\/detector-de-perforacion\/\"]}]},{\"@type\":\"BreadcrumbList\",\"@id\":\"http:\/\/industria-de-la-conversion.ttemsa.com\/index.php\/simco-ion\/detector-de-perforacion\/#breadcrumb\",\"itemListElement\":[{\"@type\":\"ListItem\",\"position\":1,\"name\":\"Inicio\",\"item\":\"http:\/\/industria-de-la-conversion.ttemsa.com\/\"},{\"@type\":\"ListItem\",\"position\":2,\"name\":\"SIMCO -ION\",\"item\":\"https:\/\/industria-de-la-conversion.ttemsa.com\/index.php\/simco-ion\/\"},{\"@type\":\"ListItem\",\"position\":3,\"name\":\"DETECTOR DE PERFORACI\u00d3N\"}]},{\"@type\":\"WebSite\",\"@id\":\"http:\/\/industria-de-la-conversion.ttemsa.com\/#website\",\"url\":\"http:\/\/industria-de-la-conversion.ttemsa.com\/\",\"name\":\"industria-de-la-conversion.ttemsa\",\"description\":\"Designed Dianalacazadora.com\",\"potentialAction\":[{\"@type\":\"SearchAction\",\"target\":{\"@type\":\"EntryPoint\",\"urlTemplate\":\"http:\/\/industria-de-la-conversion.ttemsa.com\/?s={search_term_string}\"},\"query-input\":\"required name=search_term_string\"}],\"inLanguage\":\"es\"}]}<\/script>\n<!-- \/ Yoast SEO plugin. -->","yoast_head_json":{"title":"DETECTOR DE PERFORACI\u00d3N - industria-de-la-conversion.ttemsa","robots":{"index":"index","follow":"follow","max-snippet":"max-snippet:-1","max-image-preview":"max-image-preview:large","max-video-preview":"max-video-preview:-1"},"canonical":"http:\/\/industria-de-la-conversion.ttemsa.com\/index.php\/simco-ion\/detector-de-perforacion\/","og_locale":"es_MX","og_type":"article","og_title":"Detector de Perforaci\u00f3n: En muchos procesos de producci\u00f3n es necesario detectar perforaciones de Pel\u00edculas o piezas inyectadas.","og_description":"En ttemsa ofrecemos Soluciones. Solicite + info Tel\u00e9fonos: + 52 (55) 5352-0191 5352-1301 5352-6070 5352-0593","og_url":"http:\/\/industria-de-la-conversion.ttemsa.com\/index.php\/simco-ion\/detector-de-perforacion\/","og_site_name":"industria-de-la-conversion.ttemsa","article_modified_time":"2024-03-03T18:18:39+00:00","og_image":[{"width":1024,"height":689,"url":"http:\/\/industria-de-la-conversion.ttemsa.com\/wp-content\/uploads\/2024\/03\/Bagmaking_OK_02.jpg","type":"image\/jpeg"}],"twitter_card":"summary_large_image","twitter_misc":{"Tiempo de lectura":"3 minutos"},"schema":{"@context":"https:\/\/schema.org","@graph":[{"@type":"WebPage","@id":"http:\/\/industria-de-la-conversion.ttemsa.com\/index.php\/simco-ion\/detector-de-perforacion\/","url":"http:\/\/industria-de-la-conversion.ttemsa.com\/index.php\/simco-ion\/detector-de-perforacion\/","name":"DETECTOR DE PERFORACI\u00d3N - industria-de-la-conversion.ttemsa","isPartOf":{"@id":"http:\/\/industria-de-la-conversion.ttemsa.com\/#website"},"datePublished":"2024-03-01T21:25:38+00:00","dateModified":"2024-03-03T18:18:39+00:00","breadcrumb":{"@id":"http:\/\/industria-de-la-conversion.ttemsa.com\/index.php\/simco-ion\/detector-de-perforacion\/#breadcrumb"},"inLanguage":"es","potentialAction":[{"@type":"ReadAction","target":["http:\/\/industria-de-la-conversion.ttemsa.com\/index.php\/simco-ion\/detector-de-perforacion\/"]}]},{"@type":"BreadcrumbList","@id":"http:\/\/industria-de-la-conversion.ttemsa.com\/index.php\/simco-ion\/detector-de-perforacion\/#breadcrumb","itemListElement":[{"@type":"ListItem","position":1,"name":"Inicio","item":"http:\/\/industria-de-la-conversion.ttemsa.com\/"},{"@type":"ListItem","position":2,"name":"SIMCO -ION","item":"https:\/\/industria-de-la-conversion.ttemsa.com\/index.php\/simco-ion\/"},{"@type":"ListItem","position":3,"name":"DETECTOR DE PERFORACI\u00d3N"}]},{"@type":"WebSite","@id":"http:\/\/industria-de-la-conversion.ttemsa.com\/#website","url":"http:\/\/industria-de-la-conversion.ttemsa.com\/","name":"industria-de-la-conversion.ttemsa","description":"Designed Dianalacazadora.com","potentialAction":[{"@type":"SearchAction","target":{"@type":"EntryPoint","urlTemplate":"http:\/\/industria-de-la-conversion.ttemsa.com\/?s={search_term_string}"},"query-input":"required name=search_term_string"}],"inLanguage":"es"}]}},"_links":{"self":[{"href":"https:\/\/industria-de-la-conversion.ttemsa.com\/index.php\/wp-json\/wp\/v2\/pages\/1722","targetHints":{"allow":["GET"]}}],"collection":[{"href":"https:\/\/industria-de-la-conversion.ttemsa.com\/index.php\/wp-json\/wp\/v2\/pages"}],"about":[{"href":"https:\/\/industria-de-la-conversion.ttemsa.com\/index.php\/wp-json\/wp\/v2\/types\/page"}],"author":[{"embeddable":true,"href":"https:\/\/industria-de-la-conversion.ttemsa.com\/index.php\/wp-json\/wp\/v2\/users\/1"}],"replies":[{"embeddable":true,"href":"https:\/\/industria-de-la-conversion.ttemsa.com\/index.php\/wp-json\/wp\/v2\/comments?post=1722"}],"version-history":[{"count":2,"href":"https:\/\/industria-de-la-conversion.ttemsa.com\/index.php\/wp-json\/wp\/v2\/pages\/1722\/revisions"}],"predecessor-version":[{"id":2313,"href":"https:\/\/industria-de-la-conversion.ttemsa.com\/index.php\/wp-json\/wp\/v2\/pages\/1722\/revisions\/2313"}],"up":[{"embeddable":true,"href":"https:\/\/industria-de-la-conversion.ttemsa.com\/index.php\/wp-json\/wp\/v2\/pages\/35"}],"wp:attachment":[{"href":"https:\/\/industria-de-la-conversion.ttemsa.com\/index.php\/wp-json\/wp\/v2\/media?parent=1722"}],"wp:term":[{"taxonomy":"category","embeddable":true,"href":"https:\/\/industria-de-la-conversion.ttemsa.com\/index.php\/wp-json\/wp\/v2\/categories?post=1722"},{"taxonomy":"post_tag","embeddable":true,"href":"https:\/\/industria-de-la-conversion.ttemsa.com\/index.php\/wp-json\/wp\/v2\/tags?post=1722"}],"curies":[{"name":"wp","href":"https:\/\/api.w.org\/{rel}","templated":true}]}}