{"id":1723,"date":"2024-03-01T21:25:46","date_gmt":"2024-03-01T21:25:46","guid":{"rendered":"https:\/\/industria-de-la-conversion.ttemsa.com\/index.php\/simco-ion\/ventilador-de-anti-estatica-copy-copy\/"},"modified":"2024-03-03T16:48:46","modified_gmt":"2024-03-03T16:48:46","slug":"aplicaciones-del-chargemaster-en-la-ind-de-la-conversion","status":"publish","type":"page","link":"https:\/\/industria-de-la-conversion.ttemsa.com\/index.php\/simco-ion\/aplicaciones-del-chargemaster-en-la-ind-de-la-conversion\/","title":{"rendered":"APLICACIONES DEL CHARGEMASTER EN LA IND. DE LA CONVERSI\u00d3N"},"content":{"rendered":"<div class=\"wp-block-image\">\n<figure class=\"aligncenter size-full\"><img loading=\"lazy\" decoding=\"async\" width=\"623\" height=\"387\" src=\"https:\/\/industria-de-la-conversion.ttemsa.com\/wp-content\/uploads\/2023\/12\/Captura-de-pantalla-2023-12-27-a-las-6.48.45-a.m.png\" alt=\"\" class=\"wp-image-1126\" srcset=\"https:\/\/industria-de-la-conversion.ttemsa.com\/wp-content\/uploads\/2023\/12\/Captura-de-pantalla-2023-12-27-a-las-6.48.45-a.m.png 623w, https:\/\/industria-de-la-conversion.ttemsa.com\/wp-content\/uploads\/2023\/12\/Captura-de-pantalla-2023-12-27-a-las-6.48.45-a.m-300x186.png 300w\" sizes=\"auto, (max-width: 623px) 100vw, 623px\" \/><\/figure>\n<\/div>\n\n<div class=\"wp-block-image\">\n<figure class=\"aligncenter size-full is-resized\"><img loading=\"lazy\" decoding=\"async\" width=\"640\" height=\"169\" src=\"https:\/\/industria-de-la-conversion.ttemsa.com\/wp-content\/uploads\/2023\/12\/logo-simco.png\" alt=\"\" class=\"wp-image-940\" style=\"width:250px;height:auto\" srcset=\"https:\/\/industria-de-la-conversion.ttemsa.com\/wp-content\/uploads\/2023\/12\/logo-simco.png 640w, https:\/\/industria-de-la-conversion.ttemsa.com\/wp-content\/uploads\/2023\/12\/logo-simco-300x79.png 300w\" sizes=\"auto, (max-width: 640px) 100vw, 640px\" \/><\/figure>\n<\/div>\n\n\n<p class=\"has-text-align-center has-medium-font-size\"><strong>Aplicaciones del Chargemaster en la industria de la Conversi\u00f3n.&nbsp;<\/strong><\/p>\n\n\n\n<p><strong>Aplicaciones del Chargemaster en la industria de la Conversi\u00f3n.&nbsp;<\/strong><\/p>\n\n\n\n<figure class=\"wp-block-table\"><table><tbody><tr><td><img decoding=\"async\" src=\"https:\/\/www.ttemsa.com\/images\/simco\/1.gif\" alt=\"\" style=\"width: 5000px;\"><\/td><td><strong>Extrusor de Pel\u00edcula Plana disminuyendo reducci\u00f3n de cuello.<\/strong>Un aplicador de carga Simco-Ion en cada orilla produce carga est\u00e1tica a la pel\u00edcula extra\u00edda que hace contacto con el rodillo de enfriamiento. La carga est\u00e1tica previenen efectivamente la reducci\u00f3n de cuello.<\/td><\/tr><tr><td><img loading=\"lazy\" decoding=\"async\" src=\"https:\/\/www.ttemsa.com\/images\/simco\/2.gif\" alt=\"\" width=\"272\" height=\"127\"><\/td><td><strong>Torreta Giratoria de Embobinado.<\/strong>Al aplicar el Chargemaster una carga temporal produce embobinado en la pel\u00edcula. La orilla se adhiere al tubo de cart\u00f3n sin necesidad de usar adhesivo. La calidad del producto terminado sobresale al eliminar rebordes producidos por cinta adhesiva o pegamento.<\/td><\/tr><tr><td><img loading=\"lazy\" decoding=\"async\" src=\"https:\/\/www.ttemsa.com\/images\/simco\/3.gif\" alt=\"\" width=\"274\" height=\"140\"><\/td><td><strong>Adherencia Seca en Laminaci\u00f3n de Hojas.<\/strong>La descarga del Chargemaster y de las barras cargadoras trabajan para pegar el substrato y laminaci\u00f3n del material. Los materiales pasan entre dos barras sin contacto y son unidas electrost\u00e1ticamente. Esto asegura que los materiales se mantengan alineados durante el proceso de laminaci\u00f3n.<\/td><\/tr><tr><td><img loading=\"lazy\" decoding=\"async\" src=\"https:\/\/www.ttemsa.com\/images\/simco\/4.gif\" alt=\"\" width=\"275\" height=\"158\"><\/td><td><strong>Casos de Adherencia en Carpetas.<\/strong>Las capetas de 3 argollas y casets y otros tipos de adherencia son ensamblados en capas. El proceso de sellado requiere que las capas este en posici\u00f3n al colocarse en posici\u00f3n. Las barras Pinner estrat\u00e9gicamente colocadas sobre la tabla de ensamble producen que se peguen antes del proceso de sellado, eliminando rechazos. Las varias capas de estructura son sujetas en la posici\u00f3n correcta.<\/td><\/tr><\/tbody><\/table><\/figure>\n\n\n\n<ul class=\"wp-block-list\">\n<li><strong>Aplicaciones del Chargemaster en Impresi\u00f3n, Encuadernaci\u00f3n y Terminado.<\/strong><\/li>\n<\/ul>\n\n\n\n<figure class=\"wp-block-table\"><table><tbody><tr><td><img decoding=\"async\" src=\"https:\/\/www.ttemsa.com\/images\/simco\/5.gif\" alt=\"\" style=\"width: 5000px;\"><\/td><td><strong>Empacado de Cat\u00e1logos.<\/strong>El cargador de est\u00e1tica Simco-Ion Chargemaster BP-30 y la Barra Pinner Superbar cargan cat\u00e1logos antes de estibarlos. Como resultado los cat\u00e1logos son fijados electrostaticamente como paquete para el proceso de envoltura, atascamiento y da\u00f1os de orilla son eliminados y se aumenta la eficiencia. El uso de equipo de fleje es reducido o eliminado.<\/td><\/tr><tr><td>&nbsp;<img loading=\"lazy\" decoding=\"async\" src=\"https:\/\/www.ttemsa.com\/images\/simco\/6.gif\" alt=\"\" width=\"277\" height=\"152\"><\/td><td><strong>Inserci\u00f3n de Tarjetas.<\/strong>En lineas de Insertado de Tarjetas frecuentemente se salen de su lugar causadas por la velocidad en la linea. Aplicando carga est\u00e1tica en las tarjetas hacen que se fijen efectivamente en su lugar. Las tarjetas no se deslizar\u00e1n.<\/td><\/tr><tr><td><img loading=\"lazy\" decoding=\"async\" src=\"https:\/\/www.ttemsa.com\/images\/simco\/7.gif\" alt=\"\" width=\"278\" height=\"132\"><\/td><td><strong>Inserci\u00f3n de Tarjetas.<\/strong>En el encuadernado se pueden agregar tarjetas. el problema puede ser pr\u00e1cticamente eliminado al fijar inmediatamente a la revista\/catalogo estas tarjetas para insertarlas con un aplicador de carga es colocado antes de cerrar la revista para atrapar la tarjeta, previniendo que se caiga.<\/td><\/tr><tr><td>&nbsp;<img loading=\"lazy\" decoding=\"async\" src=\"https:\/\/www.ttemsa.com\/images\/simco\/8.gif\" alt=\"\" width=\"273\" height=\"235\"><\/td><td><strong>Soluciones Eltex para impresi\u00f3n:<\/strong>&nbsp;<strong>Sistema de Fijaci\u00f3n de Hojas.<\/strong>El Sistema de Fijaci\u00f3n de Hojas usa cargas de CD con polaridades opuestas, para fijar las hojas. Esto elimina \u201cojeras de perro\u201d y mejora el registro de hojas durante el cortado y doblado.<\/td><\/tr><tr><td><img loading=\"lazy\" decoding=\"async\" src=\"https:\/\/www.ttemsa.com\/images\/simco\/9.gif\" alt=\"\" width=\"276\" height=\"141\"><\/td><td><strong>Fijaci\u00f3n de Rodillos de Enfriamiento.<\/strong>El Sistema Eltex esta dise\u00f1ado para transferencia de la temperatura en prensas de impresi\u00f3n de offset. El sistema de fijaci\u00f3n sobre el rodillo usa alto voltaje para fijar la banda en rodillo de enfriamiento en el primer punto de contacto. La fijaci\u00f3n de la banda sobre el rodillo previene que se deslice y elimina la condensaci\u00f3n. La prevenci\u00f3n de deslizamiento tambi\u00e9n reduce la tensi\u00f3n y mejora el registro a trav\u00e9s de la prensa.<\/td><\/tr><\/tbody><\/table><\/figure>\n\n\n\n<ul class=\"wp-block-list\">\n<li><strong>Aplicaciones del Chargemaster en&nbsp;Empacado y Pl\u00e1stico<\/strong><\/li>\n<\/ul>\n\n\n\n<figure class=\"wp-block-table\"><table><tbody><tr><td><img decoding=\"async\" src=\"https:\/\/www.ttemsa.com\/images\/simco\/10.gif\" alt=\"\" style=\"width: 5000px;\"><\/td><td><strong>Envoltura con encogimiento.<\/strong>Un pegado electrost\u00e1tico sujeta las hojas de papel o pl\u00e1stico en su lugar hasta que la envoltura de encogimiento es completada. El Chargemaster aplica carga electrost\u00e1tica, para pegar las hojas juntas, para mantenerlas estibadas firmemente. Esto previene que la pel\u00edcula se mueva de su lugar o problemas de des alineamiento. Paquetes imperfectos y hojas da\u00f1adas son tambi\u00e9n resueltos.&nbsp;<\/td><\/tr><tr><td><img loading=\"lazy\" decoding=\"async\" src=\"https:\/\/www.ttemsa.com\/images\/simco\/11.gif\" alt=\"\" width=\"241\" height=\"118\"><\/td><td><strong>Laminaciones con paneles.<\/strong>El Chargemaster pega electrost\u00e1ticamente una hoja protectora de pel\u00edcula o papel sobre el material tal como lamina de cobre o metales cromados, fijando estos en su posici\u00f3n al cortarse y estirarse. Esto tambi\u00e9n es usado para pegar una capa protectora de papel o pel\u00edcula al cortar pl\u00e1stico, vidrio o madera. El Chargemaster Bipolar es usado para sujetar las hojas al panel que se pega antes de bombeado, usados en cubiertas de escritorio y paneles.<\/td><\/tr><tr><td><img loading=\"lazy\" decoding=\"async\" src=\"https:\/\/www.ttemsa.com\/images\/simco\/12.gif\" alt=\"\" width=\"277\" height=\"198\"><\/td><td><strong>In-Mold Labeling (IML).<\/strong>Las cargas de est\u00e1tica pueden usarse para fijar etiquetas decorativas al molde durante la inyecci\u00f3n del molde, procedimiento que mejora la calidad del producto terminado. Una etiqueta es colocado por un robot en la cavidad del molde. Una carga electrost\u00e1tica fija la etiqueta al molde, esta etiqueta no se deslizara o cambiara la posici\u00f3n en el molde.<\/td><\/tr><tr><td><img loading=\"lazy\" decoding=\"async\" src=\"https:\/\/www.ttemsa.com\/images\/simco\/13.gif\" alt=\"\" width=\"279\" height=\"132\"><\/td><td><strong>Fabricaci\u00f3n de Bolsas Plasticas.<\/strong>La velocidad del transportador causa orillas separadas al levantarse. El agarre electrost\u00e1tico previene que se levante las orillas y mantiene el proceso de las bolsas suavemente en la linea del transportador. El Chargemaster tambi\u00e9n puede ser usado para remover el aire de las bolsas antes del empacado. Reduciendo el espesor usando menor tama\u00f1o y mejor costo eficiente de empacado.<\/td><\/tr><\/tbody><\/table><\/figure>\n\n\n\n<p><\/p>\n","protected":false},"excerpt":{"rendered":"<p>Aplicaciones del Chargemaster en la industria de la Conversi\u00f3n.&nbsp; Aplicaciones del Chargemaster en la industria de la Conversi\u00f3n.&nbsp; Extrusor de Pel\u00edcula Plana disminuyendo reducci\u00f3n de cuello.Un aplicador de carga Simco-Ion en cada orilla produce carga est\u00e1tica a la pel\u00edcula extra\u00edda que hace contacto con el rodillo de enfriamiento. La carga est\u00e1tica previenen efectivamente la reducci\u00f3n [&hellip;]<\/p>\n","protected":false},"author":1,"featured_media":0,"parent":35,"menu_order":0,"comment_status":"closed","ping_status":"closed","template":"","meta":{"footnotes":""},"categories":[18],"tags":[],"class_list":["post-1723","page","type-page","status-publish","hentry","category-simco-ion"],"yoast_head":"<!-- This site is optimized with the Yoast SEO plugin v22.1 - https:\/\/yoast.com\/wordpress\/plugins\/seo\/ -->\n<title>APLICACIONES DEL CHARGEMASTER EN LA IND. DE LA CONVERSI\u00d3N - industria-de-la-conversion.ttemsa<\/title>\n<meta name=\"description\" content=\"Aplicaciones SIMCO-ION Aplicaciones del Chargemaster en la industria de la Conversi\u00f3n. Extrusor de Pel\u00edcula Plana disminuyendo reducci\u00f3n de cuello.\" \/>\n<meta name=\"robots\" content=\"index, follow, max-snippet:-1, max-image-preview:large, max-video-preview:-1\" \/>\n<link rel=\"canonical\" href=\"http:\/\/industria-de-la-conversion.ttemsa.com\/index.php\/simco-ion\/aplicaciones-del-chargemaster-en-la-ind-de-la-conversion\/\" \/>\n<meta property=\"og:locale\" content=\"es_MX\" \/>\n<meta property=\"og:type\" content=\"article\" \/>\n<meta property=\"og:title\" content=\"Aplicaciones SIMCO-ION Aplicaciones del Chargemaster, en la industria de la Conversi\u00f3n. Extrusor de Pel\u00edcula Plana disminuyendo reducci\u00f3n de cuello.\" \/>\n<meta property=\"og:description\" content=\"En ttemsa ofrecemos Soluciones. Solicite + info Tel\u00e9fonos: + 52 (55) 5352-0191 5352-1301 5352-6070 5352-0593\" \/>\n<meta property=\"og:url\" content=\"http:\/\/industria-de-la-conversion.ttemsa.com\/index.php\/simco-ion\/aplicaciones-del-chargemaster-en-la-ind-de-la-conversion\/\" \/>\n<meta property=\"og:site_name\" content=\"industria-de-la-conversion.ttemsa\" \/>\n<meta property=\"article:modified_time\" content=\"2024-03-03T16:48:46+00:00\" \/>\n<meta property=\"og:image\" content=\"http:\/\/industria-de-la-conversion.ttemsa.com\/wp-content\/uploads\/2023\/12\/Captura-de-pantalla-2023-12-27-a-las-6.48.45-a.m.png\" \/>\n\t<meta property=\"og:image:width\" content=\"623\" \/>\n\t<meta property=\"og:image:height\" content=\"387\" \/>\n\t<meta property=\"og:image:type\" content=\"image\/png\" \/>\n<meta name=\"twitter:card\" content=\"summary_large_image\" \/>\n<meta name=\"twitter:label1\" content=\"Tiempo de lectura\" \/>\n\t<meta name=\"twitter:data1\" content=\"7 minutos\" \/>\n<script type=\"application\/ld+json\" class=\"yoast-schema-graph\">{\"@context\":\"https:\/\/schema.org\",\"@graph\":[{\"@type\":\"WebPage\",\"@id\":\"http:\/\/industria-de-la-conversion.ttemsa.com\/index.php\/simco-ion\/aplicaciones-del-chargemaster-en-la-ind-de-la-conversion\/\",\"url\":\"http:\/\/industria-de-la-conversion.ttemsa.com\/index.php\/simco-ion\/aplicaciones-del-chargemaster-en-la-ind-de-la-conversion\/\",\"name\":\"APLICACIONES DEL CHARGEMASTER EN LA IND. DE LA CONVERSI\u00d3N - industria-de-la-conversion.ttemsa\",\"isPartOf\":{\"@id\":\"http:\/\/industria-de-la-conversion.ttemsa.com\/#website\"},\"datePublished\":\"2024-03-01T21:25:46+00:00\",\"dateModified\":\"2024-03-03T16:48:46+00:00\",\"description\":\"Aplicaciones SIMCO-ION Aplicaciones del Chargemaster en la industria de la Conversi\u00f3n. Extrusor de Pel\u00edcula Plana disminuyendo reducci\u00f3n de cuello.\",\"breadcrumb\":{\"@id\":\"http:\/\/industria-de-la-conversion.ttemsa.com\/index.php\/simco-ion\/aplicaciones-del-chargemaster-en-la-ind-de-la-conversion\/#breadcrumb\"},\"inLanguage\":\"es\",\"potentialAction\":[{\"@type\":\"ReadAction\",\"target\":[\"http:\/\/industria-de-la-conversion.ttemsa.com\/index.php\/simco-ion\/aplicaciones-del-chargemaster-en-la-ind-de-la-conversion\/\"]}]},{\"@type\":\"BreadcrumbList\",\"@id\":\"http:\/\/industria-de-la-conversion.ttemsa.com\/index.php\/simco-ion\/aplicaciones-del-chargemaster-en-la-ind-de-la-conversion\/#breadcrumb\",\"itemListElement\":[{\"@type\":\"ListItem\",\"position\":1,\"name\":\"Inicio\",\"item\":\"http:\/\/industria-de-la-conversion.ttemsa.com\/\"},{\"@type\":\"ListItem\",\"position\":2,\"name\":\"SIMCO -ION\",\"item\":\"https:\/\/industria-de-la-conversion.ttemsa.com\/index.php\/simco-ion\/\"},{\"@type\":\"ListItem\",\"position\":3,\"name\":\"APLICACIONES DEL CHARGEMASTER EN LA IND. DE LA CONVERSI\u00d3N\"}]},{\"@type\":\"WebSite\",\"@id\":\"http:\/\/industria-de-la-conversion.ttemsa.com\/#website\",\"url\":\"http:\/\/industria-de-la-conversion.ttemsa.com\/\",\"name\":\"industria-de-la-conversion.ttemsa\",\"description\":\"Designed Dianalacazadora.com\",\"potentialAction\":[{\"@type\":\"SearchAction\",\"target\":{\"@type\":\"EntryPoint\",\"urlTemplate\":\"http:\/\/industria-de-la-conversion.ttemsa.com\/?s={search_term_string}\"},\"query-input\":\"required name=search_term_string\"}],\"inLanguage\":\"es\"}]}<\/script>\n<!-- \/ Yoast SEO plugin. -->","yoast_head_json":{"title":"APLICACIONES DEL CHARGEMASTER EN LA IND. DE LA CONVERSI\u00d3N - industria-de-la-conversion.ttemsa","description":"Aplicaciones SIMCO-ION Aplicaciones del Chargemaster en la industria de la Conversi\u00f3n. Extrusor de Pel\u00edcula Plana disminuyendo reducci\u00f3n de cuello.","robots":{"index":"index","follow":"follow","max-snippet":"max-snippet:-1","max-image-preview":"max-image-preview:large","max-video-preview":"max-video-preview:-1"},"canonical":"http:\/\/industria-de-la-conversion.ttemsa.com\/index.php\/simco-ion\/aplicaciones-del-chargemaster-en-la-ind-de-la-conversion\/","og_locale":"es_MX","og_type":"article","og_title":"Aplicaciones SIMCO-ION Aplicaciones del Chargemaster, en la industria de la Conversi\u00f3n. Extrusor de Pel\u00edcula Plana disminuyendo reducci\u00f3n de cuello.","og_description":"En ttemsa ofrecemos Soluciones. Solicite + info Tel\u00e9fonos: + 52 (55) 5352-0191 5352-1301 5352-6070 5352-0593","og_url":"http:\/\/industria-de-la-conversion.ttemsa.com\/index.php\/simco-ion\/aplicaciones-del-chargemaster-en-la-ind-de-la-conversion\/","og_site_name":"industria-de-la-conversion.ttemsa","article_modified_time":"2024-03-03T16:48:46+00:00","og_image":[{"width":623,"height":387,"url":"http:\/\/industria-de-la-conversion.ttemsa.com\/wp-content\/uploads\/2023\/12\/Captura-de-pantalla-2023-12-27-a-las-6.48.45-a.m.png","type":"image\/png"}],"twitter_card":"summary_large_image","twitter_misc":{"Tiempo de lectura":"7 minutos"},"schema":{"@context":"https:\/\/schema.org","@graph":[{"@type":"WebPage","@id":"http:\/\/industria-de-la-conversion.ttemsa.com\/index.php\/simco-ion\/aplicaciones-del-chargemaster-en-la-ind-de-la-conversion\/","url":"http:\/\/industria-de-la-conversion.ttemsa.com\/index.php\/simco-ion\/aplicaciones-del-chargemaster-en-la-ind-de-la-conversion\/","name":"APLICACIONES DEL CHARGEMASTER EN LA IND. DE LA CONVERSI\u00d3N - industria-de-la-conversion.ttemsa","isPartOf":{"@id":"http:\/\/industria-de-la-conversion.ttemsa.com\/#website"},"datePublished":"2024-03-01T21:25:46+00:00","dateModified":"2024-03-03T16:48:46+00:00","description":"Aplicaciones SIMCO-ION Aplicaciones del Chargemaster en la industria de la Conversi\u00f3n. Extrusor de Pel\u00edcula Plana disminuyendo reducci\u00f3n de cuello.","breadcrumb":{"@id":"http:\/\/industria-de-la-conversion.ttemsa.com\/index.php\/simco-ion\/aplicaciones-del-chargemaster-en-la-ind-de-la-conversion\/#breadcrumb"},"inLanguage":"es","potentialAction":[{"@type":"ReadAction","target":["http:\/\/industria-de-la-conversion.ttemsa.com\/index.php\/simco-ion\/aplicaciones-del-chargemaster-en-la-ind-de-la-conversion\/"]}]},{"@type":"BreadcrumbList","@id":"http:\/\/industria-de-la-conversion.ttemsa.com\/index.php\/simco-ion\/aplicaciones-del-chargemaster-en-la-ind-de-la-conversion\/#breadcrumb","itemListElement":[{"@type":"ListItem","position":1,"name":"Inicio","item":"http:\/\/industria-de-la-conversion.ttemsa.com\/"},{"@type":"ListItem","position":2,"name":"SIMCO -ION","item":"https:\/\/industria-de-la-conversion.ttemsa.com\/index.php\/simco-ion\/"},{"@type":"ListItem","position":3,"name":"APLICACIONES DEL CHARGEMASTER EN LA IND. DE LA CONVERSI\u00d3N"}]},{"@type":"WebSite","@id":"http:\/\/industria-de-la-conversion.ttemsa.com\/#website","url":"http:\/\/industria-de-la-conversion.ttemsa.com\/","name":"industria-de-la-conversion.ttemsa","description":"Designed Dianalacazadora.com","potentialAction":[{"@type":"SearchAction","target":{"@type":"EntryPoint","urlTemplate":"http:\/\/industria-de-la-conversion.ttemsa.com\/?s={search_term_string}"},"query-input":"required name=search_term_string"}],"inLanguage":"es"}]}},"_links":{"self":[{"href":"https:\/\/industria-de-la-conversion.ttemsa.com\/index.php\/wp-json\/wp\/v2\/pages\/1723","targetHints":{"allow":["GET"]}}],"collection":[{"href":"https:\/\/industria-de-la-conversion.ttemsa.com\/index.php\/wp-json\/wp\/v2\/pages"}],"about":[{"href":"https:\/\/industria-de-la-conversion.ttemsa.com\/index.php\/wp-json\/wp\/v2\/types\/page"}],"author":[{"embeddable":true,"href":"https:\/\/industria-de-la-conversion.ttemsa.com\/index.php\/wp-json\/wp\/v2\/users\/1"}],"replies":[{"embeddable":true,"href":"https:\/\/industria-de-la-conversion.ttemsa.com\/index.php\/wp-json\/wp\/v2\/comments?post=1723"}],"version-history":[{"count":2,"href":"https:\/\/industria-de-la-conversion.ttemsa.com\/index.php\/wp-json\/wp\/v2\/pages\/1723\/revisions"}],"predecessor-version":[{"id":2274,"href":"https:\/\/industria-de-la-conversion.ttemsa.com\/index.php\/wp-json\/wp\/v2\/pages\/1723\/revisions\/2274"}],"up":[{"embeddable":true,"href":"https:\/\/industria-de-la-conversion.ttemsa.com\/index.php\/wp-json\/wp\/v2\/pages\/35"}],"wp:attachment":[{"href":"https:\/\/industria-de-la-conversion.ttemsa.com\/index.php\/wp-json\/wp\/v2\/media?parent=1723"}],"wp:term":[{"taxonomy":"category","embeddable":true,"href":"https:\/\/industria-de-la-conversion.ttemsa.com\/index.php\/wp-json\/wp\/v2\/categories?post=1723"},{"taxonomy":"post_tag","embeddable":true,"href":"https:\/\/industria-de-la-conversion.ttemsa.com\/index.php\/wp-json\/wp\/v2\/tags?post=1723"}],"curies":[{"name":"wp","href":"https:\/\/api.w.org\/{rel}","templated":true}]}}