{"id":1743,"date":"2024-03-01T21:31:30","date_gmt":"2024-03-01T21:31:30","guid":{"rendered":"https:\/\/industria-de-la-conversion.ttemsa.com\/index.php\/paxton\/paxton-copy-copy-copy-copy-copy-copy-copy-copy-2\/"},"modified":"2024-03-06T13:05:59","modified_gmt":"2024-03-06T13:05:59","slug":"sistemas-de-secado-y-de-limpieza-por-soplado","status":"publish","type":"page","link":"https:\/\/industria-de-la-conversion.ttemsa.com\/index.php\/paxton\/sistemas-de-secado-y-de-limpieza-por-soplado\/","title":{"rendered":"SISTEMAS DE SECADO Y DE LIMPIEZA POR SOPLADO"},"content":{"rendered":"<div class=\"wp-block-image\">\n<figure class=\"aligncenter size-full is-resized\"><img loading=\"lazy\" decoding=\"async\" width=\"282\" height=\"236\" src=\"https:\/\/industria-de-la-conversion.ttemsa.com\/wp-content\/uploads\/2024\/03\/p3-2.jpg\" alt=\"\" class=\"wp-image-2346\" style=\"width:366px;height:auto\"\/><\/figure>\n<\/div>\n\n<div class=\"wp-block-image\">\n<figure class=\"aligncenter size-full is-resized\"><img loading=\"lazy\" decoding=\"async\" width=\"410\" height=\"123\" src=\"http:\/\/industria-de-la-conversion.ttemsa.com\/wp-content\/uploads\/2024\/03\/paxtonlogo.jpg\" alt=\"\" class=\"wp-image-2334\" style=\"width:283px;height:auto\" srcset=\"https:\/\/industria-de-la-conversion.ttemsa.com\/wp-content\/uploads\/2024\/03\/paxtonlogo.jpg 410w, https:\/\/industria-de-la-conversion.ttemsa.com\/wp-content\/uploads\/2024\/03\/paxtonlogo-300x90.jpg 300w\" sizes=\"auto, (max-width: 410px) 100vw, 410px\" \/><\/figure>\n<\/div>\n\n\n<p><strong>Una soluci\u00f3n comprobada para cada aplicaci\u00f3n.<\/strong><\/p>\n\n\n\n<ul class=\"wp-block-list\">\n<li>Ahorra hasta 80% del consumo total de energ\u00eda.<\/li>\n\n\n\n<li>Acelera las l\u00edneas de transportadoras hasta un 50% y reduce las tasas de p\u00e9rdida.<\/li>\n\n\n\n<li>Se adapta a la velocidad de la trasportadora o l\u00ednea hasta 2000 pies por minuto.<\/li>\n\n\n\n<li>Elimina las marcas de agua y otros problemas relacionados con la humedad.<\/li>\n\n\n\n<li>Evita que el producto vuelva a contaminarse durante el secado y soplado.<\/li>\n\n\n\n<li>Huella compacta y extremadamente vers\u00e1til y tiempos de ciclo breves.<\/li>\n\n\n\n<li>Elimina las \u00e1reas problem\u00e1ticas bajo las cubiertas, tapas, hendiduras.<\/li>\n\n\n\n<li>Ofrece una eliminaci\u00f3n en 360\u00bc y un flujo de aire preciso y dirigido.<\/li>\n\n\n\n<li>Permite r\u00e1pidos cambios de producto y tama\u00f1o de recipiente en la l\u00ednea.<\/li>\n\n\n\n<li>Elimina la posible contaminaci\u00f3n del sistema de aire comprimido.<\/li>\n\n\n\n<li>Brinda superficies constantemente secas para codificaci\u00f3n de calidad.<\/li>\n<\/ul>\n","protected":false},"excerpt":{"rendered":"<p>Una soluci\u00f3n comprobada para cada aplicaci\u00f3n.<\/p>\n","protected":false},"author":1,"featured_media":0,"parent":14,"menu_order":0,"comment_status":"closed","ping_status":"closed","template":"","meta":{"footnotes":""},"categories":[19],"tags":[],"class_list":["post-1743","page","type-page","status-publish","hentry","category-paxton-2018"],"yoast_head":"<!-- This site is optimized with the Yoast SEO plugin v22.1 - https:\/\/yoast.com\/wordpress\/plugins\/seo\/ -->\n<title>SISTEMAS DE SECADO Y DE LIMPIEZA POR SOPLADO - industria-de-la-conversion.ttemsa<\/title>\n<meta name=\"description\" content=\"Sistemas de secado y de limpieza por soplado de Paxton \u00a1El l\u00edder en soluciones de secado! Una soluci\u00f3n comprobada, En ttemsa ofrecemos Soluciones. Solicite + info Tel\u00e9fonos: + 52 (55) 5352-0191 5352-1301 5352-6070 5352-0593\" \/>\n<meta name=\"robots\" content=\"index, follow, max-snippet:-1, max-image-preview:large, max-video-preview:-1\" \/>\n<link rel=\"canonical\" href=\"http:\/\/industria-de-la-conversion.ttemsa.com\/index.php\/paxton\/sistemas-de-secado-y-de-limpieza-por-soplado\/\" \/>\n<meta property=\"og:locale\" content=\"es_MX\" \/>\n<meta property=\"og:type\" content=\"article\" \/>\n<meta property=\"og:title\" content=\"Sistemas de secado y de limpieza por soplado de Paxton \u00a1El l\u00edder en soluciones de secado! Una soluci\u00f3n comprobada.\" \/>\n<meta property=\"og:description\" content=\"En ttemsa ofrecemos Soluciones. Solicite + info Tel\u00e9fonos: + 52 (55) 5352-0191 5352-1301 5352-6070 5352-0593\" \/>\n<meta property=\"og:url\" content=\"http:\/\/industria-de-la-conversion.ttemsa.com\/index.php\/paxton\/sistemas-de-secado-y-de-limpieza-por-soplado\/\" \/>\n<meta property=\"og:site_name\" content=\"industria-de-la-conversion.ttemsa\" \/>\n<meta property=\"article:modified_time\" content=\"2024-03-06T13:05:59+00:00\" \/>\n<meta property=\"og:image\" content=\"http:\/\/industria-de-la-conversion.ttemsa.com\/wp-content\/uploads\/2024\/03\/p3-2.jpg\" \/>\n\t<meta property=\"og:image:width\" content=\"282\" \/>\n\t<meta property=\"og:image:height\" content=\"236\" \/>\n\t<meta property=\"og:image:type\" content=\"image\/jpeg\" \/>\n<meta name=\"twitter:card\" content=\"summary_large_image\" \/>\n<meta name=\"twitter:label1\" content=\"Tiempo de lectura\" \/>\n\t<meta name=\"twitter:data1\" content=\"1 minuto\" \/>\n<script type=\"application\/ld+json\" class=\"yoast-schema-graph\">{\"@context\":\"https:\/\/schema.org\",\"@graph\":[{\"@type\":\"WebPage\",\"@id\":\"http:\/\/industria-de-la-conversion.ttemsa.com\/index.php\/paxton\/sistemas-de-secado-y-de-limpieza-por-soplado\/\",\"url\":\"http:\/\/industria-de-la-conversion.ttemsa.com\/index.php\/paxton\/sistemas-de-secado-y-de-limpieza-por-soplado\/\",\"name\":\"SISTEMAS DE SECADO Y DE LIMPIEZA POR SOPLADO - industria-de-la-conversion.ttemsa\",\"isPartOf\":{\"@id\":\"http:\/\/industria-de-la-conversion.ttemsa.com\/#website\"},\"datePublished\":\"2024-03-01T21:31:30+00:00\",\"dateModified\":\"2024-03-06T13:05:59+00:00\",\"description\":\"Sistemas de secado y de limpieza por soplado de Paxton \u00a1El l\u00edder en soluciones de secado! Una soluci\u00f3n comprobada, En ttemsa ofrecemos Soluciones. Solicite + info Tel\u00e9fonos: + 52 (55) 5352-0191 5352-1301 5352-6070 5352-0593\",\"breadcrumb\":{\"@id\":\"http:\/\/industria-de-la-conversion.ttemsa.com\/index.php\/paxton\/sistemas-de-secado-y-de-limpieza-por-soplado\/#breadcrumb\"},\"inLanguage\":\"es\",\"potentialAction\":[{\"@type\":\"ReadAction\",\"target\":[\"http:\/\/industria-de-la-conversion.ttemsa.com\/index.php\/paxton\/sistemas-de-secado-y-de-limpieza-por-soplado\/\"]}]},{\"@type\":\"BreadcrumbList\",\"@id\":\"http:\/\/industria-de-la-conversion.ttemsa.com\/index.php\/paxton\/sistemas-de-secado-y-de-limpieza-por-soplado\/#breadcrumb\",\"itemListElement\":[{\"@type\":\"ListItem\",\"position\":1,\"name\":\"Inicio\",\"item\":\"http:\/\/industria-de-la-conversion.ttemsa.com\/\"},{\"@type\":\"ListItem\",\"position\":2,\"name\":\"PAXTON\",\"item\":\"https:\/\/industria-de-la-conversion.ttemsa.com\/index.php\/paxton\/\"},{\"@type\":\"ListItem\",\"position\":3,\"name\":\"SISTEMAS DE SECADO Y DE LIMPIEZA POR SOPLADO\"}]},{\"@type\":\"WebSite\",\"@id\":\"http:\/\/industria-de-la-conversion.ttemsa.com\/#website\",\"url\":\"http:\/\/industria-de-la-conversion.ttemsa.com\/\",\"name\":\"industria-de-la-conversion.ttemsa\",\"description\":\"Designed Dianalacazadora.com\",\"potentialAction\":[{\"@type\":\"SearchAction\",\"target\":{\"@type\":\"EntryPoint\",\"urlTemplate\":\"http:\/\/industria-de-la-conversion.ttemsa.com\/?s={search_term_string}\"},\"query-input\":\"required name=search_term_string\"}],\"inLanguage\":\"es\"}]}<\/script>\n<!-- \/ Yoast SEO plugin. -->","yoast_head_json":{"title":"SISTEMAS DE SECADO Y DE LIMPIEZA POR SOPLADO - industria-de-la-conversion.ttemsa","description":"Sistemas de secado y de limpieza por soplado de Paxton \u00a1El l\u00edder en soluciones de secado! Una soluci\u00f3n comprobada, En ttemsa ofrecemos Soluciones. Solicite + info Tel\u00e9fonos: + 52 (55) 5352-0191 5352-1301 5352-6070 5352-0593","robots":{"index":"index","follow":"follow","max-snippet":"max-snippet:-1","max-image-preview":"max-image-preview:large","max-video-preview":"max-video-preview:-1"},"canonical":"http:\/\/industria-de-la-conversion.ttemsa.com\/index.php\/paxton\/sistemas-de-secado-y-de-limpieza-por-soplado\/","og_locale":"es_MX","og_type":"article","og_title":"Sistemas de secado y de limpieza por soplado de Paxton \u00a1El l\u00edder en soluciones de secado! Una soluci\u00f3n comprobada.","og_description":"En ttemsa ofrecemos Soluciones. Solicite + info Tel\u00e9fonos: + 52 (55) 5352-0191 5352-1301 5352-6070 5352-0593","og_url":"http:\/\/industria-de-la-conversion.ttemsa.com\/index.php\/paxton\/sistemas-de-secado-y-de-limpieza-por-soplado\/","og_site_name":"industria-de-la-conversion.ttemsa","article_modified_time":"2024-03-06T13:05:59+00:00","og_image":[{"width":282,"height":236,"url":"http:\/\/industria-de-la-conversion.ttemsa.com\/wp-content\/uploads\/2024\/03\/p3-2.jpg","type":"image\/jpeg"}],"twitter_card":"summary_large_image","twitter_misc":{"Tiempo de lectura":"1 minuto"},"schema":{"@context":"https:\/\/schema.org","@graph":[{"@type":"WebPage","@id":"http:\/\/industria-de-la-conversion.ttemsa.com\/index.php\/paxton\/sistemas-de-secado-y-de-limpieza-por-soplado\/","url":"http:\/\/industria-de-la-conversion.ttemsa.com\/index.php\/paxton\/sistemas-de-secado-y-de-limpieza-por-soplado\/","name":"SISTEMAS DE SECADO Y DE LIMPIEZA POR SOPLADO - industria-de-la-conversion.ttemsa","isPartOf":{"@id":"http:\/\/industria-de-la-conversion.ttemsa.com\/#website"},"datePublished":"2024-03-01T21:31:30+00:00","dateModified":"2024-03-06T13:05:59+00:00","description":"Sistemas de secado y de limpieza por soplado de Paxton \u00a1El l\u00edder en soluciones de secado! Una soluci\u00f3n comprobada, En ttemsa ofrecemos Soluciones. Solicite + info Tel\u00e9fonos: + 52 (55) 5352-0191 5352-1301 5352-6070 5352-0593","breadcrumb":{"@id":"http:\/\/industria-de-la-conversion.ttemsa.com\/index.php\/paxton\/sistemas-de-secado-y-de-limpieza-por-soplado\/#breadcrumb"},"inLanguage":"es","potentialAction":[{"@type":"ReadAction","target":["http:\/\/industria-de-la-conversion.ttemsa.com\/index.php\/paxton\/sistemas-de-secado-y-de-limpieza-por-soplado\/"]}]},{"@type":"BreadcrumbList","@id":"http:\/\/industria-de-la-conversion.ttemsa.com\/index.php\/paxton\/sistemas-de-secado-y-de-limpieza-por-soplado\/#breadcrumb","itemListElement":[{"@type":"ListItem","position":1,"name":"Inicio","item":"http:\/\/industria-de-la-conversion.ttemsa.com\/"},{"@type":"ListItem","position":2,"name":"PAXTON","item":"https:\/\/industria-de-la-conversion.ttemsa.com\/index.php\/paxton\/"},{"@type":"ListItem","position":3,"name":"SISTEMAS DE SECADO Y DE LIMPIEZA POR SOPLADO"}]},{"@type":"WebSite","@id":"http:\/\/industria-de-la-conversion.ttemsa.com\/#website","url":"http:\/\/industria-de-la-conversion.ttemsa.com\/","name":"industria-de-la-conversion.ttemsa","description":"Designed Dianalacazadora.com","potentialAction":[{"@type":"SearchAction","target":{"@type":"EntryPoint","urlTemplate":"http:\/\/industria-de-la-conversion.ttemsa.com\/?s={search_term_string}"},"query-input":"required name=search_term_string"}],"inLanguage":"es"}]}},"_links":{"self":[{"href":"https:\/\/industria-de-la-conversion.ttemsa.com\/index.php\/wp-json\/wp\/v2\/pages\/1743","targetHints":{"allow":["GET"]}}],"collection":[{"href":"https:\/\/industria-de-la-conversion.ttemsa.com\/index.php\/wp-json\/wp\/v2\/pages"}],"about":[{"href":"https:\/\/industria-de-la-conversion.ttemsa.com\/index.php\/wp-json\/wp\/v2\/types\/page"}],"author":[{"embeddable":true,"href":"https:\/\/industria-de-la-conversion.ttemsa.com\/index.php\/wp-json\/wp\/v2\/users\/1"}],"replies":[{"embeddable":true,"href":"https:\/\/industria-de-la-conversion.ttemsa.com\/index.php\/wp-json\/wp\/v2\/comments?post=1743"}],"version-history":[{"count":2,"href":"https:\/\/industria-de-la-conversion.ttemsa.com\/index.php\/wp-json\/wp\/v2\/pages\/1743\/revisions"}],"predecessor-version":[{"id":2348,"href":"https:\/\/industria-de-la-conversion.ttemsa.com\/index.php\/wp-json\/wp\/v2\/pages\/1743\/revisions\/2348"}],"up":[{"embeddable":true,"href":"https:\/\/industria-de-la-conversion.ttemsa.com\/index.php\/wp-json\/wp\/v2\/pages\/14"}],"wp:attachment":[{"href":"https:\/\/industria-de-la-conversion.ttemsa.com\/index.php\/wp-json\/wp\/v2\/media?parent=1743"}],"wp:term":[{"taxonomy":"category","embeddable":true,"href":"https:\/\/industria-de-la-conversion.ttemsa.com\/index.php\/wp-json\/wp\/v2\/categories?post=1743"},{"taxonomy":"post_tag","embeddable":true,"href":"https:\/\/industria-de-la-conversion.ttemsa.com\/index.php\/wp-json\/wp\/v2\/tags?post=1743"}],"curies":[{"name":"wp","href":"https:\/\/api.w.org\/{rel}","templated":true}]}}