{"id":1749,"date":"2024-03-01T21:32:16","date_gmt":"2024-03-01T21:32:16","guid":{"rendered":"https:\/\/industria-de-la-conversion.ttemsa.com\/index.php\/paxton\/paxton-copy-copy-copy-copy-copy-copy-5\/"},"modified":"2024-03-06T14:46:37","modified_gmt":"2024-03-06T14:46:37","slug":"sopladores-centrifugos-xt-series","status":"publish","type":"page","link":"https:\/\/industria-de-la-conversion.ttemsa.com\/index.php\/paxton\/sopladores-centrifugos-xt-series\/","title":{"rendered":"SOPLADORES CENTR\u00cdFUGOS XT-SERIES"},"content":{"rendered":"<div class=\"wp-block-image\">\n<figure class=\"aligncenter size-full is-resized\"><img loading=\"lazy\" decoding=\"async\" width=\"540\" height=\"635\" src=\"https:\/\/industria-de-la-conversion.ttemsa.com\/wp-content\/uploads\/2024\/03\/soplador-centrifugo-xt-3000.jpg\" alt=\"\" class=\"wp-image-2422\" style=\"width:398px;height:auto\" srcset=\"https:\/\/industria-de-la-conversion.ttemsa.com\/wp-content\/uploads\/2024\/03\/soplador-centrifugo-xt-3000.jpg 540w, https:\/\/industria-de-la-conversion.ttemsa.com\/wp-content\/uploads\/2024\/03\/soplador-centrifugo-xt-3000-255x300.jpg 255w\" sizes=\"auto, (max-width: 540px) 100vw, 540px\" \/><\/figure>\n<\/div>\n\n<div class=\"wp-block-image\">\n<figure class=\"aligncenter size-full is-resized\"><img loading=\"lazy\" decoding=\"async\" width=\"410\" height=\"123\" src=\"http:\/\/industria-de-la-conversion.ttemsa.com\/wp-content\/uploads\/2024\/03\/paxtonlogo.jpg\" alt=\"\" class=\"wp-image-2334\" style=\"width:164px;height:auto\" srcset=\"https:\/\/industria-de-la-conversion.ttemsa.com\/wp-content\/uploads\/2024\/03\/paxtonlogo.jpg 410w, https:\/\/industria-de-la-conversion.ttemsa.com\/wp-content\/uploads\/2024\/03\/paxtonlogo-300x90.jpg 300w\" sizes=\"auto, (max-width: 410px) 100vw, 410px\" \/><\/figure>\n<\/div>\n\n\n<p><strong>Sopladores Centr\u00edfugos XT-Series<\/strong><\/p>\n\n\n\n<p>Los sopladores de la serie XT son sopladores de alto rendimiento para las aplicaciones de secado y procesamiento de aire de todos los tipos.<\/p>\n\n\n\n<p>La serie XT est\u00e1 disponible en 3 CV y 5 CV. El XT-300 es el soplador m\u00e1s peque\u00f1o de Paxton y es la base del sistema PowerDry \u2122.<\/p>\n\n\n\n<p>La serie XT cuenta con una correa de transmisi\u00f3n de tensi\u00f3n autom\u00e1tica dise\u00f1ada espec\u00edficamente para mejorar el rendimiento, la eficiencia y la vida \u00fatil de los motores m\u00e1s peque\u00f1os de la serie XT.<\/p>\n\n\n\n<p>Y los requerimientos de energ\u00eda para la serie XT son sustancialmente menor que la de un soplador t\u00edpico centr\u00edfugo: un XT-500, por ejemplo, proporciona 20% m\u00e1s de flujo a la misma presi\u00f3n en comparaci\u00f3n con un ventilador centr\u00edfugo de 5 CV est\u00e1ndar.<\/p>\n\n\n\n<h2 class=\"wp-block-heading\">XT-series<\/h2>\n\n\n\n<figure class=\"wp-block-table\"><table><tbody><tr><td><strong>Caracter\u00edsticas :<\/strong><\/td><\/tr><tr><td><strong>Sopladores centr\u00edfugos de alto rendimiento<\/strong><strong>Bajo Mantenimiento<\/strong>\u2022 El filtro patentado proporciona un rendimiento mejorado y una vida m\u00e1s larga\u2022 Cinturones de larga duraci\u00f3n\u2022 Sistemas de tensi\u00f3n \u00fanicos de la correa<strong>Vida \u00fatil m\u00e1s larga<\/strong>\u2022 Los sopladores est\u00e1n dise\u00f1ados para utilizar la m\u00ednima tensi\u00f3n en la correa en las relaciones de la polea<strong>Rigurosas pruebas de calidad<\/strong>\u2022 Construido con partes de la m\u00e1s altas calidad realizadas bajo las normas m\u00e1s estrictas, cada soplador Paxton experimenta de pruebas rendimiento integral, vibraci\u00f3n y ruido antes de salir de f\u00e1brica<strong>Los mejores sistemas de secado y sopladores de la industria<\/strong>\u2022 Garant\u00eda 100% inigualable en la ejecuci\u00f3n de aplicaciones de secado y soplado\u2022 Amplia gama de cuchillas de aire, colectores de aire y boquillas para producir una corriente de aire que se adapte a una amplia gama de productos, tama\u00f1os, formas y configuraciones de l\u00edneas\u2022 Atomiza la humedad a velocidades de producci\u00f3n de hasta 1000 pies por minuto (305 metros \/ minuto)<strong>Opciones de Aplicaci\u00f3n Vers\u00e1tiles<\/strong>\u2022 Los sopladores Paxton pueden ser configurados para secar, aspirar y sujetar, transportar y muchas otras aplicaciones\u2022 Caracter\u00edsticas Opcionales:Water-cooled bearing housings for process air temperatures up to 163Capacidades de lavado<strong>Dise\u00f1o Customizado<\/strong>\u2022 Todos los sistemas de suministro de aire Paxton est\u00e1n dise\u00f1ados a medida y configurados para tu producto espec\u00edfico<\/td><\/tr><\/tbody><\/table><\/figure>\n\n\n\n<p><\/p>\n\n\n\n<p><\/p>\n","protected":false},"excerpt":{"rendered":"<p>Sopladores Centr\u00edfugos XT-Series Los sopladores de la serie XT son sopladores de alto rendimiento para las aplicaciones de secado y procesamiento de aire de todos los tipos. La serie XT est\u00e1 disponible en 3 CV y 5 CV. El XT-300 es el soplador m\u00e1s peque\u00f1o de Paxton y es la base del sistema PowerDry \u2122. [&hellip;]<\/p>\n","protected":false},"author":1,"featured_media":0,"parent":14,"menu_order":0,"comment_status":"closed","ping_status":"closed","template":"","meta":{"footnotes":""},"categories":[19],"tags":[],"class_list":["post-1749","page","type-page","status-publish","hentry","category-paxton-2018"],"yoast_head":"<!-- This site is optimized with the Yoast SEO plugin v22.1 - https:\/\/yoast.com\/wordpress\/plugins\/seo\/ -->\n<title>SOPLADORES CENTR\u00cdFUGOS XT-SERIES - industria-de-la-conversion.ttemsa<\/title>\n<meta name=\"description\" content=\"Sopladores Centr\u00edfugos XT-SeriesSopladores Centr\u00edfugos XT-Series Los sopladores de la serie XT son sopladores de alto rendimiento para las aplicaciones de secado\" \/>\n<meta name=\"robots\" content=\"index, follow, max-snippet:-1, max-image-preview:large, max-video-preview:-1\" \/>\n<link rel=\"canonical\" href=\"http:\/\/industria-de-la-conversion.ttemsa.com\/index.php\/paxton\/sopladores-centrifugos-xt-series\/\" \/>\n<meta property=\"og:locale\" content=\"es_MX\" \/>\n<meta property=\"og:type\" content=\"article\" \/>\n<meta property=\"og:title\" content=\"Sopladores Centr\u00edfugos XT-SeriesSopladores Centr\u00edfugos XT-Series Los sopladores de la serie XT son sopladores de alto rendimiento para las aplicaciones de secado y\u2026\" \/>\n<meta property=\"og:description\" content=\"En ttemsa ofrecemos Soluciones. Solicite + info Tel\u00e9fonos: + 52 (55) 5352-0191 5352-1301 5352-6070 5352-0593\" \/>\n<meta property=\"og:url\" content=\"http:\/\/industria-de-la-conversion.ttemsa.com\/index.php\/paxton\/sopladores-centrifugos-xt-series\/\" \/>\n<meta property=\"og:site_name\" content=\"industria-de-la-conversion.ttemsa\" \/>\n<meta property=\"article:modified_time\" content=\"2024-03-06T14:46:37+00:00\" \/>\n<meta property=\"og:image\" content=\"http:\/\/industria-de-la-conversion.ttemsa.com\/wp-content\/uploads\/2024\/03\/paxton-series.png\" \/>\n\t<meta property=\"og:image:width\" content=\"589\" \/>\n\t<meta property=\"og:image:height\" content=\"463\" \/>\n\t<meta property=\"og:image:type\" content=\"image\/png\" \/>\n<meta name=\"twitter:card\" content=\"summary_large_image\" \/>\n<meta name=\"twitter:label1\" content=\"Tiempo de lectura\" \/>\n\t<meta name=\"twitter:data1\" content=\"2 minutos\" \/>\n<script type=\"application\/ld+json\" class=\"yoast-schema-graph\">{\"@context\":\"https:\/\/schema.org\",\"@graph\":[{\"@type\":\"WebPage\",\"@id\":\"http:\/\/industria-de-la-conversion.ttemsa.com\/index.php\/paxton\/sopladores-centrifugos-xt-series\/\",\"url\":\"http:\/\/industria-de-la-conversion.ttemsa.com\/index.php\/paxton\/sopladores-centrifugos-xt-series\/\",\"name\":\"SOPLADORES CENTR\u00cdFUGOS XT-SERIES - industria-de-la-conversion.ttemsa\",\"isPartOf\":{\"@id\":\"http:\/\/industria-de-la-conversion.ttemsa.com\/#website\"},\"datePublished\":\"2024-03-01T21:32:16+00:00\",\"dateModified\":\"2024-03-06T14:46:37+00:00\",\"description\":\"Sopladores Centr\u00edfugos XT-SeriesSopladores Centr\u00edfugos XT-Series Los sopladores de la serie XT son sopladores de alto rendimiento para las aplicaciones de secado\",\"breadcrumb\":{\"@id\":\"http:\/\/industria-de-la-conversion.ttemsa.com\/index.php\/paxton\/sopladores-centrifugos-xt-series\/#breadcrumb\"},\"inLanguage\":\"es\",\"potentialAction\":[{\"@type\":\"ReadAction\",\"target\":[\"http:\/\/industria-de-la-conversion.ttemsa.com\/index.php\/paxton\/sopladores-centrifugos-xt-series\/\"]}]},{\"@type\":\"BreadcrumbList\",\"@id\":\"http:\/\/industria-de-la-conversion.ttemsa.com\/index.php\/paxton\/sopladores-centrifugos-xt-series\/#breadcrumb\",\"itemListElement\":[{\"@type\":\"ListItem\",\"position\":1,\"name\":\"Inicio\",\"item\":\"http:\/\/industria-de-la-conversion.ttemsa.com\/\"},{\"@type\":\"ListItem\",\"position\":2,\"name\":\"PAXTON\",\"item\":\"https:\/\/industria-de-la-conversion.ttemsa.com\/index.php\/paxton\/\"},{\"@type\":\"ListItem\",\"position\":3,\"name\":\"SOPLADORES CENTR\u00cdFUGOS XT-SERIES\"}]},{\"@type\":\"WebSite\",\"@id\":\"http:\/\/industria-de-la-conversion.ttemsa.com\/#website\",\"url\":\"http:\/\/industria-de-la-conversion.ttemsa.com\/\",\"name\":\"industria-de-la-conversion.ttemsa\",\"description\":\"Designed Dianalacazadora.com\",\"potentialAction\":[{\"@type\":\"SearchAction\",\"target\":{\"@type\":\"EntryPoint\",\"urlTemplate\":\"http:\/\/industria-de-la-conversion.ttemsa.com\/?s={search_term_string}\"},\"query-input\":\"required name=search_term_string\"}],\"inLanguage\":\"es\"}]}<\/script>\n<!-- \/ Yoast SEO plugin. -->","yoast_head_json":{"title":"SOPLADORES CENTR\u00cdFUGOS XT-SERIES - industria-de-la-conversion.ttemsa","description":"Sopladores Centr\u00edfugos XT-SeriesSopladores Centr\u00edfugos XT-Series Los sopladores de la serie XT son sopladores de alto rendimiento para las aplicaciones de secado","robots":{"index":"index","follow":"follow","max-snippet":"max-snippet:-1","max-image-preview":"max-image-preview:large","max-video-preview":"max-video-preview:-1"},"canonical":"http:\/\/industria-de-la-conversion.ttemsa.com\/index.php\/paxton\/sopladores-centrifugos-xt-series\/","og_locale":"es_MX","og_type":"article","og_title":"Sopladores Centr\u00edfugos XT-SeriesSopladores Centr\u00edfugos XT-Series Los sopladores de la serie XT son sopladores de alto rendimiento para las aplicaciones de secado y\u2026","og_description":"En ttemsa ofrecemos Soluciones. Solicite + info Tel\u00e9fonos: + 52 (55) 5352-0191 5352-1301 5352-6070 5352-0593","og_url":"http:\/\/industria-de-la-conversion.ttemsa.com\/index.php\/paxton\/sopladores-centrifugos-xt-series\/","og_site_name":"industria-de-la-conversion.ttemsa","article_modified_time":"2024-03-06T14:46:37+00:00","og_image":[{"width":589,"height":463,"url":"http:\/\/industria-de-la-conversion.ttemsa.com\/wp-content\/uploads\/2024\/03\/paxton-series.png","type":"image\/png"}],"twitter_card":"summary_large_image","twitter_misc":{"Tiempo de lectura":"2 minutos"},"schema":{"@context":"https:\/\/schema.org","@graph":[{"@type":"WebPage","@id":"http:\/\/industria-de-la-conversion.ttemsa.com\/index.php\/paxton\/sopladores-centrifugos-xt-series\/","url":"http:\/\/industria-de-la-conversion.ttemsa.com\/index.php\/paxton\/sopladores-centrifugos-xt-series\/","name":"SOPLADORES CENTR\u00cdFUGOS XT-SERIES - industria-de-la-conversion.ttemsa","isPartOf":{"@id":"http:\/\/industria-de-la-conversion.ttemsa.com\/#website"},"datePublished":"2024-03-01T21:32:16+00:00","dateModified":"2024-03-06T14:46:37+00:00","description":"Sopladores Centr\u00edfugos XT-SeriesSopladores Centr\u00edfugos XT-Series Los sopladores de la serie XT son sopladores de alto rendimiento para las aplicaciones de secado","breadcrumb":{"@id":"http:\/\/industria-de-la-conversion.ttemsa.com\/index.php\/paxton\/sopladores-centrifugos-xt-series\/#breadcrumb"},"inLanguage":"es","potentialAction":[{"@type":"ReadAction","target":["http:\/\/industria-de-la-conversion.ttemsa.com\/index.php\/paxton\/sopladores-centrifugos-xt-series\/"]}]},{"@type":"BreadcrumbList","@id":"http:\/\/industria-de-la-conversion.ttemsa.com\/index.php\/paxton\/sopladores-centrifugos-xt-series\/#breadcrumb","itemListElement":[{"@type":"ListItem","position":1,"name":"Inicio","item":"http:\/\/industria-de-la-conversion.ttemsa.com\/"},{"@type":"ListItem","position":2,"name":"PAXTON","item":"https:\/\/industria-de-la-conversion.ttemsa.com\/index.php\/paxton\/"},{"@type":"ListItem","position":3,"name":"SOPLADORES CENTR\u00cdFUGOS XT-SERIES"}]},{"@type":"WebSite","@id":"http:\/\/industria-de-la-conversion.ttemsa.com\/#website","url":"http:\/\/industria-de-la-conversion.ttemsa.com\/","name":"industria-de-la-conversion.ttemsa","description":"Designed Dianalacazadora.com","potentialAction":[{"@type":"SearchAction","target":{"@type":"EntryPoint","urlTemplate":"http:\/\/industria-de-la-conversion.ttemsa.com\/?s={search_term_string}"},"query-input":"required name=search_term_string"}],"inLanguage":"es"}]}},"_links":{"self":[{"href":"https:\/\/industria-de-la-conversion.ttemsa.com\/index.php\/wp-json\/wp\/v2\/pages\/1749","targetHints":{"allow":["GET"]}}],"collection":[{"href":"https:\/\/industria-de-la-conversion.ttemsa.com\/index.php\/wp-json\/wp\/v2\/pages"}],"about":[{"href":"https:\/\/industria-de-la-conversion.ttemsa.com\/index.php\/wp-json\/wp\/v2\/types\/page"}],"author":[{"embeddable":true,"href":"https:\/\/industria-de-la-conversion.ttemsa.com\/index.php\/wp-json\/wp\/v2\/users\/1"}],"replies":[{"embeddable":true,"href":"https:\/\/industria-de-la-conversion.ttemsa.com\/index.php\/wp-json\/wp\/v2\/comments?post=1749"}],"version-history":[{"count":2,"href":"https:\/\/industria-de-la-conversion.ttemsa.com\/index.php\/wp-json\/wp\/v2\/pages\/1749\/revisions"}],"predecessor-version":[{"id":2424,"href":"https:\/\/industria-de-la-conversion.ttemsa.com\/index.php\/wp-json\/wp\/v2\/pages\/1749\/revisions\/2424"}],"up":[{"embeddable":true,"href":"https:\/\/industria-de-la-conversion.ttemsa.com\/index.php\/wp-json\/wp\/v2\/pages\/14"}],"wp:attachment":[{"href":"https:\/\/industria-de-la-conversion.ttemsa.com\/index.php\/wp-json\/wp\/v2\/media?parent=1749"}],"wp:term":[{"taxonomy":"category","embeddable":true,"href":"https:\/\/industria-de-la-conversion.ttemsa.com\/index.php\/wp-json\/wp\/v2\/categories?post=1749"},{"taxonomy":"post_tag","embeddable":true,"href":"https:\/\/industria-de-la-conversion.ttemsa.com\/index.php\/wp-json\/wp\/v2\/tags?post=1749"}],"curies":[{"name":"wp","href":"https:\/\/api.w.org\/{rel}","templated":true}]}}