{"id":1757,"date":"2024-03-01T21:33:12","date_gmt":"2024-03-01T21:33:12","guid":{"rendered":"https:\/\/industria-de-la-conversion.ttemsa.com\/index.php\/paxton\/paxton-copy-copy-copy-copy-copy-6\/"},"modified":"2024-03-06T13:03:10","modified_gmt":"2024-03-06T13:03:10","slug":"recintos-de-soplado","status":"publish","type":"page","link":"https:\/\/industria-de-la-conversion.ttemsa.com\/index.php\/paxton\/recintos-de-soplado\/","title":{"rendered":"Recintos de soplado"},"content":{"rendered":"<div class=\"wp-block-image\">\n<figure class=\"aligncenter size-large is-resized\"><img loading=\"lazy\" decoding=\"async\" width=\"968\" height=\"1024\" src=\"https:\/\/industria-de-la-conversion.ttemsa.com\/wp-content\/uploads\/2024\/03\/p5-1-968x1024.jpg\" alt=\"\" class=\"wp-image-2343\" style=\"width:630px;height:auto\" srcset=\"https:\/\/industria-de-la-conversion.ttemsa.com\/wp-content\/uploads\/2024\/03\/p5-1-968x1024.jpg 968w, https:\/\/industria-de-la-conversion.ttemsa.com\/wp-content\/uploads\/2024\/03\/p5-1-284x300.jpg 284w, https:\/\/industria-de-la-conversion.ttemsa.com\/wp-content\/uploads\/2024\/03\/p5-1-768x812.jpg 768w, https:\/\/industria-de-la-conversion.ttemsa.com\/wp-content\/uploads\/2024\/03\/p5-1.jpg 1288w\" sizes=\"auto, (max-width: 968px) 100vw, 968px\" \/><\/figure>\n<\/div>\n\n<div class=\"wp-block-image\">\n<figure class=\"aligncenter size-full is-resized\"><img loading=\"lazy\" decoding=\"async\" width=\"410\" height=\"123\" src=\"http:\/\/industria-de-la-conversion.ttemsa.com\/wp-content\/uploads\/2024\/03\/paxtonlogo.jpg\" alt=\"\" class=\"wp-image-2334\" style=\"width:302px;height:auto\" srcset=\"https:\/\/industria-de-la-conversion.ttemsa.com\/wp-content\/uploads\/2024\/03\/paxtonlogo.jpg 410w, https:\/\/industria-de-la-conversion.ttemsa.com\/wp-content\/uploads\/2024\/03\/paxtonlogo-300x90.jpg 300w\" sizes=\"auto, (max-width: 410px) 100vw, 410px\" \/><\/figure>\n<\/div>\n\n\n<p><em><strong>Protege en ambientes severos y corrosivos<\/strong><\/em><br><em><strong>Importante disminuci\u00f3n del sonido<\/strong><\/em><br><em><strong>Simplifica la instalaci\u00f3n del soplador<\/strong><\/em><\/p>\n\n\n\n<p><strong>C a r a c t er \u00ed s t i c a s<\/strong><\/p>\n\n\n\n<ul class=\"wp-block-list\">\n<li>El recinto duradero soporta entornos severos y h\u00famedos.<\/li>\n\n\n\n<li>Puertas de acceso extra grandes de Lexan transparente para un f\u00e1cil servicio.<\/li>\n\n\n\n<li>Dise\u00f1ado para ser movido y colocado por montacargas.<\/li>\n\n\n\n<li>Patas con niveladores estilo giratorio con orificios de anclaje.<\/li>\n\n\n\n<li>Pasadores de media vuelta de las puertas de acceso con traba r\u00e1pida.<\/li>\n\n\n\n<li>Prefiltros reusables de malla de f\u00e1cil desmontaje.<\/li>\n\n\n\n<li>Tuber\u00eda de salida sanitaria sellada con anillo en O.<\/li>\n\n\n\n<li>Base duradera de acero inoxidable 304.<\/li>\n<\/ul>\n\n\n\n<p><\/p>\n","protected":false},"excerpt":{"rendered":"<p>Protege en ambientes severos y corrosivosImportante disminuci\u00f3n del sonidoSimplifica la instalaci\u00f3n del soplador C a r a c t er \u00ed s t i c a s<\/p>\n","protected":false},"author":1,"featured_media":0,"parent":14,"menu_order":0,"comment_status":"closed","ping_status":"closed","template":"","meta":{"footnotes":""},"categories":[19],"tags":[],"class_list":["post-1757","page","type-page","status-publish","hentry","category-paxton-2018"],"yoast_head":"<!-- This site is optimized with the Yoast SEO plugin v22.1 - https:\/\/yoast.com\/wordpress\/plugins\/seo\/ -->\n<title>Recintos de soplado - industria-de-la-conversion.ttemsa<\/title>\n<meta name=\"description\" content=\"RECINTOS DE SOPLADO Protege en ambientes severos y corrosivosImportante disminuci\u00f3n del sonidoSimplifica la instalaci\u00f3n del soplador\" \/>\n<meta name=\"robots\" content=\"index, follow, max-snippet:-1, max-image-preview:large, max-video-preview:-1\" \/>\n<link rel=\"canonical\" href=\"http:\/\/industria-de-la-conversion.ttemsa.com\/index.php\/paxton\/recintos-de-soplado\/\" \/>\n<meta property=\"og:locale\" content=\"es_MX\" \/>\n<meta property=\"og:type\" content=\"article\" \/>\n<meta property=\"og:title\" content=\"RECINTOS DE SOPLADO Protege en ambientes severos y corrosivosImportante disminuci\u00f3n del sonidoSimplifica la instalaci\u00f3n del soplador\" \/>\n<meta property=\"og:description\" content=\"En ttemsa ofrecemos Soluciones. Solicite + info Tel\u00e9fonos: + 52 (55) 5352-0191 5352-1301 5352-6070 5352-0593\" \/>\n<meta property=\"og:url\" content=\"http:\/\/industria-de-la-conversion.ttemsa.com\/index.php\/paxton\/recintos-de-soplado\/\" \/>\n<meta property=\"og:site_name\" content=\"industria-de-la-conversion.ttemsa\" \/>\n<meta property=\"article:modified_time\" content=\"2024-03-06T13:03:10+00:00\" \/>\n<meta property=\"og:image\" content=\"http:\/\/industria-de-la-conversion.ttemsa.com\/wp-content\/uploads\/2024\/03\/p5-1.jpg\" \/>\n\t<meta property=\"og:image:width\" content=\"1288\" \/>\n\t<meta property=\"og:image:height\" content=\"1362\" \/>\n\t<meta property=\"og:image:type\" content=\"image\/jpeg\" \/>\n<meta name=\"twitter:card\" content=\"summary_large_image\" \/>\n<meta name=\"twitter:label1\" content=\"Tiempo de lectura\" \/>\n\t<meta name=\"twitter:data1\" content=\"1 minuto\" \/>\n<script type=\"application\/ld+json\" class=\"yoast-schema-graph\">{\"@context\":\"https:\/\/schema.org\",\"@graph\":[{\"@type\":\"WebPage\",\"@id\":\"http:\/\/industria-de-la-conversion.ttemsa.com\/index.php\/paxton\/recintos-de-soplado\/\",\"url\":\"http:\/\/industria-de-la-conversion.ttemsa.com\/index.php\/paxton\/recintos-de-soplado\/\",\"name\":\"Recintos de soplado - industria-de-la-conversion.ttemsa\",\"isPartOf\":{\"@id\":\"http:\/\/industria-de-la-conversion.ttemsa.com\/#website\"},\"datePublished\":\"2024-03-01T21:33:12+00:00\",\"dateModified\":\"2024-03-06T13:03:10+00:00\",\"description\":\"RECINTOS DE SOPLADO Protege en ambientes severos y corrosivosImportante disminuci\u00f3n del sonidoSimplifica la instalaci\u00f3n del soplador\",\"breadcrumb\":{\"@id\":\"http:\/\/industria-de-la-conversion.ttemsa.com\/index.php\/paxton\/recintos-de-soplado\/#breadcrumb\"},\"inLanguage\":\"es\",\"potentialAction\":[{\"@type\":\"ReadAction\",\"target\":[\"http:\/\/industria-de-la-conversion.ttemsa.com\/index.php\/paxton\/recintos-de-soplado\/\"]}]},{\"@type\":\"BreadcrumbList\",\"@id\":\"http:\/\/industria-de-la-conversion.ttemsa.com\/index.php\/paxton\/recintos-de-soplado\/#breadcrumb\",\"itemListElement\":[{\"@type\":\"ListItem\",\"position\":1,\"name\":\"Inicio\",\"item\":\"http:\/\/industria-de-la-conversion.ttemsa.com\/\"},{\"@type\":\"ListItem\",\"position\":2,\"name\":\"PAXTON\",\"item\":\"https:\/\/industria-de-la-conversion.ttemsa.com\/index.php\/paxton\/\"},{\"@type\":\"ListItem\",\"position\":3,\"name\":\"Recintos de soplado\"}]},{\"@type\":\"WebSite\",\"@id\":\"http:\/\/industria-de-la-conversion.ttemsa.com\/#website\",\"url\":\"http:\/\/industria-de-la-conversion.ttemsa.com\/\",\"name\":\"industria-de-la-conversion.ttemsa\",\"description\":\"Designed Dianalacazadora.com\",\"potentialAction\":[{\"@type\":\"SearchAction\",\"target\":{\"@type\":\"EntryPoint\",\"urlTemplate\":\"http:\/\/industria-de-la-conversion.ttemsa.com\/?s={search_term_string}\"},\"query-input\":\"required name=search_term_string\"}],\"inLanguage\":\"es\"}]}<\/script>\n<!-- \/ Yoast SEO plugin. -->","yoast_head_json":{"title":"Recintos de soplado - industria-de-la-conversion.ttemsa","description":"RECINTOS DE SOPLADO Protege en ambientes severos y corrosivosImportante disminuci\u00f3n del sonidoSimplifica la instalaci\u00f3n del soplador","robots":{"index":"index","follow":"follow","max-snippet":"max-snippet:-1","max-image-preview":"max-image-preview:large","max-video-preview":"max-video-preview:-1"},"canonical":"http:\/\/industria-de-la-conversion.ttemsa.com\/index.php\/paxton\/recintos-de-soplado\/","og_locale":"es_MX","og_type":"article","og_title":"RECINTOS DE SOPLADO Protege en ambientes severos y corrosivosImportante disminuci\u00f3n del sonidoSimplifica la instalaci\u00f3n del soplador","og_description":"En ttemsa ofrecemos Soluciones. Solicite + info Tel\u00e9fonos: + 52 (55) 5352-0191 5352-1301 5352-6070 5352-0593","og_url":"http:\/\/industria-de-la-conversion.ttemsa.com\/index.php\/paxton\/recintos-de-soplado\/","og_site_name":"industria-de-la-conversion.ttemsa","article_modified_time":"2024-03-06T13:03:10+00:00","og_image":[{"width":1288,"height":1362,"url":"http:\/\/industria-de-la-conversion.ttemsa.com\/wp-content\/uploads\/2024\/03\/p5-1.jpg","type":"image\/jpeg"}],"twitter_card":"summary_large_image","twitter_misc":{"Tiempo de lectura":"1 minuto"},"schema":{"@context":"https:\/\/schema.org","@graph":[{"@type":"WebPage","@id":"http:\/\/industria-de-la-conversion.ttemsa.com\/index.php\/paxton\/recintos-de-soplado\/","url":"http:\/\/industria-de-la-conversion.ttemsa.com\/index.php\/paxton\/recintos-de-soplado\/","name":"Recintos de soplado - industria-de-la-conversion.ttemsa","isPartOf":{"@id":"http:\/\/industria-de-la-conversion.ttemsa.com\/#website"},"datePublished":"2024-03-01T21:33:12+00:00","dateModified":"2024-03-06T13:03:10+00:00","description":"RECINTOS DE SOPLADO Protege en ambientes severos y corrosivosImportante disminuci\u00f3n del sonidoSimplifica la instalaci\u00f3n del soplador","breadcrumb":{"@id":"http:\/\/industria-de-la-conversion.ttemsa.com\/index.php\/paxton\/recintos-de-soplado\/#breadcrumb"},"inLanguage":"es","potentialAction":[{"@type":"ReadAction","target":["http:\/\/industria-de-la-conversion.ttemsa.com\/index.php\/paxton\/recintos-de-soplado\/"]}]},{"@type":"BreadcrumbList","@id":"http:\/\/industria-de-la-conversion.ttemsa.com\/index.php\/paxton\/recintos-de-soplado\/#breadcrumb","itemListElement":[{"@type":"ListItem","position":1,"name":"Inicio","item":"http:\/\/industria-de-la-conversion.ttemsa.com\/"},{"@type":"ListItem","position":2,"name":"PAXTON","item":"https:\/\/industria-de-la-conversion.ttemsa.com\/index.php\/paxton\/"},{"@type":"ListItem","position":3,"name":"Recintos de soplado"}]},{"@type":"WebSite","@id":"http:\/\/industria-de-la-conversion.ttemsa.com\/#website","url":"http:\/\/industria-de-la-conversion.ttemsa.com\/","name":"industria-de-la-conversion.ttemsa","description":"Designed Dianalacazadora.com","potentialAction":[{"@type":"SearchAction","target":{"@type":"EntryPoint","urlTemplate":"http:\/\/industria-de-la-conversion.ttemsa.com\/?s={search_term_string}"},"query-input":"required name=search_term_string"}],"inLanguage":"es"}]}},"_links":{"self":[{"href":"https:\/\/industria-de-la-conversion.ttemsa.com\/index.php\/wp-json\/wp\/v2\/pages\/1757","targetHints":{"allow":["GET"]}}],"collection":[{"href":"https:\/\/industria-de-la-conversion.ttemsa.com\/index.php\/wp-json\/wp\/v2\/pages"}],"about":[{"href":"https:\/\/industria-de-la-conversion.ttemsa.com\/index.php\/wp-json\/wp\/v2\/types\/page"}],"author":[{"embeddable":true,"href":"https:\/\/industria-de-la-conversion.ttemsa.com\/index.php\/wp-json\/wp\/v2\/users\/1"}],"replies":[{"embeddable":true,"href":"https:\/\/industria-de-la-conversion.ttemsa.com\/index.php\/wp-json\/wp\/v2\/comments?post=1757"}],"version-history":[{"count":2,"href":"https:\/\/industria-de-la-conversion.ttemsa.com\/index.php\/wp-json\/wp\/v2\/pages\/1757\/revisions"}],"predecessor-version":[{"id":2345,"href":"https:\/\/industria-de-la-conversion.ttemsa.com\/index.php\/wp-json\/wp\/v2\/pages\/1757\/revisions\/2345"}],"up":[{"embeddable":true,"href":"https:\/\/industria-de-la-conversion.ttemsa.com\/index.php\/wp-json\/wp\/v2\/pages\/14"}],"wp:attachment":[{"href":"https:\/\/industria-de-la-conversion.ttemsa.com\/index.php\/wp-json\/wp\/v2\/media?parent=1757"}],"wp:term":[{"taxonomy":"category","embeddable":true,"href":"https:\/\/industria-de-la-conversion.ttemsa.com\/index.php\/wp-json\/wp\/v2\/categories?post=1757"},{"taxonomy":"post_tag","embeddable":true,"href":"https:\/\/industria-de-la-conversion.ttemsa.com\/index.php\/wp-json\/wp\/v2\/tags?post=1757"}],"curies":[{"name":"wp","href":"https:\/\/api.w.org\/{rel}","templated":true}]}}