{"id":1820,"date":"2024-03-02T00:24:18","date_gmt":"2024-03-02T00:24:18","guid":{"rendered":"https:\/\/industria-de-la-conversion.ttemsa.com\/index.php\/boschert\/boschert-copy-copy-6\/"},"modified":"2024-03-06T16:50:09","modified_gmt":"2024-03-06T16:50:09","slug":"tipos-de-construccion","status":"publish","type":"page","link":"https:\/\/industria-de-la-conversion.ttemsa.com\/index.php\/boschert\/tipos-de-construccion\/","title":{"rendered":"Tipos de Construcci\u00f3n"},"content":{"rendered":"<div class=\"wp-block-image\">\n<figure class=\"aligncenter size-full\"><img loading=\"lazy\" decoding=\"async\" width=\"280\" height=\"99\" src=\"http:\/\/industria-de-la-conversion.ttemsa.com\/wp-content\/uploads\/2024\/03\/BOSCHERT.jpg\" alt=\"\" class=\"wp-image-2502\"\/><\/figure>\n<\/div>\n\n\n<h1 class=\"wp-block-heading\"><strong>Mandril \/ Chuck de seguridad Boschert<\/strong>\u00a0<\/h1>\n\n\n\n<p>Una de las caracter\u00edsticas Importantes, es que&nbsp;al&nbsp;colocar los rollos en el juego de chucks Boschert, si se empieza a desembobinar el material y no se han cerrado los platos (volantes, de los chucks)&nbsp;al&nbsp;girar la flecha autom\u00e1ticamente&nbsp;se&nbsp;cierra y el rollo no se cae. Ademas es muy f\u00e1cil montar y desmontar como&nbsp;a continuaci\u00f3n se describe.<\/p>\n\n\n\n<p>El dise\u00f1o de los mandriles\/chucks Boschert de Seguridad emplea un volante que se ladea para&nbsp;i&nbsp;sujetar el cuadro superior de la flecha. Este dise\u00f1o superior permite estar cerca del primer: rodamiento de carga, y lo hace que ocupe menos espacio en la instalaci\u00f3n. Con esto evita un esfuerzo excesivo y desgaste sobre el chuck, cuando la flecha del rollo presenta cierta excentricidad.<\/p>\n\n\n\n<hr class=\"wp-block-separator has-alpha-channel-opacity\"\/>\n\n\n\n<p><strong>&nbsp;LOS ESPECIALISTAS EN CHUCKS DE SEGURIDAD<\/strong><\/p>\n\n\n\n<figure class=\"wp-block-table\"><table><tbody><tr><td><strong>Montaje de Pedestal Tipo C<\/strong>&nbsp; &nbsp;&nbsp;<\/td><td><img loading=\"lazy\" decoding=\"async\" src=\"https:\/\/www.ttemsa.com\/images\/boschert\/image016.gif\" alt=\"\" width=\"160\" height=\"141\"><\/td><td><img loading=\"lazy\" decoding=\"async\" src=\"https:\/\/www.ttemsa.com\/images\/boschert\/image018.gif\" alt=\"\" width=\"171\" height=\"141\"><\/td><td><strong>Montaje de Pedestal con Inserto Reemplazable VT-1<\/strong><\/td><\/tr><tr><td><strong>Montaje de Pedestal con Flecha<\/strong>&nbsp; &nbsp;&nbsp;<\/td><td><img loading=\"lazy\" decoding=\"async\" src=\"https:\/\/www.ttemsa.com\/images\/boschert\/image020.gif\" alt=\"\" width=\"171\" height=\"170\"><\/td><td><img loading=\"lazy\" decoding=\"async\" src=\"https:\/\/www.ttemsa.com\/images\/boschert\/image022.gif\" alt=\"\" width=\"172\" height=\"171\"><\/td><td><strong>Montaje de Pedestal sin Flecha<\/strong><\/td><\/tr><tr><td><strong>Montaje de Brida Tipo C<\/strong>&nbsp; &nbsp;&nbsp;<\/td><td><img loading=\"lazy\" decoding=\"async\" src=\"https:\/\/www.ttemsa.com\/images\/boschert\/image024.gif\" alt=\"\" width=\"171\" height=\"152\"><\/td><td><img loading=\"lazy\" decoding=\"async\" src=\"https:\/\/www.ttemsa.com\/images\/boschert\/image026.gif\" alt=\"\" width=\"171\" height=\"164\"><\/td><td><strong>Montaje de Brida con inserto VT-1<\/strong><\/td><\/tr><tr><td><strong>Montaje de Brida con Flecha<\/strong>&nbsp; &nbsp;&nbsp;<\/td><td><img loading=\"lazy\" decoding=\"async\" src=\"https:\/\/www.ttemsa.com\/images\/boschert\/image028.gif\" alt=\"\" width=\"171\" height=\"153\"><\/td><td><img loading=\"lazy\" decoding=\"async\" src=\"https:\/\/www.ttemsa.com\/images\/boschert\/image030.gif\" alt=\"\" width=\"172\" height=\"167\"><\/td><td><strong>Montaje de Brida sin Flecha<\/strong>&nbsp; &nbsp;&nbsp;<\/td><\/tr><\/tbody><\/table><\/figure>\n\n\n\n<p><strong>Tipos de flecha&nbsp;&nbsp;<\/strong><\/p>\n\n\n\n<figure class=\"wp-block-image\"><img decoding=\"async\" src=\"https:\/\/www.ttemsa.com\/images\/boschert\/image032.gif\" alt=\"\"\/><\/figure>\n\n\n\n<p><strong>Seguro para el volante utilizados en volteadores (torretas) tipo maroma.<\/strong><\/p>\n\n\n\n<figure class=\"wp-block-table\"><table><tbody><tr><td><img loading=\"lazy\" decoding=\"async\" src=\"https:\/\/www.ttemsa.com\/images\/boschert\/image034b.gif\" alt=\"\" width=\"106\" height=\"114\"><\/td><td><img loading=\"lazy\" decoding=\"async\" src=\"https:\/\/www.ttemsa.com\/images\/boschert\/image036.gif\" alt=\"\" width=\"101\" height=\"98\"><\/td><td><img loading=\"lazy\" decoding=\"async\" src=\"https:\/\/www.ttemsa.com\/images\/boschert\/image038.gif\" alt=\"\" width=\"115\" height=\"111\"><\/td><td><img loading=\"lazy\" decoding=\"async\" src=\"https:\/\/www.ttemsa.com\/images\/boschert\/image040.gif\" alt=\"\" width=\"115\" height=\"111\"><\/td><\/tr><\/tbody><\/table><\/figure>\n\n\n\n<p><strong>Seguro del volante.<\/strong><\/p>\n\n\n\n<figure class=\"wp-block-image\"><img decoding=\"async\" src=\"https:\/\/www.ttemsa.com\/images\/boschert\/image042.gif\" alt=\"\"\/><\/figure>\n\n\n\n<p>Los chucks (para desembobinado o embobinaddo) con seguro en al volante, previene que abra el volante en volteadores\/torretas tipo maroma, cuando los chucks est\u00e1n girados 180\u00b0 (de cabeza).<\/p>\n\n\n\n<p>Cuando se carga o descarga el rollo con su flecha esta con la abertura del juego de chucks hacia arriba.<\/p>\n\n\n\n<p>Para mover los platos (para abrir Por eso se recomiendan este tipo de chucks con seguro.&nbsp;<\/p>\n","protected":false},"excerpt":{"rendered":"<p>Mandril \/ Chuck de seguridad Boschert\u00a0 Una de las caracter\u00edsticas Importantes, es que&nbsp;al&nbsp;colocar los rollos en el juego de chucks Boschert, si se empieza a desembobinar el material y no se han cerrado los platos (volantes, de los chucks)&nbsp;al&nbsp;girar la flecha autom\u00e1ticamente&nbsp;se&nbsp;cierra y el rollo no se cae. Ademas es muy f\u00e1cil montar y desmontar [&hellip;]<\/p>\n","protected":false},"author":1,"featured_media":0,"parent":31,"menu_order":0,"comment_status":"closed","ping_status":"closed","template":"","meta":{"footnotes":""},"categories":[21],"tags":[],"class_list":["post-1820","page","type-page","status-publish","hentry","category-boschert-catalogo-principal"],"yoast_head":"<!-- This site is optimized with the Yoast SEO plugin v22.1 - https:\/\/yoast.com\/wordpress\/plugins\/seo\/ -->\n<title>Tipos de Construcci\u00f3n - industria-de-la-conversion.ttemsa<\/title>\n<meta name=\"description\" content=\"Tipos de Construcci\u00f3nChucks de Seguridad Boschert - Modelos Autom\u00e1ticos(Neum\u00e1ticos) Los Sistemas de Chucks. En ttemsa ofrecemos Soluciones. Solicite + info Tel\u00e9fonos: + 52 (55) 5352-0191 5352-1301 5352-6070 5352-0593\" \/>\n<meta name=\"robots\" content=\"index, follow, max-snippet:-1, max-image-preview:large, max-video-preview:-1\" \/>\n<link rel=\"canonical\" href=\"http:\/\/industria-de-la-conversion.ttemsa.com\/index.php\/boschert\/tipos-de-construccion\/\" \/>\n<meta property=\"og:locale\" content=\"es_MX\" \/>\n<meta property=\"og:type\" content=\"article\" \/>\n<meta property=\"og:title\" content=\"Tipos de Construcci\u00f3nChucks de Seguridad Boschert\" \/>\n<meta property=\"og:description\" content=\"Modelos Autom\u00e1ticos (Neum\u00e1ticos) Los Sistemas de Chucks. En ttemsa ofrecemos Soluciones. Solicite + info Tel\u00e9fonos: + 52 (55) 5352-0191 5352-1301 5352-6070 5352-0593\" \/>\n<meta property=\"og:url\" content=\"http:\/\/industria-de-la-conversion.ttemsa.com\/index.php\/boschert\/tipos-de-construccion\/\" \/>\n<meta property=\"og:site_name\" content=\"industria-de-la-conversion.ttemsa\" \/>\n<meta property=\"article:modified_time\" content=\"2024-03-06T16:50:09+00:00\" \/>\n<meta property=\"og:image\" content=\"http:\/\/industria-de-la-conversion.ttemsa.com\/wp-content\/uploads\/2024\/03\/image042.gif\" \/>\n\t<meta property=\"og:image:width\" content=\"303\" \/>\n\t<meta property=\"og:image:height\" content=\"357\" \/>\n\t<meta property=\"og:image:type\" content=\"image\/gif\" \/>\n<meta name=\"twitter:card\" content=\"summary_large_image\" \/>\n<meta name=\"twitter:label1\" content=\"Tiempo de lectura\" \/>\n\t<meta name=\"twitter:data1\" content=\"5 minutos\" \/>\n<script type=\"application\/ld+json\" class=\"yoast-schema-graph\">{\"@context\":\"https:\/\/schema.org\",\"@graph\":[{\"@type\":\"WebPage\",\"@id\":\"http:\/\/industria-de-la-conversion.ttemsa.com\/index.php\/boschert\/tipos-de-construccion\/\",\"url\":\"http:\/\/industria-de-la-conversion.ttemsa.com\/index.php\/boschert\/tipos-de-construccion\/\",\"name\":\"Tipos de Construcci\u00f3n - industria-de-la-conversion.ttemsa\",\"isPartOf\":{\"@id\":\"http:\/\/industria-de-la-conversion.ttemsa.com\/#website\"},\"datePublished\":\"2024-03-02T00:24:18+00:00\",\"dateModified\":\"2024-03-06T16:50:09+00:00\",\"description\":\"Tipos de Construcci\u00f3nChucks de Seguridad Boschert - Modelos Autom\u00e1ticos(Neum\u00e1ticos) Los Sistemas de Chucks. En ttemsa ofrecemos Soluciones. Solicite + info Tel\u00e9fonos: + 52 (55) 5352-0191 5352-1301 5352-6070 5352-0593\",\"breadcrumb\":{\"@id\":\"http:\/\/industria-de-la-conversion.ttemsa.com\/index.php\/boschert\/tipos-de-construccion\/#breadcrumb\"},\"inLanguage\":\"es\",\"potentialAction\":[{\"@type\":\"ReadAction\",\"target\":[\"http:\/\/industria-de-la-conversion.ttemsa.com\/index.php\/boschert\/tipos-de-construccion\/\"]}]},{\"@type\":\"BreadcrumbList\",\"@id\":\"http:\/\/industria-de-la-conversion.ttemsa.com\/index.php\/boschert\/tipos-de-construccion\/#breadcrumb\",\"itemListElement\":[{\"@type\":\"ListItem\",\"position\":1,\"name\":\"Inicio\",\"item\":\"http:\/\/industria-de-la-conversion.ttemsa.com\/\"},{\"@type\":\"ListItem\",\"position\":2,\"name\":\"BOSCHERT\",\"item\":\"http:\/\/industria-de-la-conversion.ttemsa.com\/index.php\/boschert\/\"},{\"@type\":\"ListItem\",\"position\":3,\"name\":\"Tipos de Construcci\u00f3n\"}]},{\"@type\":\"WebSite\",\"@id\":\"http:\/\/industria-de-la-conversion.ttemsa.com\/#website\",\"url\":\"http:\/\/industria-de-la-conversion.ttemsa.com\/\",\"name\":\"industria-de-la-conversion.ttemsa\",\"description\":\"Designed Dianalacazadora.com\",\"potentialAction\":[{\"@type\":\"SearchAction\",\"target\":{\"@type\":\"EntryPoint\",\"urlTemplate\":\"http:\/\/industria-de-la-conversion.ttemsa.com\/?s={search_term_string}\"},\"query-input\":\"required name=search_term_string\"}],\"inLanguage\":\"es\"}]}<\/script>\n<!-- \/ Yoast SEO plugin. -->","yoast_head_json":{"title":"Tipos de Construcci\u00f3n - industria-de-la-conversion.ttemsa","description":"Tipos de Construcci\u00f3nChucks de Seguridad Boschert - Modelos Autom\u00e1ticos(Neum\u00e1ticos) Los Sistemas de Chucks. En ttemsa ofrecemos Soluciones. Solicite + info Tel\u00e9fonos: + 52 (55) 5352-0191 5352-1301 5352-6070 5352-0593","robots":{"index":"index","follow":"follow","max-snippet":"max-snippet:-1","max-image-preview":"max-image-preview:large","max-video-preview":"max-video-preview:-1"},"canonical":"http:\/\/industria-de-la-conversion.ttemsa.com\/index.php\/boschert\/tipos-de-construccion\/","og_locale":"es_MX","og_type":"article","og_title":"Tipos de Construcci\u00f3nChucks de Seguridad Boschert","og_description":"Modelos Autom\u00e1ticos (Neum\u00e1ticos) Los Sistemas de Chucks. En ttemsa ofrecemos Soluciones. Solicite + info Tel\u00e9fonos: + 52 (55) 5352-0191 5352-1301 5352-6070 5352-0593","og_url":"http:\/\/industria-de-la-conversion.ttemsa.com\/index.php\/boschert\/tipos-de-construccion\/","og_site_name":"industria-de-la-conversion.ttemsa","article_modified_time":"2024-03-06T16:50:09+00:00","og_image":[{"width":303,"height":357,"url":"http:\/\/industria-de-la-conversion.ttemsa.com\/wp-content\/uploads\/2024\/03\/image042.gif","type":"image\/gif"}],"twitter_card":"summary_large_image","twitter_misc":{"Tiempo de lectura":"5 minutos"},"schema":{"@context":"https:\/\/schema.org","@graph":[{"@type":"WebPage","@id":"http:\/\/industria-de-la-conversion.ttemsa.com\/index.php\/boschert\/tipos-de-construccion\/","url":"http:\/\/industria-de-la-conversion.ttemsa.com\/index.php\/boschert\/tipos-de-construccion\/","name":"Tipos de Construcci\u00f3n - industria-de-la-conversion.ttemsa","isPartOf":{"@id":"http:\/\/industria-de-la-conversion.ttemsa.com\/#website"},"datePublished":"2024-03-02T00:24:18+00:00","dateModified":"2024-03-06T16:50:09+00:00","description":"Tipos de Construcci\u00f3nChucks de Seguridad Boschert - Modelos Autom\u00e1ticos(Neum\u00e1ticos) Los Sistemas de Chucks. En ttemsa ofrecemos Soluciones. Solicite + info Tel\u00e9fonos: + 52 (55) 5352-0191 5352-1301 5352-6070 5352-0593","breadcrumb":{"@id":"http:\/\/industria-de-la-conversion.ttemsa.com\/index.php\/boschert\/tipos-de-construccion\/#breadcrumb"},"inLanguage":"es","potentialAction":[{"@type":"ReadAction","target":["http:\/\/industria-de-la-conversion.ttemsa.com\/index.php\/boschert\/tipos-de-construccion\/"]}]},{"@type":"BreadcrumbList","@id":"http:\/\/industria-de-la-conversion.ttemsa.com\/index.php\/boschert\/tipos-de-construccion\/#breadcrumb","itemListElement":[{"@type":"ListItem","position":1,"name":"Inicio","item":"http:\/\/industria-de-la-conversion.ttemsa.com\/"},{"@type":"ListItem","position":2,"name":"BOSCHERT","item":"http:\/\/industria-de-la-conversion.ttemsa.com\/index.php\/boschert\/"},{"@type":"ListItem","position":3,"name":"Tipos de Construcci\u00f3n"}]},{"@type":"WebSite","@id":"http:\/\/industria-de-la-conversion.ttemsa.com\/#website","url":"http:\/\/industria-de-la-conversion.ttemsa.com\/","name":"industria-de-la-conversion.ttemsa","description":"Designed Dianalacazadora.com","potentialAction":[{"@type":"SearchAction","target":{"@type":"EntryPoint","urlTemplate":"http:\/\/industria-de-la-conversion.ttemsa.com\/?s={search_term_string}"},"query-input":"required name=search_term_string"}],"inLanguage":"es"}]}},"_links":{"self":[{"href":"https:\/\/industria-de-la-conversion.ttemsa.com\/index.php\/wp-json\/wp\/v2\/pages\/1820","targetHints":{"allow":["GET"]}}],"collection":[{"href":"https:\/\/industria-de-la-conversion.ttemsa.com\/index.php\/wp-json\/wp\/v2\/pages"}],"about":[{"href":"https:\/\/industria-de-la-conversion.ttemsa.com\/index.php\/wp-json\/wp\/v2\/types\/page"}],"author":[{"embeddable":true,"href":"https:\/\/industria-de-la-conversion.ttemsa.com\/index.php\/wp-json\/wp\/v2\/users\/1"}],"replies":[{"embeddable":true,"href":"https:\/\/industria-de-la-conversion.ttemsa.com\/index.php\/wp-json\/wp\/v2\/comments?post=1820"}],"version-history":[{"count":2,"href":"https:\/\/industria-de-la-conversion.ttemsa.com\/index.php\/wp-json\/wp\/v2\/pages\/1820\/revisions"}],"predecessor-version":[{"id":2517,"href":"https:\/\/industria-de-la-conversion.ttemsa.com\/index.php\/wp-json\/wp\/v2\/pages\/1820\/revisions\/2517"}],"up":[{"embeddable":true,"href":"https:\/\/industria-de-la-conversion.ttemsa.com\/index.php\/wp-json\/wp\/v2\/pages\/31"}],"wp:attachment":[{"href":"https:\/\/industria-de-la-conversion.ttemsa.com\/index.php\/wp-json\/wp\/v2\/media?parent=1820"}],"wp:term":[{"taxonomy":"category","embeddable":true,"href":"https:\/\/industria-de-la-conversion.ttemsa.com\/index.php\/wp-json\/wp\/v2\/categories?post=1820"},{"taxonomy":"post_tag","embeddable":true,"href":"https:\/\/industria-de-la-conversion.ttemsa.com\/index.php\/wp-json\/wp\/v2\/tags?post=1820"}],"curies":[{"name":"wp","href":"https:\/\/api.w.org\/{rel}","templated":true}]}}