{"id":1835,"date":"2024-03-02T00:32:40","date_gmt":"2024-03-02T00:32:40","guid":{"rendered":"https:\/\/industria-de-la-conversion.ttemsa.com\/index.php\/check-line\/check-copy-copy-copy-copy\/"},"modified":"2024-03-06T17:37:04","modified_gmt":"2024-03-06T17:37:04","slug":"modulo-de-control-de-estrobo-checkline-ls-fcm","status":"publish","type":"page","link":"https:\/\/industria-de-la-conversion.ttemsa.com\/index.php\/check-line\/modulo-de-control-de-estrobo-checkline-ls-fcm\/","title":{"rendered":"M\u00f3dulo de control de Estrobo CHECKLINE LS-FCM"},"content":{"rendered":"<div class=\"wp-block-image\">\n<figure class=\"alignleft size-full\"><img loading=\"lazy\" decoding=\"async\" width=\"332\" height=\"450\" src=\"https:\/\/industria-de-la-conversion.ttemsa.com\/wp-content\/uploads\/2024\/03\/LS-FCM.jpg\" alt=\"\" class=\"wp-image-2546\" srcset=\"https:\/\/industria-de-la-conversion.ttemsa.com\/wp-content\/uploads\/2024\/03\/LS-FCM.jpg 332w, https:\/\/industria-de-la-conversion.ttemsa.com\/wp-content\/uploads\/2024\/03\/LS-FCM-221x300.jpg 221w\" sizes=\"auto, (max-width: 332px) 100vw, 332px\" \/><\/figure>\n<\/div>\n\n\n<h2 class=\"wp-block-heading\">M\u00f3dulo de control de Estrobo:<\/h2>\n\n\n\n<p>Cuando es necesario ajustar la tasa de flash manual, el LS-FCM ofrece una soluci\u00f3n de bajo costo conveniente proporcionar esta capacidad. Simplemente se conecta a uno de los dos conectores en la parte posterior de la LS Estrobo de xen\u00f3n o LED estrobosc\u00f3pica, que proporciona un control manual preciso de la velocidad de destello para el usuario. Los LS-FCM pueden ser instalados en cualquier momento. La velocidad maxima 120.000 pies por minuto (2000 Hz) cuando se utiliza con luces estrobosc\u00f3picas LED y 12.500 pies por minuto (208 Hz) con luces estrobosc\u00f3picas de xen\u00f3n<\/p>\n\n\n\n<p>\u2022 Tubo de<strong>&nbsp;Xen\u00f3n<\/strong>&nbsp;s\u00faper brillante combinado con un<strong>&nbsp;reflector<\/strong>&nbsp;altamente pulido para generar<strong>&nbsp;l\u00edderes<\/strong>&nbsp;en la industria intensidad de la luz.<\/p>\n\n\n\n<p>\u2022 Controles internos y externos de frecuencia e intensidad de destello.<\/p>\n\n\n\n<p>\u2022 Carcasa de acero que de manera eficiente&nbsp;<strong>disipa el calor<\/strong>&nbsp;y eliminando as\u00ed la necesidad de&nbsp;<strong>disipadores<\/strong>.<\/p>\n\n\n\n<p>\u2022 Modelos&nbsp;<strong>disponibles<\/strong>&nbsp;en 10 pulgadas (250mm) y 15 pulgadas (380 mm) de ancho.<\/p>\n\n\n\n<p>La serie LS de<strong>&nbsp;l\u00e1mparas estrobosc\u00f3picas<\/strong>&nbsp;abarca hasta 36 pulgadas de ancho en la banda.<\/p>\n\n\n\n<p>Se pueden unir dos o m\u00e1s l\u00e1mparas para inspecciones de mayor anchura.<\/p>\n","protected":false},"excerpt":{"rendered":"<p>M\u00f3dulo de control de Estrobo: Cuando es necesario ajustar la tasa de flash manual, el LS-FCM ofrece una soluci\u00f3n de bajo costo conveniente proporcionar esta capacidad. Simplemente se conecta a uno de los dos conectores en la parte posterior de la LS Estrobo de xen\u00f3n o LED estrobosc\u00f3pica, que proporciona un control manual preciso de [&hellip;]<\/p>\n","protected":false},"author":1,"featured_media":0,"parent":18,"menu_order":1,"comment_status":"closed","ping_status":"closed","template":"","meta":{"footnotes":""},"categories":[22],"tags":[],"class_list":["post-1835","page","type-page","status-publish","hentry","category-checkline"],"yoast_head":"<!-- This site is optimized with the Yoast SEO plugin v22.1 - https:\/\/yoast.com\/wordpress\/plugins\/seo\/ -->\n<title>M\u00f3dulo de control de Estrobo CHECKLINE LS-FCM - industria-de-la-conversion.ttemsa<\/title>\n<meta name=\"description\" content=\"M\u00f3dulo de control de Estrobo CHECKLINE LS-FCMM\u00f3dulo de control de Estrobo: Cuando es necesario ajustar la tasa de flash manual, el LS-FCM ofrece una soluci\u00f3n, En ttemsa ofrecemos Soluciones. Solicite + info Tel\u00e9fonos: + 52 (55) 5352-0191 5352-1301 5352-6070 5352-0593\" \/>\n<meta name=\"robots\" content=\"index, follow, max-snippet:-1, max-image-preview:large, max-video-preview:-1\" \/>\n<link rel=\"canonical\" href=\"https:\/\/industria-de-la-conversion.ttemsa.com\/index.php\/check-line\/modulo-de-control-de-estrobo-checkline-ls-fcm\/\" \/>\n<meta property=\"og:locale\" content=\"es_MX\" \/>\n<meta property=\"og:type\" content=\"article\" \/>\n<meta property=\"og:title\" content=\"M\u00f3dulo de control de Estrobo CHECKLINE LS-FCMM\u00f3dulo de control de Estrobo: Cuando es necesario ajustar la tasa de flash manual, el LS-FCM ofrece una soluci\u00f3n,\" \/>\n<meta property=\"og:description\" content=\"En ttemsa ofrecemos Soluciones. Solicite + info Tel\u00e9fonos: + 52 (55) 5352-0191 5352-1301 5352-6070 5352-0593\" \/>\n<meta property=\"og:url\" content=\"https:\/\/industria-de-la-conversion.ttemsa.com\/index.php\/check-line\/modulo-de-control-de-estrobo-checkline-ls-fcm\/\" \/>\n<meta property=\"og:site_name\" content=\"industria-de-la-conversion.ttemsa\" \/>\n<meta property=\"article:modified_time\" content=\"2024-03-06T17:37:04+00:00\" \/>\n<meta property=\"og:image\" content=\"https:\/\/industria-de-la-conversion.ttemsa.com\/wp-content\/uploads\/2024\/03\/LS-FCM.jpg\" \/>\n\t<meta property=\"og:image:width\" content=\"332\" \/>\n\t<meta property=\"og:image:height\" content=\"450\" \/>\n\t<meta property=\"og:image:type\" content=\"image\/jpeg\" \/>\n<meta name=\"twitter:card\" content=\"summary_large_image\" \/>\n<meta name=\"twitter:label1\" content=\"Tiempo de lectura\" \/>\n\t<meta name=\"twitter:data1\" content=\"2 minutos\" \/>\n<script type=\"application\/ld+json\" class=\"yoast-schema-graph\">{\"@context\":\"https:\/\/schema.org\",\"@graph\":[{\"@type\":\"WebPage\",\"@id\":\"https:\/\/industria-de-la-conversion.ttemsa.com\/index.php\/check-line\/modulo-de-control-de-estrobo-checkline-ls-fcm\/\",\"url\":\"https:\/\/industria-de-la-conversion.ttemsa.com\/index.php\/check-line\/modulo-de-control-de-estrobo-checkline-ls-fcm\/\",\"name\":\"M\u00f3dulo de control de Estrobo CHECKLINE LS-FCM - industria-de-la-conversion.ttemsa\",\"isPartOf\":{\"@id\":\"http:\/\/industria-de-la-conversion.ttemsa.com\/#website\"},\"datePublished\":\"2024-03-02T00:32:40+00:00\",\"dateModified\":\"2024-03-06T17:37:04+00:00\",\"description\":\"M\u00f3dulo de control de Estrobo CHECKLINE LS-FCMM\u00f3dulo de control de Estrobo: Cuando es necesario ajustar la tasa de flash manual, el LS-FCM ofrece una soluci\u00f3n, En ttemsa ofrecemos Soluciones. Solicite + info Tel\u00e9fonos: + 52 (55) 5352-0191 5352-1301 5352-6070 5352-0593\",\"breadcrumb\":{\"@id\":\"https:\/\/industria-de-la-conversion.ttemsa.com\/index.php\/check-line\/modulo-de-control-de-estrobo-checkline-ls-fcm\/#breadcrumb\"},\"inLanguage\":\"es\",\"potentialAction\":[{\"@type\":\"ReadAction\",\"target\":[\"https:\/\/industria-de-la-conversion.ttemsa.com\/index.php\/check-line\/modulo-de-control-de-estrobo-checkline-ls-fcm\/\"]}]},{\"@type\":\"BreadcrumbList\",\"@id\":\"https:\/\/industria-de-la-conversion.ttemsa.com\/index.php\/check-line\/modulo-de-control-de-estrobo-checkline-ls-fcm\/#breadcrumb\",\"itemListElement\":[{\"@type\":\"ListItem\",\"position\":1,\"name\":\"Inicio\",\"item\":\"http:\/\/industria-de-la-conversion.ttemsa.com\/\"},{\"@type\":\"ListItem\",\"position\":2,\"name\":\"CHECK-LINE\",\"item\":\"http:\/\/industria-de-la-conversion.ttemsa.com\/index.php\/check-line\/\"},{\"@type\":\"ListItem\",\"position\":3,\"name\":\"M\u00f3dulo de control de Estrobo CHECKLINE LS-FCM\"}]},{\"@type\":\"WebSite\",\"@id\":\"http:\/\/industria-de-la-conversion.ttemsa.com\/#website\",\"url\":\"http:\/\/industria-de-la-conversion.ttemsa.com\/\",\"name\":\"industria-de-la-conversion.ttemsa\",\"description\":\"Designed Dianalacazadora.com\",\"potentialAction\":[{\"@type\":\"SearchAction\",\"target\":{\"@type\":\"EntryPoint\",\"urlTemplate\":\"http:\/\/industria-de-la-conversion.ttemsa.com\/?s={search_term_string}\"},\"query-input\":\"required name=search_term_string\"}],\"inLanguage\":\"es\"}]}<\/script>\n<!-- \/ Yoast SEO plugin. -->","yoast_head_json":{"title":"M\u00f3dulo de control de Estrobo CHECKLINE LS-FCM - industria-de-la-conversion.ttemsa","description":"M\u00f3dulo de control de Estrobo CHECKLINE LS-FCMM\u00f3dulo de control de Estrobo: Cuando es necesario ajustar la tasa de flash manual, el LS-FCM ofrece una soluci\u00f3n, En ttemsa ofrecemos Soluciones. Solicite + info Tel\u00e9fonos: + 52 (55) 5352-0191 5352-1301 5352-6070 5352-0593","robots":{"index":"index","follow":"follow","max-snippet":"max-snippet:-1","max-image-preview":"max-image-preview:large","max-video-preview":"max-video-preview:-1"},"canonical":"https:\/\/industria-de-la-conversion.ttemsa.com\/index.php\/check-line\/modulo-de-control-de-estrobo-checkline-ls-fcm\/","og_locale":"es_MX","og_type":"article","og_title":"M\u00f3dulo de control de Estrobo CHECKLINE LS-FCMM\u00f3dulo de control de Estrobo: Cuando es necesario ajustar la tasa de flash manual, el LS-FCM ofrece una soluci\u00f3n,","og_description":"En ttemsa ofrecemos Soluciones. Solicite + info Tel\u00e9fonos: + 52 (55) 5352-0191 5352-1301 5352-6070 5352-0593","og_url":"https:\/\/industria-de-la-conversion.ttemsa.com\/index.php\/check-line\/modulo-de-control-de-estrobo-checkline-ls-fcm\/","og_site_name":"industria-de-la-conversion.ttemsa","article_modified_time":"2024-03-06T17:37:04+00:00","og_image":[{"width":332,"height":450,"url":"https:\/\/industria-de-la-conversion.ttemsa.com\/wp-content\/uploads\/2024\/03\/LS-FCM.jpg","type":"image\/jpeg"}],"twitter_card":"summary_large_image","twitter_misc":{"Tiempo de lectura":"2 minutos"},"schema":{"@context":"https:\/\/schema.org","@graph":[{"@type":"WebPage","@id":"https:\/\/industria-de-la-conversion.ttemsa.com\/index.php\/check-line\/modulo-de-control-de-estrobo-checkline-ls-fcm\/","url":"https:\/\/industria-de-la-conversion.ttemsa.com\/index.php\/check-line\/modulo-de-control-de-estrobo-checkline-ls-fcm\/","name":"M\u00f3dulo de control de Estrobo CHECKLINE LS-FCM - industria-de-la-conversion.ttemsa","isPartOf":{"@id":"http:\/\/industria-de-la-conversion.ttemsa.com\/#website"},"datePublished":"2024-03-02T00:32:40+00:00","dateModified":"2024-03-06T17:37:04+00:00","description":"M\u00f3dulo de control de Estrobo CHECKLINE LS-FCMM\u00f3dulo de control de Estrobo: Cuando es necesario ajustar la tasa de flash manual, el LS-FCM ofrece una soluci\u00f3n, En ttemsa ofrecemos Soluciones. Solicite + info Tel\u00e9fonos: + 52 (55) 5352-0191 5352-1301 5352-6070 5352-0593","breadcrumb":{"@id":"https:\/\/industria-de-la-conversion.ttemsa.com\/index.php\/check-line\/modulo-de-control-de-estrobo-checkline-ls-fcm\/#breadcrumb"},"inLanguage":"es","potentialAction":[{"@type":"ReadAction","target":["https:\/\/industria-de-la-conversion.ttemsa.com\/index.php\/check-line\/modulo-de-control-de-estrobo-checkline-ls-fcm\/"]}]},{"@type":"BreadcrumbList","@id":"https:\/\/industria-de-la-conversion.ttemsa.com\/index.php\/check-line\/modulo-de-control-de-estrobo-checkline-ls-fcm\/#breadcrumb","itemListElement":[{"@type":"ListItem","position":1,"name":"Inicio","item":"http:\/\/industria-de-la-conversion.ttemsa.com\/"},{"@type":"ListItem","position":2,"name":"CHECK-LINE","item":"http:\/\/industria-de-la-conversion.ttemsa.com\/index.php\/check-line\/"},{"@type":"ListItem","position":3,"name":"M\u00f3dulo de control de Estrobo CHECKLINE LS-FCM"}]},{"@type":"WebSite","@id":"http:\/\/industria-de-la-conversion.ttemsa.com\/#website","url":"http:\/\/industria-de-la-conversion.ttemsa.com\/","name":"industria-de-la-conversion.ttemsa","description":"Designed Dianalacazadora.com","potentialAction":[{"@type":"SearchAction","target":{"@type":"EntryPoint","urlTemplate":"http:\/\/industria-de-la-conversion.ttemsa.com\/?s={search_term_string}"},"query-input":"required name=search_term_string"}],"inLanguage":"es"}]}},"_links":{"self":[{"href":"https:\/\/industria-de-la-conversion.ttemsa.com\/index.php\/wp-json\/wp\/v2\/pages\/1835","targetHints":{"allow":["GET"]}}],"collection":[{"href":"https:\/\/industria-de-la-conversion.ttemsa.com\/index.php\/wp-json\/wp\/v2\/pages"}],"about":[{"href":"https:\/\/industria-de-la-conversion.ttemsa.com\/index.php\/wp-json\/wp\/v2\/types\/page"}],"author":[{"embeddable":true,"href":"https:\/\/industria-de-la-conversion.ttemsa.com\/index.php\/wp-json\/wp\/v2\/users\/1"}],"replies":[{"embeddable":true,"href":"https:\/\/industria-de-la-conversion.ttemsa.com\/index.php\/wp-json\/wp\/v2\/comments?post=1835"}],"version-history":[{"count":2,"href":"https:\/\/industria-de-la-conversion.ttemsa.com\/index.php\/wp-json\/wp\/v2\/pages\/1835\/revisions"}],"predecessor-version":[{"id":2547,"href":"https:\/\/industria-de-la-conversion.ttemsa.com\/index.php\/wp-json\/wp\/v2\/pages\/1835\/revisions\/2547"}],"up":[{"embeddable":true,"href":"https:\/\/industria-de-la-conversion.ttemsa.com\/index.php\/wp-json\/wp\/v2\/pages\/18"}],"wp:attachment":[{"href":"https:\/\/industria-de-la-conversion.ttemsa.com\/index.php\/wp-json\/wp\/v2\/media?parent=1835"}],"wp:term":[{"taxonomy":"category","embeddable":true,"href":"https:\/\/industria-de-la-conversion.ttemsa.com\/index.php\/wp-json\/wp\/v2\/categories?post=1835"},{"taxonomy":"post_tag","embeddable":true,"href":"https:\/\/industria-de-la-conversion.ttemsa.com\/index.php\/wp-json\/wp\/v2\/tags?post=1835"}],"curies":[{"name":"wp","href":"https:\/\/api.w.org\/{rel}","templated":true}]}}