{"id":1838,"date":"2024-03-02T00:32:58","date_gmt":"2024-03-02T00:32:58","guid":{"rendered":"https:\/\/industria-de-la-conversion.ttemsa.com\/index.php\/check-line\/check-copy-copy-copy-copy-copy-copy-copy\/"},"modified":"2024-03-06T17:43:54","modified_gmt":"2024-03-06T17:43:54","slug":"lampara-compacta-mas-grande-checkline-ls-18-led","status":"publish","type":"page","link":"https:\/\/industria-de-la-conversion.ttemsa.com\/index.php\/check-line\/lampara-compacta-mas-grande-checkline-ls-18-led\/","title":{"rendered":"L\u00e1mpara Compacta m\u00e1s Grande CHECKLINE LS-18-LED"},"content":{"rendered":"<div class=\"wp-block-image\">\n<figure class=\"aligncenter size-full is-resized\"><img loading=\"lazy\" decoding=\"async\" width=\"700\" height=\"401\" src=\"https:\/\/industria-de-la-conversion.ttemsa.com\/wp-content\/uploads\/2024\/03\/ls-18-led.jpg\" alt=\"\" class=\"wp-image-2552\" style=\"width:601px;height:auto\" srcset=\"https:\/\/industria-de-la-conversion.ttemsa.com\/wp-content\/uploads\/2024\/03\/ls-18-led.jpg 700w, https:\/\/industria-de-la-conversion.ttemsa.com\/wp-content\/uploads\/2024\/03\/ls-18-led-300x172.jpg 300w\" sizes=\"auto, (max-width: 700px) 100vw, 700px\" \/><\/figure>\n<\/div>\n\n<div class=\"wp-block-image\">\n<figure class=\"aligncenter size-full is-resized\"><img loading=\"lazy\" decoding=\"async\" width=\"465\" height=\"324\" src=\"http:\/\/industria-de-la-conversion.ttemsa.com\/wp-content\/uploads\/2024\/03\/logo.png\" alt=\"\" class=\"wp-image-2531\" style=\"width:234px;height:auto\" srcset=\"https:\/\/industria-de-la-conversion.ttemsa.com\/wp-content\/uploads\/2024\/03\/logo.png 465w, https:\/\/industria-de-la-conversion.ttemsa.com\/wp-content\/uploads\/2024\/03\/logo-300x209.png 300w\" sizes=\"auto, (max-width: 465px) 100vw, 465px\" \/><\/figure>\n<\/div>\n\n\n<p>Series LS<\/p>\n\n\n\n<p>\u2022 Tubo de<strong>&nbsp;Xen\u00f3n<\/strong>&nbsp;s\u00faper brillante combinado con un<strong>&nbsp;reflector<\/strong>&nbsp;altamente pulido para generar<strong>&nbsp;l\u00edderes<\/strong>&nbsp;en la industria intensidad de la luz.<\/p>\n\n\n\n<p>\u2022 Controles internos y externos de frecuencia e intensidad de destello.<\/p>\n\n\n\n<p>\u2022 Carcasa de acero que de manera eficiente&nbsp;<strong>disipa el calor<\/strong>&nbsp;y eliminando as\u00ed la necesidad de&nbsp;<strong>disipadores<\/strong>.<\/p>\n\n\n\n<p>\u2022 Modelos&nbsp;<strong>disponibles<\/strong>&nbsp;en 10 pulgadas (250mm) y 15 pulgadas (380 mm) de ancho.&nbsp;<\/p>\n\n\n\n<p>La serie LS de<strong>&nbsp;l\u00e1mparas estrobosc\u00f3picas<\/strong>&nbsp;abarca hasta 36 pulgadas de ancho en la banda.<\/p>\n\n\n\n<p>Se pueden unir dos o m\u00e1s l\u00e1mparas para inspecciones de mayor anchura.<\/p>\n\n\n\n<figure class=\"wp-block-table\"><table><tbody><tr><td colspan=\"2\">Specifications<\/td><\/tr><tr><td>LEDs<\/td><td>200 in a 25 x 8 array<\/td><\/tr><tr><td>Frequency Range<\/td><td>0&#8230;120.000 FPM (flashes per minute)<\/td><\/tr><tr><td rowspan=\"2\">Power Required<\/td><td>18 &#8211; 28 V DC \/ 1.4A (33.6 Watts)<\/td><\/tr><tr><td>Universal AC power supply sold separately, pn LS-AC-WORLD-90VA<\/td><\/tr><tr><td rowspan=\"5\">External Trigger Input<\/td><td>3&#8230;30 V \/ max. 5 mA<\/td><\/tr><tr><td>Ppotential-free optocoupler<\/td><\/tr><tr><td>DIN 41524 5-pin standard plug<\/td><\/tr><tr><td>Uout = Uin, max. 200 mA<\/td><\/tr><tr><td>switchable trigger input<\/td><\/tr><tr><td>Trigger Output<\/td><td>for connection to 2nd Strobe (Slave)<\/td><\/tr><tr><td>Illumination Intensity<\/td><td>9,000 Lux (at 12&#8243;\/30cm)<\/td><\/tr><tr><td>Light intensity\/sharpness<\/td><td>Adjustable with turning knob<\/td><\/tr><tr><td>Illumination intensity single flash<\/td><td>1.2 Mega-Lux \/ 12&#8243; \/ 30cm<\/td><\/tr><tr><td>Illumination area<\/td><td>12 x &gt;20&#8243; (30 x &gt;50cm)<\/td><\/tr><tr><td>Flash color<\/td><td>5000&#8230;8.300 K, approx.<\/td><\/tr><tr><td>Material<\/td><td>Aluminum<\/td><\/tr><tr><td>Dimensions<\/td><td>440 x 130 x 112 mm \/ 17.3 x 5.1 x 4.4<\/td><\/tr><tr><td>Weight<\/td><td>4.63 lbs<\/td><\/tr><tr><td>Ambient temperature<\/td><td>0\u00b0&#8230;40\u00b0C (32\u00b0&#8230;114\u00b0F)<\/td><\/tr><tr><td>Storage temperature<\/td><td>-25\u00b0C&#8230;70\u00b0C (-10\u00b0&#8230;125\u00b0F)<\/td><\/tr><tr><td>Humidity<\/td><td>max. 95% not condensing<\/td><\/tr><tr><td>Certifications<\/td><td>CE conformity<\/td><\/tr><tr><td>Warranty<\/td><td>1 Year<\/td><\/tr><tr><td rowspan=\"3\">Mounting Holes<\/td><td>Located on underside of housing:<\/td><\/tr><tr><td>(1) 1\/4 &#8211; 20UNC in center<\/td><\/tr><tr><td>(2) M5 Threaded Inserts (60 mm c:c) outer<\/td><\/tr><tr><td rowspan=\"4\">Manual Test Trigger<\/td><td>Pin1 (+24V)<\/td><\/tr><tr><td>Pin3 (0V)<\/td><\/tr><tr><td>Jump Pin1 to Pin4<\/td><\/tr><tr><td>Momentarily Jump Pin3 to Pin5<\/td><\/tr><\/tbody><\/table><\/figure>\n\n\n\n<h4 class=\"wp-block-heading\">\u00a0Ver PDF<\/h4>\n\n\n\n<p><a href=\"https:\/\/ttemsa.com\/images\/pdf\/LS-18-LED-Brochure-esp.pdf\" target=\"_blank\" rel=\"noreferrer noopener\">Brochure de Marca<\/a><\/p>\n","protected":false},"excerpt":{"rendered":"<p>Series LS \u2022 Tubo de&nbsp;Xen\u00f3n&nbsp;s\u00faper brillante combinado con un&nbsp;reflector&nbsp;altamente pulido para generar&nbsp;l\u00edderes&nbsp;en la industria intensidad de la luz. \u2022 Controles internos y externos de frecuencia e intensidad de destello. \u2022 Carcasa de acero que de manera eficiente&nbsp;disipa el calor&nbsp;y eliminando as\u00ed la necesidad de&nbsp;disipadores. \u2022 Modelos&nbsp;disponibles&nbsp;en 10 pulgadas (250mm) y 15 pulgadas (380 mm) de [&hellip;]<\/p>\n","protected":false},"author":1,"featured_media":0,"parent":18,"menu_order":1,"comment_status":"closed","ping_status":"closed","template":"","meta":{"footnotes":""},"categories":[22],"tags":[],"class_list":["post-1838","page","type-page","status-publish","hentry","category-checkline"],"yoast_head":"<!-- This site is optimized with the Yoast SEO plugin v22.1 - https:\/\/yoast.com\/wordpress\/plugins\/seo\/ -->\n<title>L\u00e1mpara Compacta m\u00e1s Grande CHECKLINE LS-18-LED - industria-de-la-conversion.ttemsa<\/title>\n<meta name=\"description\" content=\"L\u00e1mpara Compacta m\u00e1s Grande CHECKLINE LS-18-LEDSeries LS \u2022 Tubo de Xen\u00f3n s\u00faper brillante combinado con un reflector altamente pulido para generar l\u00edderes en la industria intensidad\" \/>\n<meta name=\"robots\" content=\"index, follow, max-snippet:-1, max-image-preview:large, max-video-preview:-1\" \/>\n<link rel=\"canonical\" href=\"http:\/\/industria-de-la-conversion.ttemsa.com\/index.php\/check-line\/lampara-compacta-mas-grande-checkline-ls-18-led\/\" \/>\n<meta property=\"og:locale\" content=\"es_MX\" \/>\n<meta property=\"og:type\" content=\"article\" \/>\n<meta property=\"og:title\" content=\"L\u00e1mpara Compacta m\u00e1s Grande CHECKLINE LS-18-LEDSeries LS \u2022 Tubo de Xen\u00f3n s\u00faper brillante combinado con un reflector altamente pulido para generar l\u00edderes en la industria intensidad\" \/>\n<meta property=\"og:description\" content=\"En ttemsa ofrecemos Soluciones. Solicite + info Tel\u00e9fonos: + 52 (55) 5352-0191 5352-1301 5352-6070 5352-0593\" \/>\n<meta property=\"og:url\" content=\"http:\/\/industria-de-la-conversion.ttemsa.com\/index.php\/check-line\/lampara-compacta-mas-grande-checkline-ls-18-led\/\" \/>\n<meta property=\"og:site_name\" content=\"industria-de-la-conversion.ttemsa\" \/>\n<meta property=\"article:modified_time\" content=\"2024-03-06T17:43:54+00:00\" \/>\n<meta property=\"og:image\" content=\"http:\/\/industria-de-la-conversion.ttemsa.com\/wp-content\/uploads\/2024\/03\/ls-18-led.jpg\" \/>\n\t<meta property=\"og:image:width\" content=\"700\" \/>\n\t<meta property=\"og:image:height\" content=\"401\" \/>\n\t<meta property=\"og:image:type\" content=\"image\/jpeg\" \/>\n<meta name=\"twitter:card\" content=\"summary_large_image\" \/>\n<meta name=\"twitter:label1\" content=\"Tiempo de lectura\" \/>\n\t<meta name=\"twitter:data1\" content=\"2 minutos\" \/>\n<script type=\"application\/ld+json\" class=\"yoast-schema-graph\">{\"@context\":\"https:\/\/schema.org\",\"@graph\":[{\"@type\":\"WebPage\",\"@id\":\"http:\/\/industria-de-la-conversion.ttemsa.com\/index.php\/check-line\/lampara-compacta-mas-grande-checkline-ls-18-led\/\",\"url\":\"http:\/\/industria-de-la-conversion.ttemsa.com\/index.php\/check-line\/lampara-compacta-mas-grande-checkline-ls-18-led\/\",\"name\":\"L\u00e1mpara Compacta m\u00e1s Grande CHECKLINE LS-18-LED - industria-de-la-conversion.ttemsa\",\"isPartOf\":{\"@id\":\"http:\/\/industria-de-la-conversion.ttemsa.com\/#website\"},\"datePublished\":\"2024-03-02T00:32:58+00:00\",\"dateModified\":\"2024-03-06T17:43:54+00:00\",\"description\":\"L\u00e1mpara Compacta m\u00e1s Grande CHECKLINE LS-18-LEDSeries LS \u2022 Tubo de Xen\u00f3n s\u00faper brillante combinado con un reflector altamente pulido para generar l\u00edderes en la industria intensidad\",\"breadcrumb\":{\"@id\":\"http:\/\/industria-de-la-conversion.ttemsa.com\/index.php\/check-line\/lampara-compacta-mas-grande-checkline-ls-18-led\/#breadcrumb\"},\"inLanguage\":\"es\",\"potentialAction\":[{\"@type\":\"ReadAction\",\"target\":[\"http:\/\/industria-de-la-conversion.ttemsa.com\/index.php\/check-line\/lampara-compacta-mas-grande-checkline-ls-18-led\/\"]}]},{\"@type\":\"BreadcrumbList\",\"@id\":\"http:\/\/industria-de-la-conversion.ttemsa.com\/index.php\/check-line\/lampara-compacta-mas-grande-checkline-ls-18-led\/#breadcrumb\",\"itemListElement\":[{\"@type\":\"ListItem\",\"position\":1,\"name\":\"Inicio\",\"item\":\"http:\/\/industria-de-la-conversion.ttemsa.com\/\"},{\"@type\":\"ListItem\",\"position\":2,\"name\":\"CHECK-LINE\",\"item\":\"http:\/\/industria-de-la-conversion.ttemsa.com\/index.php\/check-line\/\"},{\"@type\":\"ListItem\",\"position\":3,\"name\":\"L\u00e1mpara Compacta m\u00e1s Grande CHECKLINE LS-18-LED\"}]},{\"@type\":\"WebSite\",\"@id\":\"http:\/\/industria-de-la-conversion.ttemsa.com\/#website\",\"url\":\"http:\/\/industria-de-la-conversion.ttemsa.com\/\",\"name\":\"industria-de-la-conversion.ttemsa\",\"description\":\"Designed Dianalacazadora.com\",\"potentialAction\":[{\"@type\":\"SearchAction\",\"target\":{\"@type\":\"EntryPoint\",\"urlTemplate\":\"http:\/\/industria-de-la-conversion.ttemsa.com\/?s={search_term_string}\"},\"query-input\":\"required name=search_term_string\"}],\"inLanguage\":\"es\"}]}<\/script>\n<!-- \/ Yoast SEO plugin. -->","yoast_head_json":{"title":"L\u00e1mpara Compacta m\u00e1s Grande CHECKLINE LS-18-LED - industria-de-la-conversion.ttemsa","description":"L\u00e1mpara Compacta m\u00e1s Grande CHECKLINE LS-18-LEDSeries LS \u2022 Tubo de Xen\u00f3n s\u00faper brillante combinado con un reflector altamente pulido para generar l\u00edderes en la industria intensidad","robots":{"index":"index","follow":"follow","max-snippet":"max-snippet:-1","max-image-preview":"max-image-preview:large","max-video-preview":"max-video-preview:-1"},"canonical":"http:\/\/industria-de-la-conversion.ttemsa.com\/index.php\/check-line\/lampara-compacta-mas-grande-checkline-ls-18-led\/","og_locale":"es_MX","og_type":"article","og_title":"L\u00e1mpara Compacta m\u00e1s Grande CHECKLINE LS-18-LEDSeries LS \u2022 Tubo de Xen\u00f3n s\u00faper brillante combinado con un reflector altamente pulido para generar l\u00edderes en la industria intensidad","og_description":"En ttemsa ofrecemos Soluciones. Solicite + info Tel\u00e9fonos: + 52 (55) 5352-0191 5352-1301 5352-6070 5352-0593","og_url":"http:\/\/industria-de-la-conversion.ttemsa.com\/index.php\/check-line\/lampara-compacta-mas-grande-checkline-ls-18-led\/","og_site_name":"industria-de-la-conversion.ttemsa","article_modified_time":"2024-03-06T17:43:54+00:00","og_image":[{"width":700,"height":401,"url":"http:\/\/industria-de-la-conversion.ttemsa.com\/wp-content\/uploads\/2024\/03\/ls-18-led.jpg","type":"image\/jpeg"}],"twitter_card":"summary_large_image","twitter_misc":{"Tiempo de lectura":"2 minutos"},"schema":{"@context":"https:\/\/schema.org","@graph":[{"@type":"WebPage","@id":"http:\/\/industria-de-la-conversion.ttemsa.com\/index.php\/check-line\/lampara-compacta-mas-grande-checkline-ls-18-led\/","url":"http:\/\/industria-de-la-conversion.ttemsa.com\/index.php\/check-line\/lampara-compacta-mas-grande-checkline-ls-18-led\/","name":"L\u00e1mpara Compacta m\u00e1s Grande CHECKLINE LS-18-LED - industria-de-la-conversion.ttemsa","isPartOf":{"@id":"http:\/\/industria-de-la-conversion.ttemsa.com\/#website"},"datePublished":"2024-03-02T00:32:58+00:00","dateModified":"2024-03-06T17:43:54+00:00","description":"L\u00e1mpara Compacta m\u00e1s Grande CHECKLINE LS-18-LEDSeries LS \u2022 Tubo de Xen\u00f3n s\u00faper brillante combinado con un reflector altamente pulido para generar l\u00edderes en la industria intensidad","breadcrumb":{"@id":"http:\/\/industria-de-la-conversion.ttemsa.com\/index.php\/check-line\/lampara-compacta-mas-grande-checkline-ls-18-led\/#breadcrumb"},"inLanguage":"es","potentialAction":[{"@type":"ReadAction","target":["http:\/\/industria-de-la-conversion.ttemsa.com\/index.php\/check-line\/lampara-compacta-mas-grande-checkline-ls-18-led\/"]}]},{"@type":"BreadcrumbList","@id":"http:\/\/industria-de-la-conversion.ttemsa.com\/index.php\/check-line\/lampara-compacta-mas-grande-checkline-ls-18-led\/#breadcrumb","itemListElement":[{"@type":"ListItem","position":1,"name":"Inicio","item":"http:\/\/industria-de-la-conversion.ttemsa.com\/"},{"@type":"ListItem","position":2,"name":"CHECK-LINE","item":"http:\/\/industria-de-la-conversion.ttemsa.com\/index.php\/check-line\/"},{"@type":"ListItem","position":3,"name":"L\u00e1mpara Compacta m\u00e1s Grande CHECKLINE LS-18-LED"}]},{"@type":"WebSite","@id":"http:\/\/industria-de-la-conversion.ttemsa.com\/#website","url":"http:\/\/industria-de-la-conversion.ttemsa.com\/","name":"industria-de-la-conversion.ttemsa","description":"Designed Dianalacazadora.com","potentialAction":[{"@type":"SearchAction","target":{"@type":"EntryPoint","urlTemplate":"http:\/\/industria-de-la-conversion.ttemsa.com\/?s={search_term_string}"},"query-input":"required name=search_term_string"}],"inLanguage":"es"}]}},"_links":{"self":[{"href":"https:\/\/industria-de-la-conversion.ttemsa.com\/index.php\/wp-json\/wp\/v2\/pages\/1838","targetHints":{"allow":["GET"]}}],"collection":[{"href":"https:\/\/industria-de-la-conversion.ttemsa.com\/index.php\/wp-json\/wp\/v2\/pages"}],"about":[{"href":"https:\/\/industria-de-la-conversion.ttemsa.com\/index.php\/wp-json\/wp\/v2\/types\/page"}],"author":[{"embeddable":true,"href":"https:\/\/industria-de-la-conversion.ttemsa.com\/index.php\/wp-json\/wp\/v2\/users\/1"}],"replies":[{"embeddable":true,"href":"https:\/\/industria-de-la-conversion.ttemsa.com\/index.php\/wp-json\/wp\/v2\/comments?post=1838"}],"version-history":[{"count":2,"href":"https:\/\/industria-de-la-conversion.ttemsa.com\/index.php\/wp-json\/wp\/v2\/pages\/1838\/revisions"}],"predecessor-version":[{"id":2553,"href":"https:\/\/industria-de-la-conversion.ttemsa.com\/index.php\/wp-json\/wp\/v2\/pages\/1838\/revisions\/2553"}],"up":[{"embeddable":true,"href":"https:\/\/industria-de-la-conversion.ttemsa.com\/index.php\/wp-json\/wp\/v2\/pages\/18"}],"wp:attachment":[{"href":"https:\/\/industria-de-la-conversion.ttemsa.com\/index.php\/wp-json\/wp\/v2\/media?parent=1838"}],"wp:term":[{"taxonomy":"category","embeddable":true,"href":"https:\/\/industria-de-la-conversion.ttemsa.com\/index.php\/wp-json\/wp\/v2\/categories?post=1838"},{"taxonomy":"post_tag","embeddable":true,"href":"https:\/\/industria-de-la-conversion.ttemsa.com\/index.php\/wp-json\/wp\/v2\/tags?post=1838"}],"curies":[{"name":"wp","href":"https:\/\/api.w.org\/{rel}","templated":true}]}}