{"id":1841,"date":"2024-03-02T00:33:17","date_gmt":"2024-03-02T00:33:17","guid":{"rendered":"https:\/\/industria-de-la-conversion.ttemsa.com\/index.php\/check-line\/check-copy-copy-copy-copy-copy-copy-copy-copy-copy-copy\/"},"modified":"2024-03-06T17:59:31","modified_gmt":"2024-03-06T17:59:31","slug":"neutralizador-de-ozono","status":"publish","type":"page","link":"https:\/\/industria-de-la-conversion.ttemsa.com\/index.php\/check-line\/neutralizador-de-ozono\/","title":{"rendered":"Neutralizador de ozono"},"content":{"rendered":"<div class=\"wp-block-image\">\n<figure class=\"aligncenter size-full is-resized\"><img loading=\"lazy\" decoding=\"async\" width=\"312\" height=\"193\" src=\"https:\/\/industria-de-la-conversion.ttemsa.com\/wp-content\/uploads\/2024\/03\/5ls-9-12000-checkline-ttemsa.jpg\" alt=\"\" class=\"wp-image-2562\" style=\"width:438px;height:auto\" srcset=\"https:\/\/industria-de-la-conversion.ttemsa.com\/wp-content\/uploads\/2024\/03\/5ls-9-12000-checkline-ttemsa.jpg 312w, https:\/\/industria-de-la-conversion.ttemsa.com\/wp-content\/uploads\/2024\/03\/5ls-9-12000-checkline-ttemsa-300x186.jpg 300w\" sizes=\"auto, (max-width: 312px) 100vw, 312px\" \/><\/figure>\n<\/div>\n\n\n<p>&nbsp;El generador de ozono es para usarse en un pretratado en recubrimientos de extrusi\u00f3n y aplicaciones de laminaci\u00f3n.<\/p>\n\n\n\n<p>El destructor de Ozono da caract\u00e9risticas negativas a la presi\u00f3n del dise\u00f1o de flujo de aire, ideal para solucionar problemas de escape de ozono o para neutralizar el ozono y sacar aire limpio.<\/p>\n","protected":false},"excerpt":{"rendered":"<p>&nbsp;El generador de ozono es para usarse en un pretratado en recubrimientos de extrusi\u00f3n y aplicaciones de laminaci\u00f3n. El destructor de Ozono da caract\u00e9risticas negativas a la presi\u00f3n del dise\u00f1o de flujo de aire, ideal para solucionar problemas de escape de ozono o para neutralizar el ozono y sacar aire limpio.<\/p>\n","protected":false},"author":1,"featured_media":0,"parent":18,"menu_order":1,"comment_status":"closed","ping_status":"closed","template":"","meta":{"footnotes":""},"categories":[22],"tags":[],"class_list":["post-1841","page","type-page","status-publish","hentry","category-checkline"],"yoast_head":"<!-- This site is optimized with the Yoast SEO plugin v22.1 - https:\/\/yoast.com\/wordpress\/plugins\/seo\/ -->\n<title>Neutralizador de ozono - industria-de-la-conversion.ttemsa<\/title>\n<meta name=\"description\" content=\"Neutralizador de ozonoEl generador de ozono es para usarse en un pretratado en recubrimientos de extrusi\u00f3n y aplicaciones de laminaci\u00f3n. En ttemsa ofrecemos Soluciones. Solicite + info Tel\u00e9fonos: + 52 (55) 5352-0191 5352-1301 5352-6070 5352-0593\" \/>\n<meta name=\"robots\" content=\"index, follow, max-snippet:-1, max-image-preview:large, max-video-preview:-1\" \/>\n<link rel=\"canonical\" href=\"http:\/\/industria-de-la-conversion.ttemsa.com\/index.php\/check-line\/neutralizador-de-ozono\/\" \/>\n<meta property=\"og:locale\" content=\"es_MX\" \/>\n<meta property=\"og:type\" content=\"article\" \/>\n<meta property=\"og:title\" content=\"Neutralizador de ozonoEl generador de ozono es para usarse en un pretratado en recubrimientos de extrusi\u00f3n y aplicaciones de laminaci\u00f3n.\" \/>\n<meta property=\"og:description\" content=\"En ttemsa ofrecemos Soluciones. Solicite + info Tel\u00e9fonos: + 52 (55) 5352-0191 5352-1301 5352-6070 5352-0593\" \/>\n<meta property=\"og:url\" content=\"http:\/\/industria-de-la-conversion.ttemsa.com\/index.php\/check-line\/neutralizador-de-ozono\/\" \/>\n<meta property=\"og:site_name\" content=\"industria-de-la-conversion.ttemsa\" \/>\n<meta property=\"article:modified_time\" content=\"2024-03-06T17:59:31+00:00\" \/>\n<meta property=\"og:image\" content=\"http:\/\/industria-de-la-conversion.ttemsa.com\/wp-content\/uploads\/2024\/03\/neutralizador.png\" \/>\n\t<meta property=\"og:image:width\" content=\"366\" \/>\n\t<meta property=\"og:image:height\" content=\"335\" \/>\n\t<meta property=\"og:image:type\" content=\"image\/png\" \/>\n<meta name=\"twitter:card\" content=\"summary_large_image\" \/>\n<meta name=\"twitter:label1\" content=\"Tiempo de lectura\" \/>\n\t<meta name=\"twitter:data1\" content=\"1 minuto\" \/>\n<script type=\"application\/ld+json\" class=\"yoast-schema-graph\">{\"@context\":\"https:\/\/schema.org\",\"@graph\":[{\"@type\":\"WebPage\",\"@id\":\"http:\/\/industria-de-la-conversion.ttemsa.com\/index.php\/check-line\/neutralizador-de-ozono\/\",\"url\":\"http:\/\/industria-de-la-conversion.ttemsa.com\/index.php\/check-line\/neutralizador-de-ozono\/\",\"name\":\"Neutralizador de ozono - industria-de-la-conversion.ttemsa\",\"isPartOf\":{\"@id\":\"http:\/\/industria-de-la-conversion.ttemsa.com\/#website\"},\"datePublished\":\"2024-03-02T00:33:17+00:00\",\"dateModified\":\"2024-03-06T17:59:31+00:00\",\"description\":\"Neutralizador de ozonoEl generador de ozono es para usarse en un pretratado en recubrimientos de extrusi\u00f3n y aplicaciones de laminaci\u00f3n. En ttemsa ofrecemos Soluciones. Solicite + info Tel\u00e9fonos: + 52 (55) 5352-0191 5352-1301 5352-6070 5352-0593\",\"breadcrumb\":{\"@id\":\"http:\/\/industria-de-la-conversion.ttemsa.com\/index.php\/check-line\/neutralizador-de-ozono\/#breadcrumb\"},\"inLanguage\":\"es\",\"potentialAction\":[{\"@type\":\"ReadAction\",\"target\":[\"http:\/\/industria-de-la-conversion.ttemsa.com\/index.php\/check-line\/neutralizador-de-ozono\/\"]}]},{\"@type\":\"BreadcrumbList\",\"@id\":\"http:\/\/industria-de-la-conversion.ttemsa.com\/index.php\/check-line\/neutralizador-de-ozono\/#breadcrumb\",\"itemListElement\":[{\"@type\":\"ListItem\",\"position\":1,\"name\":\"Inicio\",\"item\":\"http:\/\/industria-de-la-conversion.ttemsa.com\/\"},{\"@type\":\"ListItem\",\"position\":2,\"name\":\"CHECK-LINE\",\"item\":\"http:\/\/industria-de-la-conversion.ttemsa.com\/index.php\/check-line\/\"},{\"@type\":\"ListItem\",\"position\":3,\"name\":\"Neutralizador de ozono\"}]},{\"@type\":\"WebSite\",\"@id\":\"http:\/\/industria-de-la-conversion.ttemsa.com\/#website\",\"url\":\"http:\/\/industria-de-la-conversion.ttemsa.com\/\",\"name\":\"industria-de-la-conversion.ttemsa\",\"description\":\"Designed Dianalacazadora.com\",\"potentialAction\":[{\"@type\":\"SearchAction\",\"target\":{\"@type\":\"EntryPoint\",\"urlTemplate\":\"http:\/\/industria-de-la-conversion.ttemsa.com\/?s={search_term_string}\"},\"query-input\":\"required name=search_term_string\"}],\"inLanguage\":\"es\"}]}<\/script>\n<!-- \/ Yoast SEO plugin. -->","yoast_head_json":{"title":"Neutralizador de ozono - industria-de-la-conversion.ttemsa","description":"Neutralizador de ozonoEl generador de ozono es para usarse en un pretratado en recubrimientos de extrusi\u00f3n y aplicaciones de laminaci\u00f3n. En ttemsa ofrecemos Soluciones. Solicite + info Tel\u00e9fonos: + 52 (55) 5352-0191 5352-1301 5352-6070 5352-0593","robots":{"index":"index","follow":"follow","max-snippet":"max-snippet:-1","max-image-preview":"max-image-preview:large","max-video-preview":"max-video-preview:-1"},"canonical":"http:\/\/industria-de-la-conversion.ttemsa.com\/index.php\/check-line\/neutralizador-de-ozono\/","og_locale":"es_MX","og_type":"article","og_title":"Neutralizador de ozonoEl generador de ozono es para usarse en un pretratado en recubrimientos de extrusi\u00f3n y aplicaciones de laminaci\u00f3n.","og_description":"En ttemsa ofrecemos Soluciones. Solicite + info Tel\u00e9fonos: + 52 (55) 5352-0191 5352-1301 5352-6070 5352-0593","og_url":"http:\/\/industria-de-la-conversion.ttemsa.com\/index.php\/check-line\/neutralizador-de-ozono\/","og_site_name":"industria-de-la-conversion.ttemsa","article_modified_time":"2024-03-06T17:59:31+00:00","og_image":[{"width":366,"height":335,"url":"http:\/\/industria-de-la-conversion.ttemsa.com\/wp-content\/uploads\/2024\/03\/neutralizador.png","type":"image\/png"}],"twitter_card":"summary_large_image","twitter_misc":{"Tiempo de lectura":"1 minuto"},"schema":{"@context":"https:\/\/schema.org","@graph":[{"@type":"WebPage","@id":"http:\/\/industria-de-la-conversion.ttemsa.com\/index.php\/check-line\/neutralizador-de-ozono\/","url":"http:\/\/industria-de-la-conversion.ttemsa.com\/index.php\/check-line\/neutralizador-de-ozono\/","name":"Neutralizador de ozono - industria-de-la-conversion.ttemsa","isPartOf":{"@id":"http:\/\/industria-de-la-conversion.ttemsa.com\/#website"},"datePublished":"2024-03-02T00:33:17+00:00","dateModified":"2024-03-06T17:59:31+00:00","description":"Neutralizador de ozonoEl generador de ozono es para usarse en un pretratado en recubrimientos de extrusi\u00f3n y aplicaciones de laminaci\u00f3n. En ttemsa ofrecemos Soluciones. Solicite + info Tel\u00e9fonos: + 52 (55) 5352-0191 5352-1301 5352-6070 5352-0593","breadcrumb":{"@id":"http:\/\/industria-de-la-conversion.ttemsa.com\/index.php\/check-line\/neutralizador-de-ozono\/#breadcrumb"},"inLanguage":"es","potentialAction":[{"@type":"ReadAction","target":["http:\/\/industria-de-la-conversion.ttemsa.com\/index.php\/check-line\/neutralizador-de-ozono\/"]}]},{"@type":"BreadcrumbList","@id":"http:\/\/industria-de-la-conversion.ttemsa.com\/index.php\/check-line\/neutralizador-de-ozono\/#breadcrumb","itemListElement":[{"@type":"ListItem","position":1,"name":"Inicio","item":"http:\/\/industria-de-la-conversion.ttemsa.com\/"},{"@type":"ListItem","position":2,"name":"CHECK-LINE","item":"http:\/\/industria-de-la-conversion.ttemsa.com\/index.php\/check-line\/"},{"@type":"ListItem","position":3,"name":"Neutralizador de ozono"}]},{"@type":"WebSite","@id":"http:\/\/industria-de-la-conversion.ttemsa.com\/#website","url":"http:\/\/industria-de-la-conversion.ttemsa.com\/","name":"industria-de-la-conversion.ttemsa","description":"Designed Dianalacazadora.com","potentialAction":[{"@type":"SearchAction","target":{"@type":"EntryPoint","urlTemplate":"http:\/\/industria-de-la-conversion.ttemsa.com\/?s={search_term_string}"},"query-input":"required name=search_term_string"}],"inLanguage":"es"}]}},"_links":{"self":[{"href":"https:\/\/industria-de-la-conversion.ttemsa.com\/index.php\/wp-json\/wp\/v2\/pages\/1841","targetHints":{"allow":["GET"]}}],"collection":[{"href":"https:\/\/industria-de-la-conversion.ttemsa.com\/index.php\/wp-json\/wp\/v2\/pages"}],"about":[{"href":"https:\/\/industria-de-la-conversion.ttemsa.com\/index.php\/wp-json\/wp\/v2\/types\/page"}],"author":[{"embeddable":true,"href":"https:\/\/industria-de-la-conversion.ttemsa.com\/index.php\/wp-json\/wp\/v2\/users\/1"}],"replies":[{"embeddable":true,"href":"https:\/\/industria-de-la-conversion.ttemsa.com\/index.php\/wp-json\/wp\/v2\/comments?post=1841"}],"version-history":[{"count":3,"href":"https:\/\/industria-de-la-conversion.ttemsa.com\/index.php\/wp-json\/wp\/v2\/pages\/1841\/revisions"}],"predecessor-version":[{"id":2565,"href":"https:\/\/industria-de-la-conversion.ttemsa.com\/index.php\/wp-json\/wp\/v2\/pages\/1841\/revisions\/2565"}],"up":[{"embeddable":true,"href":"https:\/\/industria-de-la-conversion.ttemsa.com\/index.php\/wp-json\/wp\/v2\/pages\/18"}],"wp:attachment":[{"href":"https:\/\/industria-de-la-conversion.ttemsa.com\/index.php\/wp-json\/wp\/v2\/media?parent=1841"}],"wp:term":[{"taxonomy":"category","embeddable":true,"href":"https:\/\/industria-de-la-conversion.ttemsa.com\/index.php\/wp-json\/wp\/v2\/categories?post=1841"},{"taxonomy":"post_tag","embeddable":true,"href":"https:\/\/industria-de-la-conversion.ttemsa.com\/index.php\/wp-json\/wp\/v2\/tags?post=1841"}],"curies":[{"name":"wp","href":"https:\/\/api.w.org\/{rel}","templated":true}]}}