{"id":1876,"date":"2024-03-02T00:50:46","date_gmt":"2024-03-02T00:50:46","guid":{"rendered":"https:\/\/industria-de-la-conversion.ttemsa.com\/index.php\/stewarts-of-america-copy\/"},"modified":"2024-03-07T18:35:32","modified_gmt":"2024-03-07T18:35:32","slug":"catalogo-general","status":"publish","type":"page","link":"https:\/\/industria-de-la-conversion.ttemsa.com\/index.php\/stewarts-of-america\/catalogo-general\/","title":{"rendered":"STEWARTS OF AMERICA. 1"},"content":{"rendered":"<div class=\"wp-block-image\">\n<figure class=\"aligncenter size-full\"><img loading=\"lazy\" decoding=\"async\" width=\"311\" height=\"199\" src=\"http:\/\/industria-de-la-conversion.ttemsa.com\/wp-content\/uploads\/2024\/03\/Captura-de-pantalla-2024-03-06-a-las-12.27.47-p.m.png\" alt=\"\" class=\"wp-image-2586\" srcset=\"https:\/\/industria-de-la-conversion.ttemsa.com\/wp-content\/uploads\/2024\/03\/Captura-de-pantalla-2024-03-06-a-las-12.27.47-p.m.png 311w, https:\/\/industria-de-la-conversion.ttemsa.com\/wp-content\/uploads\/2024\/03\/Captura-de-pantalla-2024-03-06-a-las-12.27.47-p.m-300x192.png 300w\" sizes=\"auto, (max-width: 311px) 100vw, 311px\" \/><\/figure>\n<\/div>\n\n\n<figure class=\"wp-block-image size-large\"><img loading=\"lazy\" decoding=\"async\" width=\"1024\" height=\"377\" src=\"https:\/\/industria-de-la-conversion.ttemsa.com\/wp-content\/uploads\/2024\/03\/Stewarts-of-America-1024x377.png\" alt=\"\" class=\"wp-image-2587\" srcset=\"https:\/\/industria-de-la-conversion.ttemsa.com\/wp-content\/uploads\/2024\/03\/Stewarts-of-America-1024x377.png 1024w, https:\/\/industria-de-la-conversion.ttemsa.com\/wp-content\/uploads\/2024\/03\/Stewarts-of-America-300x110.png 300w, https:\/\/industria-de-la-conversion.ttemsa.com\/wp-content\/uploads\/2024\/03\/Stewarts-of-America-768x282.png 768w, https:\/\/industria-de-la-conversion.ttemsa.com\/wp-content\/uploads\/2024\/03\/Stewarts-of-America.png 1202w\" sizes=\"auto, (max-width: 1024px) 100vw, 1024px\" \/><\/figure>\n\n\n\n<p>Vea nuestra tecnolog\u00eda de perforado, que puede ayudarlo en su pr\u00f3ximo proyecto para productos de supermercado o comida para llevar.<\/p>\n\n\n\n<ul class=\"wp-block-list\">\n<li>Charolas de carne &#8211; cojines (bloques) absorbentes.<\/li>\n\n\n\n<li>Fabricaci\u00f3n de bolsas &#8211; perforaci\u00f3n para apertura.<\/li>\n\n\n\n<li>Frutas y vegetales &#8211; aumenta la vida en los anaqueles de venta.<\/li>\n\n\n\n<li>Mezclado &#8211; almacenado para cocinado consistente.<\/li>\n\n\n\n<li>Productos congelados &#8211; perforaci\u00f3n para ventilaci\u00f3n y tiras para f\u00e1cil apertura.<\/li>\n\n\n\n<li>Botellas &#8211; cubiertas evidentes para sellos pegados a tapas y cuello de botellas.<\/li>\n<\/ul>\n\n\n\n<figure class=\"wp-block-image\"><img decoding=\"async\" src=\"https:\/\/ttemsa.com\/industria\/images\/banners2\/1.png\" alt=\"\"\/><\/figure>\n\n\n\n<figure class=\"wp-block-image\"><img decoding=\"async\" src=\"https:\/\/ttemsa.com\/industria\/images\/banners2\/2.png\" alt=\"\"\/><\/figure>\n\n\n\n<figure class=\"wp-block-image\"><img decoding=\"async\" src=\"https:\/\/ttemsa.com\/industria\/images\/banners2\/3.png\" alt=\"\"\/><\/figure>\n\n\n\n<figure class=\"wp-block-image\"><img decoding=\"async\" src=\"https:\/\/ttemsa.com\/industria\/images\/banners\/4.png\" alt=\"\"\/><\/figure>\n\n\n\n<hr class=\"wp-block-separator has-alpha-channel-opacity\"\/>\n\n\n\n<p><strong>\u201cSe pueden hacer logos y figuras en la Pel\u00edcula (Realzado\/embozado)\u201d<\/strong><\/p>\n\n\n\n<p><strong>Servicio de investigaci\u00f3n y desarrollo.<\/strong><\/p>\n\n\n\n<ul class=\"wp-block-list\">\n<li>Equipo de laboratorio calificado.<\/li>\n\n\n\n<li>Estamos disponibles para proporcionarle un servicio preciso para su proyecto.<\/li>\n\n\n\n<li>Nuestros representantes podr\u00e1n darle m\u00e1s informaci\u00f3n.<\/li>\n<\/ul>\n\n\n<div class=\"wp-block-image\">\n<figure class=\"aligncenter\"><a href=\"mailto:ventas@ttemsa.com\"><img decoding=\"async\" src=\"https:\/\/ttemsa.com\/industria\/images\/sampledata\/c.png\" alt=\"\"\/><\/a><\/figure>\n<\/div>\n\n\n<p><\/p>\n","protected":false},"excerpt":{"rendered":"<p>Vea nuestra tecnolog\u00eda de perforado, que puede ayudarlo en su pr\u00f3ximo proyecto para productos de supermercado o comida para llevar. \u201cSe pueden hacer logos y figuras en la Pel\u00edcula (Realzado\/embozado)\u201d Servicio de investigaci\u00f3n y desarrollo.<\/p>\n","protected":false},"author":1,"featured_media":0,"parent":349,"menu_order":0,"comment_status":"closed","ping_status":"closed","template":"","meta":{"footnotes":""},"categories":[27],"tags":[],"class_list":["post-1876","page","type-page","status-publish","hentry","category-stewarts-of-america"],"yoast_head":"<!-- This site is optimized with the Yoast SEO plugin v22.1 - https:\/\/yoast.com\/wordpress\/plugins\/seo\/ -->\n<title>STEWARTS OF AMERICA. 1 - industria-de-la-conversion.ttemsa<\/title>\n<meta name=\"description\" content=\"Vea nuestra tecnolog\u00eda de perforado, que puede ayudarlo en su pr\u00f3ximo proyecto para productos de supermercado o comida para llevar.Charolas de carne - cojines (bloques) absorbentes. Fabricaci\u00f3n de bolsas - perforaci\u00f3n para apertura.Frutas y vegetales - aumenta la vida en los anaqueles de venta.Mezclado - almacenado para cocinado consistente.Productos congelados - perforaci\u00f3n para ventilaci\u00f3n y tiras para f\u00e1cil apertura.Botellas - cubiertas evidentes para sellos pegados a tapas y cuello de botellas.\" \/>\n<meta name=\"robots\" content=\"index, follow, max-snippet:-1, max-image-preview:large, max-video-preview:-1\" \/>\n<link rel=\"canonical\" href=\"http:\/\/industria-de-la-conversion.ttemsa.com\/index.php\/stewarts-of-america\/catalogo-general\/\" \/>\n<meta property=\"og:locale\" content=\"es_MX\" \/>\n<meta property=\"og:type\" content=\"article\" \/>\n<meta property=\"og:title\" content=\"Vea nuestra tecnolog\u00eda de perforado, que puede ayudarlo en su pr\u00f3ximo proyecto para productos de supermercado o comida para llevar\" \/>\n<meta property=\"og:description\" content=\"En ttemsa ofrecemos Soluciones. Solicite + info Tel\u00e9fonos: + 52 (55) 5352-0191 5352-1301 5352-6070 5352-0593\" \/>\n<meta property=\"og:url\" content=\"http:\/\/industria-de-la-conversion.ttemsa.com\/index.php\/stewarts-of-america\/catalogo-general\/\" \/>\n<meta property=\"og:site_name\" content=\"industria-de-la-conversion.ttemsa\" \/>\n<meta property=\"article:modified_time\" content=\"2024-03-07T18:35:32+00:00\" \/>\n<meta property=\"og:image\" content=\"http:\/\/industria-de-la-conversion.ttemsa.com\/wp-content\/uploads\/2024\/03\/Captura-de-pantalla-2024-03-06-a-las-12.35.50-p.m.png\" \/>\n\t<meta property=\"og:image:width\" content=\"476\" \/>\n\t<meta property=\"og:image:height\" content=\"284\" \/>\n\t<meta property=\"og:image:type\" content=\"image\/png\" \/>\n<meta name=\"twitter:card\" content=\"summary_large_image\" \/>\n<meta name=\"twitter:label1\" content=\"Tiempo de lectura\" \/>\n\t<meta name=\"twitter:data1\" content=\"2 minutos\" \/>\n<script type=\"application\/ld+json\" class=\"yoast-schema-graph\">{\"@context\":\"https:\/\/schema.org\",\"@graph\":[{\"@type\":\"WebPage\",\"@id\":\"http:\/\/industria-de-la-conversion.ttemsa.com\/index.php\/stewarts-of-america\/catalogo-general\/\",\"url\":\"http:\/\/industria-de-la-conversion.ttemsa.com\/index.php\/stewarts-of-america\/catalogo-general\/\",\"name\":\"STEWARTS OF AMERICA. 1 - industria-de-la-conversion.ttemsa\",\"isPartOf\":{\"@id\":\"http:\/\/industria-de-la-conversion.ttemsa.com\/#website\"},\"datePublished\":\"2024-03-02T00:50:46+00:00\",\"dateModified\":\"2024-03-07T18:35:32+00:00\",\"description\":\"Vea nuestra tecnolog\u00eda de perforado, que puede ayudarlo en su pr\u00f3ximo proyecto para productos de supermercado o comida para llevar.Charolas de carne - cojines (bloques) absorbentes. Fabricaci\u00f3n de bolsas - perforaci\u00f3n para apertura.Frutas y vegetales - aumenta la vida en los anaqueles de venta.Mezclado - almacenado para cocinado consistente.Productos congelados - perforaci\u00f3n para ventilaci\u00f3n y tiras para f\u00e1cil apertura.Botellas - cubiertas evidentes para sellos pegados a tapas y cuello de botellas.\",\"breadcrumb\":{\"@id\":\"http:\/\/industria-de-la-conversion.ttemsa.com\/index.php\/stewarts-of-america\/catalogo-general\/#breadcrumb\"},\"inLanguage\":\"es\",\"potentialAction\":[{\"@type\":\"ReadAction\",\"target\":[\"http:\/\/industria-de-la-conversion.ttemsa.com\/index.php\/stewarts-of-america\/catalogo-general\/\"]}]},{\"@type\":\"BreadcrumbList\",\"@id\":\"http:\/\/industria-de-la-conversion.ttemsa.com\/index.php\/stewarts-of-america\/catalogo-general\/#breadcrumb\",\"itemListElement\":[{\"@type\":\"ListItem\",\"position\":1,\"name\":\"Inicio\",\"item\":\"http:\/\/industria-de-la-conversion.ttemsa.com\/\"},{\"@type\":\"ListItem\",\"position\":2,\"name\":\"STEWARTS OF AMERICA\",\"item\":\"http:\/\/industria-de-la-conversion.ttemsa.com\/index.php\/stewarts-of-america\/\"},{\"@type\":\"ListItem\",\"position\":3,\"name\":\"STEWARTS OF AMERICA. 1\"}]},{\"@type\":\"WebSite\",\"@id\":\"http:\/\/industria-de-la-conversion.ttemsa.com\/#website\",\"url\":\"http:\/\/industria-de-la-conversion.ttemsa.com\/\",\"name\":\"industria-de-la-conversion.ttemsa\",\"description\":\"Designed Dianalacazadora.com\",\"potentialAction\":[{\"@type\":\"SearchAction\",\"target\":{\"@type\":\"EntryPoint\",\"urlTemplate\":\"http:\/\/industria-de-la-conversion.ttemsa.com\/?s={search_term_string}\"},\"query-input\":\"required name=search_term_string\"}],\"inLanguage\":\"es\"}]}<\/script>\n<!-- \/ Yoast SEO plugin. -->","yoast_head_json":{"title":"STEWARTS OF AMERICA. 1 - industria-de-la-conversion.ttemsa","description":"Vea nuestra tecnolog\u00eda de perforado, que puede ayudarlo en su pr\u00f3ximo proyecto para productos de supermercado o comida para llevar.Charolas de carne - cojines (bloques) absorbentes. Fabricaci\u00f3n de bolsas - perforaci\u00f3n para apertura.Frutas y vegetales - aumenta la vida en los anaqueles de venta.Mezclado - almacenado para cocinado consistente.Productos congelados - perforaci\u00f3n para ventilaci\u00f3n y tiras para f\u00e1cil apertura.Botellas - cubiertas evidentes para sellos pegados a tapas y cuello de botellas.","robots":{"index":"index","follow":"follow","max-snippet":"max-snippet:-1","max-image-preview":"max-image-preview:large","max-video-preview":"max-video-preview:-1"},"canonical":"http:\/\/industria-de-la-conversion.ttemsa.com\/index.php\/stewarts-of-america\/catalogo-general\/","og_locale":"es_MX","og_type":"article","og_title":"Vea nuestra tecnolog\u00eda de perforado, que puede ayudarlo en su pr\u00f3ximo proyecto para productos de supermercado o comida para llevar","og_description":"En ttemsa ofrecemos Soluciones. Solicite + info Tel\u00e9fonos: + 52 (55) 5352-0191 5352-1301 5352-6070 5352-0593","og_url":"http:\/\/industria-de-la-conversion.ttemsa.com\/index.php\/stewarts-of-america\/catalogo-general\/","og_site_name":"industria-de-la-conversion.ttemsa","article_modified_time":"2024-03-07T18:35:32+00:00","og_image":[{"width":476,"height":284,"url":"http:\/\/industria-de-la-conversion.ttemsa.com\/wp-content\/uploads\/2024\/03\/Captura-de-pantalla-2024-03-06-a-las-12.35.50-p.m.png","type":"image\/png"}],"twitter_card":"summary_large_image","twitter_misc":{"Tiempo de lectura":"2 minutos"},"schema":{"@context":"https:\/\/schema.org","@graph":[{"@type":"WebPage","@id":"http:\/\/industria-de-la-conversion.ttemsa.com\/index.php\/stewarts-of-america\/catalogo-general\/","url":"http:\/\/industria-de-la-conversion.ttemsa.com\/index.php\/stewarts-of-america\/catalogo-general\/","name":"STEWARTS OF AMERICA. 1 - industria-de-la-conversion.ttemsa","isPartOf":{"@id":"http:\/\/industria-de-la-conversion.ttemsa.com\/#website"},"datePublished":"2024-03-02T00:50:46+00:00","dateModified":"2024-03-07T18:35:32+00:00","description":"Vea nuestra tecnolog\u00eda de perforado, que puede ayudarlo en su pr\u00f3ximo proyecto para productos de supermercado o comida para llevar.Charolas de carne - cojines (bloques) absorbentes. Fabricaci\u00f3n de bolsas - perforaci\u00f3n para apertura.Frutas y vegetales - aumenta la vida en los anaqueles de venta.Mezclado - almacenado para cocinado consistente.Productos congelados - perforaci\u00f3n para ventilaci\u00f3n y tiras para f\u00e1cil apertura.Botellas - cubiertas evidentes para sellos pegados a tapas y cuello de botellas.","breadcrumb":{"@id":"http:\/\/industria-de-la-conversion.ttemsa.com\/index.php\/stewarts-of-america\/catalogo-general\/#breadcrumb"},"inLanguage":"es","potentialAction":[{"@type":"ReadAction","target":["http:\/\/industria-de-la-conversion.ttemsa.com\/index.php\/stewarts-of-america\/catalogo-general\/"]}]},{"@type":"BreadcrumbList","@id":"http:\/\/industria-de-la-conversion.ttemsa.com\/index.php\/stewarts-of-america\/catalogo-general\/#breadcrumb","itemListElement":[{"@type":"ListItem","position":1,"name":"Inicio","item":"http:\/\/industria-de-la-conversion.ttemsa.com\/"},{"@type":"ListItem","position":2,"name":"STEWARTS OF AMERICA","item":"http:\/\/industria-de-la-conversion.ttemsa.com\/index.php\/stewarts-of-america\/"},{"@type":"ListItem","position":3,"name":"STEWARTS OF AMERICA. 1"}]},{"@type":"WebSite","@id":"http:\/\/industria-de-la-conversion.ttemsa.com\/#website","url":"http:\/\/industria-de-la-conversion.ttemsa.com\/","name":"industria-de-la-conversion.ttemsa","description":"Designed Dianalacazadora.com","potentialAction":[{"@type":"SearchAction","target":{"@type":"EntryPoint","urlTemplate":"http:\/\/industria-de-la-conversion.ttemsa.com\/?s={search_term_string}"},"query-input":"required name=search_term_string"}],"inLanguage":"es"}]}},"_links":{"self":[{"href":"https:\/\/industria-de-la-conversion.ttemsa.com\/index.php\/wp-json\/wp\/v2\/pages\/1876","targetHints":{"allow":["GET"]}}],"collection":[{"href":"https:\/\/industria-de-la-conversion.ttemsa.com\/index.php\/wp-json\/wp\/v2\/pages"}],"about":[{"href":"https:\/\/industria-de-la-conversion.ttemsa.com\/index.php\/wp-json\/wp\/v2\/types\/page"}],"author":[{"embeddable":true,"href":"https:\/\/industria-de-la-conversion.ttemsa.com\/index.php\/wp-json\/wp\/v2\/users\/1"}],"replies":[{"embeddable":true,"href":"https:\/\/industria-de-la-conversion.ttemsa.com\/index.php\/wp-json\/wp\/v2\/comments?post=1876"}],"version-history":[{"count":3,"href":"https:\/\/industria-de-la-conversion.ttemsa.com\/index.php\/wp-json\/wp\/v2\/pages\/1876\/revisions"}],"predecessor-version":[{"id":2938,"href":"https:\/\/industria-de-la-conversion.ttemsa.com\/index.php\/wp-json\/wp\/v2\/pages\/1876\/revisions\/2938"}],"up":[{"embeddable":true,"href":"https:\/\/industria-de-la-conversion.ttemsa.com\/index.php\/wp-json\/wp\/v2\/pages\/349"}],"wp:attachment":[{"href":"https:\/\/industria-de-la-conversion.ttemsa.com\/index.php\/wp-json\/wp\/v2\/media?parent=1876"}],"wp:term":[{"taxonomy":"category","embeddable":true,"href":"https:\/\/industria-de-la-conversion.ttemsa.com\/index.php\/wp-json\/wp\/v2\/categories?post=1876"},{"taxonomy":"post_tag","embeddable":true,"href":"https:\/\/industria-de-la-conversion.ttemsa.com\/index.php\/wp-json\/wp\/v2\/tags?post=1876"}],"curies":[{"name":"wp","href":"https:\/\/api.w.org\/{rel}","templated":true}]}}