{"id":2065,"date":"2024-03-02T19:49:11","date_gmt":"2024-03-02T19:49:11","guid":{"rendered":"https:\/\/industria-de-la-conversion.ttemsa.com\/index.php\/fife\/fife-sensores-de-alineacionp-copy-copy-copy-copy-copy-copy-copy-copy-copy-copy\/"},"modified":"2024-05-01T18:52:57","modified_gmt":"2024-05-01T18:52:57","slug":"fife-sensores-de-alineacionpv","status":"publish","type":"page","link":"https:\/\/industria-de-la-conversion.ttemsa.com\/index.php\/fife\/fife-sensores-de-alineacionpv\/","title":{"rendered":"SENSOR SE-45 TruWide para anchos de banda variables"},"content":{"rendered":"<div class=\"wp-block-image\">\n<figure class=\"aligncenter size-full is-resized\"><img loading=\"lazy\" decoding=\"async\" width=\"516\" height=\"364\" src=\"https:\/\/industria-de-la-conversion.ttemsa.com\/wp-content\/uploads\/2024\/03\/se45b.png\" alt=\"\" class=\"wp-image-2122\" style=\"width:589px;height:auto\" srcset=\"https:\/\/industria-de-la-conversion.ttemsa.com\/wp-content\/uploads\/2024\/03\/se45b.png 516w, https:\/\/industria-de-la-conversion.ttemsa.com\/wp-content\/uploads\/2024\/03\/se45b-300x212.png 300w\" sizes=\"auto, (max-width: 516px) 100vw, 516px\" \/><\/figure>\n<\/div>\n\n<div class=\"wp-block-image\">\n<figure class=\"alignright size-full\"><img loading=\"lazy\" decoding=\"async\" width=\"454\" height=\"89\" src=\"https:\/\/industria-de-la-conversion.ttemsa.com\/wp-content\/uploads\/2024\/03\/se45.png\" alt=\"\" class=\"wp-image-2123\" srcset=\"https:\/\/industria-de-la-conversion.ttemsa.com\/wp-content\/uploads\/2024\/03\/se45.png 454w, https:\/\/industria-de-la-conversion.ttemsa.com\/wp-content\/uploads\/2024\/03\/se45-300x59.png 300w\" sizes=\"auto, (max-width: 454px) 100vw, 454px\" \/><\/figure>\n<\/div>\n\n\n<figure class=\"wp-block-image size-full\"><img loading=\"lazy\" decoding=\"async\" width=\"147\" height=\"90\" src=\"http:\/\/industria-de-la-conversion.ttemsa.com\/wp-content\/uploads\/2024\/03\/Ultrashaftimage006-1.png\" alt=\"\" class=\"wp-image-2079\"\/><\/figure>\n\n\n\n<p>Sensor para anchos de banda variables especialmente para extrusi\u00f3n de pelicula en globo.<\/p>\n\n\n\n<p>La importante banda proporcional del detector de ultrasonidos Fife SE-45 TruWide permite utilizarlo en posici\u00f3n fija hasta para detectar bandas con grandes variaciones de ancho, sin&nbsp;necesidad de seguir la banda con un mecanismo de posicionamiento.<\/p>\n\n\n\n<p>El uso de ultrasonidos de alta frecuencia y una resoluci\u00f3n de 16 bits permiten guiar y medir con precisi\u00f3n una amplia gama de materiales transparentes y&nbsp;opacos.<\/p>\n\n\n\n<p>Otra caracter\u00edstica importante, la capacidad de detectar bandas m\u00faltiples que se pueden guiar y medir independientemente utilizando un solo&nbsp;detector.<\/p>\n\n\n\n<p>El SE-45 TruWide permite medir anchos de bandas con precisi\u00f3n y puede utilizarse para medir simult\u00e1neamente anchos y distancias entre varias bandas.<\/p>\n\n\n\n<p>Para el guiado (por un borde o el centro) o la medici\u00f3n de ancho de una sola bobina el SE-45 puede utilizarse en modo anal\u00f3gico, entonces es compatible&nbsp;con todos los controladores de Fife. El guiado o la medici\u00f3n de ancho simult\u00e1neo de varias bandas requiere una conexi\u00f3n de tipo Ethernet a un procesador Fife D-MAX.<\/p>\n\n\n\n<p><strong>Especificaciones: SENSOR SE-45<\/strong><\/p>\n\n\n\n<figure class=\"wp-block-image size-full\"><img loading=\"lazy\" decoding=\"async\" width=\"865\" height=\"702\" src=\"https:\/\/industria-de-la-conversion.ttemsa.com\/wp-content\/uploads\/2024\/05\/SENSOR-SE-45-ruWidea.png\" alt=\"\" class=\"wp-image-3043\" srcset=\"https:\/\/industria-de-la-conversion.ttemsa.com\/wp-content\/uploads\/2024\/05\/SENSOR-SE-45-ruWidea.png 865w, https:\/\/industria-de-la-conversion.ttemsa.com\/wp-content\/uploads\/2024\/05\/SENSOR-SE-45-ruWidea-300x243.png 300w, https:\/\/industria-de-la-conversion.ttemsa.com\/wp-content\/uploads\/2024\/05\/SENSOR-SE-45-ruWidea-768x623.png 768w\" sizes=\"auto, (max-width: 865px) 100vw, 865px\" \/><\/figure>\n\n\n\n<figure class=\"wp-block-image size-full\"><img loading=\"lazy\" decoding=\"async\" width=\"865\" height=\"702\" src=\"https:\/\/industria-de-la-conversion.ttemsa.com\/wp-content\/uploads\/2024\/05\/SENSOR-SE-45-ruWidea-1.png\" alt=\"\" class=\"wp-image-3044\" srcset=\"https:\/\/industria-de-la-conversion.ttemsa.com\/wp-content\/uploads\/2024\/05\/SENSOR-SE-45-ruWidea-1.png 865w, https:\/\/industria-de-la-conversion.ttemsa.com\/wp-content\/uploads\/2024\/05\/SENSOR-SE-45-ruWidea-1-300x243.png 300w, https:\/\/industria-de-la-conversion.ttemsa.com\/wp-content\/uploads\/2024\/05\/SENSOR-SE-45-ruWidea-1-768x623.png 768w\" sizes=\"auto, (max-width: 865px) 100vw, 865px\" \/><\/figure>\n","protected":false},"excerpt":{"rendered":"<p>Sensor para anchos de banda variables especialmente para extrusi\u00f3n de pelicula en globo. La importante banda proporcional del detector de ultrasonidos Fife SE-45 TruWide permite utilizarlo en posici\u00f3n fija hasta para detectar bandas con grandes variaciones de ancho, sin&nbsp;necesidad de seguir la banda con un mecanismo de posicionamiento. El uso de ultrasonidos de alta frecuencia [&hellip;]<\/p>\n","protected":false},"author":1,"featured_media":0,"parent":290,"menu_order":0,"comment_status":"closed","ping_status":"closed","template":"","meta":{"footnotes":""},"categories":[15],"tags":[],"class_list":["post-2065","page","type-page","status-publish","hentry","category-fife-alineacion"],"yoast_head":"<!-- This site is optimized with the Yoast SEO plugin v22.1 - https:\/\/yoast.com\/wordpress\/plugins\/seo\/ -->\n<title>SENSOR SE-45 TruWide para anchos de banda variables - industria-de-la-conversion.ttemsa<\/title>\n<meta name=\"description\" content=\"SENSOR SE-45 TruWide para anchos de banda variablesSensor para anchos de banda variables especialmente para extrusi\u00f3n de pelicula en globo.\" \/>\n<meta name=\"robots\" content=\"index, follow, max-snippet:-1, max-image-preview:large, max-video-preview:-1\" \/>\n<link rel=\"canonical\" href=\"http:\/\/industria-de-la-conversion.ttemsa.com\/index.php\/fife\/fife-sensores-de-alineacionpv\/\" \/>\n<meta property=\"og:locale\" content=\"es_MX\" \/>\n<meta property=\"og:type\" content=\"article\" \/>\n<meta property=\"og:title\" content=\"SENSOR SE-45 TruWide para anchos de banda variablesSensor para anchos de banda variables especialmente para extrusi\u00f3n de pelicula en globo.\" \/>\n<meta property=\"og:description\" content=\"en ttemsa ofrecemos Soluciones. Solicite + info Tel\u00e9fonos: + 52 (55) 5352-0191 5352-1301 5352-6070 5352-0593\" \/>\n<meta property=\"og:url\" content=\"http:\/\/industria-de-la-conversion.ttemsa.com\/index.php\/fife\/fife-sensores-de-alineacionpv\/\" \/>\n<meta property=\"og:site_name\" content=\"industria-de-la-conversion.ttemsa\" \/>\n<meta property=\"article:modified_time\" content=\"2024-05-01T18:52:57+00:00\" \/>\n<meta property=\"og:image\" content=\"http:\/\/industria-de-la-conversion.ttemsa.com\/wp-content\/uploads\/2024\/03\/Captura-de-pantalla-2024-03-02-a-las-1.53.48-p.m.png\" \/>\n\t<meta property=\"og:image:width\" content=\"340\" \/>\n\t<meta property=\"og:image:height\" content=\"299\" \/>\n\t<meta property=\"og:image:type\" content=\"image\/png\" \/>\n<meta name=\"twitter:card\" content=\"summary_large_image\" \/>\n<meta name=\"twitter:label1\" content=\"Tiempo de lectura\" \/>\n\t<meta name=\"twitter:data1\" content=\"2 minutos\" \/>\n<script type=\"application\/ld+json\" class=\"yoast-schema-graph\">{\"@context\":\"https:\/\/schema.org\",\"@graph\":[{\"@type\":\"WebPage\",\"@id\":\"http:\/\/industria-de-la-conversion.ttemsa.com\/index.php\/fife\/fife-sensores-de-alineacionpv\/\",\"url\":\"http:\/\/industria-de-la-conversion.ttemsa.com\/index.php\/fife\/fife-sensores-de-alineacionpv\/\",\"name\":\"SENSOR SE-45 TruWide para anchos de banda variables - industria-de-la-conversion.ttemsa\",\"isPartOf\":{\"@id\":\"http:\/\/industria-de-la-conversion.ttemsa.com\/#website\"},\"datePublished\":\"2024-03-02T19:49:11+00:00\",\"dateModified\":\"2024-05-01T18:52:57+00:00\",\"description\":\"SENSOR SE-45 TruWide para anchos de banda variablesSensor para anchos de banda variables especialmente para extrusi\u00f3n de pelicula en globo.\",\"breadcrumb\":{\"@id\":\"http:\/\/industria-de-la-conversion.ttemsa.com\/index.php\/fife\/fife-sensores-de-alineacionpv\/#breadcrumb\"},\"inLanguage\":\"es\",\"potentialAction\":[{\"@type\":\"ReadAction\",\"target\":[\"http:\/\/industria-de-la-conversion.ttemsa.com\/index.php\/fife\/fife-sensores-de-alineacionpv\/\"]}]},{\"@type\":\"BreadcrumbList\",\"@id\":\"http:\/\/industria-de-la-conversion.ttemsa.com\/index.php\/fife\/fife-sensores-de-alineacionpv\/#breadcrumb\",\"itemListElement\":[{\"@type\":\"ListItem\",\"position\":1,\"name\":\"Inicio\",\"item\":\"http:\/\/industria-de-la-conversion.ttemsa.com\/\"},{\"@type\":\"ListItem\",\"position\":2,\"name\":\"FIFE\",\"item\":\"http:\/\/industria-de-la-conversion.ttemsa.com\/index.php\/fife\/\"},{\"@type\":\"ListItem\",\"position\":3,\"name\":\"SENSOR SE-45 TruWide para anchos de banda variables\"}]},{\"@type\":\"WebSite\",\"@id\":\"http:\/\/industria-de-la-conversion.ttemsa.com\/#website\",\"url\":\"http:\/\/industria-de-la-conversion.ttemsa.com\/\",\"name\":\"industria-de-la-conversion.ttemsa\",\"description\":\"Designed Dianalacazadora.com\",\"potentialAction\":[{\"@type\":\"SearchAction\",\"target\":{\"@type\":\"EntryPoint\",\"urlTemplate\":\"http:\/\/industria-de-la-conversion.ttemsa.com\/?s={search_term_string}\"},\"query-input\":\"required name=search_term_string\"}],\"inLanguage\":\"es\"}]}<\/script>\n<!-- \/ Yoast SEO plugin. -->","yoast_head_json":{"title":"SENSOR SE-45 TruWide para anchos de banda variables - industria-de-la-conversion.ttemsa","description":"SENSOR SE-45 TruWide para anchos de banda variablesSensor para anchos de banda variables especialmente para extrusi\u00f3n de pelicula en globo.","robots":{"index":"index","follow":"follow","max-snippet":"max-snippet:-1","max-image-preview":"max-image-preview:large","max-video-preview":"max-video-preview:-1"},"canonical":"http:\/\/industria-de-la-conversion.ttemsa.com\/index.php\/fife\/fife-sensores-de-alineacionpv\/","og_locale":"es_MX","og_type":"article","og_title":"SENSOR SE-45 TruWide para anchos de banda variablesSensor para anchos de banda variables especialmente para extrusi\u00f3n de pelicula en globo.","og_description":"en ttemsa ofrecemos Soluciones. Solicite + info Tel\u00e9fonos: + 52 (55) 5352-0191 5352-1301 5352-6070 5352-0593","og_url":"http:\/\/industria-de-la-conversion.ttemsa.com\/index.php\/fife\/fife-sensores-de-alineacionpv\/","og_site_name":"industria-de-la-conversion.ttemsa","article_modified_time":"2024-05-01T18:52:57+00:00","og_image":[{"width":340,"height":299,"url":"http:\/\/industria-de-la-conversion.ttemsa.com\/wp-content\/uploads\/2024\/03\/Captura-de-pantalla-2024-03-02-a-las-1.53.48-p.m.png","type":"image\/png"}],"twitter_card":"summary_large_image","twitter_misc":{"Tiempo de lectura":"2 minutos"},"schema":{"@context":"https:\/\/schema.org","@graph":[{"@type":"WebPage","@id":"http:\/\/industria-de-la-conversion.ttemsa.com\/index.php\/fife\/fife-sensores-de-alineacionpv\/","url":"http:\/\/industria-de-la-conversion.ttemsa.com\/index.php\/fife\/fife-sensores-de-alineacionpv\/","name":"SENSOR SE-45 TruWide para anchos de banda variables - industria-de-la-conversion.ttemsa","isPartOf":{"@id":"http:\/\/industria-de-la-conversion.ttemsa.com\/#website"},"datePublished":"2024-03-02T19:49:11+00:00","dateModified":"2024-05-01T18:52:57+00:00","description":"SENSOR SE-45 TruWide para anchos de banda variablesSensor para anchos de banda variables especialmente para extrusi\u00f3n de pelicula en globo.","breadcrumb":{"@id":"http:\/\/industria-de-la-conversion.ttemsa.com\/index.php\/fife\/fife-sensores-de-alineacionpv\/#breadcrumb"},"inLanguage":"es","potentialAction":[{"@type":"ReadAction","target":["http:\/\/industria-de-la-conversion.ttemsa.com\/index.php\/fife\/fife-sensores-de-alineacionpv\/"]}]},{"@type":"BreadcrumbList","@id":"http:\/\/industria-de-la-conversion.ttemsa.com\/index.php\/fife\/fife-sensores-de-alineacionpv\/#breadcrumb","itemListElement":[{"@type":"ListItem","position":1,"name":"Inicio","item":"http:\/\/industria-de-la-conversion.ttemsa.com\/"},{"@type":"ListItem","position":2,"name":"FIFE","item":"http:\/\/industria-de-la-conversion.ttemsa.com\/index.php\/fife\/"},{"@type":"ListItem","position":3,"name":"SENSOR SE-45 TruWide para anchos de banda variables"}]},{"@type":"WebSite","@id":"http:\/\/industria-de-la-conversion.ttemsa.com\/#website","url":"http:\/\/industria-de-la-conversion.ttemsa.com\/","name":"industria-de-la-conversion.ttemsa","description":"Designed Dianalacazadora.com","potentialAction":[{"@type":"SearchAction","target":{"@type":"EntryPoint","urlTemplate":"http:\/\/industria-de-la-conversion.ttemsa.com\/?s={search_term_string}"},"query-input":"required name=search_term_string"}],"inLanguage":"es"}]}},"_links":{"self":[{"href":"https:\/\/industria-de-la-conversion.ttemsa.com\/index.php\/wp-json\/wp\/v2\/pages\/2065","targetHints":{"allow":["GET"]}}],"collection":[{"href":"https:\/\/industria-de-la-conversion.ttemsa.com\/index.php\/wp-json\/wp\/v2\/pages"}],"about":[{"href":"https:\/\/industria-de-la-conversion.ttemsa.com\/index.php\/wp-json\/wp\/v2\/types\/page"}],"author":[{"embeddable":true,"href":"https:\/\/industria-de-la-conversion.ttemsa.com\/index.php\/wp-json\/wp\/v2\/users\/1"}],"replies":[{"embeddable":true,"href":"https:\/\/industria-de-la-conversion.ttemsa.com\/index.php\/wp-json\/wp\/v2\/comments?post=2065"}],"version-history":[{"count":3,"href":"https:\/\/industria-de-la-conversion.ttemsa.com\/index.php\/wp-json\/wp\/v2\/pages\/2065\/revisions"}],"predecessor-version":[{"id":3046,"href":"https:\/\/industria-de-la-conversion.ttemsa.com\/index.php\/wp-json\/wp\/v2\/pages\/2065\/revisions\/3046"}],"up":[{"embeddable":true,"href":"https:\/\/industria-de-la-conversion.ttemsa.com\/index.php\/wp-json\/wp\/v2\/pages\/290"}],"wp:attachment":[{"href":"https:\/\/industria-de-la-conversion.ttemsa.com\/index.php\/wp-json\/wp\/v2\/media?parent=2065"}],"wp:term":[{"taxonomy":"category","embeddable":true,"href":"https:\/\/industria-de-la-conversion.ttemsa.com\/index.php\/wp-json\/wp\/v2\/categories?post=2065"},{"taxonomy":"post_tag","embeddable":true,"href":"https:\/\/industria-de-la-conversion.ttemsa.com\/index.php\/wp-json\/wp\/v2\/tags?post=2065"}],"curies":[{"name":"wp","href":"https:\/\/api.w.org\/{rel}","templated":true}]}}