{"id":2066,"date":"2024-03-02T19:49:20","date_gmt":"2024-03-02T19:49:20","guid":{"rendered":"https:\/\/industria-de-la-conversion.ttemsa.com\/index.php\/fife\/fife-sensores-de-alineacionp-copy-copy-copy-copy-copy-copy-copy-copy-copy-copy-copy\/"},"modified":"2024-05-01T18:49:07","modified_gmt":"2024-05-01T18:49:07","slug":"fife-sensores-de-alineacionp-copy-copy-copy-copy-copy-copy-copy-copy-copy-copy-copy","status":"publish","type":"page","link":"https:\/\/industria-de-la-conversion.ttemsa.com\/index.php\/fife\/fife-sensores-de-alineacionp-copy-copy-copy-copy-copy-copy-copy-copy-copy-copy-copy\/","title":{"rendered":"Sensor Digital de L\u00ednea SE-46C"},"content":{"rendered":"<div class=\"wp-block-image\">\n<figure class=\"aligncenter size-full is-resized\"><img loading=\"lazy\" decoding=\"async\" width=\"310\" height=\"412\" src=\"https:\/\/industria-de-la-conversion.ttemsa.com\/wp-content\/uploads\/2024\/03\/se46b.png\" alt=\"\" class=\"wp-image-2128\" style=\"width:454px;height:auto\" srcset=\"https:\/\/industria-de-la-conversion.ttemsa.com\/wp-content\/uploads\/2024\/03\/se46b.png 310w, https:\/\/industria-de-la-conversion.ttemsa.com\/wp-content\/uploads\/2024\/03\/se46b-226x300.png 226w\" sizes=\"auto, (max-width: 310px) 100vw, 310px\" \/><\/figure>\n<\/div>\n\n<div class=\"wp-block-image\">\n<figure class=\"alignright size-full\"><img loading=\"lazy\" decoding=\"async\" width=\"624\" height=\"60\" src=\"https:\/\/industria-de-la-conversion.ttemsa.com\/wp-content\/uploads\/2024\/03\/se46a.png\" alt=\"\" class=\"wp-image-2129\" srcset=\"https:\/\/industria-de-la-conversion.ttemsa.com\/wp-content\/uploads\/2024\/03\/se46a.png 624w, https:\/\/industria-de-la-conversion.ttemsa.com\/wp-content\/uploads\/2024\/03\/se46a-300x29.png 300w\" sizes=\"auto, (max-width: 624px) 100vw, 624px\" \/><\/figure>\n<\/div>\n\n\n<figure class=\"wp-block-image size-full\"><img loading=\"lazy\" decoding=\"async\" width=\"147\" height=\"90\" src=\"http:\/\/industria-de-la-conversion.ttemsa.com\/wp-content\/uploads\/2024\/03\/Ultrashaftimage006-1.png\" alt=\"\" class=\"wp-image-2079\"\/><\/figure>\n\n\n\n<p>El sensor digital de l\u00ednea que distinge amarillo claro con fondo blanco.<\/p>\n\n\n\n<p>SE-46C es capaz de detectar l\u00edneas, bordes de l\u00edneas y patrones gr\u00e1ficos unidimensionales c\u00f3mo c\u00f3digos de barras.<\/p>\n\n\n\n<p>Tambi\u00e9n pueden ser utilizados en condiciones de bajo contraste o con diferentes patrones colocados cerca el uno del otro, d\u00f3nde los sensores tradicionales no funcionan.<\/p>\n\n\n\n<p>El sensor de guiado por l\u00ednea digital SE-46C tambi\u00e9n puede guiar material transparente.<\/p>\n\n\n\n<p>Gracias al ancho de campo de 30 mm y a la alta resoluci\u00f3n, el sensor SE-46C es adecuado para la mayor\u00eda de las aplicaciones de guiado por l\u00ednea.<\/p>\n\n\n\n<figure class=\"wp-block-image size-full\"><img loading=\"lazy\" decoding=\"async\" width=\"491\" height=\"674\" src=\"https:\/\/industria-de-la-conversion.ttemsa.com\/wp-content\/uploads\/2024\/05\/146a.png\" alt=\"\" class=\"wp-image-3038\" srcset=\"https:\/\/industria-de-la-conversion.ttemsa.com\/wp-content\/uploads\/2024\/05\/146a.png 491w, https:\/\/industria-de-la-conversion.ttemsa.com\/wp-content\/uploads\/2024\/05\/146a-219x300.png 219w\" sizes=\"auto, (max-width: 491px) 100vw, 491px\" \/><\/figure>\n\n\n\n<figure class=\"wp-block-image size-full\"><img loading=\"lazy\" decoding=\"async\" width=\"539\" height=\"466\" src=\"https:\/\/industria-de-la-conversion.ttemsa.com\/wp-content\/uploads\/2024\/05\/146b.png\" alt=\"\" class=\"wp-image-3040\" srcset=\"https:\/\/industria-de-la-conversion.ttemsa.com\/wp-content\/uploads\/2024\/05\/146b.png 539w, https:\/\/industria-de-la-conversion.ttemsa.com\/wp-content\/uploads\/2024\/05\/146b-300x259.png 300w\" sizes=\"auto, (max-width: 539px) 100vw, 539px\" \/><\/figure>\n","protected":false},"excerpt":{"rendered":"<p>El sensor digital de l\u00ednea que distinge amarillo claro con fondo blanco. SE-46C es capaz de detectar l\u00edneas, bordes de l\u00edneas y patrones gr\u00e1ficos unidimensionales c\u00f3mo c\u00f3digos de barras. Tambi\u00e9n pueden ser utilizados en condiciones de bajo contraste o con diferentes patrones colocados cerca el uno del otro, d\u00f3nde los sensores tradicionales no funcionan. El [&hellip;]<\/p>\n","protected":false},"author":1,"featured_media":0,"parent":290,"menu_order":0,"comment_status":"closed","ping_status":"closed","template":"","meta":{"footnotes":""},"categories":[15],"tags":[],"class_list":["post-2066","page","type-page","status-publish","hentry","category-fife-alineacion"],"yoast_head":"<!-- This site is optimized with the Yoast SEO plugin v22.1 - https:\/\/yoast.com\/wordpress\/plugins\/seo\/ -->\n<title>Sensor Digital de L\u00ednea SE-46C - industria-de-la-conversion.ttemsa<\/title>\n<meta name=\"description\" content=\"Sensor Digital de L\u00ednea SE-46CEl sensor digital de linea que distinge amarillo claro con fondo blanco.\" \/>\n<meta name=\"robots\" content=\"index, follow, max-snippet:-1, max-image-preview:large, max-video-preview:-1\" \/>\n<link rel=\"canonical\" href=\"http:\/\/industria-de-la-conversion.ttemsa.com\/index.php\/fife\/fife-sensores-de-alineacionp-copy-copy-copy-copy-copy-copy-copy-copy-copy-copy-copy\/\" \/>\n<meta property=\"og:locale\" content=\"es_MX\" \/>\n<meta property=\"og:type\" content=\"article\" \/>\n<meta property=\"og:title\" content=\"Sensor Digital de L\u00ednea SE-46CEl sensor digital de linea que distinge amarillo claro con fondo blanco.\" \/>\n<meta property=\"og:description\" content=\"en ttemsa ofrecemos Soluciones. Solicite + info Tel\u00e9fonos: + 52 (55) 5352-0191 5352-1301 5352-6070 5352-0593\" \/>\n<meta property=\"og:url\" content=\"http:\/\/industria-de-la-conversion.ttemsa.com\/index.php\/fife\/fife-sensores-de-alineacionp-copy-copy-copy-copy-copy-copy-copy-copy-copy-copy-copy\/\" \/>\n<meta property=\"og:site_name\" content=\"industria-de-la-conversion.ttemsa\" \/>\n<meta property=\"article:modified_time\" content=\"2024-05-01T18:49:07+00:00\" \/>\n<meta property=\"og:image\" content=\"http:\/\/industria-de-la-conversion.ttemsa.com\/wp-content\/uploads\/2024\/03\/sens.png\" \/>\n\t<meta property=\"og:image:width\" content=\"324\" \/>\n\t<meta property=\"og:image:height\" content=\"251\" \/>\n\t<meta property=\"og:image:type\" content=\"image\/png\" \/>\n<meta name=\"twitter:card\" content=\"summary_large_image\" \/>\n<meta name=\"twitter:label1\" content=\"Tiempo de lectura\" \/>\n\t<meta name=\"twitter:data1\" content=\"2 minutos\" \/>\n<script type=\"application\/ld+json\" class=\"yoast-schema-graph\">{\"@context\":\"https:\/\/schema.org\",\"@graph\":[{\"@type\":\"WebPage\",\"@id\":\"http:\/\/industria-de-la-conversion.ttemsa.com\/index.php\/fife\/fife-sensores-de-alineacionp-copy-copy-copy-copy-copy-copy-copy-copy-copy-copy-copy\/\",\"url\":\"http:\/\/industria-de-la-conversion.ttemsa.com\/index.php\/fife\/fife-sensores-de-alineacionp-copy-copy-copy-copy-copy-copy-copy-copy-copy-copy-copy\/\",\"name\":\"Sensor Digital de L\u00ednea SE-46C - industria-de-la-conversion.ttemsa\",\"isPartOf\":{\"@id\":\"http:\/\/industria-de-la-conversion.ttemsa.com\/#website\"},\"datePublished\":\"2024-03-02T19:49:20+00:00\",\"dateModified\":\"2024-05-01T18:49:07+00:00\",\"description\":\"Sensor Digital de L\u00ednea SE-46CEl sensor digital de linea que distinge amarillo claro con fondo blanco.\",\"breadcrumb\":{\"@id\":\"http:\/\/industria-de-la-conversion.ttemsa.com\/index.php\/fife\/fife-sensores-de-alineacionp-copy-copy-copy-copy-copy-copy-copy-copy-copy-copy-copy\/#breadcrumb\"},\"inLanguage\":\"es\",\"potentialAction\":[{\"@type\":\"ReadAction\",\"target\":[\"http:\/\/industria-de-la-conversion.ttemsa.com\/index.php\/fife\/fife-sensores-de-alineacionp-copy-copy-copy-copy-copy-copy-copy-copy-copy-copy-copy\/\"]}]},{\"@type\":\"BreadcrumbList\",\"@id\":\"http:\/\/industria-de-la-conversion.ttemsa.com\/index.php\/fife\/fife-sensores-de-alineacionp-copy-copy-copy-copy-copy-copy-copy-copy-copy-copy-copy\/#breadcrumb\",\"itemListElement\":[{\"@type\":\"ListItem\",\"position\":1,\"name\":\"Inicio\",\"item\":\"http:\/\/industria-de-la-conversion.ttemsa.com\/\"},{\"@type\":\"ListItem\",\"position\":2,\"name\":\"FIFE\",\"item\":\"http:\/\/industria-de-la-conversion.ttemsa.com\/index.php\/fife\/\"},{\"@type\":\"ListItem\",\"position\":3,\"name\":\"Sensor Digital de L\u00ednea SE-46C\"}]},{\"@type\":\"WebSite\",\"@id\":\"http:\/\/industria-de-la-conversion.ttemsa.com\/#website\",\"url\":\"http:\/\/industria-de-la-conversion.ttemsa.com\/\",\"name\":\"industria-de-la-conversion.ttemsa\",\"description\":\"Designed Dianalacazadora.com\",\"potentialAction\":[{\"@type\":\"SearchAction\",\"target\":{\"@type\":\"EntryPoint\",\"urlTemplate\":\"http:\/\/industria-de-la-conversion.ttemsa.com\/?s={search_term_string}\"},\"query-input\":\"required name=search_term_string\"}],\"inLanguage\":\"es\"}]}<\/script>\n<!-- \/ Yoast SEO plugin. -->","yoast_head_json":{"title":"Sensor Digital de L\u00ednea SE-46C - industria-de-la-conversion.ttemsa","description":"Sensor Digital de L\u00ednea SE-46CEl sensor digital de linea que distinge amarillo claro con fondo blanco.","robots":{"index":"index","follow":"follow","max-snippet":"max-snippet:-1","max-image-preview":"max-image-preview:large","max-video-preview":"max-video-preview:-1"},"canonical":"http:\/\/industria-de-la-conversion.ttemsa.com\/index.php\/fife\/fife-sensores-de-alineacionp-copy-copy-copy-copy-copy-copy-copy-copy-copy-copy-copy\/","og_locale":"es_MX","og_type":"article","og_title":"Sensor Digital de L\u00ednea SE-46CEl sensor digital de linea que distinge amarillo claro con fondo blanco.","og_description":"en ttemsa ofrecemos Soluciones. Solicite + info Tel\u00e9fonos: + 52 (55) 5352-0191 5352-1301 5352-6070 5352-0593","og_url":"http:\/\/industria-de-la-conversion.ttemsa.com\/index.php\/fife\/fife-sensores-de-alineacionp-copy-copy-copy-copy-copy-copy-copy-copy-copy-copy-copy\/","og_site_name":"industria-de-la-conversion.ttemsa","article_modified_time":"2024-05-01T18:49:07+00:00","og_image":[{"width":324,"height":251,"url":"http:\/\/industria-de-la-conversion.ttemsa.com\/wp-content\/uploads\/2024\/03\/sens.png","type":"image\/png"}],"twitter_card":"summary_large_image","twitter_misc":{"Tiempo de lectura":"2 minutos"},"schema":{"@context":"https:\/\/schema.org","@graph":[{"@type":"WebPage","@id":"http:\/\/industria-de-la-conversion.ttemsa.com\/index.php\/fife\/fife-sensores-de-alineacionp-copy-copy-copy-copy-copy-copy-copy-copy-copy-copy-copy\/","url":"http:\/\/industria-de-la-conversion.ttemsa.com\/index.php\/fife\/fife-sensores-de-alineacionp-copy-copy-copy-copy-copy-copy-copy-copy-copy-copy-copy\/","name":"Sensor Digital de L\u00ednea SE-46C - industria-de-la-conversion.ttemsa","isPartOf":{"@id":"http:\/\/industria-de-la-conversion.ttemsa.com\/#website"},"datePublished":"2024-03-02T19:49:20+00:00","dateModified":"2024-05-01T18:49:07+00:00","description":"Sensor Digital de L\u00ednea SE-46CEl sensor digital de linea que distinge amarillo claro con fondo blanco.","breadcrumb":{"@id":"http:\/\/industria-de-la-conversion.ttemsa.com\/index.php\/fife\/fife-sensores-de-alineacionp-copy-copy-copy-copy-copy-copy-copy-copy-copy-copy-copy\/#breadcrumb"},"inLanguage":"es","potentialAction":[{"@type":"ReadAction","target":["http:\/\/industria-de-la-conversion.ttemsa.com\/index.php\/fife\/fife-sensores-de-alineacionp-copy-copy-copy-copy-copy-copy-copy-copy-copy-copy-copy\/"]}]},{"@type":"BreadcrumbList","@id":"http:\/\/industria-de-la-conversion.ttemsa.com\/index.php\/fife\/fife-sensores-de-alineacionp-copy-copy-copy-copy-copy-copy-copy-copy-copy-copy-copy\/#breadcrumb","itemListElement":[{"@type":"ListItem","position":1,"name":"Inicio","item":"http:\/\/industria-de-la-conversion.ttemsa.com\/"},{"@type":"ListItem","position":2,"name":"FIFE","item":"http:\/\/industria-de-la-conversion.ttemsa.com\/index.php\/fife\/"},{"@type":"ListItem","position":3,"name":"Sensor Digital de L\u00ednea SE-46C"}]},{"@type":"WebSite","@id":"http:\/\/industria-de-la-conversion.ttemsa.com\/#website","url":"http:\/\/industria-de-la-conversion.ttemsa.com\/","name":"industria-de-la-conversion.ttemsa","description":"Designed Dianalacazadora.com","potentialAction":[{"@type":"SearchAction","target":{"@type":"EntryPoint","urlTemplate":"http:\/\/industria-de-la-conversion.ttemsa.com\/?s={search_term_string}"},"query-input":"required name=search_term_string"}],"inLanguage":"es"}]}},"_links":{"self":[{"href":"https:\/\/industria-de-la-conversion.ttemsa.com\/index.php\/wp-json\/wp\/v2\/pages\/2066","targetHints":{"allow":["GET"]}}],"collection":[{"href":"https:\/\/industria-de-la-conversion.ttemsa.com\/index.php\/wp-json\/wp\/v2\/pages"}],"about":[{"href":"https:\/\/industria-de-la-conversion.ttemsa.com\/index.php\/wp-json\/wp\/v2\/types\/page"}],"author":[{"embeddable":true,"href":"https:\/\/industria-de-la-conversion.ttemsa.com\/index.php\/wp-json\/wp\/v2\/users\/1"}],"replies":[{"embeddable":true,"href":"https:\/\/industria-de-la-conversion.ttemsa.com\/index.php\/wp-json\/wp\/v2\/comments?post=2066"}],"version-history":[{"count":4,"href":"https:\/\/industria-de-la-conversion.ttemsa.com\/index.php\/wp-json\/wp\/v2\/pages\/2066\/revisions"}],"predecessor-version":[{"id":3042,"href":"https:\/\/industria-de-la-conversion.ttemsa.com\/index.php\/wp-json\/wp\/v2\/pages\/2066\/revisions\/3042"}],"up":[{"embeddable":true,"href":"https:\/\/industria-de-la-conversion.ttemsa.com\/index.php\/wp-json\/wp\/v2\/pages\/290"}],"wp:attachment":[{"href":"https:\/\/industria-de-la-conversion.ttemsa.com\/index.php\/wp-json\/wp\/v2\/media?parent=2066"}],"wp:term":[{"taxonomy":"category","embeddable":true,"href":"https:\/\/industria-de-la-conversion.ttemsa.com\/index.php\/wp-json\/wp\/v2\/categories?post=2066"},{"taxonomy":"post_tag","embeddable":true,"href":"https:\/\/industria-de-la-conversion.ttemsa.com\/index.php\/wp-json\/wp\/v2\/tags?post=2066"}],"curies":[{"name":"wp","href":"https:\/\/api.w.org\/{rel}","templated":true}]}}