{"id":898,"date":"2023-12-25T18:06:37","date_gmt":"2023-12-25T18:06:37","guid":{"rendered":"https:\/\/industria-de-la-conversion.ttemsa.com\/index.php\/check-copy\/"},"modified":"2024-03-07T18:18:42","modified_gmt":"2024-03-07T18:18:42","slug":"catalogo-general","status":"publish","type":"page","link":"https:\/\/industria-de-la-conversion.ttemsa.com\/index.php\/check-line\/catalogo-general\/","title":{"rendered":"Cat\u00e1logo General CHECK-LINE"},"content":{"rendered":"\n<figure class=\"wp-block-image size-full\"><a href=\"https:\/\/ttemsa.com\/industria\/images\/pdf\/2019\/Catalogo-Check-Line2019.pdf\" target=\"_blank\" rel=\"noreferrer noopener\"><img loading=\"lazy\" decoding=\"async\" width=\"772\" height=\"850\" src=\"https:\/\/industria-de-la-conversion.ttemsa.com\/wp-content\/uploads\/2024\/03\/Captura-de-pantalla-2024-03-06-a-las-10.09.15-a.m.png\" alt=\"\" class=\"wp-image-2530\" srcset=\"https:\/\/industria-de-la-conversion.ttemsa.com\/wp-content\/uploads\/2024\/03\/Captura-de-pantalla-2024-03-06-a-las-10.09.15-a.m.png 772w, https:\/\/industria-de-la-conversion.ttemsa.com\/wp-content\/uploads\/2024\/03\/Captura-de-pantalla-2024-03-06-a-las-10.09.15-a.m-272x300.png 272w, https:\/\/industria-de-la-conversion.ttemsa.com\/wp-content\/uploads\/2024\/03\/Captura-de-pantalla-2024-03-06-a-las-10.09.15-a.m-768x846.png 768w\" sizes=\"auto, (max-width: 772px) 100vw, 772px\" \/><\/a><\/figure>\n\n\n<div class=\"wp-block-image\">\n<figure class=\"aligncenter size-full is-resized\"><img loading=\"lazy\" decoding=\"async\" width=\"465\" height=\"324\" src=\"https:\/\/industria-de-la-conversion.ttemsa.com\/wp-content\/uploads\/2024\/03\/logo.png\" alt=\"\" class=\"wp-image-2531\" style=\"width:264px;height:auto\" srcset=\"https:\/\/industria-de-la-conversion.ttemsa.com\/wp-content\/uploads\/2024\/03\/logo.png 465w, https:\/\/industria-de-la-conversion.ttemsa.com\/wp-content\/uploads\/2024\/03\/logo-300x209.png 300w\" sizes=\"auto, (max-width: 465px) 100vw, 465px\" \/><\/figure>\n<\/div>\n\n<div class=\"wp-block-image\">\n<figure class=\"aligncenter size-full is-resized\"><a href=\"https:\/\/ttemsa.com\/industria\/images\/pdf\/2019\/Catalogo-Check-Line2019.pdf\" target=\"_blank\" rel=\"noreferrer noopener\"><img loading=\"lazy\" decoding=\"async\" width=\"70\" height=\"70\" src=\"http:\/\/industria-de-la-conversion.ttemsa.com\/wp-content\/uploads\/2023\/12\/pdf-1.png\" alt=\"\" class=\"wp-image-1133\" style=\"width:110px;height:auto\"\/><\/a><\/figure>\n<\/div>\n\n\n<p class=\"has-text-align-center\"><a href=\"https:\/\/ttemsa.com\/industria\/images\/pdf\/2019\/Catalogo-Check-Line2019.pdf\" target=\"_blank\" rel=\"noreferrer noopener\">Ver catalogo PDF<\/a><\/p>\n\n\n\n<p><\/p>\n","protected":false},"excerpt":{"rendered":"<p>Ver catalogo PDF<\/p>\n","protected":false},"author":1,"featured_media":0,"parent":18,"menu_order":1,"comment_status":"closed","ping_status":"closed","template":"","meta":{"footnotes":""},"categories":[22],"tags":[],"class_list":["post-898","page","type-page","status-publish","hentry","category-checkline"],"yoast_head":"<!-- This site is optimized with the Yoast SEO plugin v22.1 - https:\/\/yoast.com\/wordpress\/plugins\/seo\/ -->\n<title>Cat\u00e1logo General CHECK-LINE - industria-de-la-conversion.ttemsa<\/title>\n<meta name=\"description\" content=\"Cat\u00e1logo General CHECK LINE: L\u00e1mparas Estrobosc\u00f3picas de Led Montaje Fijo:Cat\u00e1logo General CHECK LINE: L\u00e1mparas Estrobosc\u00f3picas y Contoles, L\u00e1mparas Estrobosc\u00f3picas de Led Montaje Fijo:\" \/>\n<meta name=\"robots\" content=\"index, follow, max-snippet:-1, max-image-preview:large, max-video-preview:-1\" \/>\n<link rel=\"canonical\" href=\"http:\/\/industria-de-la-conversion.ttemsa.com\/index.php\/check-line\/catalogo-general\/\" \/>\n<meta property=\"og:locale\" content=\"es_MX\" \/>\n<meta property=\"og:type\" content=\"article\" \/>\n<meta property=\"og:title\" content=\"Cat\u00e1logo General CHECK LINE: L\u00e1mparas Estrobosc\u00f3picas de Led Montaje L\u00e1mparas Estrobosc\u00f3picas y Contoles, L\u00e1mparas Estrobosc\u00f3picas de Led Montaje Fijo\" \/>\n<meta property=\"og:description\" content=\"En ttemsa ofrecemos Soluciones. Solicite + info Tel\u00e9fonos: + 52 (55) 5352-0191 5352-1301 5352-6070 5352-0593\" \/>\n<meta property=\"og:url\" content=\"http:\/\/industria-de-la-conversion.ttemsa.com\/index.php\/check-line\/catalogo-general\/\" \/>\n<meta property=\"og:site_name\" content=\"industria-de-la-conversion.ttemsa\" \/>\n<meta property=\"article:modified_time\" content=\"2024-03-07T18:18:42+00:00\" \/>\n<meta property=\"og:image\" content=\"http:\/\/industria-de-la-conversion.ttemsa.com\/wp-content\/uploads\/2024\/03\/logo.png\" \/>\n\t<meta property=\"og:image:width\" content=\"465\" \/>\n\t<meta property=\"og:image:height\" content=\"324\" \/>\n\t<meta property=\"og:image:type\" content=\"image\/png\" \/>\n<meta name=\"twitter:card\" content=\"summary_large_image\" \/>\n<meta name=\"twitter:label1\" content=\"Tiempo de lectura\" \/>\n\t<meta name=\"twitter:data1\" content=\"1 minuto\" \/>\n<script type=\"application\/ld+json\" class=\"yoast-schema-graph\">{\"@context\":\"https:\/\/schema.org\",\"@graph\":[{\"@type\":\"WebPage\",\"@id\":\"http:\/\/industria-de-la-conversion.ttemsa.com\/index.php\/check-line\/catalogo-general\/\",\"url\":\"http:\/\/industria-de-la-conversion.ttemsa.com\/index.php\/check-line\/catalogo-general\/\",\"name\":\"Cat\u00e1logo General CHECK-LINE - industria-de-la-conversion.ttemsa\",\"isPartOf\":{\"@id\":\"http:\/\/industria-de-la-conversion.ttemsa.com\/#website\"},\"datePublished\":\"2023-12-25T18:06:37+00:00\",\"dateModified\":\"2024-03-07T18:18:42+00:00\",\"description\":\"Cat\u00e1logo General CHECK LINE: L\u00e1mparas Estrobosc\u00f3picas de Led Montaje Fijo:Cat\u00e1logo General CHECK LINE: L\u00e1mparas Estrobosc\u00f3picas y Contoles, L\u00e1mparas Estrobosc\u00f3picas de Led Montaje Fijo:\",\"breadcrumb\":{\"@id\":\"http:\/\/industria-de-la-conversion.ttemsa.com\/index.php\/check-line\/catalogo-general\/#breadcrumb\"},\"inLanguage\":\"es\",\"potentialAction\":[{\"@type\":\"ReadAction\",\"target\":[\"http:\/\/industria-de-la-conversion.ttemsa.com\/index.php\/check-line\/catalogo-general\/\"]}]},{\"@type\":\"BreadcrumbList\",\"@id\":\"http:\/\/industria-de-la-conversion.ttemsa.com\/index.php\/check-line\/catalogo-general\/#breadcrumb\",\"itemListElement\":[{\"@type\":\"ListItem\",\"position\":1,\"name\":\"Inicio\",\"item\":\"http:\/\/industria-de-la-conversion.ttemsa.com\/\"},{\"@type\":\"ListItem\",\"position\":2,\"name\":\"CHECK-LINE\",\"item\":\"http:\/\/industria-de-la-conversion.ttemsa.com\/index.php\/check-line\/\"},{\"@type\":\"ListItem\",\"position\":3,\"name\":\"Cat\u00e1logo General CHECK-LINE\"}]},{\"@type\":\"WebSite\",\"@id\":\"http:\/\/industria-de-la-conversion.ttemsa.com\/#website\",\"url\":\"http:\/\/industria-de-la-conversion.ttemsa.com\/\",\"name\":\"industria-de-la-conversion.ttemsa\",\"description\":\"Designed Dianalacazadora.com\",\"potentialAction\":[{\"@type\":\"SearchAction\",\"target\":{\"@type\":\"EntryPoint\",\"urlTemplate\":\"http:\/\/industria-de-la-conversion.ttemsa.com\/?s={search_term_string}\"},\"query-input\":\"required name=search_term_string\"}],\"inLanguage\":\"es\"}]}<\/script>\n<!-- \/ Yoast SEO plugin. -->","yoast_head_json":{"title":"Cat\u00e1logo General CHECK-LINE - industria-de-la-conversion.ttemsa","description":"Cat\u00e1logo General CHECK LINE: L\u00e1mparas Estrobosc\u00f3picas de Led Montaje Fijo:Cat\u00e1logo General CHECK LINE: L\u00e1mparas Estrobosc\u00f3picas y Contoles, L\u00e1mparas Estrobosc\u00f3picas de Led Montaje Fijo:","robots":{"index":"index","follow":"follow","max-snippet":"max-snippet:-1","max-image-preview":"max-image-preview:large","max-video-preview":"max-video-preview:-1"},"canonical":"http:\/\/industria-de-la-conversion.ttemsa.com\/index.php\/check-line\/catalogo-general\/","og_locale":"es_MX","og_type":"article","og_title":"Cat\u00e1logo General CHECK LINE: L\u00e1mparas Estrobosc\u00f3picas de Led Montaje L\u00e1mparas Estrobosc\u00f3picas y Contoles, L\u00e1mparas Estrobosc\u00f3picas de Led Montaje Fijo","og_description":"En ttemsa ofrecemos Soluciones. Solicite + info Tel\u00e9fonos: + 52 (55) 5352-0191 5352-1301 5352-6070 5352-0593","og_url":"http:\/\/industria-de-la-conversion.ttemsa.com\/index.php\/check-line\/catalogo-general\/","og_site_name":"industria-de-la-conversion.ttemsa","article_modified_time":"2024-03-07T18:18:42+00:00","og_image":[{"width":465,"height":324,"url":"http:\/\/industria-de-la-conversion.ttemsa.com\/wp-content\/uploads\/2024\/03\/logo.png","type":"image\/png"}],"twitter_card":"summary_large_image","twitter_misc":{"Tiempo de lectura":"1 minuto"},"schema":{"@context":"https:\/\/schema.org","@graph":[{"@type":"WebPage","@id":"http:\/\/industria-de-la-conversion.ttemsa.com\/index.php\/check-line\/catalogo-general\/","url":"http:\/\/industria-de-la-conversion.ttemsa.com\/index.php\/check-line\/catalogo-general\/","name":"Cat\u00e1logo General CHECK-LINE - industria-de-la-conversion.ttemsa","isPartOf":{"@id":"http:\/\/industria-de-la-conversion.ttemsa.com\/#website"},"datePublished":"2023-12-25T18:06:37+00:00","dateModified":"2024-03-07T18:18:42+00:00","description":"Cat\u00e1logo General CHECK LINE: L\u00e1mparas Estrobosc\u00f3picas de Led Montaje Fijo:Cat\u00e1logo General CHECK LINE: L\u00e1mparas Estrobosc\u00f3picas y Contoles, L\u00e1mparas Estrobosc\u00f3picas de Led Montaje Fijo:","breadcrumb":{"@id":"http:\/\/industria-de-la-conversion.ttemsa.com\/index.php\/check-line\/catalogo-general\/#breadcrumb"},"inLanguage":"es","potentialAction":[{"@type":"ReadAction","target":["http:\/\/industria-de-la-conversion.ttemsa.com\/index.php\/check-line\/catalogo-general\/"]}]},{"@type":"BreadcrumbList","@id":"http:\/\/industria-de-la-conversion.ttemsa.com\/index.php\/check-line\/catalogo-general\/#breadcrumb","itemListElement":[{"@type":"ListItem","position":1,"name":"Inicio","item":"http:\/\/industria-de-la-conversion.ttemsa.com\/"},{"@type":"ListItem","position":2,"name":"CHECK-LINE","item":"http:\/\/industria-de-la-conversion.ttemsa.com\/index.php\/check-line\/"},{"@type":"ListItem","position":3,"name":"Cat\u00e1logo General CHECK-LINE"}]},{"@type":"WebSite","@id":"http:\/\/industria-de-la-conversion.ttemsa.com\/#website","url":"http:\/\/industria-de-la-conversion.ttemsa.com\/","name":"industria-de-la-conversion.ttemsa","description":"Designed Dianalacazadora.com","potentialAction":[{"@type":"SearchAction","target":{"@type":"EntryPoint","urlTemplate":"http:\/\/industria-de-la-conversion.ttemsa.com\/?s={search_term_string}"},"query-input":"required name=search_term_string"}],"inLanguage":"es"}]}},"_links":{"self":[{"href":"https:\/\/industria-de-la-conversion.ttemsa.com\/index.php\/wp-json\/wp\/v2\/pages\/898","targetHints":{"allow":["GET"]}}],"collection":[{"href":"https:\/\/industria-de-la-conversion.ttemsa.com\/index.php\/wp-json\/wp\/v2\/pages"}],"about":[{"href":"https:\/\/industria-de-la-conversion.ttemsa.com\/index.php\/wp-json\/wp\/v2\/types\/page"}],"author":[{"embeddable":true,"href":"https:\/\/industria-de-la-conversion.ttemsa.com\/index.php\/wp-json\/wp\/v2\/users\/1"}],"replies":[{"embeddable":true,"href":"https:\/\/industria-de-la-conversion.ttemsa.com\/index.php\/wp-json\/wp\/v2\/comments?post=898"}],"version-history":[{"count":6,"href":"https:\/\/industria-de-la-conversion.ttemsa.com\/index.php\/wp-json\/wp\/v2\/pages\/898\/revisions"}],"predecessor-version":[{"id":2909,"href":"https:\/\/industria-de-la-conversion.ttemsa.com\/index.php\/wp-json\/wp\/v2\/pages\/898\/revisions\/2909"}],"up":[{"embeddable":true,"href":"https:\/\/industria-de-la-conversion.ttemsa.com\/index.php\/wp-json\/wp\/v2\/pages\/18"}],"wp:attachment":[{"href":"https:\/\/industria-de-la-conversion.ttemsa.com\/index.php\/wp-json\/wp\/v2\/media?parent=898"}],"wp:term":[{"taxonomy":"category","embeddable":true,"href":"https:\/\/industria-de-la-conversion.ttemsa.com\/index.php\/wp-json\/wp\/v2\/categories?post=898"},{"taxonomy":"post_tag","embeddable":true,"href":"https:\/\/industria-de-la-conversion.ttemsa.com\/index.php\/wp-json\/wp\/v2\/tags?post=898"}],"curies":[{"name":"wp","href":"https:\/\/api.w.org\/{rel}","templated":true}]}}